{"id":5901,"date":"2026-02-05T11:41:22","date_gmt":"2026-02-05T11:41:22","guid":{"rendered":"https:\/\/madrid.bikespain.com\/?post_type=product&#038;p=5901"},"modified":"2026-02-05T11:42:30","modified_gmt":"2026-02-05T11:42:30","slug":"alemania-el-valle-del-rin-en-bici-y-barco-2","status":"publish","type":"product","link":"https:\/\/madrid.bikespain.com\/nl\/product\/alemania-el-valle-del-rin-en-bici-y-barco-2\/","title":{"rendered":"Alemania: El valle del Rin en bici y barco"},"content":{"rendered":"<h4>Incluido<\/h4>\n<ul>\n<li>Alojamiento en camarote con desayuno<\/li>\n<li>Pensi\u00f3n completa<\/li>\n<li>Gu\u00eda a bordo (ingl\u00e9s &amp; alem\u00e1n)<\/li>\n<li>Bebida de bienvenida<\/li>\n<li>Mapas y documentaci\u00f3n (espa\u00f1ol &amp; ingl\u00e9s)<\/li>\n<li>S\u00e1banas y toallas<\/li>\n<li>T\u00e9 y caf\u00e9 a bordo (hasta las 16:00h)<\/li>\n<li>Asistencia telef\u00f3nica (ingl\u00e9s &amp; alem\u00e1n)<\/li>\n<li>GPS Tracks<\/li>\n<\/ul>\n<h4>No Incluido<\/h4>\n<ul>\n<li>Vuelos<\/li>\n<li>Bicicleta<\/li>\n<li>Ferris en ruta<\/li>\n<li>Bebidas a bordo<\/li>\n<li>Actividades extras<\/li>\n<li>Seguro personal de viaje: 20\u20ac\/persona<\/li>\n<li>Propinas<\/li>\n<\/ul>\n<p>Cobertura para garantizar un viaje seguro. Un compa\u00f1ero de viaje indispensable proporcionada por BIKE SPAIN TOURS para nuestros clientes. Sin embargo, le pedimos que revise la cantidad limitada de dicha cobertura incluido en nuestro seguro, y confirmar con su compa\u00f1\u00eda de seguros que usted est\u00e1 cubierto de manera adecuada en cualquier caso.<\/p>\n<p><a href=\"https:\/\/www.bikespain.com\/wp-content\/uploads\/2017\/11\/insurance_bikespain_gvtour-1.pdf\" target=\"_blank\" rel=\"noopener noreferrer\">Ejemplo de p\u00f3liza de seguro<\/a><\/p>\n<h4>Opciones<\/h4>\n<p>Precio por persona:<\/p>\n<table width=\"302\">\n<tbody>\n<tr>\n<td width=\"211\"><strong>Camarote<\/strong><\/td>\n<td width=\"85\"><strong>Precio<\/strong><\/td>\n<\/tr>\n<tr>\n<td width=\"211\">Doble bajo cubierta<\/td>\n<td width=\"85\">1099,00 \u20ac<\/td>\n<\/tr>\n<tr>\n<td width=\"211\">Doble sobre cubierta<\/td>\n<td width=\"85\">1299,00 \u20ac<\/td>\n<\/tr>\n<tr>\n<td width=\"211\">Doble sobre cubierta (popa)<\/td>\n<td width=\"85\">1.249,00 \u20ac<\/td>\n<\/tr>\n<tr>\n<td width=\"211\">Individual bajo cubierta<\/td>\n<td width=\"85\">1.349,00 \u20ac<\/td>\n<\/tr>\n<tr>\n<td width=\"211\">Individual sobre cubierta<\/td>\n<td width=\"85\">1.449,00 \u20ac<\/td>\n<\/tr>\n<tr>\n<td width=\"211\">2 camas de uso individual<\/td>\n<td width=\"85\">+ 50%<\/td>\n<\/tr>\n<\/tbody>\n<\/table>\n<p>&nbsp;<\/p>\n<p>Salidas desde <strong>Maguncia a Colonia<\/strong>: 24 de junio y 22 de julio.<\/p>\n<p>Salidas desde <strong>Colonia a Mainz<\/strong>: 1 y 29 de julio.<\/p>\n<p>Salidas desde <strong>Maguncia<\/strong><strong>\u00a0a Coblenza<\/strong>: 5 de agosto.<\/p>\n<p>Alquiler de bicicleta (con reserva previa):<\/p>\n<ul>\n<li>Bicicleta de paseo: 80 \u20ac<\/li>\n<li>Bicicleta el\u00e9ctrica: 190 \u20ac<\/li>\n<\/ul>\n<h4>Nuestras Bicicletas<\/h4>\n<p>Bicicletas unisex:<\/p>\n<ul>\n<li>7 velocidades (freno en el manillar y\/o en el pedal)<\/li>\n<li>8 velocidades en las ebikes (n\u00famero limitado)<\/li>\n<li>S, M, L, XL<\/li>\n<\/ul>\n<p>Accesorios:<\/p>\n<ul>\n<li>alforja<\/li>\n<li>candado<\/li>\n<\/ul>\n<p>En este tour, no se ofrecen cascos. En Alemania, el casco no es obligatorio pero recomendado.<\/p>\n","protected":false},"excerpt":{"rendered":"<div class=\"views-field views-field-field-texto-promocional\">\n<div class=\"field-content resultados_tipo_contenido\">\u00a1Ven a pedalear a la Alemania rom\u00e1ntica!<\/div>\n<\/div>\n","protected":false},"featured_media":5436,"template":"","meta":[],"product_brand":[],"product_cat":[45],"product_tag":[],"class_list":{"0":"post-5901","1":"product","2":"type-product","3":"status-publish","4":"has-post-thumbnail","6":"product_cat-europe","8":"first","9":"instock","10":"purchasable","11":"product-type-variable"},"aioseo_notices":[],"_links":{"self":[{"href":"https:\/\/madrid.bikespain.com\/nl\/wp-json\/wp\/v2\/product\/5901","targetHints":{"allow":["GET"]}}],"collection":[{"href":"https:\/\/madrid.bikespain.com\/nl\/wp-json\/wp\/v2\/product"}],"about":[{"href":"https:\/\/madrid.bikespain.com\/nl\/wp-json\/wp\/v2\/types\/product"}],"wp:featuredmedia":[{"embeddable":true,"href":"https:\/\/madrid.bikespain.com\/nl\/wp-json\/wp\/v2\/media\/5436"}],"wp:attachment":[{"href":"https:\/\/madrid.bikespain.com\/nl\/wp-json\/wp\/v2\/media?parent=5901"}],"wp:term":[{"taxonomy":"product_brand","embeddable":true,"href":"https:\/\/madrid.bikespain.com\/nl\/wp-json\/wp\/v2\/product_brand?post=5901"},{"taxonomy":"product_cat","embeddable":true,"href":"https:\/\/madrid.bikespain.com\/nl\/wp-json\/wp\/v2\/product_cat?post=5901"},{"taxonomy":"product_tag","embeddable":true,"href":"https:\/\/madrid.bikespain.com\/nl\/wp-json\/wp\/v2\/product_tag?post=5901"}],"curies":[{"name":"wp","href":"https:\/\/api.w.org\/{rel}","templated":true}]}}