{"id":5893,"date":"2026-02-05T11:41:14","date_gmt":"2026-02-05T11:41:14","guid":{"rendered":"https:\/\/madrid.bikespain.com\/?post_type=product&#038;p=5893"},"modified":"2026-02-05T11:42:23","modified_gmt":"2026-02-05T11:42:23","slug":"francia-normandia-2","status":"publish","type":"product","link":"https:\/\/madrid.bikespain.com\/nl\/product\/francia-normandia-2\/","title":{"rendered":"Francia: Normand\u00eda"},"content":{"rendered":"<h4>Incluido<\/h4>\n<ul>\n<li>Alojamiento en habitaci\u00f3n doble<\/li>\n<li>Desayunos<\/li>\n<li>Traslado de equipaje<\/li>\n<li>Mapas y documentaci\u00f3n (ingl\u00e9s)<\/li>\n<li>Asistencia telef\u00f3nica (ingl\u00e9s)<\/li>\n<li class=\"active\">Tasas de turismo<\/li>\n<\/ul>\n<h4>No Incluido<\/h4>\n<ul>\n<li>Vuelos<\/li>\n<li>Bicicleta<\/li>\n<li>Almuerzos y cenas<\/li>\n<li>Actividades extras<\/li>\n<li>Seguro personal de viaje: 20\u20ac\/persona<\/li>\n<\/ul>\n<p>Cobertura para garantizar un viaje seguro. Un compa\u00f1ero de viaje indispensable proporcionada por BIKE SPAIN TOURS para nuestros clientes. Sin embargo, le pedimos que revise la cantidad limitada de dicha cobertura incluido en nuestro seguro, y confirmar con su compa\u00f1\u00eda de seguros que usted est\u00e1 cubierto de manera adecuada en cualquier caso.<\/p>\n<p><a href=\"https:\/\/www.bikespain.com\/wp-content\/uploads\/2017\/11\/insurance_bikespain_gvtour-1.pdf\" target=\"_blank\" rel=\"noopener noreferrer\">Ejemplo de p\u00f3liza de seguro<\/a><\/p>\n<h4>Opciones<\/h4>\n<p><span class=\"gdlr-core-icon-list-content\">Precio por persona en habitaci\u00f3n doble (hoteles de 2* y 3*):<\/span><\/p>\n<ul>\n<li class=\" gdlr-core-skin-divider clearfix\">\n<div class=\"gdlr-core-icon-list-content-wrap\"><span class=\"gdlr-core-icon-list-content\">Temporada 1 (marzo a octubre, excepto temporada 2): 829\u20ac<\/span><\/div>\n<\/li>\n<li class=\" gdlr-core-skin-divider clearfix\">\n<div class=\"gdlr-core-icon-list-content-wrap\"><span class=\"gdlr-core-icon-list-content\">Temporada 2 (julio y agosto): 865\u20ac<\/span><\/div>\n<\/li>\n<\/ul>\n<div class=\"gdlr-core-icon-list-content-wrap\"><span class=\"gdlr-core-icon-list-content\">Suplemento individual:<\/span><\/div>\n<ul>\n<li class=\" gdlr-core-skin-divider clearfix\">\n<div class=\"gdlr-core-icon-list-content-wrap\"><span class=\"gdlr-core-icon-list-content\">320\u20ac<\/span><\/div>\n<\/li>\n<\/ul>\n<div class=\"gdlr-core-icon-list-content-wrap\"><span class=\"gdlr-core-icon-list-content\">Opci\u00f3n de media pensi\u00f3n:<\/span><\/div>\n<ul>\n<li class=\" gdlr-core-skin-divider clearfix\">\n<div class=\"gdlr-core-icon-list-content-wrap\"><span class=\"gdlr-core-icon-list-content\">225\u20ac<\/span><\/div>\n<\/li>\n<\/ul>\n<div class=\"gdlr-core-icon-list-content-wrap\"><span class=\"gdlr-core-icon-list-content\">Precio por persona en habitaci\u00f3n doble categor\u00eda superior (hoteles de 3* y 4*):<\/span><\/div>\n<ul>\n<li class=\" gdlr-core-skin-divider clearfix\">\n<div class=\"gdlr-core-icon-list-content-wrap\"><span class=\"gdlr-core-icon-list-content\">1.190\u20ac<\/span><\/div>\n<\/li>\n<\/ul>\n<div class=\"gdlr-core-icon-list-content-wrap\"><span class=\"gdlr-core-icon-list-content\">Suplemento individual<\/span><\/div>\n<ul>\n<li class=\" gdlr-core-skin-divider clearfix\">\n<div class=\"gdlr-core-icon-list-content-wrap\"><span class=\"gdlr-core-icon-list-content\">490\u20ac<\/span><\/div>\n<\/li>\n<\/ul>\n<div class=\"gdlr-core-icon-list-content-wrap\"><span class=\"gdlr-core-icon-list-content\">Opci\u00f3n de media pensi\u00f3n:<\/span><\/div>\n<ul>\n<li class=\" gdlr-core-skin-divider clearfix\">\n<div class=\"gdlr-core-icon-list-content-wrap\"><span class=\"gdlr-core-icon-list-content\">225\u20ac<\/span><\/div>\n<\/li>\n<\/ul>\n<div class=\"gdlr-core-icon-list-content-wrap\"><span class=\"gdlr-core-icon-list-content\">Preguntar por opciones de ampliaci\u00f3n del recorrido y noches extra.<\/span><\/div>\n<div><\/div>\n<div class=\"gdlr-core-icon-list-content-wrap\"><span class=\"gdlr-core-icon-list-content\">Alquiler de bicicleta:<\/span><\/div>\n<ul>\n<li class=\" gdlr-core-skin-divider clearfix\">\n<div class=\"gdlr-core-icon-list-content-wrap\"><span class=\"gdlr-core-icon-list-content\">Bicicleta h\u00edbrida: 140 \u20ac<\/span><\/div>\n<\/li>\n<li class=\" gdlr-core-skin-divider clearfix\">\n<div class=\"gdlr-core-icon-list-content-wrap\"><span class=\"gdlr-core-icon-list-content\">Bicicleta el\u00e9ctrica: 225 \u20ac<\/span><\/div>\n<\/li>\n<\/ul>\n<h4>Nuestras Bicicletas<\/h4>\n<div class=\"row\">\n<div class=\"row-item col-3_4\">\n<div class=\"tabs\">\n<p>Bicicletas de mujeres, hombres y ni\u00f1os:<\/p>\n<ul>\n<li>21 velocidades<\/li>\n<li>XS, S, M, L, XL<\/li>\n<\/ul>\n<p>Accesorios:<\/p>\n<ul>\n<li>alforjas<\/li>\n<li>porta mapas<\/li>\n<li>kit de reparaci\u00f3n<\/li>\n<li>bomba de aire<\/li>\n<li>candado<\/li>\n<li>cuentakil\u00f3metros<\/li>\n<li>casco<\/li>\n<li>chaqueta fluorescente<\/li>\n<\/ul>\n<p>En Francia, el casco s\u00f3lo es obligatorio para ni\u00f1os de menos de 12 a\u00f1os.<\/p>\n<\/div>\n<\/div>\n<\/div>\n","protected":false},"excerpt":{"rendered":"<div class=\"views-field views-field-field-texto-promocional\">\n<div class=\"field-content resultados_tipo_contenido\">El itinerario ideal para conocer Normand\u00eda en bicicleta.<\/div>\n<\/div>\n","protected":false},"featured_media":5399,"template":"","meta":[],"product_brand":[],"product_cat":[45],"product_tag":[],"class_list":{"0":"post-5893","1":"product","2":"type-product","3":"status-publish","4":"has-post-thumbnail","6":"product_cat-europe","8":"first","9":"instock","10":"purchasable","11":"product-type-variable"},"aioseo_notices":[],"_links":{"self":[{"href":"https:\/\/madrid.bikespain.com\/nl\/wp-json\/wp\/v2\/product\/5893","targetHints":{"allow":["GET"]}}],"collection":[{"href":"https:\/\/madrid.bikespain.com\/nl\/wp-json\/wp\/v2\/product"}],"about":[{"href":"https:\/\/madrid.bikespain.com\/nl\/wp-json\/wp\/v2\/types\/product"}],"wp:featuredmedia":[{"embeddable":true,"href":"https:\/\/madrid.bikespain.com\/nl\/wp-json\/wp\/v2\/media\/5399"}],"wp:attachment":[{"href":"https:\/\/madrid.bikespain.com\/nl\/wp-json\/wp\/v2\/media?parent=5893"}],"wp:term":[{"taxonomy":"product_brand","embeddable":true,"href":"https:\/\/madrid.bikespain.com\/nl\/wp-json\/wp\/v2\/product_brand?post=5893"},{"taxonomy":"product_cat","embeddable":true,"href":"https:\/\/madrid.bikespain.com\/nl\/wp-json\/wp\/v2\/product_cat?post=5893"},{"taxonomy":"product_tag","embeddable":true,"href":"https:\/\/madrid.bikespain.com\/nl\/wp-json\/wp\/v2\/product_tag?post=5893"}],"curies":[{"name":"wp","href":"https:\/\/api.w.org\/{rel}","templated":true}]}}