{"id":5762,"date":"2025-12-13T21:04:23","date_gmt":"2025-12-13T21:04:23","guid":{"rendered":"https:\/\/madrid.bikespain.com\/?post_type=product&#038;p=5762"},"modified":"2025-12-13T21:04:39","modified_gmt":"2025-12-13T21:04:39","slug":"marruecos-en-bicicleta-sur-del-atlas","status":"publish","type":"product","link":"https:\/\/madrid.bikespain.com\/nl\/product\/marruecos-en-bicicleta-sur-del-atlas\/","title":{"rendered":"Marruecos en bicicleta: Sur del Atlas"},"content":{"rendered":"<h4>Incluido<\/h4>\n<ul>\n<li>Estancia de 4 noches en habitaci\u00f3n doble en hoteles de 4 estrellas<\/li>\n<li>Estancia de 1 noche en habitaci\u00f3n doble en Riad de Ait Benhadd\u00fa<\/li>\n<li>Pernocta de 1 noche en el desierto<\/li>\n<li>Traslado de equipaje<\/li>\n<li>Traslados desde y al aeropuerto de Marrakech<\/li>\n<li>Pensi\u00f3n completa (seg\u00fan descrito)<\/li>\n<li>Gu\u00eda de Bike Spain Tours (espa\u00f1ol)<\/li>\n<li>Gu\u00eda acompa\u00f1ante (marroqu\u00ed)<\/li>\n<li>Bicicleta<\/li>\n<li>Veh\u00edculo de apoyo<\/li>\n<li>Seguro de\u00a0viaje<\/li>\n<\/ul>\n<h4>No Incluido<\/h4>\n<ul>\n<li>Vuelos<\/li>\n<li>Bebidas en las comidas<\/li>\n<li>Actividades extras<\/li>\n<li>Propinas<\/li>\n<\/ul>\n<p>Cobertura para garantizar un viaje seguro. Un compa\u00f1ero de viaje indispensable proporcionada por BIKE SPAIN TOURS para nuestros clientes. Sin embargo, le pedimos que revise la cantidad limitada de dicha cobertura incluido en nuestro seguro, y confirmar con su compa\u00f1\u00eda de seguros que usted est\u00e1 cubierto de manera adecuada en cualquier caso.<\/p>\n<p><a href=\"https:\/\/www.bikespain.com\/wp-content\/uploads\/2017\/11\/insurance_bikespain_gvtour-1.pdf\" target=\"_blank\" rel=\"noopener noreferrer\">Ejemplo de p\u00f3liza de seguro<\/a><\/p>\n<h4>Opciones<\/h4>\n<p>Precios por persona en habitaci\u00f3n doble:<\/p>\n<table>\n<tbody>\n<tr>\n<td><strong>4 -5 personas<\/strong><\/td>\n<td><strong>6-7 personas<\/strong><\/td>\n<td><strong>8-10 personas<\/strong><\/td>\n<td><strong>10 personas o m\u00e1s<\/strong><\/td>\n<\/tr>\n<tr>\n<td>2.120,00 \u20ac<\/td>\n<td>1.800,00 \u20ac<\/td>\n<td>1.580,00 \u20ac<\/td>\n<td>1.410,00 \u20ac<\/td>\n<\/tr>\n<\/tbody>\n<\/table>\n<p>&nbsp;<\/p>\n<p>SALIDA GARANTIZADA CON LOS SERVICIOS DETALLADOS PARA UN M\u00cdNIMO DE 6\u00a0PERSONAS.<\/p>\n<p>Si en la fecha l\u00edmite de inscripci\u00f3n (2 meses antes de la fecha de salida) no se hubiera alcanzado el m\u00ednimo de participantes especificado, Bike Spain Tours se reserva el derecho a modificar los servicios relativos a los gu\u00edas y trazado de la ruta.<\/p>\n<p>Salidas a petici\u00f3n. Se recomienda formar un grupo para el mes de Abril, especialmente aprovechando la Semana Santa.<\/p>\n<p><strong>Comidas incluidas:\u00a0<\/strong><\/p>\n<p>Est\u00e1n incluidas todas las comidas salvo el almuerzo del primer d\u00eda y la comida y cena en el sexto d\u00eda<\/p>\n<h4>Nuestras Bicicletas<\/h4>\n<p>Las bicicletas son tipo <em>touring<\/em>, freno en el manillar y 3 platos (21 marchas).<\/p>\n<p>Dise\u00f1adas para rodar por carreteras y caminos, son perfectas para esta ruta que transcurre por caminos vecinales o tranquilas carreteras locales.<\/p>\n","protected":false},"excerpt":{"rendered":"<div class=\"views-field views-field-field-texto-promocional\">\n<div class=\"field-content resultados_tipo_contenido\">Fant\u00e1stica ruta por el sur de Marruecos. Un c\u00f3modo y agradable viaje en bici desde las alturas del Atlas hasta los oasis del valle del Dra\u00e1.<\/div>\n<\/div>\n","protected":false},"featured_media":5788,"template":"","meta":[],"product_brand":[],"product_cat":[45],"product_tag":[],"class_list":{"0":"post-5762","1":"product","2":"type-product","3":"status-publish","4":"has-post-thumbnail","6":"product_cat-europe","8":"first","9":"instock","10":"taxable","11":"shipping-taxable","12":"purchasable","13":"product-type-variable"},"aioseo_notices":[],"_links":{"self":[{"href":"https:\/\/madrid.bikespain.com\/nl\/wp-json\/wp\/v2\/product\/5762","targetHints":{"allow":["GET"]}}],"collection":[{"href":"https:\/\/madrid.bikespain.com\/nl\/wp-json\/wp\/v2\/product"}],"about":[{"href":"https:\/\/madrid.bikespain.com\/nl\/wp-json\/wp\/v2\/types\/product"}],"wp:featuredmedia":[{"embeddable":true,"href":"https:\/\/madrid.bikespain.com\/nl\/wp-json\/wp\/v2\/media\/5788"}],"wp:attachment":[{"href":"https:\/\/madrid.bikespain.com\/nl\/wp-json\/wp\/v2\/media?parent=5762"}],"wp:term":[{"taxonomy":"product_brand","embeddable":true,"href":"https:\/\/madrid.bikespain.com\/nl\/wp-json\/wp\/v2\/product_brand?post=5762"},{"taxonomy":"product_cat","embeddable":true,"href":"https:\/\/madrid.bikespain.com\/nl\/wp-json\/wp\/v2\/product_cat?post=5762"},{"taxonomy":"product_tag","embeddable":true,"href":"https:\/\/madrid.bikespain.com\/nl\/wp-json\/wp\/v2\/product_tag?post=5762"}],"curies":[{"name":"wp","href":"https:\/\/api.w.org\/{rel}","templated":true}]}}