{"id":5760,"date":"2025-12-13T21:04:23","date_gmt":"2025-12-13T21:04:23","guid":{"rendered":"https:\/\/madrid.bikespain.com\/?post_type=product&#038;p=5760"},"modified":"2025-12-13T21:04:39","modified_gmt":"2025-12-13T21:04:39","slug":"colombia-en-bicicleta-leyenda-del-dorado","status":"publish","type":"product","link":"https:\/\/madrid.bikespain.com\/nl\/product\/colombia-en-bicicleta-leyenda-del-dorado\/","title":{"rendered":"Colombia en bicicleta: Leyenda del Dorado"},"content":{"rendered":"<h4>Incluido<\/h4>\n<ul>\n<li>Traslado aeropuerto \u2013 hotel grupal en Bogot\u00e1<\/li>\n<li>Traslado Hotel en Salento al Aeropuerto de Pereira grupal<\/li>\n<li>Alojamiento 6 noches<\/li>\n<li>Desayuno diario, 1 almuerzo (Finca de orqu\u00eddeas) y 4 cenas<\/li>\n<li>Gu\u00eda colombiano<\/li>\n<li>Veh\u00edculo de apoyo con conductor<\/li>\n<li>Agua y Snacks durante las rutas de bici<\/li>\n<li>Tour de finca de orqu\u00eddeas.<\/li>\n<li>Juego de Tejo en Salento<\/li>\n<li>Cata de Caf\u00e9 en Salento<\/li>\n<li>Visita Valle de Cocora<\/li>\n<\/ul>\n<h4>No Incluido<\/h4>\n<ul>\n<li>Vuelos (tampoco vuelos internos)<\/li>\n<li>Alquiler de bicicleta<\/li>\n<li>Comidad no mencionadas<\/li>\n<li>Actividades no mencionadas<\/li>\n<li>Propinas<\/li>\n<\/ul>\n<p>Cobertura para garantizar un viaje seguro. Un compa\u00f1ero de viaje indispensable proporcionada por BIKE SPAIN TOURS para nuestros clientes. Sin embargo, le pedimos que revise la cantidad limitada de dicha cobertura incluido en nuestro seguro, y confirmar con su compa\u00f1\u00eda de seguros que usted est\u00e1 cubierto de manera adecuada en cualquier caso.<\/p>\n<p><a href=\"https:\/\/www.bikespain.com\/wp-content\/uploads\/2017\/11\/insurance_bikespain_gvtour-1.pdf\" target=\"_blank\" rel=\"noopener noreferrer\">Ejemplo de p\u00f3liza de seguro<\/a><\/p>\n<h4>Opciones<\/h4>\n<p>Precios por persona en habitaci\u00f3n doble:<\/p>\n<p>&nbsp;<\/p>\n<table width=\"618\">\n<tbody>\n<tr>\n<td width=\"80\">2<\/td>\n<td width=\"80\">3<\/td>\n<td width=\"80\">4<\/td>\n<td width=\"80\">5<\/td>\n<td width=\"80\">6<\/td>\n<td width=\"80\">7<\/td>\n<td width=\"80\">8<\/td>\n<\/tr>\n<tr>\n<td>2.040,00 \u20ac<\/td>\n<td>1.940,00 \u20ac<\/td>\n<td>1.650,00 \u20ac<\/td>\n<td>1.495,00 \u20ac<\/td>\n<td>1.400,00 \u20ac<\/td>\n<td>1.420,00 \u20ac<\/td>\n<td>1.360,00 \u20ac<\/td>\n<\/tr>\n<\/tbody>\n<\/table>\n<p>&nbsp;<\/p>\n<p>Salidas a petici\u00f3n.<\/p>\n<p>&nbsp;<\/p>\n<h4>Nuestras Bicicletas<\/h4>\n<p>Las bicicletas son tipo <em>touring<\/em>, freno en el manillar y 3 platos (21 marchas) y bicicletas de carretera.<\/p>\n<p>&nbsp;<\/p>\n","protected":false},"excerpt":{"rendered":"<div class=\"views-field views-field-field-texto-promocional\">\n<div class=\"field-content resultados_tipo_contenido\">Fant\u00e1stica ruta en bicicleta en Colombia. Un c\u00f3modo y agradable viaje en bici desde Bogot\u00e1 hasta Salento<\/div>\n<\/div>\n","protected":false},"featured_media":5786,"template":"","meta":[],"product_brand":[],"product_cat":[45],"product_tag":[],"class_list":{"0":"post-5760","1":"product","2":"type-product","3":"status-publish","4":"has-post-thumbnail","6":"product_cat-europe","8":"first","9":"instock","10":"taxable","11":"shipping-taxable","12":"purchasable","13":"product-type-variable"},"aioseo_notices":[],"_links":{"self":[{"href":"https:\/\/madrid.bikespain.com\/nl\/wp-json\/wp\/v2\/product\/5760","targetHints":{"allow":["GET"]}}],"collection":[{"href":"https:\/\/madrid.bikespain.com\/nl\/wp-json\/wp\/v2\/product"}],"about":[{"href":"https:\/\/madrid.bikespain.com\/nl\/wp-json\/wp\/v2\/types\/product"}],"wp:featuredmedia":[{"embeddable":true,"href":"https:\/\/madrid.bikespain.com\/nl\/wp-json\/wp\/v2\/media\/5786"}],"wp:attachment":[{"href":"https:\/\/madrid.bikespain.com\/nl\/wp-json\/wp\/v2\/media?parent=5760"}],"wp:term":[{"taxonomy":"product_brand","embeddable":true,"href":"https:\/\/madrid.bikespain.com\/nl\/wp-json\/wp\/v2\/product_brand?post=5760"},{"taxonomy":"product_cat","embeddable":true,"href":"https:\/\/madrid.bikespain.com\/nl\/wp-json\/wp\/v2\/product_cat?post=5760"},{"taxonomy":"product_tag","embeddable":true,"href":"https:\/\/madrid.bikespain.com\/nl\/wp-json\/wp\/v2\/product_tag?post=5760"}],"curies":[{"name":"wp","href":"https:\/\/api.w.org\/{rel}","templated":true}]}}