{"id":5758,"date":"2025-12-13T21:04:22","date_gmt":"2025-12-13T21:04:22","guid":{"rendered":"https:\/\/madrid.bikespain.com\/?post_type=product&#038;p=5758"},"modified":"2025-12-13T21:04:35","modified_gmt":"2025-12-13T21:04:35","slug":"suiza-ruta-por-el-rodano","status":"publish","type":"product","link":"https:\/\/madrid.bikespain.com\/nl\/product\/suiza-ruta-por-el-rodano\/","title":{"rendered":"Suiza: Ruta por el R\u00f3dano"},"content":{"rendered":"<h4>Incluido<\/h4>\n<ul>\n<li>Alojamiento con desayuno buffet<\/li>\n<li>Traslado de equipaje<\/li>\n<li>Cata de vino en Varen<\/li>\n<li>Mapas y documentaci\u00f3n (ingl\u00e9s)<\/li>\n<li>Tracks GPS (bajo petici\u00f3n)<\/li>\n<li>Asistencia telef\u00f3nica\u00a0(ingl\u00e9s)<\/li>\n<\/ul>\n<h4>No Incluido<\/h4>\n<ul>\n<li>Vuelos<\/li>\n<li>Bicicleta<\/li>\n<li>Almuerzos<\/li>\n<li>Cenas<\/li>\n<li>Actividades extras<\/li>\n<li>Seguro personal de viaje: 20 \u20ac\/persona<\/li>\n<\/ul>\n<p>Cobertura para garantizar un viaje seguro. Un compa\u00f1ero de viaje indispensable proporcionada por BIKE SPAIN TOURS para nuestros clientes. Sin embargo, le pedimos que revise la cantidad limitada de dicha cobertura incluido en nuestro seguro, y confirmar con su compa\u00f1\u00eda de seguros que usted est\u00e1 cubierto de manera adecuada en cualquier caso.<\/p>\n<p><a href=\"https:\/\/www.bikespain.com\/wp-content\/uploads\/2017\/11\/insurance_bikespain_gvtour-1.pdf\" target=\"_blank\" rel=\"noopener noreferrer\">Ejemplo de p\u00f3liza de seguro<\/a><\/p>\n<h4>Opciones<\/h4>\n<p class=\"gdlr-core-icon-list-content-wrap\"><span class=\"gdlr-core-icon-list-content\">Precio por persona en habitaci\u00f3n doble:<\/span><\/p>\n<p class=\"gdlr-core-icon-list-content-wrap\"><strong><span class=\"gdlr-core-icon-list-content\">Categor\u00eda A (hoteles de 3 y 4*)<\/span><\/strong><\/p>\n<ul>\n<li class=\"gdlr-core-icon-list-content-wrap\"><span class=\"gdlr-core-icon-list-content\">Temporada Alta (28-abr &#8211; 23-sep): 1175\u20ac<\/span><\/li>\n<li class=\"gdlr-core-icon-list-content-wrap\"><span class=\"gdlr-core-icon-list-content\">Temporada Baja (24-sep &#8211; 16-oct): 1110\u20ac<\/span><\/li>\n<\/ul>\n<p class=\"gdlr-core-icon-list-content-wrap\"><span class=\"gdlr-core-icon-list-content\">Suplemento individual: 395\u20ac<\/span><\/p>\n<p class=\"gdlr-core-icon-list-content-wrap\"><strong><span class=\"gdlr-core-icon-list-content\">Categor\u00eda B (hoteles 3*)<\/span><\/strong><\/p>\n<ul>\n<li class=\"gdlr-core-icon-list-content-wrap\"><span class=\"gdlr-core-icon-list-content\">Temporada Alta (28-abr &#8211; 23-sep): 1020\u20ac<\/span><\/li>\n<li class=\"gdlr-core-icon-list-content-wrap\"><span class=\"gdlr-core-icon-list-content\">Temporada Baja (24-sep &#8211; 16-oct): 945\u20ac<\/span><\/li>\n<\/ul>\n<p class=\"gdlr-core-icon-list-content-wrap\"><span class=\"gdlr-core-icon-list-content\">Suplemento individual: 350\u20ac<\/span><\/p>\n<p class=\"gdlr-core-icon-list-content-wrap\"><strong><span class=\"gdlr-core-icon-list-content\">Alquiler de bicicleta:<\/span><\/strong><\/p>\n<ul>\n<li class=\"gdlr-core-icon-list-content-wrap\"><span class=\"gdlr-core-icon-list-content\">Bicicleta de paseo: 135 \u20ac<\/span><\/li>\n<li class=\"gdlr-core-icon-list-content-wrap\"><span class=\"gdlr-core-icon-list-content\">Bicicleta el\u00e9ctrica: 265 \u20ac<\/span><\/li>\n<\/ul>\n<h4>Nuestras Bicicletas<\/h4>\n<div class=\"b-tabs\">\n<div class=\"tabs-content\">\n<div class=\"active tab\">\n<div class=\"tab-others-campos\">\n<p>Bicicletas h\u00edbridas unisex y ni\u00f1os:<\/p>\n<ul>\n<li>24\u00a0velocidades<\/li>\n<li>XS, S, M, L, XL<\/li>\n<\/ul>\n<p>Accesorios ni\u00f1os: consultarnos<\/p>\n<p>Accesorios:<\/p>\n<ul>\n<li>alforja<\/li>\n<li>casco<\/li>\n<li>candado<\/li>\n<li>herramientas<\/li>\n<li>bomba<\/li>\n<li>seguimientos GPS disponibles bajo petici\u00f3n<\/li>\n<\/ul>\n<\/div>\n<\/div>\n<\/div>\n<\/div>\n","protected":false},"excerpt":{"rendered":"<div class=\"views-field views-field-field-texto-promocional\">\n<div class=\"field-content resultados_tipo_contenido\">Descubre el r\u00edo R\u00f3dano y el lago Lem\u00e1n hasta Ginebra.<\/div>\n<\/div>\n","protected":false},"featured_media":5784,"template":"","meta":[],"product_brand":[],"product_cat":[45],"product_tag":[],"class_list":{"0":"post-5758","1":"product","2":"type-product","3":"status-publish","4":"has-post-thumbnail","6":"product_cat-europe","8":"first","9":"instock","10":"taxable","11":"shipping-taxable","12":"purchasable","13":"product-type-variable"},"aioseo_notices":[],"_links":{"self":[{"href":"https:\/\/madrid.bikespain.com\/nl\/wp-json\/wp\/v2\/product\/5758","targetHints":{"allow":["GET"]}}],"collection":[{"href":"https:\/\/madrid.bikespain.com\/nl\/wp-json\/wp\/v2\/product"}],"about":[{"href":"https:\/\/madrid.bikespain.com\/nl\/wp-json\/wp\/v2\/types\/product"}],"wp:featuredmedia":[{"embeddable":true,"href":"https:\/\/madrid.bikespain.com\/nl\/wp-json\/wp\/v2\/media\/5784"}],"wp:attachment":[{"href":"https:\/\/madrid.bikespain.com\/nl\/wp-json\/wp\/v2\/media?parent=5758"}],"wp:term":[{"taxonomy":"product_brand","embeddable":true,"href":"https:\/\/madrid.bikespain.com\/nl\/wp-json\/wp\/v2\/product_brand?post=5758"},{"taxonomy":"product_cat","embeddable":true,"href":"https:\/\/madrid.bikespain.com\/nl\/wp-json\/wp\/v2\/product_cat?post=5758"},{"taxonomy":"product_tag","embeddable":true,"href":"https:\/\/madrid.bikespain.com\/nl\/wp-json\/wp\/v2\/product_tag?post=5758"}],"curies":[{"name":"wp","href":"https:\/\/api.w.org\/{rel}","templated":true}]}}