{"id":5754,"date":"2025-12-13T21:04:22","date_gmt":"2025-12-13T21:04:22","guid":{"rendered":"https:\/\/madrid.bikespain.com\/?post_type=product&#038;p=5754"},"modified":"2025-12-13T21:04:35","modified_gmt":"2025-12-13T21:04:35","slug":"croacia-sur-de-dalmacia","status":"publish","type":"product","link":"https:\/\/madrid.bikespain.com\/nl\/product\/croacia-sur-de-dalmacia\/","title":{"rendered":"Croacia: Sur de Dalmacia"},"content":{"rendered":"<h4>Incluido<\/h4>\n<ul>\n<li class=\" gdlr-core-skin-divider clearfix\">\n<div class=\"gdlr-core-icon-list-content-wrap\"><span class=\"gdlr-core-icon-list-content\">Alojamiento en camarote doble con desayuno<\/span><\/div>\n<\/li>\n<li class=\" gdlr-core-skin-divider clearfix\">\n<div class=\"gdlr-core-icon-list-content-wrap\"><span class=\"gdlr-core-icon-list-content\">2 d\u00edas en pensi\u00f3n completa<\/span><\/div>\n<\/li>\n<li class=\" gdlr-core-skin-divider clearfix\">\n<div class=\"gdlr-core-icon-list-content-wrap\"><span class=\"gdlr-core-icon-list-content\">5 d\u00edas en media pensi\u00f3n<\/span><\/div>\n<\/li>\n<li class=\" gdlr-core-skin-divider clearfix\">\n<div class=\"gdlr-core-icon-list-content-wrap\"><span class=\"gdlr-core-icon-list-content\">Gu\u00eda (ingl\u00e9s)<\/span><\/div>\n<\/li>\n<li class=\" gdlr-core-skin-divider clearfix\">\n<div class=\"gdlr-core-icon-list-content-wrap\"><span class=\"gdlr-core-icon-list-content\">S\u00e1banas y toallas<\/span><\/div>\n<\/li>\n<li class=\" gdlr-core-skin-divider clearfix\">\n<div class=\"gdlr-core-icon-list-content-wrap\"><span class=\"gdlr-core-icon-list-content\">Mapas y documentaci\u00f3n (ingl\u00e9s)<\/span><\/div>\n<\/li>\n<li class=\" gdlr-core-skin-divider clearfix\">\n<div class=\"gdlr-core-icon-list-content-wrap\"><span class=\"gdlr-core-icon-list-content\">Asistencia (ingl\u00e9s)<\/span><\/div>\n<\/li>\n<li class=\" gdlr-core-skin-divider clearfix\">\n<div class=\"gdlr-core-icon-list-content-wrap\"><span class=\"gdlr-core-icon-list-content\">Tasas tur\u00edsticas<\/span><\/div>\n<\/li>\n<\/ul>\n<h4>No Incluido<\/h4>\n<ul>\n<li>Vuelos<\/li>\n<li>Traslado a Trogir desde el aeropuerto de Split (20 \u20ac\/persona)<\/li>\n<li>Bicicleta<\/li>\n<li>Bebidas a bordo (tarifa plana de agua 25\u20ac, 15\u20ac ni\u00f1os menores de 16 a\u00f1os)<\/li>\n<li>Algunos almuerzos<\/li>\n<li>Actividades extras<\/li>\n<li>Rafting en el r\u00edo Cetina<\/li>\n<li>Seguro personal de viaje: 20\u20ac\/persona<\/li>\n<li>Propinas<\/li>\n<\/ul>\n<p>Cobertura para garantizar un viaje seguro. Un compa\u00f1ero de viaje indispensable proporcionada por BIKE SPAIN TOURS para nuestros clientes. Sin embargo, le pedimos que revise la cantidad limitada de dicha cobertura incluido en nuestro seguro, y confirmar con su compa\u00f1\u00eda de seguros que usted est\u00e1 cubierto de manera adecuada en cualquier caso.<\/p>\n<p><a href=\"https:\/\/www.bikespain.com\/wp-content\/uploads\/2017\/11\/insurance_bikespain_gvtour-1.pdf\" target=\"_blank\" rel=\"noopener noreferrer\">Ejemplo de p\u00f3liza de seguro<\/a><\/p>\n<h4>Opciones<\/h4>\n<div class=\"gdlr-core-pbf-element\">\n<div class=\"gdlr-core-text-box-item gdlr-core-item-pdlr gdlr-core-item-pdb gdlr-core-left-align\">\n<div class=\"gdlr-core-text-box-item-content\">\n<p>Precio por persona en camarote doble bajo cubierta:<\/p>\n<table>\n<tbody>\n<tr>\n<td width=\"173\"><b>D\u00edas<\/b><\/td>\n<td width=\"230\"><b>Precio<\/b><\/td>\n<\/tr>\n<tr>\n<td width=\"173\">28\/04 \u2013 05\/05\/23<\/td>\n<td width=\"230\">1.390 Euro (San Snova)<\/td>\n<\/tr>\n<tr>\n<td width=\"173\">12\/05 \u2013 19\/05\/23<\/td>\n<td width=\"230\">1.490 Euro\u00a0 (San Snova)<\/td>\n<\/tr>\n<tr>\n<td width=\"173\">02\/06 \u2013 09\/06\/23<\/td>\n<td width=\"230\">1.590 \u00a0Euro\u00a0 (San Snova)<\/td>\n<\/tr>\n<tr>\n<td width=\"173\">09\/06 \u2013 16\/06\/23<\/td>\n<td width=\"230\">1.590 Euro\u00a0 (San Snova)<\/td>\n<\/tr>\n<tr>\n<td width=\"173\">16\/06 \u2013 23\/06\/23<\/td>\n<td width=\"230\">1.590 Euro\u00a0 (San Snova<\/td>\n<\/tr>\n<tr>\n<td width=\"173\">23\/06 \u2013 30\/06\/23<\/td>\n<td width=\"230\">1.590 Euro\u00a0 (San Snova)<\/td>\n<\/tr>\n<tr>\n<td width=\"173\">25\/08 \u2013 01\/09\/23<\/td>\n<td width=\"230\">1.590 Euro\u00a0 (San Snova)<\/td>\n<\/tr>\n<tr>\n<td width=\"173\">08\/09 \u2013 15\/09\/23<\/td>\n<td width=\"230\">1.590 Euro\u00a0 (San Snova)<\/td>\n<\/tr>\n<tr>\n<td width=\"173\">06\/10 \u2013 13\/10\/23<\/td>\n<td width=\"230\">1.390 Euro (San Snova)<\/td>\n<\/tr>\n<tr>\n<td width=\"173\">13\/10 \u2013 20\/10\/23<\/td>\n<td width=\"230\">1.390 Euro (San Snova)<\/td>\n<\/tr>\n<\/tbody>\n<\/table>\n<p>Descuento del 50% para tercera persona compartiendo camarote doble.<\/p>\n<p>25% de descuento para menores de 16 a\u00f1os (no acumlable con el 50% de descuento para 3\u00aa persona).<\/p>\n<\/div>\n<\/div>\n<\/div>\n<div class=\"gdlr-core-pbf-element\">\n<div class=\"gdlr-core-icon-list-item gdlr-core-item-pdlr gdlr-core-item-pdb clearfix gdlr-core-left-align gdlr-core-style-1\">\n<div class=\"gdlr-core-icon-list-content-wrap\"><strong><span class=\"gdlr-core-icon-list-content\">Opciones:<\/span><\/strong><\/div>\n<div class=\"gdlr-core-icon-list-content-wrap\"><span class=\"gdlr-core-icon-list-content\">Suplemento en cabina sobre cubierta<\/span><\/div>\n<ul>\n<li class=\" gdlr-core-skin-divider clearfix\">\n<div class=\"gdlr-core-icon-list-content-wrap\"><span class=\"gdlr-core-icon-list-content\">200 \u20ac<\/span><\/div>\n<\/li>\n<\/ul>\n<div class=\"gdlr-core-icon-list-content-wrap\"><span class=\"gdlr-core-icon-list-content\">Suplemento individual (bajo cubierta):<\/span><\/div>\n<ul>\n<li class=\" gdlr-core-skin-divider clearfix\">\n<div class=\"gdlr-core-icon-list-content-wrap\"><span class=\"gdlr-core-icon-list-content\">+ 500 \u20ac<\/span><\/div>\n<\/li>\n<\/ul>\n<div class=\"gdlr-core-icon-list-content-wrap\"><span class=\"gdlr-core-icon-list-content\">Suplemento individual (sobre cubierta):<\/span><\/div>\n<ul>\n<li class=\" gdlr-core-skin-divider clearfix\">\n<div class=\"gdlr-core-icon-list-content-wrap\"><span class=\"gdlr-core-icon-list-content\">+ 700 \u20ac<\/span><\/div>\n<\/li>\n<\/ul>\n<div class=\"gdlr-core-icon-list-content-wrap\"><span class=\"gdlr-core-icon-list-content\">Alquiler de bicicleta:<\/span><\/div>\n<ul>\n<li class=\" gdlr-core-skin-divider clearfix\">\n<div class=\"gdlr-core-icon-list-content-wrap\"><span class=\"gdlr-core-icon-list-content\">Bicicleta de paseo: 80 \u20ac<\/span><\/div>\n<\/li>\n<li class=\" gdlr-core-skin-divider clearfix\">\n<div class=\"gdlr-core-icon-list-content-wrap\"><span class=\"gdlr-core-icon-list-content\">Bicicleta el\u00e9ctrica: 180 \u20ac<\/span><\/div>\n<\/li>\n<\/ul>\n<div class=\"gdlr-core-icon-list-content-wrap\"><span class=\"gdlr-core-icon-list-content\">Seguro de bicicleta:<\/span><\/div>\n<ul>\n<li class=\" gdlr-core-skin-divider clearfix\">\n<div class=\"gdlr-core-icon-list-content-wrap\"><span class=\"gdlr-core-icon-list-content\">Bicicleta de paseo: 10 \u20ac<\/span><\/div>\n<\/li>\n<li class=\" gdlr-core-skin-divider clearfix\">\n<div class=\"gdlr-core-icon-list-content-wrap\"><span class=\"gdlr-core-icon-list-content\">Bicicleta el\u00e9ctrica: 20 \u20ac<\/span><\/div>\n<\/li>\n<\/ul>\n<div class=\"gdlr-core-icon-list-content-wrap\"><span class=\"gdlr-core-icon-list-content\">Transfer privados (primer y \u00faltimo d\u00eda) Split &#8211; Trogir<\/span><\/div>\n<\/div>\n<\/div>\n<h4>Nuestras Bicicletas<\/h4>\n<div class=\"tab-others-campos\">\n<div class=\"b-tabs\">\n<div class=\"tabs-content\">\n<div class=\"active tab\">\n<div class=\"tab-others-campos\">\n<p>Bicicletas de mujeres, de hombres y de ni\u00f1os:<\/p>\n<ul>\n<li>21 velocidades<\/li>\n<li>S, M, L, XL<\/li>\n<\/ul>\n<p>Bicicletas el\u00e9ctricas:<\/p>\n<ul>\n<li>Primeras marcas<\/li>\n<\/ul>\n<p>Accesorios (t\u00e1ndem, semi-t\u00e1ndem, sill\u00edn): consultarnos.<\/p>\n<p>Accesorios:<\/p>\n<ul>\n<li>alforja<\/li>\n<\/ul>\n<p>En Croacia, el casco es obligatorio. Te recomendamos llevar tu propio casco pero habr\u00e1n algunos en alquiler a bordo (limitado).<\/p>\n<\/div>\n<\/div>\n<\/div>\n<\/div>\n<\/div>\n<div class=\"tab-others-campos\">\n<h4>Destacamos<\/h4>\n<ul>\n<li>Las islas m\u00e1s bonitas del Adri\u00e1tico: Korcula, Hvar, Brac<\/li>\n<li>Hvar: encantador pueblo pesquero<\/li>\n<li>Stari Grad: pueblo elegido por numerosos artistas<\/li>\n<li>Pedalear a 25 grados sin calor. Siempre hay una ligera brisa<\/li>\n<li>Campos de lavanda a principios del verano<\/li>\n<li>Split: su palacio y mercado nos trasladan de verdad a \u00e9pocas romanas<\/li>\n<\/ul>\n<\/div>\n","protected":false},"excerpt":{"rendered":"<div class=\"views-field views-field-field-texto-promocional\">\n<div class=\"field-content resultados_tipo_contenido\">\u00a1Lo mejor de Croacia en barco!<\/div>\n<\/div>\n","protected":false},"featured_media":5780,"template":"","meta":[],"product_brand":[],"product_cat":[45],"product_tag":[],"class_list":{"0":"post-5754","1":"product","2":"type-product","3":"status-publish","4":"has-post-thumbnail","6":"product_cat-europe","8":"first","9":"instock","10":"taxable","11":"shipping-taxable","12":"purchasable","13":"product-type-variable"},"aioseo_notices":[],"_links":{"self":[{"href":"https:\/\/madrid.bikespain.com\/nl\/wp-json\/wp\/v2\/product\/5754","targetHints":{"allow":["GET"]}}],"collection":[{"href":"https:\/\/madrid.bikespain.com\/nl\/wp-json\/wp\/v2\/product"}],"about":[{"href":"https:\/\/madrid.bikespain.com\/nl\/wp-json\/wp\/v2\/types\/product"}],"wp:featuredmedia":[{"embeddable":true,"href":"https:\/\/madrid.bikespain.com\/nl\/wp-json\/wp\/v2\/media\/5780"}],"wp:attachment":[{"href":"https:\/\/madrid.bikespain.com\/nl\/wp-json\/wp\/v2\/media?parent=5754"}],"wp:term":[{"taxonomy":"product_brand","embeddable":true,"href":"https:\/\/madrid.bikespain.com\/nl\/wp-json\/wp\/v2\/product_brand?post=5754"},{"taxonomy":"product_cat","embeddable":true,"href":"https:\/\/madrid.bikespain.com\/nl\/wp-json\/wp\/v2\/product_cat?post=5754"},{"taxonomy":"product_tag","embeddable":true,"href":"https:\/\/madrid.bikespain.com\/nl\/wp-json\/wp\/v2\/product_tag?post=5754"}],"curies":[{"name":"wp","href":"https:\/\/api.w.org\/{rel}","templated":true}]}}