{"id":5420,"date":"2025-12-13T21:03:00","date_gmt":"2025-12-13T21:03:00","guid":{"rendered":"https:\/\/madrid.bikespain.com\/?post_type=product&#038;p=5420"},"modified":"2025-12-13T21:04:29","modified_gmt":"2025-12-13T21:04:29","slug":"croacia-parques-nacionales-de-dalmacia","status":"publish","type":"product","link":"https:\/\/madrid.bikespain.com\/nl\/product\/croacia-parques-nacionales-de-dalmacia\/","title":{"rendered":"Croacia: Parques Nacionales de Dalmacia"},"content":{"rendered":"<h4>Incluido<\/h4>\n<ul>\n<li>Alojamiento en camarote doble con desayuno<\/li>\n<li class=\" gdlr-core-skin-divider clearfix\">\n<div class=\"gdlr-core-icon-list-content-wrap\"><span class=\"gdlr-core-icon-list-content\">2 d\u00edas en pensi\u00f3n completa<\/span><\/div>\n<\/li>\n<li class=\" gdlr-core-skin-divider clearfix\">\n<div class=\"gdlr-core-icon-list-content-wrap\"><span class=\"gdlr-core-icon-list-content\">5 d\u00edas en media pensi\u00f3n<\/span><\/div>\n<\/li>\n<li>Gu\u00eda (ingl\u00e9s)<\/li>\n<li>Entrada a los parques nacionales (en grupo)<\/li>\n<li>S\u00e1banas y toallas<\/li>\n<li>Mapas y documentaci\u00f3n (ingl\u00e9s)<\/li>\n<li class=\"active\">Asistencia (ingl\u00e9s)<\/li>\n<\/ul>\n<h4>No Incluido<\/h4>\n<ul>\n<li>Vuelos<\/li>\n<li class=\" gdlr-core-skin-divider clearfix\">\n<div class=\"gdlr-core-icon-list-content-wrap\"><span class=\"gdlr-core-icon-list-content\">Traslados desde el aeropuerto<\/span><\/div>\n<\/li>\n<li>Bicicleta<\/li>\n<li class=\"active\">Bebidas a bordo (tarifa plana de agua 25\u20ac para adultos y 15\u20ac para ni\u00f1os menores de 16 a\u00f1os)<\/li>\n<li>Algunos almuerzos<\/li>\n<li>Tasas de embarque: 50 \u20ac\/adulto; 25 \u20ac\/ni\u00f1o hasta 16 a\u00f1os (a pagar en efectivo en destino)<\/li>\n<li>Actividades extras<\/li>\n<li>Seguro de viaje: 20 \u20ac\/persona<\/li>\n<li>Propinas<\/li>\n<\/ul>\n<p>Cobertura para garantizar un viaje seguro. Un compa\u00f1ero de viaje indispensable proporcionada por BIKE SPAIN TOURS para nuestros clientes. Sin embargo, le pedimos que revise la cantidad limitada de dicha cobertura incluido en nuestro seguro, y confirmar con su compa\u00f1\u00eda de seguros que usted est\u00e1 cubierto de manera adecuada en cualquier caso.<\/p>\n<p><a href=\"https:\/\/www.bikespain.com\/wp-content\/uploads\/2017\/11\/insurance_bikespain_gvtour-1.pdf\" target=\"_blank\" rel=\"noopener noreferrer\">Ejemplo de p\u00f3liza de seguro<\/a><\/p>\n<h4>Opciones<\/h4>\n<div class=\"gdlr-core-pbf-element\">\n<div class=\"gdlr-core-text-box-item gdlr-core-item-pdlr gdlr-core-item-pdb gdlr-core-left-align\">\n<div class=\"gdlr-core-text-box-item-content\">\n<p>Precio por persona en camarote twin bajo cubierta:<\/p>\n<table>\n<tbody>\n<tr>\n<td width=\"169\"><strong>D\u00edas<\/strong><\/td>\n<td width=\"255\"><strong>Precio<\/strong><\/td>\n<\/tr>\n<tr>\n<td width=\"169\">21\/04 \u2013 28\/04\/23<\/td>\n<td width=\"255\">1.390 Euro (San Snova)<\/td>\n<\/tr>\n<tr>\n<td width=\"169\">26\/05 \u2013 02\/06\/23<\/td>\n<td width=\"255\">1.490 Euro (San Snova)<\/td>\n<\/tr>\n<tr>\n<td width=\"169\">30\/06 \u2013 07\/07\/23<\/td>\n<td width=\"255\">1.490 Euro (San Snova)<\/td>\n<\/tr>\n<tr>\n<td width=\"169\">18\/08 \u2013 25\/08\/23<\/td>\n<td width=\"255\">1.590 Euro (San Snova)<\/td>\n<\/tr>\n<tr>\n<td width=\"169\">01\/09 \u2013 08\/09\/23<\/td>\n<td width=\"255\">1.590 Euro (San Snova)<\/td>\n<\/tr>\n<\/tbody>\n<\/table>\n<\/div>\n<\/div>\n<\/div>\n<div class=\"gdlr-core-pbf-element\">\n<div class=\"gdlr-core-icon-list-item gdlr-core-item-pdlr gdlr-core-item-pdb clearfix gdlr-core-left-align gdlr-core-style-1\">\n<div><\/div>\n<div class=\"gdlr-core-icon-list-content-wrap\"><span class=\"gdlr-core-icon-list-content\">Sumplemento camarote sobre cubierta: 200 \u20ac<\/span><\/div>\n<div class=\"gdlr-core-icon-list-content-wrap\"><span class=\"gdlr-core-icon-list-content\">Suplemento individual (bajo cubierta):<\/span><\/div>\n<ul>\n<li class=\" gdlr-core-skin-divider clearfix\">\n<div class=\"gdlr-core-icon-list-content-wrap\"><span class=\"gdlr-core-icon-list-content\">+ 500 \u20ac<\/span><\/div>\n<\/li>\n<\/ul>\n<div class=\"gdlr-core-icon-list-content-wrap\"><span class=\"gdlr-core-icon-list-content\">Suplemento individual (sobre cubierta):<\/span><\/div>\n<ul>\n<li class=\" gdlr-core-skin-divider clearfix\">\n<div class=\"gdlr-core-icon-list-content-wrap\"><span class=\"gdlr-core-icon-list-content\">+ 700 \u20ac<\/span><\/div>\n<\/li>\n<\/ul>\n<div class=\"gdlr-core-icon-list-content-wrap\"><span class=\"gdlr-core-icon-list-content\">Descuento para 3\u00aa y 4\u00aa persona en camarote triple:<\/span><\/div>\n<ul>\n<li class=\" gdlr-core-skin-divider clearfix\">\n<div class=\"gdlr-core-icon-list-content-wrap\"><span class=\"gdlr-core-icon-list-content\">&#8211; 50 %<\/span><\/div>\n<\/li>\n<\/ul>\n<div class=\"gdlr-core-icon-list-content-wrap\"><span class=\"gdlr-core-icon-list-content\">No se aplica el coste adicional sobre cubierta<\/span><\/div>\n<div class=\"gdlr-core-icon-list-content-wrap\"><span class=\"gdlr-core-icon-list-content\">Descuentos infantiles en habitaci\u00f3n propia:<\/span><\/div>\n<ul>\n<li class=\" gdlr-core-skin-divider clearfix\">\n<div class=\"gdlr-core-icon-list-content-wrap\"><span class=\"gdlr-core-icon-list-content\">Hasta 16 a\u00f1os: &#8211; 25 %<\/span><\/div>\n<\/li>\n<\/ul>\n<div class=\"gdlr-core-icon-list-content-wrap\"><span class=\"gdlr-core-icon-list-content\">Alquiler de bicicleta:<\/span><\/div>\n<ul>\n<li class=\" gdlr-core-skin-divider clearfix\">\n<div class=\"gdlr-core-icon-list-content-wrap\"><span class=\"gdlr-core-icon-list-content\">Bicicleta de paseo: 80 \u20ac<\/span><\/div>\n<\/li>\n<li class=\" gdlr-core-skin-divider clearfix\">\n<div class=\"gdlr-core-icon-list-content-wrap\"><span class=\"gdlr-core-icon-list-content\">Bicicleta el\u00e9ctrica: 180 \u20ac<\/span><\/div>\n<\/li>\n<\/ul>\n<div class=\"gdlr-core-icon-list-content-wrap\"><span class=\"gdlr-core-icon-list-content\">Seguro de bicicleta:<\/span><\/div>\n<ul>\n<li class=\" gdlr-core-skin-divider clearfix\">\n<div class=\"gdlr-core-icon-list-content-wrap\"><span class=\"gdlr-core-icon-list-content\">Bicicleta de paseo: 10 \u20ac<\/span><\/div>\n<\/li>\n<li class=\" gdlr-core-skin-divider clearfix\">\n<div class=\"gdlr-core-icon-list-content-wrap\"><span class=\"gdlr-core-icon-list-content\">Bicicleta el\u00e9ctrica: 20 \u20ac<\/span><\/div>\n<\/li>\n<\/ul>\n<div class=\"gdlr-core-icon-list-content-wrap\"><span class=\"gdlr-core-icon-list-content\">Transfer desde el aeropuerto de Split al embarcadero de Trogir (s\u00f3lo los d\u00edas de embarco y desembarco)<\/span><\/div>\n<\/div>\n<\/div>\n<h4>Nuestras Bicicletas<\/h4>\n<p>Bicicletas de mujeres, de hombres y de ni\u00f1os:<\/p>\n<ul>\n<li>21 velocidades<\/li>\n<li>S, M, L, XL<\/li>\n<\/ul>\n<p>Bicicletas el\u00e9ctricas:<\/p>\n<ul>\n<li>Primeras marcas<\/li>\n<\/ul>\n<p>Accesorios (t\u00e1ndem, semi-t\u00e1ndem, sill\u00edn): consultarnos.<\/p>\n<p>Accesorios:<\/p>\n<ul>\n<li>alforja<\/li>\n<\/ul>\n<p>En Croacia, el casco es obligatorio. Te recomendamos llevar tu propio casco pero habr\u00e1n algunos en alquiler a bordo (limitado).<\/p>\n<h4>Destacamos<\/h4>\n<ul>\n<li>La pen\u00ednsula de Primosten<\/li>\n<li>Centro hist\u00f3rico de Trogir<\/li>\n<li>Pedalear a 25 grados sin calor. Siempre hay una ligera brisa<\/li>\n<li>Campos de lavanda a principios del verano<\/li>\n<li>Las cataratas del Parque Nacional de Krka<\/li>\n<\/ul>\n","protected":false},"excerpt":{"rendered":"<div class=\"views-field views-field-field-texto-promocional\">\n<div class=\"field-content resultados_tipo_contenido\">Sol, mar, bah\u00edas, cientos de islas&#8230; \u00a1No querr\u00e1s irte de este para\u00edso!<\/div>\n<\/div>\n","protected":false},"featured_media":5449,"template":"","meta":[],"product_brand":[],"product_cat":[45],"product_tag":[],"class_list":{"0":"post-5420","1":"product","2":"type-product","3":"status-publish","4":"has-post-thumbnail","6":"product_cat-europe","8":"first","9":"instock","10":"taxable","11":"shipping-taxable","12":"purchasable","13":"product-type-variable"},"aioseo_notices":[],"_links":{"self":[{"href":"https:\/\/madrid.bikespain.com\/nl\/wp-json\/wp\/v2\/product\/5420","targetHints":{"allow":["GET"]}}],"collection":[{"href":"https:\/\/madrid.bikespain.com\/nl\/wp-json\/wp\/v2\/product"}],"about":[{"href":"https:\/\/madrid.bikespain.com\/nl\/wp-json\/wp\/v2\/types\/product"}],"wp:featuredmedia":[{"embeddable":true,"href":"https:\/\/madrid.bikespain.com\/nl\/wp-json\/wp\/v2\/media\/5449"}],"wp:attachment":[{"href":"https:\/\/madrid.bikespain.com\/nl\/wp-json\/wp\/v2\/media?parent=5420"}],"wp:term":[{"taxonomy":"product_brand","embeddable":true,"href":"https:\/\/madrid.bikespain.com\/nl\/wp-json\/wp\/v2\/product_brand?post=5420"},{"taxonomy":"product_cat","embeddable":true,"href":"https:\/\/madrid.bikespain.com\/nl\/wp-json\/wp\/v2\/product_cat?post=5420"},{"taxonomy":"product_tag","embeddable":true,"href":"https:\/\/madrid.bikespain.com\/nl\/wp-json\/wp\/v2\/product_tag?post=5420"}],"curies":[{"name":"wp","href":"https:\/\/api.w.org\/{rel}","templated":true}]}}