{"id":5416,"date":"2025-12-13T21:03:00","date_gmt":"2025-12-13T21:03:00","guid":{"rendered":"https:\/\/madrid.bikespain.com\/?post_type=product&#038;p=5416"},"modified":"2025-12-13T21:04:21","modified_gmt":"2025-12-13T21:04:21","slug":"italia-el-veneto-en-bicicleta","status":"publish","type":"product","link":"https:\/\/madrid.bikespain.com\/nl\/product\/italia-el-veneto-en-bicicleta\/","title":{"rendered":"Italia: El V\u00e9neto en bicicleta"},"content":{"rendered":"<h4>Incluido<\/h4>\n<ul>\n<li>Alojamiento en habitaci\u00f3n doble con desayuno<\/li>\n<li>Traslado de equipaje<\/li>\n<li>Reuni\u00f3n de bienvenida<\/li>\n<li>Entrada a Villa Valmarana ai Nani<\/li>\n<li class=\"active\">Helado en Vicenza<\/li>\n<li>Mapas y documentaci\u00f3n (ingl\u00e9s)<\/li>\n<li>App con los tracks GPS de la ruta<\/li>\n<li>Asistencia (ingl\u00e9s)<\/li>\n<\/ul>\n<h4>No Incluido<\/h4>\n<ul>\n<li>Vuelos<\/li>\n<li>Bicicleta<\/li>\n<li>Actividades extras<\/li>\n<li>Almuerzos y cenas<\/li>\n<li>Ferris en ruta (aprox. 30 \u20ac\/persona)<\/li>\n<li>Tasas de turismo (aprox. 10-15 \u20ac)<\/li>\n<li>Seguro de viaje: 20 \u20ac\/persona<\/li>\n<\/ul>\n<p>Cobertura para garantizar un viaje seguro. Un compa\u00f1ero de viaje indispensable proporcionada por BIKE SPAIN TOURS para nuestros clientes. Sin embargo, le pedimos que revise la cantidad limitada de dicha cobertura incluido en nuestro seguro, y confirmar con su compa\u00f1\u00eda de seguros que usted est\u00e1 cubierto de manera adecuada en cualquier caso.<\/p>\n<p><a href=\"https:\/\/www.bikespain.com\/wp-content\/uploads\/2017\/11\/insurance_bikespain_gvtour-1.pdf\" target=\"_blank\" rel=\"noopener noreferrer\">Ejemplo de p\u00f3liza de seguro<\/a><\/p>\n<h4>Opciones<\/h4>\n<div class=\"gdlr-core-pbf-element\">\n<div class=\"gdlr-core-icon-list-item gdlr-core-item-pdlr gdlr-core-item-pdb clearfix gdlr-core-left-align gdlr-core-style-1\">\n<div class=\"gdlr-core-icon-list-content-wrap\">\n<p><span class=\"gdlr-core-icon-list-content\">Precio por persona en habitaci\u00f3n doble:<\/span><\/p>\n<ul>\n<li class=\"gdlr-core-icon-list-content-wrap\"><span class=\"gdlr-core-icon-list-content\">Termporada 1 (3.04 &#8211; 23.04 \/ 25.09 &#8211; 9.10.2022)<\/span><\/li>\n<li class=\"gdlr-core-icon-list-content-wrap\">Temporada 2 (24.04 &#8211; 21.05 and 11.09 &#8211; 24.09.2022)<\/li>\n<li class=\"gdlr-core-icon-list-content-wrap\">Temporada 3 (22.05 &#8211; 10.09.2022)<\/li>\n<\/ul>\n<p>&nbsp;<\/p>\n<ul>\n<li class=\"gdlr-core-icon-list-content-wrap\"><span class=\"gdlr-core-icon-list-content\">Categor\u00eda A (hoteles de 4 y alguno de 3*)<\/span><\/li>\n<li class=\"gdlr-core-icon-list-content-wrap\"><span class=\"gdlr-core-icon-list-content\">Categor\u00eda B (hoteles de 3*)<\/span><\/li>\n<\/ul>\n<\/div>\n<\/div>\n<\/div>\n<div class=\"gdlr-core-pbf-element\">\n<div class=\"gdlr-core-text-box-item gdlr-core-item-pdlr gdlr-core-item-pdb gdlr-core-left-align\">\n<div class=\"gdlr-core-text-box-item-content\">\n<p>Precio por persona en habitaci\u00f3n doble:<\/p>\n<ul>\n<li>Temporada 1 categoria A: 650\u20ac<\/li>\n<li>Temporada 1 categoria B: 550\u20ac<\/li>\n<li>Temporada 2 categoria A: 730\u20ac<\/li>\n<li>Temporada 2 categoria B: 630\u20ac<\/li>\n<li>Temporada 3 categoria A: 770\u20ac<\/li>\n<li>Temporada 3 categoria B: 670\u20ac<\/li>\n<\/ul>\n<\/div>\n<\/div>\n<\/div>\n<div class=\"gdlr-core-pbf-element\">\n<div class=\"gdlr-core-icon-list-item gdlr-core-item-pdlr gdlr-core-item-pdb clearfix gdlr-core-left-align gdlr-core-style-1\">\n<div class=\"gdlr-core-icon-list-content-wrap\"><span class=\"gdlr-core-icon-list-content\">Descuento para tercera y cuarta persona compartiendo con dos adultos: consultanos<\/span><\/div>\n<div><\/div>\n<div class=\"gdlr-core-icon-list-content-wrap\"><span class=\"gdlr-core-icon-list-content\">Alquiler de bicicleta:<\/span><\/div>\n<ul>\n<li>Bicicleta de paseo: 85 \u20ac<\/li>\n<li>Bicicleta el\u00e9ctrica: 220 \u20ac<\/li>\n<\/ul>\n<div class=\"gdlr-core-icon-list-content-wrap\"><span class=\"gdlr-core-icon-list-content\">Noches extras: consultar.<\/span><\/div>\n<\/div>\n<\/div>\n<h4>Nuestras Bicicletas<\/h4>\n<p>Bicicletas de mujeres,\u00a0de hombres\u00a0y de ni\u00f1os:<\/p>\n<ul>\n<li>7 velocidades<\/li>\n<li>27 velocidades<\/li>\n<li>XS, S, M, L, XL<\/li>\n<\/ul>\n<p>Bicicletas el\u00e9ctricas: Flyer o\u00a0Kalkhoff<\/p>\n<p>Accesorios infantiles: constultarnos<\/p>\n<p>Accesorios:<\/p>\n<ul>\n<li>bolsa de manillar<\/li>\n<li>botella de agua<\/li>\n<li>kit de reparaci\u00f3n<\/li>\n<li>candado<\/li>\n<\/ul>\n<p>En Italia, el casco no es obligatorio pero recomendado.\u00a0Puedes alquilar un casco por 15 \u20ac\/persona (con reserva previa).<\/p>\n","protected":false},"excerpt":{"rendered":"<div class=\"views-field views-field-field-texto-promocional\">\n<div class=\"field-content resultados_tipo_contenido\">Recorrido f\u00e1cil por esta regi\u00f3n entre los Dolomitas y el Adri\u00e1tico. Ruta para iniciados y principiantes del ciclo-turismo.<\/div>\n<\/div>\n","protected":false},"featured_media":5445,"template":"","meta":[],"product_brand":[],"product_cat":[45],"product_tag":[],"class_list":{"0":"post-5416","1":"product","2":"type-product","3":"status-publish","4":"has-post-thumbnail","6":"product_cat-europe","8":"first","9":"instock","10":"purchasable","11":"product-type-variable"},"aioseo_notices":[],"_links":{"self":[{"href":"https:\/\/madrid.bikespain.com\/nl\/wp-json\/wp\/v2\/product\/5416","targetHints":{"allow":["GET"]}}],"collection":[{"href":"https:\/\/madrid.bikespain.com\/nl\/wp-json\/wp\/v2\/product"}],"about":[{"href":"https:\/\/madrid.bikespain.com\/nl\/wp-json\/wp\/v2\/types\/product"}],"wp:featuredmedia":[{"embeddable":true,"href":"https:\/\/madrid.bikespain.com\/nl\/wp-json\/wp\/v2\/media\/5445"}],"wp:attachment":[{"href":"https:\/\/madrid.bikespain.com\/nl\/wp-json\/wp\/v2\/media?parent=5416"}],"wp:term":[{"taxonomy":"product_brand","embeddable":true,"href":"https:\/\/madrid.bikespain.com\/nl\/wp-json\/wp\/v2\/product_brand?post=5416"},{"taxonomy":"product_cat","embeddable":true,"href":"https:\/\/madrid.bikespain.com\/nl\/wp-json\/wp\/v2\/product_cat?post=5416"},{"taxonomy":"product_tag","embeddable":true,"href":"https:\/\/madrid.bikespain.com\/nl\/wp-json\/wp\/v2\/product_tag?post=5416"}],"curies":[{"name":"wp","href":"https:\/\/api.w.org\/{rel}","templated":true}]}}