{"id":5415,"date":"2025-12-13T21:03:00","date_gmt":"2025-12-13T21:03:00","guid":{"rendered":"https:\/\/madrid.bikespain.com\/?post_type=product&#038;p=5415"},"modified":"2025-12-13T21:04:20","modified_gmt":"2025-12-13T21:04:20","slug":"italia-el-veneto-en-barco-y-bici","status":"publish","type":"product","link":"https:\/\/madrid.bikespain.com\/nl\/product\/italia-el-veneto-en-barco-y-bici\/","title":{"rendered":"Italia: El V\u00e9neto en barco y bici"},"content":{"rendered":"<h4>Incluido<\/h4>\n<ul>\n<li class=\"gdlr-core-icon-list-content-wrap\"><span class=\"gdlr-core-icon-list-content\">Alojamiento en camarote doble<\/span><\/li>\n<li class=\"gdlr-core-icon-list-content-wrap\"><span class=\"gdlr-core-icon-list-content\">Pensi\u00f3n completa<\/span><\/li>\n<li class=\"gdlr-core-icon-list-content-wrap\"><span class=\"gdlr-core-icon-list-content\">Gu\u00eda (ingl\u00e9s) &#8211; posibilidad de ir a su aire<\/span><\/li>\n<li class=\"gdlr-core-icon-list-content-wrap\"><span class=\"gdlr-core-icon-list-content\">Visitas guiadas a Venecia y Mantua<\/span><\/li>\n<li class=\"gdlr-core-icon-list-content-wrap\"><span class=\"gdlr-core-icon-list-content\">Visita queser\u00eda tradicional<\/span><\/li>\n<li class=\"gdlr-core-icon-list-content-wrap\"><span class=\"gdlr-core-icon-list-content\">Visisita al museo nacional del Carrusel<\/span><\/li>\n<li class=\"gdlr-core-icon-list-content-wrap\"><span class=\"gdlr-core-icon-list-content\">Visita a una factor\u00eda de cristal de Murano<\/span><\/li>\n<li class=\"gdlr-core-icon-list-content-wrap\"><span class=\"gdlr-core-icon-list-content\">Mapas y documentaci\u00f3n (ingl\u00e9s)<\/span><\/li>\n<li class=\"gdlr-core-icon-list-content-wrap\"><span class=\"gdlr-core-icon-list-content\">Track para GPS<\/span><\/li>\n<li class=\"gdlr-core-icon-list-content-wrap\">Traslado en bus entre Ferrara &#8211; Zelo y Ferrara &#8211; Adria<\/li>\n<li class=\"gdlr-core-icon-list-content-wrap\"><span class=\"gdlr-core-icon-list-content\">S\u00e1banas y toallas<\/span><\/li>\n<li class=\"gdlr-core-icon-list-content-wrap\"><span class=\"gdlr-core-icon-list-content\">Caf\u00e9 y t\u00e9 a bordo<\/span><\/li>\n<li class=\"gdlr-core-icon-list-content-wrap\"><span class=\"gdlr-core-icon-list-content\">Tasas de embarque<\/span><\/li>\n<li class=\"gdlr-core-icon-list-content-wrap\"><span class=\"gdlr-core-icon-list-content\">Casco<\/span><\/li>\n<\/ul>\n<h4>No Incluido<\/h4>\n<ul>\n<li><span style=\"color: #333300;\" data-mce-style=\"color: #333300;\">Vuelos<\/span><\/li>\n<li><span style=\"color: #333300;\" data-mce-style=\"color: #333300;\">Bebidas a bordo<\/span><\/li>\n<li><span style=\"color: #333300;\" data-mce-style=\"color: #333300;\">Ferris, tasas y entradas a museos no incluidas<\/span><\/li>\n<li><span style=\"color: #333300;\" data-mce-style=\"color: #333300;\">Actividades extras<\/span><\/li>\n<li><span style=\"color: #333300;\" data-mce-style=\"color: #333300;\">Bicicleta<\/span><\/li>\n<li><span style=\"color: #333300;\" data-mce-style=\"color: #333300;\">Seguro de viaje: 20 \u20ac\/persona<\/span><\/li>\n<li><span style=\"color: #333300;\" data-mce-style=\"color: #333300;\">Propinas<\/span><\/li>\n<\/ul>\n<p><span style=\"color: #333300;\" data-mce-style=\"color: #333300;\">Cobertura para garantizar un viaje seguro. Un compa\u00f1ero de viaje indispensable proporcionada por BIKE SPAIN TOURS para nuestros clientes. Sin embargo, le pedimos que revise la cantidad limitada de dicha cobertura incluido en nuestro seguro, y confirmar con su compa\u00f1\u00eda de seguros que usted est\u00e1 cubierto de manera adecuada en cualquier caso.<\/span><\/p>\n<p><a href=\"https:\/\/www.bikespain.com\/wp-content\/uploads\/2017\/11\/insurance_bikespain_gvtour-1.pdf\" target=\"_blank\" rel=\"noopener noreferrer\" data-mce-href=\"https:\/\/www.bikespain.com\/wp-content\/uploads\/2017\/11\/insurance_bikespain_gvtour-1.pdf\">Ejemplo de p\u00f3liza de seguro<\/a><\/p>\n<h4><span style=\"color: #000000;\" data-mce-style=\"color: #000000;\">Opciones<\/span><\/h4>\n<p>Precio por persona en camarote doble:<\/p>\n<p><strong>Vita Pugna:<\/strong><\/p>\n<p>Temporada 1 (01\/04 \u2013 15\/04\/2023): 1030\u20ac<\/p>\n<p>Temporada 2 (22\/04 \u2013 29\/04\/2023 y 01.07 \u2013 19\/08.\/023): 1350\u20ac<\/p>\n<p>Temporada 3 (06\/05 \u2013 24\/06\/2023 y 21\/10\/2023): 1400\u20ac<\/p>\n<p>Temporada 4 (26\/08 \u2013 14\/10\/2023): 1470\u20ac<\/p>\n<ul>\n<li>Descuento 3\u00aa persona en camarote triple.<\/li>\n<li>Suplemento para camarotes individuales o dobles de uso individual.<\/li>\n<\/ul>\n<p>Fechas de salida de Mantua: 01\/04 \u2013 15\/04 \u2013 29\/04 \u2013 13\/05 \u2013 27\/05 \u2013 10\/06 \u2013 24\/06 \u2013 08\/07 \u2013 22\/07 \u2013 05\/08 \u2013 19\/08 \u2013 02\/09 \u2013 16\/09 \u2013 30\/09 \u2013 14\/10\/2023<\/p>\n<p>Fechas de salida de Venecia: 08\/04 \u2013 22\/04 \u2013 06\/05 \u2013 20\/05 \u2013 03\/06 \u2013 17\/06 \u2013 01\/07 \u2013 15\/07 \u2013 29\/07-&nbsp; 12\/08 \u2013 26\/08 \u2013 09\/09 \u2013 23\/09 \u2013 07\/10 \u2013 21\/10\/2023<\/p>\n<p><strong>Ave Maria:<\/strong><\/p>\n<p>Temporada 1: (25\/03 \u2013 15\/05\/2023): 1130\u20ac<\/p>\n<p>Temporada 2 (22\/04 \u2013 29\/04\/2023 y 01\/07 \u2013 19\/08.2023): 1640\u20ac<\/p>\n<p>Temporada 3 (06\/05 \u2013 24\/06\/2023 y 21\/10\/2023): 1760\u20ac<\/p>\n<p>Temporada 4 (26\/08 \u2013 14\/10\/2023): 1880\u20ac<\/p>\n<ul>\n<li>Descuento 3\u00aa persona en camarote triple.<\/li>\n<li>Suplemento para camarotes individuales o dobles de uso individual.<\/li>\n<li>Suplemento por camarote superior (200\u20ac).<\/li>\n<\/ul>\n<p>Fechas de salida desde Venecia (s\u00e1bados): 01\/04 \u2013 15\/04 \u2013 29\/04 \u2013 13\/05 \u2013 27\/05 \u2013 10\/06 \u2013 24\/06 \u2013 08\/07 \u2013 22\/07 \u2013 05\/08 \u2013 19\/08 \u2013 02\/09 \u2013 16\/09 \u2013 30\/09 \u2013 14\/10\/2023<\/p>\n<p>Fechas de salida desde Matua (s\u00e1bados): 25\/03 \u2013 08\/04 \u2013 22\/04 \u2013 06\/05 \u2013 20\/05 \u2013 03\/06 \u2013 17\/06 \u2013 01\/07 \u2013 15\/07 \u2013 29\/07 \u2013 12\/08 \u2013 26\/08 \u2013 09\/09 \u2013 23\/09 \u2013 07\/10 \u2013 21\/10\/2023<\/p>\n<p>Alquiler de bicicleta:<\/p>\n<ul>\n<li>Bicicleta de paseo: 100 \u20ac<\/li>\n<li>Bicicleta el\u00e9ctrica: 250 \u20ac<\/li>\n<\/ul>\n<p>Noches extras: consultarnos<\/p>\n<h4>Nuestras Bicicletas<\/h4>\n<p>Bicicletas de mujeres,&nbsp;de hombres&nbsp;y de ni\u00f1os:<\/p>\n<ul>\n<li>7 velocidades<\/li>\n<li>27 velocidades<\/li>\n<li>XS, S, M, L, XL<\/li>\n<\/ul>\n<p>Bicicletas el\u00e9ctricas: Flyer o&nbsp;Kalkhoff<\/p>\n<p>Accesorios infantiles: constultanos<\/p>\n<p>Accesorios:<\/p>\n<ul>\n<li>bolsa de manillar<\/li>\n<li>botella de agua<\/li>\n<li>kit de reparaci\u00f3n<\/li>\n<li>candado<\/li>\n<\/ul>\n<p>En Italia, el casco no es obligatorio pero recomendado.&nbsp;Puedes alquilar un casco por 15 \u20ac\/persona (con reserva previa).<\/p>\n","protected":false},"excerpt":{"rendered":"<div class=\"views-field views-field-field-texto-promocional\">\n<div class=\"field-content resultados_tipo_contenido\">Si Venecia fue una potencia mar\u00edtima, \u00bfpor qu\u00e9 no conocer el V\u00e9neto en barco y bici? Desde Mantua hasta Venecia, siguiendo el curso del Po y el Mincio.<\/div>\n<\/div>\n","protected":false},"featured_media":5444,"template":"","meta":[],"product_brand":[],"product_cat":[45],"product_tag":[],"class_list":{"0":"post-5415","1":"product","2":"type-product","3":"status-publish","4":"has-post-thumbnail","6":"product_cat-europe","8":"first","9":"instock","10":"taxable","11":"shipping-taxable","12":"purchasable","13":"product-type-variable"},"aioseo_notices":[],"_links":{"self":[{"href":"https:\/\/madrid.bikespain.com\/nl\/wp-json\/wp\/v2\/product\/5415","targetHints":{"allow":["GET"]}}],"collection":[{"href":"https:\/\/madrid.bikespain.com\/nl\/wp-json\/wp\/v2\/product"}],"about":[{"href":"https:\/\/madrid.bikespain.com\/nl\/wp-json\/wp\/v2\/types\/product"}],"wp:featuredmedia":[{"embeddable":true,"href":"https:\/\/madrid.bikespain.com\/nl\/wp-json\/wp\/v2\/media\/5444"}],"wp:attachment":[{"href":"https:\/\/madrid.bikespain.com\/nl\/wp-json\/wp\/v2\/media?parent=5415"}],"wp:term":[{"taxonomy":"product_brand","embeddable":true,"href":"https:\/\/madrid.bikespain.com\/nl\/wp-json\/wp\/v2\/product_brand?post=5415"},{"taxonomy":"product_cat","embeddable":true,"href":"https:\/\/madrid.bikespain.com\/nl\/wp-json\/wp\/v2\/product_cat?post=5415"},{"taxonomy":"product_tag","embeddable":true,"href":"https:\/\/madrid.bikespain.com\/nl\/wp-json\/wp\/v2\/product_tag?post=5415"}],"curies":[{"name":"wp","href":"https:\/\/api.w.org\/{rel}","templated":true}]}}