{"id":5409,"date":"2025-12-13T21:03:00","date_gmt":"2025-12-13T21:03:00","guid":{"rendered":"https:\/\/madrid.bikespain.com\/?post_type=product&#038;p=5409"},"modified":"2025-12-13T21:04:14","modified_gmt":"2025-12-13T21:04:14","slug":"belgica-flandes-brujas-y-la-costa-en-familia","status":"publish","type":"product","link":"https:\/\/madrid.bikespain.com\/nl\/product\/belgica-flandes-brujas-y-la-costa-en-familia\/","title":{"rendered":"B\u00e9lgica-Flandes: Brujas y la costa en familia"},"content":{"rendered":"<h4>Incluido<\/h4>\n<ul>\n<li>Alojamiento con desayuno<\/li>\n<li>Traslado de equipaje<\/li>\n<li>\u00a1Bebidas en Ostende incluidas (cerveza, vino, limonada y agua) cuando se reserva la media pensi\u00f3n!<\/li>\n<li>Asistencia telef\u00f3nica (ingl\u00e9s)<\/li>\n<li>Mapas y documentaci\u00f3n (espa\u00f1ol e ingl\u00e9s)<\/li>\n<li>Tasas de turismo (excepto en Brujas)<\/li>\n<\/ul>\n<h4>No Incluido<\/h4>\n<ul>\n<li>Vuelos<\/li>\n<li>Bicicleta<\/li>\n<li>Comidas y cenas<\/li>\n<li>Actividades extras<\/li>\n<li>Tasas de turismo en Brujas<\/li>\n<li>Seguro de viaje: 20\u20ac\/persona<\/li>\n<\/ul>\n<p>Cobertura para garantizar un viaje seguro. Un compa\u00f1ero de viaje indispensable proporcionada por BIKE SPAIN TOURS para nuestros clientes. Sin embargo, le pedimos que revise la cantidad limitada de dicha cobertura incluido en nuestro seguro, y confirmar con su compa\u00f1\u00eda de seguros que usted est\u00e1 cubierto de manera adecuada en cualquier caso.<\/p>\n<p><a href=\"https:\/\/www.bikespain.com\/wp-content\/uploads\/2017\/11\/insurance_bikespain_gvtour-1.pdf\" target=\"_blank\" rel=\"noopener noreferrer\">Ejemplo de p\u00f3liza de seguro<\/a><\/p>\n<h4>Opciones<\/h4>\n<div class=\"gdlr-core-icon-list-content-wrap\"><span class=\"gdlr-core-icon-list-content\">Precio por persona en habitaci\u00f3n doble:<\/span><\/div>\n<ul>\n<li class=\"gdlr-core-icon-list-content-wrap\"><span class=\"gdlr-core-icon-list-content\">Temporada 1 (del 23 de Abril al 24 de Septiembre, excepto temporada 2): 445 \u20ac<\/span><\/li>\n<li class=\"gdlr-core-icon-list-content-wrap\"><span class=\"gdlr-core-icon-list-content\">Temporada 2 (del 11 de junio al 20 de agosto): 495 \u20ac<\/span><\/li>\n<\/ul>\n<div class=\"gdlr-core-icon-list-content-wrap\"><span class=\"gdlr-core-icon-list-content\">Descuentos infantiles (ni\u00f1os de hasta 12 a\u00f1os, compartiendo habitaci\u00f3n con dos adultos):<\/span><\/div>\n<ul>\n<li class=\"gdlr-core-icon-list-content-wrap\"><span class=\"gdlr-core-icon-list-content\">Hasta 2 a\u00f1os: 100 %<\/span><\/li>\n<li class=\"gdlr-core-icon-list-content-wrap\"><span class=\"gdlr-core-icon-list-content\">De 3 a 6 a\u00f1os: 50 %<\/span><\/li>\n<li class=\"gdlr-core-icon-list-content-wrap\"><span class=\"gdlr-core-icon-list-content\">De 7 a 12 a\u00f1os: 30 %<\/span><\/li>\n<\/ul>\n<div class=\"gdlr-core-icon-list-content-wrap\"><span class=\"gdlr-core-icon-list-content\">* Para ni\u00f1os mayores de 12 a\u00f1os y adultos no podemos dar un descuento para la tercera persona en una habitaci\u00f3n. Para la comodidad de los clientes, solo podemos reservar una habitaci\u00f3n doble y una habitaci\u00f3n individual en el hotel en Brujas, pero no pediremos un suplemento por habitaci\u00f3n individual. Las habitaciones ser\u00edan habitaciones comunicadas de todos modos.<\/span><\/div>\n<div><\/div>\n<div><\/div>\n<div class=\"gdlr-core-icon-list-content-wrap\"><span class=\"gdlr-core-icon-list-content\">Suplemento individual:<\/span><\/div>\n<ul>\n<li class=\"gdlr-core-icon-list-content-wrap\"><span class=\"gdlr-core-icon-list-content\">150 \u20ac<\/span><\/li>\n<\/ul>\n<div class=\"gdlr-core-icon-list-content-wrap\"><span class=\"gdlr-core-icon-list-content\">Suplemento media pensi\u00f3n:<\/span><\/div>\n<ul>\n<li class=\"gdlr-core-icon-list-content-wrap\"><span class=\"gdlr-core-icon-list-content\">155 \u20ac<\/span><\/li>\n<\/ul>\n<div class=\"gdlr-core-icon-list-content-wrap\"><span class=\"gdlr-core-icon-list-content\">Alquiler de bicicleta:<\/span><\/div>\n<ul>\n<li class=\"gdlr-core-icon-list-content-wrap\"><span class=\"gdlr-core-icon-list-content\">Bicicleta de paseo: 65 \u20ac<\/span><\/li>\n<li class=\"gdlr-core-icon-list-content-wrap\">Bicicleta el\u00e9ctrica: 130 \u20ac<\/li>\n<li class=\"gdlr-core-icon-list-content-wrap\">Bicicleta inf\u00e1ntil, remolque y bicicleta de 3 ruedas: 45 \u20ac<\/li>\n<li class=\"gdlr-core-icon-list-content-wrap\">Silla infantil: 15 \u20ac<\/li>\n<li class=\"gdlr-core-icon-list-content-wrap\">Seguro de bicicleta: 15 \u20ac<\/li>\n<li class=\"gdlr-core-icon-list-content-wrap\">Seguro bicicleta el\u00e9ctrica: 25 \u20ac<\/li>\n<\/ul>\n<div class=\"gdlr-core-icon-list-content-wrap\"><span class=\"gdlr-core-icon-list-content\">Noche extra en Brujas (precio por persona):<\/span><\/div>\n<ul>\n<li class=\"gdlr-core-icon-list-content-wrap\"><span class=\"gdlr-core-icon-list-content\">60 \u20ac<\/span><\/li>\n<li class=\"gdlr-core-icon-list-content-wrap\">Suplemento individual: 35 \u20ac<\/li>\n<\/ul>\n<h4>Nuestras Bicicletas<\/h4>\n<p>Bicicletas unisex y de ni\u00f1os (freno en el manillar):<\/p>\n<ul>\n<li>7 velocidades<\/li>\n<li>21 velocidades<\/li>\n<li>XS, S, M, L, XL<\/li>\n<\/ul>\n<p>Bicicletas el\u00e9ctricas: Oxford<\/p>\n<p>Accesorios:<\/p>\n<ul>\n<li>alforja<\/li>\n<li>candado<\/li>\n<li>bomba de aire<\/li>\n<li>kit de reparaci\u00f3n<\/li>\n<li>cuenta kil\u00f3metros<\/li>\n<\/ul>\n<p>En este tour, no se ofrecen cascos. En B\u00e9lgica, el casco no es obligatorio pero recomendado.<\/p>\n","protected":false},"excerpt":{"rendered":"<div class=\"views-field views-field-field-texto-promocional\">\n<div class=\"field-content resultados_tipo_contenido\">Viaje de 6 noches para recorrer esta bella regi\u00f3n de Flandes. Recorridos seguros y bonitos para los m\u00e1s peque\u00f1os de la casa.<\/div>\n<\/div>\n","protected":false},"featured_media":5439,"template":"","meta":[],"product_brand":[],"product_cat":[45],"product_tag":[],"class_list":{"0":"post-5409","1":"product","2":"type-product","3":"status-publish","4":"has-post-thumbnail","6":"product_cat-europe","8":"first","9":"instock","10":"taxable","11":"shipping-taxable","12":"purchasable","13":"product-type-variable"},"aioseo_notices":[],"_links":{"self":[{"href":"https:\/\/madrid.bikespain.com\/nl\/wp-json\/wp\/v2\/product\/5409","targetHints":{"allow":["GET"]}}],"collection":[{"href":"https:\/\/madrid.bikespain.com\/nl\/wp-json\/wp\/v2\/product"}],"about":[{"href":"https:\/\/madrid.bikespain.com\/nl\/wp-json\/wp\/v2\/types\/product"}],"wp:featuredmedia":[{"embeddable":true,"href":"https:\/\/madrid.bikespain.com\/nl\/wp-json\/wp\/v2\/media\/5439"}],"wp:attachment":[{"href":"https:\/\/madrid.bikespain.com\/nl\/wp-json\/wp\/v2\/media?parent=5409"}],"wp:term":[{"taxonomy":"product_brand","embeddable":true,"href":"https:\/\/madrid.bikespain.com\/nl\/wp-json\/wp\/v2\/product_brand?post=5409"},{"taxonomy":"product_cat","embeddable":true,"href":"https:\/\/madrid.bikespain.com\/nl\/wp-json\/wp\/v2\/product_cat?post=5409"},{"taxonomy":"product_tag","embeddable":true,"href":"https:\/\/madrid.bikespain.com\/nl\/wp-json\/wp\/v2\/product_tag?post=5409"}],"curies":[{"name":"wp","href":"https:\/\/api.w.org\/{rel}","templated":true}]}}