{"id":5374,"date":"2025-12-13T21:02:40","date_gmt":"2025-12-13T21:02:40","guid":{"rendered":"https:\/\/madrid.bikespain.com\/?post_type=product&#038;p=5374"},"modified":"2025-12-13T21:04:06","modified_gmt":"2025-12-13T21:04:06","slug":"austria-de-linz-a-viena-a-tu-aire","status":"publish","type":"product","link":"https:\/\/madrid.bikespain.com\/nl\/product\/austria-de-linz-a-viena-a-tu-aire\/","title":{"rendered":"Austria: De Linz a Viena a tu aire"},"content":{"rendered":"<h4>Incluido<\/h4>\n<ul>\n<li>Alojamiento con desayuno<\/li>\n<li>Traslado de equipaje\u00a0(incl. seguro hasta 700 \u20ac por persona)<\/li>\n<li>Barco\/Ferri Spitz \u2013 Krems (d\u00eda 4 del itinerario; bici incl.)<\/li>\n<li>Ferri Spitz \u2013 Mitterarnsorf (d\u00eda 5 del itinerario; bici incl.)<\/li>\n<li>Mapas y documentaci\u00f3n (espa\u00f1ol &amp; ingl\u00e9s)<\/li>\n<li>Asistencia telef\u00f3nica (espa\u00f1ol &amp; ingl\u00e9s)<\/li>\n<\/ul>\n<h4>No Incluido<\/h4>\n<ul>\n<li>Vuelos<\/li>\n<li>Bicicleta<\/li>\n<li>Comidas y cenas<\/li>\n<li>Actividades extras<\/li>\n<li>Seguro de viaje: 20 \u20ac\/persona<\/li>\n<li>Tasas de turismo puntuales<\/li>\n<\/ul>\n<p>Cobertura para garantizar un viaje seguro. Un compa\u00f1ero de viaje indispensable proporcionada por BIKE SPAIN TOURS para nuestros clientes. Sin embargo, le pedimos que revise la cantidad limitada de dicha cobertura incluido en nuestro seguro, y confirmar con su compa\u00f1\u00eda de seguros que usted est\u00e1 cubierto de manera adecuada en cualquier caso.<\/p>\n<p><a href=\"https:\/\/www.bikespain.com\/wp-content\/uploads\/2017\/11\/insurance_bikespain_gvtour-1.pdf\" target=\"_blank\" rel=\"noopener noreferrer\">Ejemplo de p\u00f3liza de seguro<\/a><\/p>\n<h4>Opciones<\/h4>\n<div class=\"gdlr-core-icon-list-content-wrap\"><span class=\"gdlr-core-icon-list-content\">Precio por persona en habitaci\u00f3n doble:<\/span><\/div>\n<div><\/div>\n<div class=\"gdlr-core-icon-list-content-wrap\"><strong><span class=\"gdlr-core-icon-list-content\">Categor\u00eda A (hoteles de 4*)<\/span><\/strong><\/div>\n<ul>\n<li class=\"gdlr-core-icon-list-content-wrap\"><span class=\"gdlr-core-icon-list-content\">Temporada 1 (05 May a 09 Oct. excepto temporada 2, incluyendo del 20 Jun a 30 Jun) : 498\u20ac<\/span><\/li>\n<li class=\"gdlr-core-icon-list-content-wrap\"><span class=\"gdlr-core-icon-list-content\">Temporada 2\u00a0 (30 May a 04 Sept, excepto del 20 Jun a 30 Jun): 525 \u20ac<\/span><\/li>\n<\/ul>\n<p class=\"gdlr-core-icon-list-content-wrap\"><span class=\"gdlr-core-icon-list-content\">Suplemento individual:<\/span><\/p>\n<ul>\n<li class=\"gdlr-core-icon-list-content-wrap\"><span class=\"gdlr-core-icon-list-content\">+ 137 \u20ac<\/span><\/li>\n<\/ul>\n<p class=\"gdlr-core-icon-list-content-wrap\"><span class=\"gdlr-core-icon-list-content\">Media pensi\u00f3n:<\/span><\/p>\n<ul>\n<li class=\"gdlr-core-icon-list-content-wrap\"><span class=\"gdlr-core-icon-list-content\">+ 122 \u20ac (no incluido en Viena)<\/span><\/li>\n<\/ul>\n<p class=\"gdlr-core-icon-list-content-wrap\"><strong><span class=\"gdlr-core-icon-list-content\">Categor\u00eda B (hoteles de 3*)<\/span><\/strong><\/p>\n<ul>\n<li class=\"gdlr-core-icon-list-content-wrap\"><span class=\"gdlr-core-icon-list-content\">Temporada 1 (05 May a 09 Oct. excepto temporada 2, incluyendo del 20 Jun a 30 Jun) : 438 \u20ac<\/span><\/li>\n<li class=\"gdlr-core-icon-list-content-wrap\"><span class=\"gdlr-core-icon-list-content\">Temporada 2\u00a0 (30 May a 04 Sept, excepto del 20 Jun a 30 Jun): 465 \u20ac<\/span><\/li>\n<\/ul>\n<p class=\"gdlr-core-icon-list-content-wrap\"><span class=\"gdlr-core-icon-list-content\">Suplemento individual<\/span><\/p>\n<ul>\n<li class=\"gdlr-core-icon-list-content-wrap\"><span class=\"gdlr-core-icon-list-content\">+ 135 \u20ac<\/span><\/li>\n<\/ul>\n<p class=\"gdlr-core-icon-list-content-wrap\"><span class=\"gdlr-core-icon-list-content\">Media pensi\u00f3n<\/span><\/p>\n<ul>\n<li class=\"gdlr-core-icon-list-content-wrap\"><span class=\"gdlr-core-icon-list-content\">+ 120 \u20ac (no incluido en Viena)<\/span><\/li>\n<\/ul>\n<p class=\"gdlr-core-icon-list-content-wrap\"><span class=\"gdlr-core-icon-list-content\">Descuentos infantiles (hasta 15 a\u00f1os):<\/span><\/p>\n<ul>\n<li class=\"gdlr-core-icon-list-content-wrap\"><span class=\"gdlr-core-icon-list-content\">De 0 a 5,9 a\u00f1os: 100% (en habitaci\u00f3n distinta a la de 2 adultos)<\/span><\/li>\n<li class=\"gdlr-core-icon-list-content-wrap\"><span class=\"gdlr-core-icon-list-content\">De 6 a 11,9 a\u00f1os: 50 % (compartiendo habitaci\u00f3n con dos adultos)<\/span><\/li>\n<li class=\"gdlr-core-icon-list-content-wrap\"><span class=\"gdlr-core-icon-list-content\">De 12 a 14,9 a\u00f1os: 25 % (compartiendo habitaci\u00f3n con dos adultos)<\/span><\/li>\n<\/ul>\n<p class=\"gdlr-core-icon-list-content-wrap\"><span class=\"gdlr-core-icon-list-content\">Alquiler de bicicleta:<\/span><\/p>\n<ul>\n<li class=\"gdlr-core-icon-list-content-wrap\"><span class=\"gdlr-core-icon-list-content\">Bicicleta de paseo: 80 \u20ac<\/span><\/li>\n<li class=\"gdlr-core-icon-list-content-wrap\"><span class=\"gdlr-core-icon-list-content\">Bicicleta el\u00e9ctrica: 180 \u20ac<\/span><\/li>\n<\/ul>\n<p class=\"gdlr-core-icon-list-content-wrap\"><span class=\"gdlr-core-icon-list-content\">Noches extras: consultar<\/span><\/p>\n<h4>Nuestras Bicicletas<\/h4>\n<p>Bicicletas de mujeres, hombres y ni\u00f1os:<\/p>\n<ul>\n<li>24 velocidades<\/li>\n<li class=\"active\">7 velocidades<\/li>\n<li>5 velocidades<\/li>\n<li>XS, S, M, L, XL<\/li>\n<\/ul>\n<p>Bicicletas el\u00e9ctricas: KTM o Kalkhoff<\/p>\n<p>Tandems h\u00edbridos o el\u00e9ctricos disponibles (precio de 2 bicicletas h\u00edbridas o el\u00e9ctricas).<\/p>\n<p>Accesorios infantiles: consultarnos<\/p>\n<ul>\n<li>semi-tandem &#8220;Follow me&#8221;<\/li>\n<li class=\"active\">remolque<\/li>\n<li>sill\u00edn infantil<\/li>\n<\/ul>\n<p>Accesorios:<\/p>\n<ul>\n<li>candado<\/li>\n<li>bomba<\/li>\n<li>bolsa de sill\u00edn<\/li>\n<li>botella de agua<\/li>\n<\/ul>\n<p>En Austria, el casco s\u00f3lo es obligatorio para ni\u00f1os de menos de 12 a\u00f1os.<\/p>\n","protected":false},"excerpt":{"rendered":"<div class=\"views-field views-field-field-texto-promocional\">\n<div class=\"field-content resultados_tipo_contenido\">Nueve d\u00edas de vacaciones en familia por el Danubio, auto guiado.<\/div>\n<\/div>\n","protected":false},"featured_media":5400,"template":"","meta":[],"product_brand":[],"product_cat":[45],"product_tag":[],"class_list":{"0":"post-5374","1":"product","2":"type-product","3":"status-publish","4":"has-post-thumbnail","6":"product_cat-europe","8":"first","9":"instock","10":"taxable","11":"shipping-taxable","12":"purchasable","13":"product-type-variable"},"aioseo_notices":[],"_links":{"self":[{"href":"https:\/\/madrid.bikespain.com\/nl\/wp-json\/wp\/v2\/product\/5374","targetHints":{"allow":["GET"]}}],"collection":[{"href":"https:\/\/madrid.bikespain.com\/nl\/wp-json\/wp\/v2\/product"}],"about":[{"href":"https:\/\/madrid.bikespain.com\/nl\/wp-json\/wp\/v2\/types\/product"}],"wp:featuredmedia":[{"embeddable":true,"href":"https:\/\/madrid.bikespain.com\/nl\/wp-json\/wp\/v2\/media\/5400"}],"wp:attachment":[{"href":"https:\/\/madrid.bikespain.com\/nl\/wp-json\/wp\/v2\/media?parent=5374"}],"wp:term":[{"taxonomy":"product_brand","embeddable":true,"href":"https:\/\/madrid.bikespain.com\/nl\/wp-json\/wp\/v2\/product_brand?post=5374"},{"taxonomy":"product_cat","embeddable":true,"href":"https:\/\/madrid.bikespain.com\/nl\/wp-json\/wp\/v2\/product_cat?post=5374"},{"taxonomy":"product_tag","embeddable":true,"href":"https:\/\/madrid.bikespain.com\/nl\/wp-json\/wp\/v2\/product_tag?post=5374"}],"curies":[{"name":"wp","href":"https:\/\/api.w.org\/{rel}","templated":true}]}}