{"id":5371,"date":"2025-12-13T21:02:40","date_gmt":"2025-12-13T21:02:40","guid":{"rendered":"https:\/\/madrid.bikespain.com\/?post_type=product&#038;p=5371"},"modified":"2025-12-13T21:03:57","modified_gmt":"2025-12-13T21:03:57","slug":"francia-los-castillos-del-loira-con-bike-spain","status":"publish","type":"product","link":"https:\/\/madrid.bikespain.com\/nl\/product\/francia-los-castillos-del-loira-con-bike-spain\/","title":{"rendered":"Francia: Los Castillos del Loira con Bike Spain"},"content":{"rendered":"<h4>Incluido<\/h4>\n<ul>\n<li>Alojamiento con desayuno<\/li>\n<li>4 cenas<\/li>\n<li>Almuerzos tipo picnic<\/li>\n<li>Bicicleta h\u00edbrida<\/li>\n<li>Traslado de equipajes<\/li>\n<li>Gu\u00eda de Bike Spain Tours (espa\u00f1ol)<\/li>\n<li>Mapas y documentaci\u00f3n (espa\u00f1ol)<\/li>\n<li>Asistencia (espa\u00f1ol)<\/li>\n<li>Veh\u00edculo de apoyo<\/li>\n<li>Tasas de turismo<\/li>\n<li>Seguro de asistencia en viaje<\/li>\n<\/ul>\n<h4>No Incluido<\/h4>\n<ul>\n<li>Vuelos<\/li>\n<li>Bebidas en la cenas<\/li>\n<li>1 cena<\/li>\n<li>Bicicleta el\u00e9ctrica<\/li>\n<li>Actividades extras<\/li>\n<li>Propinas<\/li>\n<\/ul>\n<p>Cobertura para garantizar un viaje seguro. Un compa\u00f1ero de viaje indispensable proporcionada por BIKE SPAIN TOURS para nuestros clientes. Sin embargo, le pedimos que revise la cantidad limitada de dicha cobertura incluido en nuestro seguro, y confirmar con su compa\u00f1\u00eda de seguros que usted est\u00e1 cubierto de manera adecuada en cualquier caso.<\/p>\n<p><a href=\"https:\/\/www.bikespain.com\/wp-content\/uploads\/2017\/11\/insurance_bikespain_gvtour-1.pdf\" target=\"_blank\" rel=\"noopener noreferrer\">Ejemplo de p\u00f3liza de seguro<\/a><\/p>\n<h4>Opciones<\/h4>\n<p>Precio por persona en habitaci\u00f3n doble:<\/p>\n<ul>\n<li>1590 \u20ac<\/li>\n<\/ul>\n<p>Suplemento individual:<\/p>\n<ul>\n<li>+ 320 \u20ac<\/li>\n<\/ul>\n<p>Descuentos infantiles (hasta 10 a\u00f1os):<\/p>\n<ul>\n<li>Ni\u00f1os entre 5 y 10 a\u00f1os: 900 \u20ac<\/li>\n<li>Hasta 5 a\u00f1os: consultarnos<\/li>\n<\/ul>\n<p>Alquiler de bicicleta:<\/p>\n<ul>\n<li>Bicicleta el\u00e9ctrica: 200 \u20ac<\/li>\n<\/ul>\n<p>Noches extras: consultarnos<\/p>\n<p>SALIDA GARANTIZADA CON LOS SERVICIOS DETALLADOS PARA UN M\u00cdNIMO DE 8 ADULTOS.<\/p>\n<p>Si en la fecha l\u00edmite de inscripci\u00f3n (2 meses antes de la fecha de inicio de la ruta), no se hubiera alcanzado el m\u00ednimo de participantes especificado, Bike Spain Tours se reserva el derecho a modificar los servicios relativos a los gu\u00edas y trazado de la ruta o el precio por persona en habitaci\u00f3n doble.<\/p>\n<h4>Nuestras Bicicletas<\/h4>\n<p>Las bicicletas son tipo touring, freno en el manillar y 3 platos (21 marchas).<\/p>\n<p>Dise\u00f1adas para rodar por carreteras y caminos, son perfectas para esta ruta que transcurre por carril bici asfaltado o de tierra, caminos vecinales o tranquilas carreteras locales.<\/p>\n<p>En Francia, el casco s\u00f3lo es obligatorio para ni\u00f1os de menos de 12 a\u00f1os. En este tour se ofrecen cascos pero no disponemos de cascos para ni\u00f1os.<\/p>\n","protected":false},"excerpt":{"rendered":"<div class=\"views-field views-field-field-texto-promocional\">\n<div class=\"field-content resultados_tipo_contenido\">Uno de nuestros cl\u00e1sicos y el itinerario perfecto para conocer el valle del Loira.<\/div>\n<\/div>\n","protected":false},"featured_media":5398,"template":"","meta":[],"product_brand":[],"product_cat":[45],"product_tag":[],"class_list":{"0":"post-5371","1":"product","2":"type-product","3":"status-publish","4":"has-post-thumbnail","6":"product_cat-europe","8":"first","9":"instock","10":"taxable","11":"shipping-taxable","12":"purchasable","13":"product-type-variable"},"aioseo_notices":[],"_links":{"self":[{"href":"https:\/\/madrid.bikespain.com\/nl\/wp-json\/wp\/v2\/product\/5371","targetHints":{"allow":["GET"]}}],"collection":[{"href":"https:\/\/madrid.bikespain.com\/nl\/wp-json\/wp\/v2\/product"}],"about":[{"href":"https:\/\/madrid.bikespain.com\/nl\/wp-json\/wp\/v2\/types\/product"}],"wp:featuredmedia":[{"embeddable":true,"href":"https:\/\/madrid.bikespain.com\/nl\/wp-json\/wp\/v2\/media\/5398"}],"wp:attachment":[{"href":"https:\/\/madrid.bikespain.com\/nl\/wp-json\/wp\/v2\/media?parent=5371"}],"wp:term":[{"taxonomy":"product_brand","embeddable":true,"href":"https:\/\/madrid.bikespain.com\/nl\/wp-json\/wp\/v2\/product_brand?post=5371"},{"taxonomy":"product_cat","embeddable":true,"href":"https:\/\/madrid.bikespain.com\/nl\/wp-json\/wp\/v2\/product_cat?post=5371"},{"taxonomy":"product_tag","embeddable":true,"href":"https:\/\/madrid.bikespain.com\/nl\/wp-json\/wp\/v2\/product_tag?post=5371"}],"curies":[{"name":"wp","href":"https:\/\/api.w.org\/{rel}","templated":true}]}}