{"id":5370,"date":"2025-12-13T21:02:40","date_gmt":"2025-12-13T21:02:40","guid":{"rendered":"https:\/\/madrid.bikespain.com\/?post_type=product&#038;p=5370"},"modified":"2025-12-13T21:03:57","modified_gmt":"2025-12-13T21:03:57","slug":"francia-loira-rutas-circulares","status":"publish","type":"product","link":"https:\/\/madrid.bikespain.com\/nl\/product\/francia-loira-rutas-circulares\/","title":{"rendered":"Francia: Loira Rutas circulares"},"content":{"rendered":"<h4>Incluido<\/h4>\n<ul>\n<li>Alojamiento en habitaci\u00f3n doble<\/li>\n<li class=\"active\">2 cenas<\/li>\n<li>Mapas y documentaci\u00f3n (ingl\u00e9s)<\/li>\n<li>Asistencia telef\u00f3nica (ingl\u00e9s)<\/li>\n<li>Tasas<\/li>\n<li>Archivos GPX para seguimiento de rutas (bajo petici\u00f3n)<\/li>\n<\/ul>\n<h4>No Incluido<\/h4>\n<ul>\n<li>Vuelos<\/li>\n<li>Almuerzos<\/li>\n<li>Bicicleta<\/li>\n<li>Entradas<\/li>\n<li>Bebidas en las cenas<\/li>\n<li>Actividades extras<\/li>\n<li>Seguro de asistencia en viaje: 20 \u20ac\/persona<\/li>\n<\/ul>\n<p>Cobertura para garantizar un viaje seguro. Un compa\u00f1ero de viaje indispensable proporcionada por BIKE SPAIN TOURS para nuestros clientes. Sin embargo, le pedimos que revise la cantidad limitada de dicha cobertura incluido en nuestro seguro, y confirmar con su compa\u00f1\u00eda de seguros que usted est\u00e1 cubierto de manera adecuada en cualquier caso.<\/p>\n<p><a href=\"https:\/\/www.bikespain.com\/wp-content\/uploads\/2017\/11\/insurance_bikespain_gvtour-1.pdf\" target=\"_blank\" rel=\"noopener noreferrer\">Ejemplo de p\u00f3liza de seguro<\/a><\/p>\n<h4>Opciones<\/h4>\n<p>Precio por persona en habitaci\u00f3n doble:<\/p>\n<ul>\n<li>Temporada 1 (marzo, abril y octubre): 440 \u20ac<\/li>\n<li>Temporada 2 (mayo a septiembre): 480 \u20ac<\/li>\n<\/ul>\n<p>Suplemento individual:<\/p>\n<ul>\n<li>Temporada 1: + 175 \u20ac<\/li>\n<li>Temporada 2: + 195 \u20ac<\/li>\n<\/ul>\n<p>Noche extra: consultar<\/p>\n<p>Alquiler de bicicleta:<\/p>\n<ul>\n<li>Bicicleta de paseo: 95 \u20ac<\/li>\n<li>Bicicleta el\u00e9ctrica: 180 \u20ac<\/li>\n<\/ul>\n<div class=\"gdlr-core-icon-list-content-wrap\"><span class=\"gdlr-core-icon-list-content\">Paquete &#8220;Chateaux&#8221;: 85 \u20ac<\/span><\/div>\n<ul>\n<li><span class=\"gdlr-core-icon-list-content\">Chambord (Castillo y jardines)<\/span><\/li>\n<li class=\"gdlr-core-icon-list-content-wrap\"><span class=\"gdlr-core-icon-list-content\">Cata de vinos en Cheverny<\/span><\/li>\n<li class=\"gdlr-core-icon-list-content-wrap\"><span class=\"gdlr-core-icon-list-content\">Castillo de Cheverny y exposici\u00f3n &#8220;Los Secretos de Marlinspike Hall&#8221;<\/span><\/li>\n<li class=\"gdlr-core-icon-list-content-wrap\"><span class=\"gdlr-core-icon-list-content\">Chaumont-sur-Loire (Castillo y Festival del jard\u00edn)<\/span><\/li>\n<\/ul>\n<h4>Nuestras Bicicletas<\/h4>\n<p>Bicicletas de mujeres, hombres y ni\u00f1os:<\/p>\n<ul>\n<li>21 velocidades<\/li>\n<li>XS, S, M, L, XL<\/li>\n<\/ul>\n<p>Bicicletas el\u00e9ctricas: Giant.<\/p>\n<p>Accesorios:<\/p>\n<ul>\n<li>alforjas<\/li>\n<li>porta mapas<\/li>\n<li>kit de reparaci\u00f3n<\/li>\n<li>bomba de aire<\/li>\n<li>candado<\/li>\n<li>cuentakil\u00f3metros<\/li>\n<li>casco<\/li>\n<li>chaqueta fluorescente<\/li>\n<\/ul>\n<p>En Francia, el casco s\u00f3lo es obligatorio para ni\u00f1os de menos de 12 a\u00f1os.<\/p>\n","protected":false},"excerpt":{"rendered":"<div class=\"views-field views-field-field-texto-promocional\">\n<div class=\"field-content resultados_tipo_contenido\">\u00bfEres de los que prefieren pasar sus vacaciones en el mismo alojamiento? \u00a1Este es tu viaje!<\/div>\n<\/div>\n","protected":false},"featured_media":5397,"template":"","meta":[],"product_brand":[],"product_cat":[45],"product_tag":[],"class_list":{"0":"post-5370","1":"product","2":"type-product","3":"status-publish","4":"has-post-thumbnail","6":"product_cat-europe","8":"first","9":"instock","10":"purchasable","11":"product-type-variable"},"aioseo_notices":[],"_links":{"self":[{"href":"https:\/\/madrid.bikespain.com\/nl\/wp-json\/wp\/v2\/product\/5370","targetHints":{"allow":["GET"]}}],"collection":[{"href":"https:\/\/madrid.bikespain.com\/nl\/wp-json\/wp\/v2\/product"}],"about":[{"href":"https:\/\/madrid.bikespain.com\/nl\/wp-json\/wp\/v2\/types\/product"}],"wp:featuredmedia":[{"embeddable":true,"href":"https:\/\/madrid.bikespain.com\/nl\/wp-json\/wp\/v2\/media\/5397"}],"wp:attachment":[{"href":"https:\/\/madrid.bikespain.com\/nl\/wp-json\/wp\/v2\/media?parent=5370"}],"wp:term":[{"taxonomy":"product_brand","embeddable":true,"href":"https:\/\/madrid.bikespain.com\/nl\/wp-json\/wp\/v2\/product_brand?post=5370"},{"taxonomy":"product_cat","embeddable":true,"href":"https:\/\/madrid.bikespain.com\/nl\/wp-json\/wp\/v2\/product_cat?post=5370"},{"taxonomy":"product_tag","embeddable":true,"href":"https:\/\/madrid.bikespain.com\/nl\/wp-json\/wp\/v2\/product_tag?post=5370"}],"curies":[{"name":"wp","href":"https:\/\/api.w.org\/{rel}","templated":true}]}}