{"id":5365,"date":"2025-12-13T21:02:39","date_gmt":"2025-12-13T21:02:39","guid":{"rendered":"https:\/\/madrid.bikespain.com\/?post_type=product&#038;p=5365"},"modified":"2025-12-13T21:03:57","modified_gmt":"2025-12-13T21:03:57","slug":"francia-canal-del-midi-de-montpellier-a-toulouse-o-carcasona","status":"publish","type":"product","link":"https:\/\/madrid.bikespain.com\/nl\/product\/francia-canal-del-midi-de-montpellier-a-toulouse-o-carcasona\/","title":{"rendered":"Francia: Canal del Midi, de Montpellier a Toulouse o Carcasona"},"content":{"rendered":"<h4>Incluido<\/h4>\n<ul>\n<li class=\" gdlr-core-skin-divider\"><span class=\"gdlr-core-icon-list-content\">Alojamiento con desayuno<\/span><\/li>\n<li class=\" gdlr-core-skin-divider\"><span class=\"gdlr-core-icon-list-content\">Reuni\u00f3n de bienvenida<\/span><\/li>\n<li class=\" gdlr-core-skin-divider\"><span class=\"gdlr-core-icon-list-content\">Traslado de equipaje<\/span><\/li>\n<li class=\" gdlr-core-skin-divider\"><span class=\"gdlr-core-icon-list-content\">Mapas y documentaci\u00f3n (espa\u00f1ol e ingl\u00e9s)<\/span><\/li>\n<li class=\" gdlr-core-skin-divider\"><span class=\"gdlr-core-icon-list-content\">Asistencia telef\u00f3nica (ingl\u00e9s)<\/span><\/li>\n<li class=\" gdlr-core-skin-divider\"><span class=\"gdlr-core-icon-list-content\">Tasas tur\u00edsticas<\/span><\/li>\n<\/ul>\n<h4>No Incluido<\/h4>\n<ul>\n<li>Vuelos<\/li>\n<li>Almuerzos y cenas<\/li>\n<li>Bicicleta<\/li>\n<li>Seguro personal de viaje: 20 \u20ac\/persona<\/li>\n<li>Propinas<\/li>\n<\/ul>\n<p>Cobertura para garantizar un viaje seguro. Un compa\u00f1ero de viaje indispensable proporcionada por BIKE SPAIN TOURS para nuestros clientes. Sin embargo, le pedimos que revise la cantidad limitada de dicha cobertura incluido en nuestro seguro, y confirmar con su compa\u00f1\u00eda de seguros que usted est\u00e1 cubierto de manera adecuada en cualquier caso.<\/p>\n<p><a href=\"https:\/\/www.bikespain.com\/wp-content\/uploads\/2017\/11\/insurance_bikespain_gvtour-1.pdf\" target=\"_blank\" rel=\"noopener noreferrer\">Ejemplo de p\u00f3liza de seguro<\/a><\/p>\n<table>\n<tbody>\n<tr>\n<td colspan=\"4\"><strong>De Montpellier a Toulouse<\/strong><\/td>\n<\/tr>\n<tr>\n<td colspan=\"4\">10 d\u00edas \u2013 9 noches<\/td>\n<\/tr>\n<tr>\n<td>Temp. 1<\/td>\n<td colspan=\"2\">13.03.-16.04.2022 \/ 25.09.-30.10.2022<\/td>\n<td>1.100 \u20ac<\/td>\n<\/tr>\n<tr>\n<td>Temp. 2<\/td>\n<td colspan=\"2\">17.04.-25.06.2022 \/ 04.09.-24.09.2022<\/td>\n<td>1.215 \u20ac<\/td>\n<\/tr>\n<tr>\n<td>Temp. 3<\/td>\n<td colspan=\"2\">26.06.-03.09.2022<\/td>\n<td>1.250 \u20ac<\/td>\n<\/tr>\n<tr>\n<td colspan=\"2\">Suplemento individual<\/td>\n<td colspan=\"2\">+ 510 \u20ac<\/td>\n<\/tr>\n<tr>\n<td colspan=\"2\">Media pensi\u00f3n<\/td>\n<td colspan=\"2\">+ 330 \u20ac<\/td>\n<\/tr>\n<tr>\n<td colspan=\"2\">Alquiler de bicicleta<\/td>\n<td colspan=\"2\">Bicicleta de paseo: 150 \u20ac<\/p>\n<p>Bicicleta el\u00e9ctrica: 260 \u20ac<\/td>\n<\/tr>\n<tr>\n<td colspan=\"2\">Noche extra<\/td>\n<td colspan=\"2\">85 \u20ac\/persona\/noche<\/p>\n<p>Suplemento individual: + 55 \u20ac<\/td>\n<\/tr>\n<tr>\n<td colspan=\"4\">Suplemento para persona viajando sola: + 230 \u20ac. Suplemento por llegadas cualquier d\u00eda de la semana: + 140 \u20ac\/persona (o por un m\u00ednimo de 2 personas).<\/td>\n<\/tr>\n<tr>\n<td width=\"154\"><\/td>\n<td width=\"200\"><\/td>\n<td width=\"209\"><\/td>\n<td width=\"143\"><\/td>\n<\/tr>\n<\/tbody>\n<\/table>\n<p>&nbsp;<\/p>\n<table>\n<tbody>\n<tr>\n<td colspan=\"4\"><strong>De Montpellier a Carcasona<\/strong><\/td>\n<\/tr>\n<tr>\n<td colspan=\"4\">7 d\u00edas \u2013 6 noches<\/td>\n<\/tr>\n<tr>\n<td>Temp. 1<\/td>\n<td colspan=\"2\">13.03.-16.04.2022 \/ 25.09.-30.10.2022<\/td>\n<td>750 \u20ac<\/td>\n<\/tr>\n<tr>\n<td>Temp. 2<\/td>\n<td colspan=\"2\">17.04.-25.06.2022 \/ 04.09.-24.09.2022<\/td>\n<td>865 \u20ac<\/td>\n<\/tr>\n<tr>\n<td>Temp. 3<\/td>\n<td colspan=\"2\">26.06.-03.09.2022<\/td>\n<td>900 \u20ac<\/td>\n<\/tr>\n<tr>\n<td colspan=\"2\">Suplemento individual<\/td>\n<td colspan=\"2\">+ 355\u20ac<\/td>\n<\/tr>\n<tr>\n<td colspan=\"2\">Media pensi\u00f3n<\/td>\n<td colspan=\"2\">+ 220 \u20ac<\/td>\n<\/tr>\n<tr>\n<td colspan=\"2\">Alquiler de bicicleta<\/td>\n<td colspan=\"2\">Bicicleta de paseo: 100 \u20ac<\/p>\n<p>Bicicleta el\u00e9ctrica: 200 \u20ac<\/td>\n<\/tr>\n<tr>\n<td colspan=\"2\">Noche extra<\/td>\n<td colspan=\"2\">85 \u20ac\/persona\/noche<\/p>\n<p>Suplemento individual: + 55 \u20ac<\/td>\n<\/tr>\n<tr>\n<td colspan=\"4\">Suplemento para persona viajando sola: + 210 \u20ac. Suplemento por llegadas cualquier d\u00eda de la semana: + 110 \u20ac\/persona (o por un m\u00ednimo de 2 personas).<\/td>\n<\/tr>\n<\/tbody>\n<\/table>\n<div class=\"row\">\n<div class=\"row-item col-3_4\">\n<div class=\"region region-content\">\n<div id=\"block-system-main\" class=\"block block-system\">\n<div class=\"content\">\n<div class=\"b-tabs\">\n<div class=\"tabs-content\">\n<div class=\"tab active\">\n<p>Nuestras bicicletas:<\/p>\n<div class=\"tab-others-campos\">\n<ul>\n<li>7 y 21 velocidades<\/li>\n<li>XS, S, M, L, XL<\/li>\n<\/ul>\n<p>Bicicletas el\u00e9ctricas: primeras marcas<\/p>\n<p>Accesorios:<\/p>\n<ul>\n<li>alforja<\/li>\n<li>bolsa de manillar<\/li>\n<li>kit de reparaci\u00f3n<\/li>\n<li>bomba de aire<\/li>\n<li>candado<\/li>\n<li>chaqueta fluorescente<\/li>\n<li>casco: 5 \u20ac\/persona (necesaria reserva)<\/li>\n<\/ul>\n<p>En Francia, el casco s\u00f3lo es obligatorio para ni\u00f1os de menos de 12 a\u00f1os.<\/p>\n<\/div>\n<\/div>\n<\/div>\n<\/div>\n<\/div>\n<\/div>\n<\/div>\n<\/div>\n<\/div>\n","protected":false},"excerpt":{"rendered":"<div class=\"views-field views-field-field-texto-promocional\">\n<div class=\"field-content resultados_tipo_contenido\">El Canal del Midi es otro de los itinerarios cl\u00e1sicos del cicloturismo en Francia. Puedes viaje de Montpellier a Carcasona o a Toulouse. Este itinerario discurre por carriles-bici y carreteras muy tranquilas a lo largo del canal, de perfil llano o con alguna suave colina.<\/div>\n<\/div>\n","protected":false},"featured_media":5392,"template":"","meta":[],"product_brand":[],"product_cat":[45],"product_tag":[],"class_list":{"0":"post-5365","1":"product","2":"type-product","3":"status-publish","4":"has-post-thumbnail","6":"product_cat-europe","8":"first","9":"instock","10":"taxable","11":"shipping-taxable","12":"purchasable","13":"product-type-variable"},"aioseo_notices":[],"_links":{"self":[{"href":"https:\/\/madrid.bikespain.com\/nl\/wp-json\/wp\/v2\/product\/5365","targetHints":{"allow":["GET"]}}],"collection":[{"href":"https:\/\/madrid.bikespain.com\/nl\/wp-json\/wp\/v2\/product"}],"about":[{"href":"https:\/\/madrid.bikespain.com\/nl\/wp-json\/wp\/v2\/types\/product"}],"wp:featuredmedia":[{"embeddable":true,"href":"https:\/\/madrid.bikespain.com\/nl\/wp-json\/wp\/v2\/media\/5392"}],"wp:attachment":[{"href":"https:\/\/madrid.bikespain.com\/nl\/wp-json\/wp\/v2\/media?parent=5365"}],"wp:term":[{"taxonomy":"product_brand","embeddable":true,"href":"https:\/\/madrid.bikespain.com\/nl\/wp-json\/wp\/v2\/product_brand?post=5365"},{"taxonomy":"product_cat","embeddable":true,"href":"https:\/\/madrid.bikespain.com\/nl\/wp-json\/wp\/v2\/product_cat?post=5365"},{"taxonomy":"product_tag","embeddable":true,"href":"https:\/\/madrid.bikespain.com\/nl\/wp-json\/wp\/v2\/product_tag?post=5365"}],"curies":[{"name":"wp","href":"https:\/\/api.w.org\/{rel}","templated":true}]}}