{"id":5364,"date":"2025-12-13T21:02:39","date_gmt":"2025-12-13T21:02:39","guid":{"rendered":"https:\/\/madrid.bikespain.com\/?post_type=product&#038;p=5364"},"modified":"2025-12-13T21:03:57","modified_gmt":"2025-12-13T21:03:57","slug":"francia-bahia-de-arcachon-en-familia","status":"publish","type":"product","link":"https:\/\/madrid.bikespain.com\/nl\/product\/francia-bahia-de-arcachon-en-familia\/","title":{"rendered":"Francia: Bah\u00eda de Arcach\u00f3n en familia"},"content":{"rendered":"<h4>Incluido<\/h4>\n<ul>\n<li>Alojamiento con desayuno<\/li>\n<li>Traslado de equipaje<\/li>\n<li>Mapas y documentaci\u00f3n (ingl\u00e9s)<\/li>\n<li>Ferri Cap Ferret &#8211; Arcach\u00f3n<\/li>\n<li>Asistencia telef\u00f3nica (ingl\u00e9s)<\/li>\n<\/ul>\n<h4>No Incluido<\/h4>\n<ul>\n<li>Vuelos<\/li>\n<li>Bicicleta<\/li>\n<li>Almuerzos y cenas<\/li>\n<li>Actividades extras<\/li>\n<li>Trenes en ruta (Arcach\u00f3n-Biganos)<\/li>\n<li>Seguro de viaje: 20 \u20ac\/persona<\/li>\n<\/ul>\n<p>Cobertura para garantizar un viaje seguro. Un compa\u00f1ero de viaje indispensable proporcionada por BIKE SPAIN TOURS para nuestros clientes. Sin embargo, le pedimos que revise la cantidad limitada de dicha cobertura incluido en nuestro seguro, y confirmar con su compa\u00f1\u00eda de seguros que usted est\u00e1 cubierto de manera adecuada en cualquier caso.<\/p>\n<p><a href=\"https:\/\/www.bikespain.com\/wp-content\/uploads\/2017\/11\/insurance_bikespain_gvtour-1.pdf\" target=\"_blank\" rel=\"noopener noreferrer\">Ejemplo de p\u00f3liza de seguro<\/a><\/p>\n<h4>Opciones<\/h4>\n<p>Precio por persona en habitaci\u00f3n doble:<\/p>\n<ul>\n<li class=\"\">Temporada 1 (del 1 de abril al 31 de octubre, excepto temporada 2): 725 \u20ac<\/li>\n<li class=\"active\">Temporada 2 (julio y agosto): 775 \u20ac<\/li>\n<\/ul>\n<p>Suplemento individual:<\/p>\n<ul>\n<li>Temporada 1 (del 1 de abril al 31 de octubre, excepto temporada 2): + 360 \u20ac<\/li>\n<li class=\"active\">Temporada 2 (julio y agosto): + 460 \u20ac<\/li>\n<\/ul>\n<p>Precio para 3\u00aa persona compartiendo habitaci\u00f3n con dos adultos:<\/p>\n<ul>\n<li>Temporada 1 (del 1 de abril al 31 de octubre, excepto temporada 2): 290 \u20ac<\/li>\n<li>Temporada 2 (julio y agosto): 270 \u20ac<\/li>\n<\/ul>\n<p>Alquiler de bicicleta:<\/p>\n<ul>\n<li class=\"active\">Bicicleta de paseo: 130 \u20ac<\/li>\n<li>Bicicleta el\u00e9ctrica: 240\u20ac<\/li>\n<li>Bicicleta ni\u00f1o (&lt; 12 a\u00f1os): 100 \u20ac<\/li>\n<\/ul>\n<h4>Nuestras Bicicletas<\/h4>\n<p>Bicicletas de mujeres, hombres, unisex y de ni\u00f1os:<\/p>\n<ul>\n<li>7 o 21 velocidades<\/li>\n<li>XS, S, M, L, XL<\/li>\n<\/ul>\n<p>Bicicletas el\u00e9ctricas: KTM<\/p>\n<p>Accesorios inf\u00e1ntiles: consultarnos<\/p>\n<ul>\n<li>remolque<\/li>\n<li>semi-t\u00e1ndem<\/li>\n<li class=\"active\">sill\u00edn<\/li>\n<\/ul>\n<p>Accesorios:<\/p>\n<ul>\n<li class=\"active\">bolsa de manillar<\/li>\n<li>alforja<\/li>\n<li>kit de reparaci\u00f3n<\/li>\n<li>bomba de aire<\/li>\n<li>candado<\/li>\n<li>cuentakil\u00f3metros<\/li>\n<li>tracks GPS<\/li>\n<\/ul>\n<p>En Francia, el casco s\u00f3lo es obligatorio para ni\u00f1os de menos de 12 a\u00f1os.<\/p>\n","protected":false},"excerpt":{"rendered":"<div class=\"views-field views-field-field-texto-promocional\">\n<div class=\"field-content resultados_tipo_contenido\">Una semana de bici, playa y familia. \u00a1El plan perfecto!<\/div>\n<\/div>\n","protected":false},"featured_media":5391,"template":"","meta":[],"product_brand":[],"product_cat":[45],"product_tag":[],"class_list":{"0":"post-5364","1":"product","2":"type-product","3":"status-publish","4":"has-post-thumbnail","6":"product_cat-europe","8":"first","9":"instock","10":"taxable","11":"shipping-taxable","12":"purchasable","13":"product-type-variable"},"aioseo_notices":[],"_links":{"self":[{"href":"https:\/\/madrid.bikespain.com\/nl\/wp-json\/wp\/v2\/product\/5364","targetHints":{"allow":["GET"]}}],"collection":[{"href":"https:\/\/madrid.bikespain.com\/nl\/wp-json\/wp\/v2\/product"}],"about":[{"href":"https:\/\/madrid.bikespain.com\/nl\/wp-json\/wp\/v2\/types\/product"}],"wp:featuredmedia":[{"embeddable":true,"href":"https:\/\/madrid.bikespain.com\/nl\/wp-json\/wp\/v2\/media\/5391"}],"wp:attachment":[{"href":"https:\/\/madrid.bikespain.com\/nl\/wp-json\/wp\/v2\/media?parent=5364"}],"wp:term":[{"taxonomy":"product_brand","embeddable":true,"href":"https:\/\/madrid.bikespain.com\/nl\/wp-json\/wp\/v2\/product_brand?post=5364"},{"taxonomy":"product_cat","embeddable":true,"href":"https:\/\/madrid.bikespain.com\/nl\/wp-json\/wp\/v2\/product_cat?post=5364"},{"taxonomy":"product_tag","embeddable":true,"href":"https:\/\/madrid.bikespain.com\/nl\/wp-json\/wp\/v2\/product_tag?post=5364"}],"curies":[{"name":"wp","href":"https:\/\/api.w.org\/{rel}","templated":true}]}}