{"id":5357,"date":"2025-12-13T21:02:38","date_gmt":"2025-12-13T21:02:38","guid":{"rendered":"https:\/\/madrid.bikespain.com\/?post_type=product&#038;p=5357"},"modified":"2025-12-13T21:03:23","modified_gmt":"2025-12-13T21:03:23","slug":"croacia-sur-de-dalmacia-en-familia","status":"publish","type":"product","link":"https:\/\/madrid.bikespain.com\/nl\/product\/croacia-sur-de-dalmacia-en-familia\/","title":{"rendered":"Croacia: Sur de Dalmacia en familia"},"content":{"rendered":"<h4>Incluido<\/h4>\n<ul>\n<li>Alojamiento en camarote doble con desayuno<\/li>\n<li>2 d\u00edas en pensi\u00f3n completa<\/li>\n<li>5 d\u00edas en media pensi\u00f3n<\/li>\n<li class=\"active\">Gu\u00eda (ingl\u00e9s)<\/li>\n<li>S\u00e1banas y toallas<\/li>\n<li>Mapas y documentaci\u00f3n (ingl\u00e9s)<\/li>\n<li>Asistencia (ingl\u00e9s)<\/li>\n<li>Tasas tur\u00edsticas<\/li>\n<\/ul>\n<h4>No Incluido<\/h4>\n<ul>\n<li>Vuelos<\/li>\n<li>Bicicleta<\/li>\n<li>Bebidas a bordo<\/li>\n<li>Algunos almuerzos<\/li>\n<li>Actividades extras<\/li>\n<li>Rafting en el r\u00edo Cetina<\/li>\n<li>Seguro personal de viaje: 25\u20ac\/persona<\/li>\n<li>Propinas<\/li>\n<\/ul>\n<p>Cobertura para garantizar un viaje seguro. Un compa\u00f1ero de viaje indispensable proporcionada por BIKE SPAIN TOURS para nuestros clientes. Sin embargo, le pedimos que revise la cantidad limitada de dicha cobertura incluido en nuestro seguro, y confirmar con su compa\u00f1\u00eda de seguros que usted est\u00e1 cubierto de manera adecuada en cualquier caso.<\/p>\n<p><a href=\"https:\/\/www.bikespain.com\/wp-content\/uploads\/2017\/11\/insurance_bikespain_gvtour-1.pdf\" target=\"_blank\" rel=\"noopener noreferrer\">Ejemplo de p\u00f3liza de seguro<\/a><\/p>\n<h4>Opciones<\/h4>\n<p>Precio por persona en camarote doble:<\/p>\n<table width=\"391\">\n<tbody>\n<tr>\n<td width=\"106\">Salidas<\/td>\n<td width=\"92\">Barco<\/td>\n<td width=\"87\">Bajo cubierta<\/td>\n<td width=\"96\">Sobre cubierta<\/td>\n<\/tr>\n<tr>\n<td width=\"106\">7 Julio<\/td>\n<td>San Snova<\/td>\n<td width=\"87\">1.490,00 \u20ac<\/td>\n<td>1.690,00 \u20ac<\/td>\n<\/tr>\n<tr>\n<td width=\"106\">14 Julio<\/td>\n<td>San Snova<\/td>\n<td width=\"87\">1.490,00 \u20ac<\/td>\n<td>1.690,00 \u20ac<\/td>\n<\/tr>\n<tr>\n<td width=\"106\">21 Julio<\/td>\n<td>San Snova<\/td>\n<td width=\"87\">1.490,00 \u20ac<\/td>\n<td>1.690,00 \u20ac<\/td>\n<\/tr>\n<tr>\n<td width=\"106\">28 Julio<\/td>\n<td>San Snova<\/td>\n<td width=\"87\">1.490,00 \u20ac<\/td>\n<td>1.690,00 \u20ac<\/td>\n<\/tr>\n<tr>\n<td width=\"106\">4 Agosto<\/td>\n<td>San Snova<\/td>\n<td>1.490,00 \u20ac<\/td>\n<td>1.690,00 \u20ac<\/td>\n<\/tr>\n<tr>\n<td width=\"106\">11 Agosto<\/td>\n<td>San Snova<\/td>\n<td>1.490,00 \u20ac<\/td>\n<td>1.690,00 \u20ac<\/td>\n<\/tr>\n<\/tbody>\n<\/table>\n<p>Suplemento individual (bajo cubierta):<\/p>\n<ul>\n<li>+ 500\u20ac<\/li>\n<\/ul>\n<p>Suplemento individual (sobre cubierta):<\/p>\n<ul>\n<li>+ 700\u20ac<\/li>\n<\/ul>\n<p>Descuento para 3\u00aa y 4\u00aa persona en camarote triple:<\/p>\n<ul>\n<li>&#8211; 50 %<\/li>\n<\/ul>\n<p>Descuentos infantiles en habitaci\u00f3n propia:<\/p>\n<ul>\n<li>Hasta 16 a\u00f1os: &#8211; 25 %<\/li>\n<\/ul>\n<p>Alquiler de bicicleta:<\/p>\n<ul>\n<li>Bicicleta de paseo: 40 \u20ac<\/li>\n<li>Bicicleta el\u00e9ctrica: 90 \u20ac<\/li>\n<li>Silla de ni\u00f1o\/trailer: 40\u20ac<\/li>\n<\/ul>\n<p>Seguro de bicicleta:<\/p>\n<ul>\n<li>Bicicleta de paseo: 10 \u20ac<\/li>\n<li>Bicicleta el\u00e9ctrica: 20 \u20ac<\/li>\n<\/ul>\n<h4>Nuestras Bicicletas<\/h4>\n<p>Bicicletas de mujeres, de hombres y de ni\u00f1os:<\/p>\n<ul>\n<li>21 velocidades<\/li>\n<li>S, M, L, XL<\/li>\n<\/ul>\n<p>Bicicletas el\u00e9ctricas:<\/p>\n<ul>\n<li>Primeras marcas<\/li>\n<\/ul>\n<p>Accesorios (t\u00e1ndem, semi-t\u00e1ndem, sill\u00edn): consultarnos.<\/p>\n<p>Accesorios:<\/p>\n<ul>\n<li>alforja<\/li>\n<\/ul>\n<p>En Croacia, el casco es obligatorio. Te recomendamos llevar tu propio casco pero habr\u00e1n algunos en alquiler a bordo (limitado).<\/p>\n<h4>Destacamos<\/h4>\n<ul>\n<li>Las islas m\u00e1s bonitas del Adri\u00e1tico: Vis, Hvar, Brac .<\/li>\n<li>Hvar: encantador pueblo pesquero.<\/li>\n<li>Stari Grad: pueblo elegido por numerosos artistas.<\/li>\n<li>Pedalear a 25 grados sin calor. Siempre hay una ligera brisa.<\/li>\n<li>Campos de lavanda a principios del verano.<\/li>\n<\/ul>\n","protected":false},"excerpt":{"rendered":"<div class=\"views-field views-field-field-texto-promocional\">\n<div class=\"field-content resultados_tipo_contenido\">\u00a1Descubre Croacia en bici! \u00a1Cada d\u00eda, una aventura!<\/div>\n<\/div>\n","protected":false},"featured_media":5384,"template":"","meta":[],"product_brand":[],"product_cat":[45],"product_tag":[],"class_list":{"0":"post-5357","1":"product","2":"type-product","3":"status-publish","4":"has-post-thumbnail","6":"product_cat-europe","8":"first","9":"instock","10":"purchasable","11":"product-type-variable"},"aioseo_notices":[],"_links":{"self":[{"href":"https:\/\/madrid.bikespain.com\/nl\/wp-json\/wp\/v2\/product\/5357","targetHints":{"allow":["GET"]}}],"collection":[{"href":"https:\/\/madrid.bikespain.com\/nl\/wp-json\/wp\/v2\/product"}],"about":[{"href":"https:\/\/madrid.bikespain.com\/nl\/wp-json\/wp\/v2\/types\/product"}],"wp:featuredmedia":[{"embeddable":true,"href":"https:\/\/madrid.bikespain.com\/nl\/wp-json\/wp\/v2\/media\/5384"}],"wp:attachment":[{"href":"https:\/\/madrid.bikespain.com\/nl\/wp-json\/wp\/v2\/media?parent=5357"}],"wp:term":[{"taxonomy":"product_brand","embeddable":true,"href":"https:\/\/madrid.bikespain.com\/nl\/wp-json\/wp\/v2\/product_brand?post=5357"},{"taxonomy":"product_cat","embeddable":true,"href":"https:\/\/madrid.bikespain.com\/nl\/wp-json\/wp\/v2\/product_cat?post=5357"},{"taxonomy":"product_tag","embeddable":true,"href":"https:\/\/madrid.bikespain.com\/nl\/wp-json\/wp\/v2\/product_tag?post=5357"}],"curies":[{"name":"wp","href":"https:\/\/api.w.org\/{rel}","templated":true}]}}