{"id":5349,"date":"2025-12-13T21:02:37","date_gmt":"2025-12-13T21:02:37","guid":{"rendered":"https:\/\/madrid.bikespain.com\/?post_type=product&#038;p=5349"},"modified":"2025-12-13T21:03:16","modified_gmt":"2025-12-13T21:03:16","slug":"austria-de-viena-a-budapest","status":"publish","type":"product","link":"https:\/\/madrid.bikespain.com\/nl\/product\/austria-de-viena-a-budapest\/","title":{"rendered":"Austria: De Viena a Budapest"},"content":{"rendered":"<h4>Incluido<\/h4>\n<ul>\n<li>Alojamiento con desayuno<\/li>\n<li>Traslado de equipaje<\/li>\n<li>Track para GPS<\/li>\n<li>Ferry de Esztergom \u2013 Visegr\u00e1d incluida tu bicicleta<\/li>\n<li>Mapas y documentaci\u00f3n (espa\u00f1ol &amp; ingl\u00e9s)<\/li>\n<li>Asistencia (espa\u00f1ol &amp; ingl\u00e9s)<\/li>\n<\/ul>\n<h4>No Incluido<\/h4>\n<ul>\n<li>Vuelos<\/li>\n<li>Bicicleta<\/li>\n<li>Comidas y cenas<\/li>\n<li>Trenes y ferris en ruta<\/li>\n<li>Actividades extras<\/li>\n<li>Seguro de viaje: 25\u00a0\u20ac\/persona<\/li>\n<li>Tasas de turismo puntuales<\/li>\n<li>Transfer a Viena<\/li>\n<\/ul>\n<p>Cobertura para garantizar un viaje seguro. Un compa\u00f1ero de viaje indispensable proporcionada por BIKE SPAIN TOURS para nuestros clientes. Sin embargo, le pedimos que revise la cantidad limitada de dicha cobertura incluido en nuestro seguro, y confirmar con su compa\u00f1\u00eda de seguros que usted est\u00e1 cubierto de manera adecuada en cualquier caso.<\/p>\n<p><a href=\"https:\/\/www.bikespain.com\/wp-content\/uploads\/2017\/11\/insurance_bikespain_gvtour-1.pdf\" target=\"_blank\" rel=\"noopener noreferrer\">Ejemplo de p\u00f3liza de seguro<\/a><\/p>\n<h4>Opciones<\/h4>\n<p class=\"gdlr-core-icon-list-content-wrap\"><span class=\"gdlr-core-icon-list-content\">Precio por persona en habitaci\u00f3n doble (salidas los viernes, s\u00e1bados y domingo):<\/span><\/p>\n<p class=\"gdlr-core-icon-list-content-wrap\"><span class=\"gdlr-core-icon-list-content\">Salida entre el 02.04 &#8211; 08.10 (excepto temporada alta): Categor\u00eda A: 779 \u20ac<\/span><\/p>\n<ul>\n<li class=\"gdlr-core-icon-list-content-wrap\"><span class=\"gdlr-core-icon-list-content\">Suplemento individual: 359 \u20ac &#8211; Media pensi\u00f3n (5 comidas): 129 \u20ac<\/span><\/li>\n<\/ul>\n<p class=\"gdlr-core-icon-list-content-wrap\"><span class=\"gdlr-core-icon-list-content\">Salida entre el 02.04 &#8211; 08.10 (excepto temporada alta): Categor\u00eda B: 669 \u20ac<\/span><\/p>\n<ul>\n<li class=\"gdlr-core-icon-list-content-wrap\"><span class=\"gdlr-core-icon-list-content\">Suplemento individual: 229 \u20ac &#8211; Media pensi\u00f3n (5 comidas): 99 \u20ac<\/span><\/li>\n<\/ul>\n<p class=\"gdlr-core-icon-list-content-wrap\"><span class=\"gdlr-core-icon-list-content\">Salida entre 01.07 &#8211; 01.09: Categor\u00eda A: 829 \u20ac<\/span><\/p>\n<ul>\n<li class=\"gdlr-core-icon-list-content-wrap\"><span class=\"gdlr-core-icon-list-content\">Suplemento individual: 359 \u20ac &#8211; Media pensi\u00f3n (5 comidas): 129 \u20ac<\/span><\/li>\n<\/ul>\n<p class=\"gdlr-core-icon-list-content-wrap\"><span class=\"gdlr-core-icon-list-content\">Salida entre 01.07 &#8211; 01.09: Categor\u00eda B: 719 \u20ac<\/span><\/p>\n<ul>\n<li class=\"gdlr-core-icon-list-content-wrap\"><span class=\"gdlr-core-icon-list-content\">Suplemento individual: 229 \u20ac &#8211; Media pensi\u00f3n (5 comidas): 99 \u20ac<\/span><\/li>\n<\/ul>\n<p class=\"gdlr-core-icon-list-content-wrap\"><span class=\"gdlr-core-icon-list-content\">Categor\u00eda A: hoteles de 4 estrellas &#8211; Categor\u00eda B: hoteles de 3 estrellas o equivalentes<\/span><\/p>\n<p class=\"gdlr-core-icon-list-content-wrap\"><span class=\"gdlr-core-icon-list-content\">Noches extra consultar<\/span><\/p>\n<p class=\"gdlr-core-icon-list-content-wrap\"><span class=\"gdlr-core-icon-list-content\">Alquiler de bicicleta:<\/span><\/p>\n<ul>\n<li class=\"gdlr-core-icon-list-content-wrap\"><span class=\"gdlr-core-icon-list-content\">Bicicleta de paseo: 90 \u20ac<\/span><\/li>\n<li class=\"gdlr-core-icon-list-content-wrap\"><span class=\"gdlr-core-icon-list-content\">Bicicleta el\u00e9ctrica: 199 \u20ac<\/span><\/li>\n<\/ul>\n<h4>Nuestras Bicicletas<\/h4>\n<p>Bicicletas de mujeres, hombres y ni\u00f1os:<\/p>\n<ul>\n<li>21 velocidades<\/li>\n<li>7 velocidades<\/li>\n<li>5 velocidades<\/li>\n<li>XS, S, M, L, XL<\/li>\n<\/ul>\n<p>Bicicletas el\u00e9ctricas: primeras marcas<\/p>\n<p>Tandems h\u00edbridos o el\u00e9ctricos disponibles.<\/p>\n<p>Accesorios infantiles: consultarnos<\/p>\n<ul>\n<li>semi-tandem &#8220;Follow me&#8221;<\/li>\n<li>remolque<\/li>\n<li>sill\u00edn infantil<\/li>\n<\/ul>\n<p>Accesorios:<\/p>\n<ul>\n<li>candado<\/li>\n<li>bomba<\/li>\n<li>bolsa de sill\u00edn<\/li>\n<li>botella de agua<\/li>\n<\/ul>\n<p>En Austria, el casco s\u00f3lo es obligatorio para ni\u00f1os de menos de 12 a\u00f1os. En Eslovaquia es obligatorio llevar casco fuera de las ciudades. En Hungr\u00eda tiene que usar chalecos de seguridad si pedalea por la noche o fuera de la ciudad si tiene poca visibilidad. NO se ofrecen cascos en este tour.<\/p>\n","protected":false},"excerpt":{"rendered":"<div class=\"views-field views-field-field-texto-promocional\">\n<div class=\"field-content resultados_tipo_contenido\">Viaje para ver 3 pa\u00edses y 3 grandes capitales europeas: Viena, Bratislava y Budapest.<\/div>\n<\/div>\n","protected":false},"featured_media":5377,"template":"","meta":[],"product_brand":[],"product_cat":[45],"product_tag":[],"class_list":{"0":"post-5349","1":"product","2":"type-product","3":"status-publish","4":"has-post-thumbnail","6":"product_cat-europe","8":"first","9":"instock","10":"taxable","11":"shipping-taxable","12":"purchasable","13":"product-type-variable"},"aioseo_notices":[],"_links":{"self":[{"href":"https:\/\/madrid.bikespain.com\/nl\/wp-json\/wp\/v2\/product\/5349","targetHints":{"allow":["GET"]}}],"collection":[{"href":"https:\/\/madrid.bikespain.com\/nl\/wp-json\/wp\/v2\/product"}],"about":[{"href":"https:\/\/madrid.bikespain.com\/nl\/wp-json\/wp\/v2\/types\/product"}],"wp:featuredmedia":[{"embeddable":true,"href":"https:\/\/madrid.bikespain.com\/nl\/wp-json\/wp\/v2\/media\/5377"}],"wp:attachment":[{"href":"https:\/\/madrid.bikespain.com\/nl\/wp-json\/wp\/v2\/media?parent=5349"}],"wp:term":[{"taxonomy":"product_brand","embeddable":true,"href":"https:\/\/madrid.bikespain.com\/nl\/wp-json\/wp\/v2\/product_brand?post=5349"},{"taxonomy":"product_cat","embeddable":true,"href":"https:\/\/madrid.bikespain.com\/nl\/wp-json\/wp\/v2\/product_cat?post=5349"},{"taxonomy":"product_tag","embeddable":true,"href":"https:\/\/madrid.bikespain.com\/nl\/wp-json\/wp\/v2\/product_tag?post=5349"}],"curies":[{"name":"wp","href":"https:\/\/api.w.org\/{rel}","templated":true}]}}