{"id":5347,"date":"2025-12-13T21:02:36","date_gmt":"2025-12-13T21:02:36","guid":{"rendered":"https:\/\/madrid.bikespain.com\/?post_type=product&#038;p=5347"},"modified":"2025-12-13T21:03:16","modified_gmt":"2025-12-13T21:03:16","slug":"alemania-de-munich-a-salzburgo","status":"publish","type":"product","link":"https:\/\/madrid.bikespain.com\/nl\/product\/alemania-de-munich-a-salzburgo\/","title":{"rendered":"Alemania: De M\u00fanich a Salzburgo"},"content":{"rendered":"<h4>Incluido<\/h4>\n<ul>\n<li>Alojamiento con desayuno<\/li>\n<li>Traslado de equipaje (max. 20 kg\/persona)<\/li>\n<li>Mapas y documentaci\u00f3n (ingl\u00e9s)<\/li>\n<li>Asistencia telef\u00f3nica (ingl\u00e9s)<\/li>\n<li>Seguro de bicicleta de alquiler<\/li>\n<\/ul>\n<h4>No Incluido<\/h4>\n<ul>\n<li>Vuelos<\/li>\n<li>Bicicleta<\/li>\n<li>Comidas y cenas<\/li>\n<li>Actividades extras<\/li>\n<li>Seguro de viaje: 20 \u20ac\/persona<\/li>\n<li>Tasas de turismo puntuales<\/li>\n<\/ul>\n<p>Cobertura para garantizar un viaje seguro. Un compa\u00f1ero de viaje indispensable proporcionada por BIKE SPAIN TOURS para nuestros clientes. Sin embargo, le pedimos que revise la cantidad limitada de dicha cobertura incluido en nuestro seguro, y confirmar con su compa\u00f1\u00eda de seguros que usted est\u00e1 cubierto de manera adecuada en cualquier caso.<\/p>\n<p><a href=\"https:\/\/www.bikespain.com\/wp-content\/uploads\/2017\/11\/insurance_bikespain_gvtour-1.pdf\" target=\"_blank\" rel=\"noopener noreferrer\">Ejemplo de p\u00f3liza de seguro<\/a><\/p>\n<h4>Opciones<\/h4>\n<p><span class=\"gdlr-core-icon-list-content\">Precio por persona en habitaci\u00f3n doble:<\/span><\/p>\n<ul>\n<li class=\"gdlr-core-icon-list-content-wrap\"><span class=\"gdlr-core-icon-list-content\">Temporada 1 (del 8 de abril al 19 de mayo): 899 \u20ac<\/span><\/li>\n<li class=\"gdlr-core-icon-list-content-wrap\"><span class=\"gdlr-core-icon-list-content\">Temporada 2 (del 20 de mayo al 09 de septiembre): 939 \u20ac<\/span><\/li>\n<\/ul>\n<p><span class=\"gdlr-core-icon-list-content\">Descuentos infantiles (compartiendo habitaci\u00f3n con 2 adultos):<\/span><\/p>\n<ul>\n<li class=\" gdlr-core-skin-divider\"><span class=\"gdlr-core-icon-list-content\">Hasta 5 a\u00f1os: &#8211; 100 %<\/span><\/li>\n<li class=\" gdlr-core-skin-divider\"><span class=\"gdlr-core-icon-list-content\">De 6 a 11 a\u00f1os: &#8211; 50 %<\/span><\/li>\n<li class=\" gdlr-core-skin-divider\"><span class=\"gdlr-core-icon-list-content\">De 12 a 14 a\u00f1os: &#8211; 25 %<\/span><\/li>\n<li class=\" gdlr-core-skin-divider\"><span class=\"gdlr-core-icon-list-content\">Descuento 3\u00aa persona en habitaci\u00f3n triple:<\/span><\/li>\n<li class=\" gdlr-core-skin-divider\"><span class=\"gdlr-core-icon-list-content\">\u00a0&#8211; 10 %<\/span><\/li>\n<\/ul>\n<p><span class=\"gdlr-core-icon-list-content\">Suplemento individual:<\/span><\/p>\n<ul>\n<li class=\" gdlr-core-skin-divider\"><span class=\"gdlr-core-icon-list-content\">+ 229 \u20ac<\/span><\/li>\n<\/ul>\n<p><span class=\"gdlr-core-icon-list-content\">Media pensi\u00f3n:<\/span><\/p>\n<ul>\n<li class=\" gdlr-core-skin-divider\"><span class=\"gdlr-core-icon-list-content\">+ 210 \u20ac<\/span><\/li>\n<\/ul>\n<p><span class=\"gdlr-core-icon-list-content\">Alquiler de bicicleta:<\/span><\/p>\n<ul>\n<li class=\" gdlr-core-skin-divider\"><span class=\"gdlr-core-icon-list-content\">Bicicleta de paseo: 80 \u20ac<\/span><\/li>\n<li class=\" gdlr-core-skin-divider\"><span class=\"gdlr-core-icon-list-content\">Bicicleta el\u00e9ctrica: 190 \u20ac<\/span><\/li>\n<\/ul>\n<p><span class=\"gdlr-core-icon-list-content\">Noches extras:<\/span><\/p>\n<ul>\n<li class=\" gdlr-core-skin-divider\"><span class=\"gdlr-core-icon-list-content\">Munich: 90\u20ac<\/span><\/li>\n<li class=\" gdlr-core-skin-divider\"><span class=\"gdlr-core-icon-list-content\">Suplemento individual: + 155\u20ac<\/span><\/li>\n<li class=\" gdlr-core-skin-divider\"><span class=\"gdlr-core-icon-list-content\">Salzburgo: 89\u20ac<\/span><\/li>\n<li class=\" gdlr-core-skin-divider\"><span class=\"gdlr-core-icon-list-content\">Suplemento individual: + 150\u20ac<\/span><\/li>\n<\/ul>\n<h4>Nuestras Bicicletas<\/h4>\n<p>Bicicletas h\u00edbridas unisex y ni\u00f1os:<\/p>\n<ul>\n<li>21 velocidades<\/li>\n<li>7 velocidades<\/li>\n<li>XS, S, M, L, XL<\/li>\n<\/ul>\n<p>Bicicleta de hombres bajo petici\u00f3n.<\/p>\n<p>Bicicletas el\u00e9ctricas:\u00a036 Volt Panasonic.<\/p>\n<p>Accesorios ni\u00f1os: consultarnos<\/p>\n<p>Accesorios:<\/p>\n<ul>\n<li>manillar<\/li>\n<li>alforja<\/li>\n<li>candado<\/li>\n<li>herramientas<\/li>\n<li>bomba<\/li>\n<li>seguimientos GPS disponibles bajo petici\u00f3n<\/li>\n<\/ul>\n<p>En Alemania, el casco no es obligatorio pero te recomendamos llevar uno.\u00a0Se pueden comprar cascos con reserva previa: cascos\u00a0UVEX i-vo: 35\u20ac.\u00a0Tama\u00f1os:\u00a0XXS-M (52-57 cm) or S-L (56-60 cm).<\/p>\n","protected":false},"excerpt":{"rendered":"<div class=\"views-field views-field-field-texto-promocional\">\n<div class=\"field-content resultados_tipo_contenido\">El viaje en bicicleta desde el Oktoberfest de M\u00fanich al Festival de Salzburgo.<\/div>\n<\/div>\n","protected":false},"featured_media":5376,"template":"","meta":[],"product_brand":[],"product_cat":[45],"product_tag":[],"class_list":{"0":"post-5347","1":"product","2":"type-product","3":"status-publish","4":"has-post-thumbnail","6":"product_cat-europe","8":"first","9":"instock","10":"taxable","11":"shipping-taxable","12":"purchasable","13":"product-type-variable"},"aioseo_notices":[],"_links":{"self":[{"href":"https:\/\/madrid.bikespain.com\/nl\/wp-json\/wp\/v2\/product\/5347","targetHints":{"allow":["GET"]}}],"collection":[{"href":"https:\/\/madrid.bikespain.com\/nl\/wp-json\/wp\/v2\/product"}],"about":[{"href":"https:\/\/madrid.bikespain.com\/nl\/wp-json\/wp\/v2\/types\/product"}],"wp:featuredmedia":[{"embeddable":true,"href":"https:\/\/madrid.bikespain.com\/nl\/wp-json\/wp\/v2\/media\/5376"}],"wp:attachment":[{"href":"https:\/\/madrid.bikespain.com\/nl\/wp-json\/wp\/v2\/media?parent=5347"}],"wp:term":[{"taxonomy":"product_brand","embeddable":true,"href":"https:\/\/madrid.bikespain.com\/nl\/wp-json\/wp\/v2\/product_brand?post=5347"},{"taxonomy":"product_cat","embeddable":true,"href":"https:\/\/madrid.bikespain.com\/nl\/wp-json\/wp\/v2\/product_cat?post=5347"},{"taxonomy":"product_tag","embeddable":true,"href":"https:\/\/madrid.bikespain.com\/nl\/wp-json\/wp\/v2\/product_tag?post=5347"}],"curies":[{"name":"wp","href":"https:\/\/api.w.org\/{rel}","templated":true}]}}