{"id":5345,"date":"2025-12-13T21:02:36","date_gmt":"2025-12-13T21:02:36","guid":{"rendered":"https:\/\/madrid.bikespain.com\/?post_type=product&#038;p=5345"},"modified":"2025-12-13T21:03:09","modified_gmt":"2025-12-13T21:03:09","slug":"costa-rica-lagos-y-volcanes","status":"publish","type":"product","link":"https:\/\/madrid.bikespain.com\/nl\/product\/costa-rica-lagos-y-volcanes\/","title":{"rendered":"Costa Rica: lagos y volcanes"},"content":{"rendered":"<div class=\"gdlr-core-tab-item-content gdlr-core-active\" data-tab-id=\"1\">\n<h4>Incluido<\/h4>\n<ul>\n<li class=\"\">11 noches de alojamiento y desayuno<\/li>\n<li class=\"\">Pensi\u00f3n completa<\/li>\n<li class=\"\">Bicicleta(s)<\/li>\n<li class=\"\">Transfer privado durante el viaje<\/li>\n<li class=\"\">Veh\u00edculo 4&#215;4 de soporte en ruta<\/li>\n<li class=\"\">Excursiones indicadas en ruta<\/li>\n<li class=\"active\">Transporte de bicicletas y equipaje<\/li>\n<li class=\"\">Mapas y documentaci\u00f3n (espa\u00f1ol e ingl\u00e9s)<\/li>\n<li class=\"\">Gu\u00eda experto<\/li>\n<li class=\"\">Asistencia mec\u00e1nica<\/li>\n<li class=\"\">Entradas a los parues nacionales<\/li>\n<\/ul>\n<h4>No Incluido<\/h4>\n<ul>\n<li class=\"\">Vuelos internacionales<\/li>\n<li class=\"active\">Gastos m\u00e9dicos por accidentes presentados durante el tour. Cada participante debe contar con su p\u00f3liza de viajero y firmar una liberaci\u00f3n de responsabilidad.<\/li>\n<li class=\"\">Lavander\u00eda<\/li>\n<li class=\"\">Bebidas alcoh\u00f3licas<\/li>\n<li class=\"\">Tours o servicios no mencionados en el itinerario<\/li>\n<\/ul>\n<p>Cobertura para garantizar un viaje seguro. Un compa\u00f1ero de viaje indispensable proporcionada por BIKE SPAIN TOURS para nuestros clientes. Sin embargo, le pedimos que revise la cantidad limitada de dicha cobertura incluido en nuestro seguro, y confirmar con su compa\u00f1\u00eda de seguros que usted est\u00e1 cubierto de manera adecuada en cualquier caso.<\/p>\n<p><a href=\"https:\/\/www.bikespain.com\/wp-content\/uploads\/2017\/11\/insurance_bikespain_gvtour-1.pdf\" target=\"_blank\" rel=\"noopener\">Ejemplo de p\u00f3liza de seguro<\/a><\/p>\n<h4>Opciones<\/h4>\n<p>Fechas de salida y precios por persona en habitaci\u00f3n doble:<\/p>\n<table border=\"1\" cellspacing=\"0\" cellpadding=\"0\">\n<tbody>\n<tr>\n<td><strong>Fechas<\/strong><\/td>\n<td><strong>Precio<\/strong><\/td>\n<\/tr>\n<tr>\n<td>8 y 22 de Enero<\/td>\n<td rowspan=\"4\">1.300,00 \u20ac<\/td>\n<\/tr>\n<tr>\n<td>5 y 19 de Febrero<\/td>\n<\/tr>\n<tr>\n<td>5 y 19 de Marzo<\/td>\n<\/tr>\n<tr>\n<td>2 de Abril<\/td>\n<\/tr>\n<tr>\n<td>7 de Mayo<\/td>\n<td rowspan=\"3\">1.112,00 \u20ac<\/td>\n<\/tr>\n<tr>\n<td>4 de Junio<\/td>\n<\/tr>\n<tr>\n<td>2 de Julio<\/td>\n<\/tr>\n<tr>\n<td>6 de Agosto<\/td>\n<td>1.150,00 \u20ac<\/td>\n<\/tr>\n<tr>\n<td>3 de Septiembre<\/td>\n<td rowspan=\"2\">1.112,00 \u20ac<\/td>\n<\/tr>\n<tr>\n<td>8 de Octubre<\/td>\n<\/tr>\n<\/tbody>\n<\/table>\n<p>O si lo prefiers, puedes hacerlo privado desde (precio por persona en habitaci\u00f3n doble):<\/p>\n<table border=\"1\" cellspacing=\"0\" cellpadding=\"0\">\n<tbody>\n<tr>\n<td><strong>N\u00ba de personas<\/strong><\/td>\n<td><strong>Precio<\/strong><\/td>\n<\/tr>\n<tr>\n<td>\u00a01 pax<\/td>\n<td>3.320,00 \u20ac<\/td>\n<\/tr>\n<tr>\n<td>2 pax<\/td>\n<td>2.040,00 \u20ac<\/td>\n<\/tr>\n<tr>\n<td>3 pax<\/td>\n<td>1.620,00 \u20ac<\/td>\n<\/tr>\n<tr>\n<td>4 pax<\/td>\n<td>1.395,00 \u20ac<\/td>\n<\/tr>\n<tr>\n<td>5 pax<\/td>\n<td>1.265,00 \u20ac<\/td>\n<\/tr>\n<tr>\n<td>6 pax<\/td>\n<td>1.230,00 \u20ac<\/td>\n<\/tr>\n<\/tbody>\n<\/table>\n<p>No dudes en consultarnos para m\u00e1s informaci\u00f3n.<\/p>\n<p>Suplemento habitaci\u00f3n individual: 288 \u20ac<\/p>\n<p>Traslado desde y hacia el aeropuerto: 20 \u20ac por persona y trayecto (min. 4 personas)<\/p>\n<h4>Nuestras Bicicletas<\/h4>\n<p>Bicicleta h\u00edbrida 7 &#8211; 21 marchas<\/p>\n<ul>\n<li class=\"active\">Incluida en el precio<\/li>\n<\/ul>\n<\/div>\n","protected":false},"excerpt":{"rendered":"<p>Bike Spain se estrena con un primer tour en Costa Rica para conocer una p\u00e1is espectacular en paisajes, gentes y cultura. Un viaje en bicicleta inolvidable para grupos que disfruten pedaleando.<\/p>\n","protected":false},"featured_media":5375,"template":"","meta":[],"product_brand":[],"product_cat":[45],"product_tag":[],"class_list":{"0":"post-5345","1":"product","2":"type-product","3":"status-publish","4":"has-post-thumbnail","6":"product_cat-europe","8":"first","9":"instock","10":"taxable","11":"shipping-taxable","12":"purchasable","13":"product-type-variable"},"aioseo_notices":[],"_links":{"self":[{"href":"https:\/\/madrid.bikespain.com\/nl\/wp-json\/wp\/v2\/product\/5345","targetHints":{"allow":["GET"]}}],"collection":[{"href":"https:\/\/madrid.bikespain.com\/nl\/wp-json\/wp\/v2\/product"}],"about":[{"href":"https:\/\/madrid.bikespain.com\/nl\/wp-json\/wp\/v2\/types\/product"}],"wp:featuredmedia":[{"embeddable":true,"href":"https:\/\/madrid.bikespain.com\/nl\/wp-json\/wp\/v2\/media\/5375"}],"wp:attachment":[{"href":"https:\/\/madrid.bikespain.com\/nl\/wp-json\/wp\/v2\/media?parent=5345"}],"wp:term":[{"taxonomy":"product_brand","embeddable":true,"href":"https:\/\/madrid.bikespain.com\/nl\/wp-json\/wp\/v2\/product_brand?post=5345"},{"taxonomy":"product_cat","embeddable":true,"href":"https:\/\/madrid.bikespain.com\/nl\/wp-json\/wp\/v2\/product_cat?post=5345"},{"taxonomy":"product_tag","embeddable":true,"href":"https:\/\/madrid.bikespain.com\/nl\/wp-json\/wp\/v2\/product_tag?post=5345"}],"curies":[{"name":"wp","href":"https:\/\/api.w.org\/{rel}","templated":true}]}}