{"id":5900,"date":"2026-02-05T11:41:22","date_gmt":"2026-02-05T11:41:22","guid":{"rendered":"https:\/\/madrid.bikespain.com\/?post_type=product&#038;p=5900"},"modified":"2026-02-05T11:42:23","modified_gmt":"2026-02-05T11:42:23","slug":"alemania-el-mosela-en-barco-2","status":"publish","type":"product","link":"https:\/\/madrid.bikespain.com\/es\/product\/alemania-el-mosela-en-barco-2\/","title":{"rendered":"Alemania: El Mosela en barco"},"content":{"rendered":"<h4>Incluido<\/h4>\n<ul>\n<li class=\"gdlr-core-icon-list-content-wrap\"><span class=\"gdlr-core-icon-list-content\">Alojamiento en camarote<\/span><\/li>\n<li class=\"gdlr-core-icon-list-content-wrap\"><span class=\"gdlr-core-icon-list-content\">Pensi\u00f3n completa<\/span><\/li>\n<li class=\"gdlr-core-icon-list-content-wrap\"><span class=\"gdlr-core-icon-list-content\">snack al mediodia o almerzos ligeros para llevar<\/span><\/li>\n<li class=\"gdlr-core-icon-list-content-wrap\"><span class=\"gdlr-core-icon-list-content\">Gu\u00eda a bordo y durante el itinerario (ingl\u00e9s &amp; alem\u00e1n)<\/span><\/li>\n<li class=\"gdlr-core-icon-list-content-wrap\"><span class=\"gdlr-core-icon-list-content\">Bebida de bienvenida<\/span><\/li>\n<li class=\"gdlr-core-icon-list-content-wrap\"><span class=\"gdlr-core-icon-list-content\">Mapas y documentaci\u00f3n (espa\u00f1ol &amp; ingl\u00e9s)<\/span><\/li>\n<li class=\"gdlr-core-icon-list-content-wrap\"><span class=\"gdlr-core-icon-list-content\">GPS Tracks<\/span><\/li>\n<li class=\"gdlr-core-icon-list-content-wrap\"><span class=\"gdlr-core-icon-list-content\">S\u00e1banas y toallas<\/span><\/li>\n<li class=\"gdlr-core-icon-list-content-wrap\"><span class=\"gdlr-core-icon-list-content\">Limpieza diaria del camarote<\/span><\/li>\n<li class=\"gdlr-core-icon-list-content-wrap\"><span class=\"gdlr-core-icon-list-content\">T\u00e9 y caf\u00e9 a bordo (hasta las 16:00h)<\/span><\/li>\n<li class=\"gdlr-core-icon-list-content-wrap\"><span class=\"gdlr-core-icon-list-content\">Asistencia telef\u00f3nica (ingl\u00e9s &amp; alem\u00e1n)<\/span><\/li>\n<\/ul>\n<h4>No Incluido<\/h4>\n<ul>\n<li class=\"gdlr-core-icon-list-content-wrap\"><span class=\"gdlr-core-icon-list-content\">Vuelos<\/span><\/li>\n<li class=\"gdlr-core-icon-list-content-wrap\"><span class=\"gdlr-core-icon-list-content\">Bicicleta<\/span><\/li>\n<li class=\"gdlr-core-icon-list-content-wrap\"><span class=\"gdlr-core-icon-list-content\">Bebidas a bordo<\/span><\/li>\n<li class=\"gdlr-core-icon-list-content-wrap\"><span class=\"gdlr-core-icon-list-content\">Actividades extras<\/span><\/li>\n<li class=\"gdlr-core-icon-list-content-wrap\"><span class=\"gdlr-core-icon-list-content\">Seguro personal de viaje: 20\u20ac\/persona<\/span><\/li>\n<li class=\"gdlr-core-icon-list-content-wrap\"><span class=\"gdlr-core-icon-list-content\">Propinas<\/span><\/li>\n<li class=\"gdlr-core-icon-list-content-wrap\"><span class=\"gdlr-core-icon-list-content\">Transfer<\/span><\/li>\n<\/ul>\n<p>Cobertura para garantizar un viaje seguro. Un compa\u00f1ero de viaje indispensable proporcionada por BIKE SPAIN TOURS para nuestros clientes. Sin embargo, le pedimos que revise la cantidad limitada de dicha cobertura incluido en nuestro seguro, y confirmar con su compa\u00f1\u00eda de seguros que usted est\u00e1 cubierto de manera adecuada en cualquier caso.<\/p>\n<p><a href=\"https:\/\/www.bikespain.com\/wp-content\/uploads\/2017\/11\/insurance_bikespain_gvtour-1.pdf\" target=\"_blank\" rel=\"noopener noreferrer\">Ejemplo de p\u00f3liza de seguro<\/a><\/p>\n<h4>Opciones<\/h4>\n<p><strong>Precio por persona:<\/strong><\/p>\n<table width=\"100%\">\n<tbody>\n<tr>\n<td width=\"12%\"><\/td>\n<td style=\"text-align: center;\" colspan=\"2\" width=\"30%\">Cubierta principal<\/td>\n<td style=\"text-align: center;\" colspan=\"4\" width=\"57%\">Cubierta superior<\/td>\n<\/tr>\n<tr>\n<td style=\"text-align: center;\" width=\"12%\"><\/td>\n<td style=\"text-align: center;\" width=\"14%\">Camarote 2 camas<\/td>\n<td style=\"text-align: center;\" width=\"15%\">Camarote 2 camas \u2013 uso individual<\/td>\n<td style=\"text-align: center;\" width=\"15%\">Camarote 2 camas popa<\/td>\n<td style=\"text-align: center;\" width=\"12%\">Camarote 2 camas<\/td>\n<td style=\"text-align: center;\" width=\"14%\">Camarote individual<\/td>\n<td style=\"text-align: center;\" width=\"14%\">Camarote 2 camas \u2013 uso individual<\/td>\n<\/tr>\n<tr>\n<td style=\"text-align: center;\" width=\"12%\"><strong>Temporada A<\/strong><\/td>\n<td style=\"text-align: center;\" width=\"14%\">1,049\u20ac<\/td>\n<td style=\"text-align: center;\" width=\"15%\">1,369\u20ac<\/td>\n<td style=\"text-align: center;\" width=\"15%\">1,149\u20ac<\/td>\n<td style=\"text-align: center;\" width=\"12%\">1,199\u20ac<\/td>\n<td style=\"text-align: center;\" width=\"14%\">1,399\u20ac<\/td>\n<td style=\"text-align: center;\" width=\"14%\">1,559\u20ac<\/td>\n<\/tr>\n<tr>\n<td style=\"text-align: center;\" width=\"12%\"><strong>Temporada B<\/strong><\/td>\n<td style=\"text-align: center;\" width=\"14%\">1,199\u20ac<\/td>\n<td style=\"text-align: center;\" width=\"15%\">1,559\u20ac<\/td>\n<td style=\"text-align: center;\" width=\"15%\">1,299\u20ac<\/td>\n<td style=\"text-align: center;\" width=\"12%\">1,349\u20ac<\/td>\n<td style=\"text-align: center;\" width=\"14%\">1,499\u20ac<\/td>\n<td style=\"text-align: center;\" width=\"14%\">1,759\u20ac<\/td>\n<\/tr>\n<\/tbody>\n<\/table>\n<p><strong>Salidas los s\u00e1bados:\u00a0<\/strong><\/p>\n<p>Barco MS OLYMPIA:<\/p>\n<ul>\n<li><strong>Temporada A:<\/strong>\u00a004 mayo \u2013 13 mayo 2024* \/ 05 octubre \u2013 12 octubre 2024<\/li>\n<li><strong>Temporada B:<\/strong>\u00a018 mayo \u2013 25 mayo 2024 \/ 10 agosto \u2013 17 agosto 2024 \/ 24 agosto \u2013 31 agosto 2024 \/ 07 sept \u2013 14 sept 2024 \/ 21 sept \u2013 28 sept 2024<\/li>\n<\/ul>\n<p>* Embarque en Bonn<\/p>\n<p>En este tour no se ofrecen cascos.<\/p>\n<p>El aeropuerto de referencia m\u00e1s importante es del de Fr\u00e1ncfort del Meno. Es f\u00e1cil realizar el traslado en tren.<\/p>\n<p><strong>Alquiler de bicicleta<\/strong> (con reserva previa)<\/p>\n<ul>\n<li class=\" gdlr-core-skin-divider clearfix\">\n<div class=\"gdlr-core-icon-list-content-wrap\"><span class=\"gdlr-core-icon-list-content\">Bicicleta de paseo: 90 \u20ac<\/span><\/div>\n<\/li>\n<li class=\" gdlr-core-skin-divider clearfix\">\n<div class=\"gdlr-core-icon-list-content-wrap\"><span class=\"gdlr-core-icon-list-content\">Bicicleta el\u00e9ctrica: 195 \u20ac<\/span><\/div>\n<\/li>\n<\/ul>\n<p>Pol\u00edticas de cancelaci\u00f3n especiales:<\/p>\n<ul>\n<li>Antes de 84 d\u00edas: 10% del total del viaje<\/li>\n<li>Entre 84 y 42 d\u00edas antes de la salida: 30% del total del viaje<\/li>\n<li>Entre 42 y 28 d\u00edas antes de la salida: 60% del total del viaje<\/li>\n<li>Entre 28 y 1 d\u00eda antes de la salida: 90% del total del viaje<\/li>\n<li>D\u00eda anterior y no presentaci\u00f3n: 100% del total del viaje<\/li>\n<\/ul>\n<h4>Nuestras Bicicletas<\/h4>\n<p>Bicicletas unisex:<\/p>\n<ul>\n<li>7 velocidades<\/li>\n<li>S, M, L, XL<\/li>\n<\/ul>\n<p>Bicicletas el\u00e9ctricas: KTM<\/p>\n<p>Accesorios:<\/p>\n<ul>\n<li>alforja<\/li>\n<li>candado<\/li>\n<\/ul>\n<p>En este tour, no se ofrecen cascos. En Alemania, el casco no es obligatorio pero recomendado.<\/p>\n","protected":false},"excerpt":{"rendered":"<div class=\"views-field views-field-field-texto-promocional\">\n<div class=\"field-content resultados_tipo_contenido\">Ruta a bordo del MS Olympia por uno de los r\u00edos m\u00e1s apacibles de Europa, el Mosela.<\/div>\n<\/div>\n","protected":false},"featured_media":5435,"template":"","meta":[],"product_brand":[],"product_cat":[45],"product_tag":[],"class_list":{"0":"post-5900","1":"product","2":"type-product","3":"status-publish","4":"has-post-thumbnail","6":"product_cat-europe","8":"first","9":"instock","10":"taxable","11":"shipping-taxable","12":"purchasable","13":"product-type-variable"},"aioseo_notices":[],"_links":{"self":[{"href":"https:\/\/madrid.bikespain.com\/es\/wp-json\/wp\/v2\/product\/5900","targetHints":{"allow":["GET"]}}],"collection":[{"href":"https:\/\/madrid.bikespain.com\/es\/wp-json\/wp\/v2\/product"}],"about":[{"href":"https:\/\/madrid.bikespain.com\/es\/wp-json\/wp\/v2\/types\/product"}],"wp:featuredmedia":[{"embeddable":true,"href":"https:\/\/madrid.bikespain.com\/es\/wp-json\/wp\/v2\/media\/5435"}],"wp:attachment":[{"href":"https:\/\/madrid.bikespain.com\/es\/wp-json\/wp\/v2\/media?parent=5900"}],"wp:term":[{"taxonomy":"product_brand","embeddable":true,"href":"https:\/\/madrid.bikespain.com\/es\/wp-json\/wp\/v2\/product_brand?post=5900"},{"taxonomy":"product_cat","embeddable":true,"href":"https:\/\/madrid.bikespain.com\/es\/wp-json\/wp\/v2\/product_cat?post=5900"},{"taxonomy":"product_tag","embeddable":true,"href":"https:\/\/madrid.bikespain.com\/es\/wp-json\/wp\/v2\/product_tag?post=5900"}],"curies":[{"name":"wp","href":"https:\/\/api.w.org\/{rel}","templated":true}]}}