{"id":5761,"date":"2025-12-13T21:04:23","date_gmt":"2025-12-13T21:04:23","guid":{"rendered":"https:\/\/madrid.bikespain.com\/?post_type=product&#038;p=5761"},"modified":"2025-12-13T21:04:39","modified_gmt":"2025-12-13T21:04:39","slug":"cuba-en-bicicleta","status":"publish","type":"product","link":"https:\/\/madrid.bikespain.com\/es\/product\/cuba-en-bicicleta\/","title":{"rendered":"Cuba en bicicleta"},"content":{"rendered":"<h4>Incluido<\/h4>\n<ul>\n<li>7 noches de alojamiento y desayuno<\/li>\n<li>Comidas indicadas<\/li>\n<li>Bicicleta(s)<\/li>\n<li>Transfer privado<\/li>\n<li>Excursiones indicadas en ruta<\/li>\n<li>Transporte de bicicletas y equipaje<\/li>\n<li>Mapas y documentaci\u00f3n (espa\u00f1ol e ingl\u00e9s)<\/li>\n<li>Gu\u00eda (ingl\u00e9s)<\/li>\n<\/ul>\n<h4>No Incluido<\/h4>\n<ul>\n<li>Vuelos internacionales<\/li>\n<li>Coste de gestiones de VISA (aprox. 25 eur.)<\/li>\n<li>Excursiones opcionales<\/li>\n<li>Seguro de Viaje opcional (25 euros por persona)<\/li>\n<li>Casco y guantes de bici<\/li>\n<\/ul>\n<p>Cobertura para garantizar un viaje seguro. Un compa\u00f1ero de viaje indispensable proporcionada por BIKE SPAIN TOURS para nuestros clientes. Sin embargo, le pedimos que revise la cantidad limitada de dicha cobertura incluido en nuestro seguro, y confirmar con su compa\u00f1\u00eda de seguros que usted est\u00e1 cubierto de manera adecuada en cualquier caso.<\/p>\n<p><a href=\"https:\/\/www.bikespain.com\/wp-content\/uploads\/2017\/11\/insurance_bikespain_gvtour-1.pdf\" target=\"_blank\" rel=\"noopener noreferrer\">Ejemplo de p\u00f3liza de seguro<\/a><\/p>\n<h4>Opciones<\/h4>\n<p>Precio por persona en habitaci\u00f3n doble (viaje privado):<\/p>\n<table width=\"223\">\n<tbody>\n<tr>\n<td width=\"123\">N\u00ba de personas<\/td>\n<td width=\"94\">Precio<\/td>\n<\/tr>\n<tr>\n<td width=\"123\">1<\/td>\n<td width=\"94\">2.190,00 \u20ac<\/td>\n<\/tr>\n<tr>\n<td width=\"123\">2<\/td>\n<td width=\"94\">1.390,00 \u20ac<\/td>\n<\/tr>\n<tr>\n<td width=\"123\">3<\/td>\n<td width=\"94\">1.170,00 \u20ac<\/td>\n<\/tr>\n<tr>\n<td width=\"123\">4<\/td>\n<td width=\"94\">1.030,00 \u20ac<\/td>\n<\/tr>\n<tr>\n<td width=\"123\">5 y +<\/td>\n<td width=\"94\">980,00 \u20ac<\/td>\n<\/tr>\n<\/tbody>\n<\/table>\n<p>Suplemento habitaci\u00f3n individual: preguntar<\/p>\n<p>Traslado desde y hacia el aeropuerto: 20 \u20ac por persona y trayecto (min. 4 personas)<\/p>\n<h4>Nuestras Bicicletas<\/h4>\n<p>Bicicleta h\u00edbrida 7 &#8211; 21 marchas<\/p>\n<ul>\n<li>Incluida en el precio<\/li>\n<\/ul>\n","protected":false},"excerpt":{"rendered":"<div class=\"views-field views-field-field-texto-promocional\">\n<div class=\"field-content resultados_tipo_contenido\">Conoce a trav\u00e9s de la bici la isla m\u00e1s grande de las Antillas a ritmo caribe\u00f1o: su cultura, los campos de tabaco, la m\u00fasica, su naturaleza, la gastronom\u00eda, el color y sobre todo, sus alegres gentes.<\/div>\n<\/div>\n","protected":false},"featured_media":5787,"template":"","meta":[],"product_brand":[],"product_cat":[45],"product_tag":[],"class_list":{"0":"post-5761","1":"product","2":"type-product","3":"status-publish","4":"has-post-thumbnail","6":"product_cat-europe","8":"first","9":"instock","10":"taxable","11":"shipping-taxable","12":"purchasable","13":"product-type-variable"},"aioseo_notices":[],"_links":{"self":[{"href":"https:\/\/madrid.bikespain.com\/es\/wp-json\/wp\/v2\/product\/5761","targetHints":{"allow":["GET"]}}],"collection":[{"href":"https:\/\/madrid.bikespain.com\/es\/wp-json\/wp\/v2\/product"}],"about":[{"href":"https:\/\/madrid.bikespain.com\/es\/wp-json\/wp\/v2\/types\/product"}],"wp:featuredmedia":[{"embeddable":true,"href":"https:\/\/madrid.bikespain.com\/es\/wp-json\/wp\/v2\/media\/5787"}],"wp:attachment":[{"href":"https:\/\/madrid.bikespain.com\/es\/wp-json\/wp\/v2\/media?parent=5761"}],"wp:term":[{"taxonomy":"product_brand","embeddable":true,"href":"https:\/\/madrid.bikespain.com\/es\/wp-json\/wp\/v2\/product_brand?post=5761"},{"taxonomy":"product_cat","embeddable":true,"href":"https:\/\/madrid.bikespain.com\/es\/wp-json\/wp\/v2\/product_cat?post=5761"},{"taxonomy":"product_tag","embeddable":true,"href":"https:\/\/madrid.bikespain.com\/es\/wp-json\/wp\/v2\/product_tag?post=5761"}],"curies":[{"name":"wp","href":"https:\/\/api.w.org\/{rel}","templated":true}]}}