{"id":5759,"date":"2025-12-13T21:04:23","date_gmt":"2025-12-13T21:04:23","guid":{"rendered":"https:\/\/madrid.bikespain.com\/?post_type=product&#038;p=5759"},"modified":"2025-12-13T21:04:35","modified_gmt":"2025-12-13T21:04:35","slug":"grecia-las-islas-cicladas","status":"publish","type":"product","link":"https:\/\/madrid.bikespain.com\/es\/product\/grecia-las-islas-cicladas\/","title":{"rendered":"Grecia: Las islas Cicladas"},"content":{"rendered":"<h4>Incluido<\/h4>\n<ul>\n<li>Alojamiento 7 noches\u00a0en camarote doble con desayuno<\/li>\n<li>2 d\u00edas en pensi\u00f3n completa<\/li>\n<li>5 d\u00edas en media pensi\u00f3n<\/li>\n<li>S\u00e1banas y toallas<\/li>\n<li>Mapas y documentaci\u00f3n (espa\u00f1ol e ingl\u00e9s)<\/li>\n<li class=\"active\">Asistencia (ingl\u00e9s)<\/li>\n<\/ul>\n<h4>No Incluido<\/h4>\n<ul>\n<li>Vuelos<\/li>\n<li>Bicicleta<\/li>\n<li>Bebidas a bordo<\/li>\n<li>Algunos almuerzos<\/li>\n<li>Tasas de embarque: 50 \u20ac\/adulto; 20 \u20ac\/ni\u00f1o hasta 16 a\u00f1os (a pagar en efectivo en destino)<\/li>\n<li>Actividades extras<\/li>\n<li>Seguro personal de viaje: 20\u20ac\/persona<\/li>\n<li>Propinas<\/li>\n<\/ul>\n<p>Seguro de viaje, un compa\u00f1ero de viaje indispensable proporcionado por BIKE SPAIN TOURS. Sin embargo, le pedimos que revise la cantidad limitada de dicha cobertura incluida en nuestro seguro, y confirmar con su compa\u00f1\u00eda de seguros que usted est\u00e1 cubierto de manera adecuada en cualquier caso.<\/p>\n<p><a href=\"https:\/\/www.bikespain.com\/wp-content\/uploads\/2017\/11\/insurance_bikespain_gvtour-1.pdf\" target=\"_blank\" rel=\"noopener noreferrer\">Ejemplo de p\u00f3liza de seguro<\/a><\/p>\n<h4>Opciones<\/h4>\n<div class=\"gdlr-core-pbf-element\">\n<div class=\"gdlr-core-text-box-item gdlr-core-item-pdlr gdlr-core-item-pdb gdlr-core-left-align\">\n<div class=\"gdlr-core-text-box-item-content\">\n<p><strong>BARCO THALASSA<\/strong><\/p>\n<p>Precio por persona en camarote doble, en bajo cubierta:<\/p>\n<table width=\"354\">\n<tbody>\n<tr>\n<td width=\"170\"><strong>Dates<\/strong><\/td>\n<td width=\"184\"><strong>Basic tour price <\/strong><\/td>\n<\/tr>\n<tr>\n<td width=\"170\">22.04. \u2013 29.04.2023<\/td>\n<td width=\"184\">2,390 euro (Thalassa)<\/td>\n<\/tr>\n<tr>\n<td width=\"170\">29.04. \u2013 06.05.2023<\/td>\n<td width=\"184\">2,390 euro (Thalassa)<\/td>\n<\/tr>\n<tr>\n<td width=\"170\">06.05. \u2013 13.05.2023<\/td>\n<td width=\"184\">2,390 euro (Thalassa)<\/td>\n<\/tr>\n<tr>\n<td width=\"170\">13.05. \u2013 20.05.2023<\/td>\n<td width=\"184\">2,390 euro (Thalassa)<\/td>\n<\/tr>\n<tr>\n<td width=\"170\">20.05. \u2013 27.05.2023<\/td>\n<td width=\"184\">2,390 euro (Thalassa)<\/td>\n<\/tr>\n<tr>\n<td width=\"170\">27.05. \u2013 03.06.2023<\/td>\n<td width=\"184\">2,390 euro (Thalassa)<\/td>\n<\/tr>\n<tr>\n<td width=\"170\">03.06. \u2013 10.06.2023<\/td>\n<td width=\"184\">2,390 euro (Thalassa)<\/td>\n<\/tr>\n<tr>\n<td width=\"170\">10.06. \u2013 17.06.2023<\/td>\n<td width=\"184\">2,390 euro (Thalassa)<\/td>\n<\/tr>\n<tr>\n<td width=\"170\">17.06. \u2013 24.06.2023<\/td>\n<td width=\"184\">2,390 euro (Thalassa)<\/td>\n<\/tr>\n<tr>\n<td width=\"170\">26.08. \u2013 02.09.2023<\/td>\n<td width=\"184\">2,390 euro (Thalassa)<\/td>\n<\/tr>\n<tr>\n<td width=\"170\">02.09. \u2013 09.09.2023<\/td>\n<td width=\"184\">2,390 euro (Thalassa)<\/td>\n<\/tr>\n<tr>\n<td width=\"170\">09.09. \u2013 16.09.2023<\/td>\n<td width=\"184\">2,390 euro (Thalassa)<\/td>\n<\/tr>\n<tr>\n<td width=\"170\">16.09. \u2013 23.09.2023<\/td>\n<td width=\"184\">2,390 euro (Thalassa)<\/td>\n<\/tr>\n<tr>\n<td width=\"170\">23.09. \u2013 30.09.2023<\/td>\n<td width=\"184\">2,390 euro (Thalassa)<\/td>\n<\/tr>\n<tr>\n<td width=\"170\">30.09. \u2013 07.10.2023<\/td>\n<td width=\"184\">2,390 euro (Thalassa)<\/td>\n<\/tr>\n<\/tbody>\n<\/table>\n<p>De haber 3 personas compartiendo cabina, el tercero lleva un descuento de 50% sobre su precio base.<\/p>\n<ul>\n<li>Ni\u00f1os hasta 16 a\u00f1os se aplica un descuento del 25% sobre el precio final del viaje.<\/li>\n<\/ul>\n<p>Suplemento camarote sobre cubierta: + 100 \u20ac por persona<\/p>\n<p>Extensi\u00f3n a Mykonos, Santorini o noches extra en Atenas: consultar.<\/p>\n<p>*No se ofrece conexi\u00f3n WiFi a bordo de su barco. Si necesita conectarse a Internet durante el recorrido, le recomendamos llevar su dispositivo electr\u00f3nico port\u00e1til o conectarse en una cafeter\u00eda o bar en alg\u00fan lugar del puerto. Hay wifi gratis en casi todas partes. Si pide algo para comer o beber, puede usar el WiFi a su gusto.<\/p>\n<\/div>\n<\/div>\n<\/div>\n<div class=\"gdlr-core-pbf-element\">\n<div class=\"gdlr-core-icon-list-item gdlr-core-item-pdlr gdlr-core-item-pdb \">\n<p><span class=\"gdlr-core-icon-list-content\">Suplemento individual:<\/span><\/p>\n<ul>\n<li><span class=\"gdlr-core-icon-list-content\">Bajo cubierta: +800 \u20ac<\/span><\/li>\n<li><span class=\"gdlr-core-icon-list-content\">Sobre cubierta: consultar<\/span><\/li>\n<\/ul>\n<p><span class=\"gdlr-core-icon-list-content\">Descuentos infantiles:<\/span><\/p>\n<ul>\n<li><span class=\"gdlr-core-icon-list-content\">Hasta 16 a\u00f1os: 25 % en camarote doble con dos adultos<\/span><\/li>\n<\/ul>\n<p><span class=\"gdlr-core-icon-list-content\">Alquiler de bicicleta:<\/span><\/p>\n<ul>\n<li><span class=\"gdlr-core-icon-list-content\">Bicicleta de paseo: 80 \u20ac<\/span><\/li>\n<li><span class=\"gdlr-core-icon-list-content\">Bicicleta el\u00e9ctrica: 180 \u20ac<\/span><\/li>\n<li><span class=\"gdlr-core-icon-list-content\">Trailer: 20 \u20ac<\/span><\/li>\n<li><span class=\"gdlr-core-icon-list-content\">Seguro de bicicleta: +20 \u20ac<\/span><\/li>\n<\/ul>\n<p><span class=\"gdlr-core-icon-list-content\">Traslado colectivo al aeropuerto: 30 \u20ac por persona<\/span><\/p>\n<\/div>\n<\/div>\n<h4>Nuestras Bicicletas<\/h4>\n<div class=\"b-tabs\">\n<div class=\"tabs-content\">\n<div class=\"active tab\">\n<div class=\"tab-others-campos\">\n<p>Bicicletas de mujeres, de hombres y de ni\u00f1os:<\/p>\n<ul>\n<li>21 velocidades<\/li>\n<li>S, M, L, XL<\/li>\n<\/ul>\n<p>Bicicletas el\u00e9ctricas:<\/p>\n<ul>\n<li>Primeras marcas<\/li>\n<\/ul>\n<p>Accesorios (t\u00e1ndem, semi-t\u00e1ndem, sill\u00edn): consultarnos.<\/p>\n<p>Accesorios:<\/p>\n<ul>\n<li>alforja<\/li>\n<\/ul>\n<p>El casco en Grecia no es obligatorio pero s\u00ed recomendable. Posibilidad de alquilarlos a bordo bajo previa solicitud (cantidad limitada)<\/p>\n<h4>Destacamos<\/h4>\n<ul>\n<li>Las islas m\u00e1s bonitas de Grecia: Corfu, Paxos, Cefalonia.<\/li>\n<li>Incre\u00edbles playas de agua cristalina<\/li>\n<li>Pedalear a 25 grados sin calor. Siempre hay una ligera brisa<\/li>\n<li>Paisaje increibles en las arboleda de Paxos<\/li>\n<li>Ideal para familias<\/li>\n<\/ul>\n<\/div>\n<\/div>\n<\/div>\n<\/div>\n","protected":false},"excerpt":{"rendered":"<div class=\"views-field views-field-field-texto-promocional\">\n<div class=\"field-content resultados_tipo_contenido\">Bike Spain te ofrece la oportunidad de concoer las islas Cicladas en barco y bici en un viaje que recorre las ciudades m\u00e1s impresioanntes del archipi\u00e9lago griego.<\/div>\n<\/div>\n","protected":false},"featured_media":5785,"template":"","meta":[],"product_brand":[],"product_cat":[45],"product_tag":[],"class_list":{"0":"post-5759","1":"product","2":"type-product","3":"status-publish","4":"has-post-thumbnail","6":"product_cat-europe","8":"first","9":"instock","10":"taxable","11":"shipping-taxable","12":"purchasable","13":"product-type-variable"},"aioseo_notices":[],"_links":{"self":[{"href":"https:\/\/madrid.bikespain.com\/es\/wp-json\/wp\/v2\/product\/5759","targetHints":{"allow":["GET"]}}],"collection":[{"href":"https:\/\/madrid.bikespain.com\/es\/wp-json\/wp\/v2\/product"}],"about":[{"href":"https:\/\/madrid.bikespain.com\/es\/wp-json\/wp\/v2\/types\/product"}],"wp:featuredmedia":[{"embeddable":true,"href":"https:\/\/madrid.bikespain.com\/es\/wp-json\/wp\/v2\/media\/5785"}],"wp:attachment":[{"href":"https:\/\/madrid.bikespain.com\/es\/wp-json\/wp\/v2\/media?parent=5759"}],"wp:term":[{"taxonomy":"product_brand","embeddable":true,"href":"https:\/\/madrid.bikespain.com\/es\/wp-json\/wp\/v2\/product_brand?post=5759"},{"taxonomy":"product_cat","embeddable":true,"href":"https:\/\/madrid.bikespain.com\/es\/wp-json\/wp\/v2\/product_cat?post=5759"},{"taxonomy":"product_tag","embeddable":true,"href":"https:\/\/madrid.bikespain.com\/es\/wp-json\/wp\/v2\/product_tag?post=5759"}],"curies":[{"name":"wp","href":"https:\/\/api.w.org\/{rel}","templated":true}]}}