{"id":5755,"date":"2025-12-13T21:04:22","date_gmt":"2025-12-13T21:04:22","guid":{"rendered":"https:\/\/madrid.bikespain.com\/?post_type=product&#038;p=5755"},"modified":"2025-12-13T21:04:35","modified_gmt":"2025-12-13T21:04:35","slug":"perlas-de-eslovenia-en-bicicleta","status":"publish","type":"product","link":"https:\/\/madrid.bikespain.com\/es\/product\/perlas-de-eslovenia-en-bicicleta\/","title":{"rendered":"Perlas de Eslovenia en bicicleta"},"content":{"rendered":"<h4>Incluido<\/h4>\n<ul>\n<li>Alojamiento en habitaci\u00f3n doble con desayuno<\/li>\n<li>Traslado de equipaje (max. 1 maleta por persona hasta 20 kg)<\/li>\n<li>Reuni\u00f3n de bienvenida<\/li>\n<li>Mapas y documentaci\u00f3n en formato electr\u00f3nico ( ingl\u00e9s)<\/li>\n<li class=\"active\">Asistencia telef\u00f3nica (ingl\u00e9s)<\/li>\n<li>GPS Tracks<\/li>\n<\/ul>\n<h4>No Incluido<\/h4>\n<ul>\n<li>Vuelos<\/li>\n<li>Bicicleta<\/li>\n<li>Comidas y cenas<\/li>\n<li>Actividades extras<\/li>\n<li>Seguro personal de viaje: 20 \u20ac\/persona<\/li>\n<li>Tasas de turismo puntuales<\/li>\n<\/ul>\n<p>Cobertura para garantizar un viaje seguro. Un compa\u00f1ero de viaje indispensable proporcionada por BIKE SPAIN TOURS para nuestros clientes. Sin embargo, le pedimos que revise la cantidad limitada de dicha cobertura incluido en nuestro seguro, y confirmar con su compa\u00f1\u00eda de seguros que usted est\u00e1 cubierto de manera adecuada en cualquier caso.<\/p>\n<p><a href=\"https:\/\/www.bikespain.com\/wp-content\/uploads\/2017\/11\/insurance_bikespain_gvtour-1.pdf\" target=\"_blank\" rel=\"noopener noreferrer\">Ejemplo de p\u00f3liza de seguro<\/a><\/p>\n<h4>Opciones<\/h4>\n<p>Precio por persona en habitaci\u00f3n doble:<\/p>\n<ul>\n<li class=\" gdlr-core-skin-divider\">Temporada 1: del 25 Mar a 14 Oct 2022 (excepto temporada 2): 825 \u20ac<\/li>\n<li class=\" gdlr-core-skin-divider\">Temporada 2: 07 de May al 15 de Sept: 860\u20ac<\/li>\n<\/ul>\n<p>Descuentos infantiles (hasta 12 a\u00f1os, compartiendo habitaci\u00f3n con dos adultos):<\/p>\n<ul>\n<li>Ni\u00f1os de 6 a 12 a\u00f1os: 25%<\/li>\n<li>Ni\u00f1os de 2 a 5 a\u00f1os: 45\u00a0%<\/li>\n<li>Hasta 1 a\u00f1o: 100%<\/li>\n<\/ul>\n<p>Suplemento individual:<\/p>\n<ul>\n<li>280 \u20ac<\/li>\n<\/ul>\n<p>Alquiler de bicicleta:<\/p>\n<ul>\n<li>Bicicleta de paseo: 90\u20ac<\/li>\n<li>Bicicleta el\u00e9ctrica: 220\u20ac<\/li>\n<\/ul>\n<ul>\n<li class=\" gdlr-core-skin-divider\"><span class=\"gdlr-core-icon-list-content\">Noches extras en Bled:<\/span><\/li>\n<li class=\" gdlr-core-skin-divider\">Habitaci\u00f3n doble Hotel 4*: 105 \u20ac\/persona\/noche<\/li>\n<li class=\" gdlr-core-skin-divider\"><span class=\"gdlr-core-icon-list-content\">Suplemento individual Hotel 4*: 170\u20ac<\/span><\/li>\n<\/ul>\n<div class=\"gdlr-core-icon-list-content-wrap\"><span class=\"gdlr-core-icon-list-content\">Ruta alternativa 5 dias\/4 noches con Salida desde Bled y llegada a Liubliana: Consultar.<\/span><\/div>\n<div>\n<div class=\"gdlr-core-icon-list-content-wrap\"><span class=\"gdlr-core-icon-list-content\">Transfers: consultar precios.<\/span><\/div>\n<\/div>\n<h4>Nuestras Bicicletas<\/h4>\n<p>Bicicletas de mujeres, de hombres, unisex y de ni\u00f1os:<\/p>\n<ul>\n<li>21 velocidades<\/li>\n<li>7 velocidades<\/li>\n<li>XS, S, M, L, XL<\/li>\n<\/ul>\n<p>Bicicletas el\u00e9ctricas: Helia<\/p>\n<p>Accesorios infantiles:<\/p>\n<ul>\n<li>sill\u00edn infantil: 25 \u20ac<\/li>\n<li>remolque: 60 \u20ac<\/li>\n<li>semi-tandem \u00abFollow-me\u00bb: 60 \u20ac<\/li>\n<\/ul>\n<p>Accesorios:<\/p>\n<ul>\n<li>alforja<\/li>\n<li>candado<\/li>\n<li>herramientas<\/li>\n<li>bomba<\/li>\n<li>tracks GPS disponibles<\/li>\n<\/ul>\n<p>En este tour, se ofrecen cascos por 12\u20ac\/persona. En Eslovenia, el casco no es obligatorio pero recomendado.<\/p>\n","protected":false},"excerpt":{"rendered":"<div class=\"views-field views-field-field-texto-promocional\">\n<div class=\"field-content resultados_tipo_contenido\">A medio camino entre Viena y Venecia hay un paraiso escondido a los pies de los Alpes.<\/div>\n<\/div>\n","protected":false},"featured_media":5781,"template":"","meta":[],"product_brand":[],"product_cat":[45],"product_tag":[],"class_list":{"0":"post-5755","1":"product","2":"type-product","3":"status-publish","4":"has-post-thumbnail","6":"product_cat-europe","8":"first","9":"instock","10":"taxable","11":"shipping-taxable","12":"purchasable","13":"product-type-variable"},"aioseo_notices":[],"_links":{"self":[{"href":"https:\/\/madrid.bikespain.com\/es\/wp-json\/wp\/v2\/product\/5755","targetHints":{"allow":["GET"]}}],"collection":[{"href":"https:\/\/madrid.bikespain.com\/es\/wp-json\/wp\/v2\/product"}],"about":[{"href":"https:\/\/madrid.bikespain.com\/es\/wp-json\/wp\/v2\/types\/product"}],"wp:featuredmedia":[{"embeddable":true,"href":"https:\/\/madrid.bikespain.com\/es\/wp-json\/wp\/v2\/media\/5781"}],"wp:attachment":[{"href":"https:\/\/madrid.bikespain.com\/es\/wp-json\/wp\/v2\/media?parent=5755"}],"wp:term":[{"taxonomy":"product_brand","embeddable":true,"href":"https:\/\/madrid.bikespain.com\/es\/wp-json\/wp\/v2\/product_brand?post=5755"},{"taxonomy":"product_cat","embeddable":true,"href":"https:\/\/madrid.bikespain.com\/es\/wp-json\/wp\/v2\/product_cat?post=5755"},{"taxonomy":"product_tag","embeddable":true,"href":"https:\/\/madrid.bikespain.com\/es\/wp-json\/wp\/v2\/product_tag?post=5755"}],"curies":[{"name":"wp","href":"https:\/\/api.w.org\/{rel}","templated":true}]}}