{"id":5419,"date":"2025-12-13T21:03:00","date_gmt":"2025-12-13T21:03:00","guid":{"rendered":"https:\/\/madrid.bikespain.com\/?post_type=product&#038;p=5419"},"modified":"2025-12-13T21:04:21","modified_gmt":"2025-12-13T21:04:21","slug":"italia-toscana-de-lucca-a-florencia","status":"publish","type":"product","link":"https:\/\/madrid.bikespain.com\/es\/product\/italia-toscana-de-lucca-a-florencia\/","title":{"rendered":"Italia: Toscana, de Lucca a Florencia"},"content":{"rendered":"<h4>Incluido<\/h4>\n<ul>\n<li>Alojamiento en habitaci\u00f3n doble con desayuno<\/li>\n<li>Traslado de equipaje<\/li>\n<li>Mapas y documentaci\u00f3n (ingl\u00e9s)<\/li>\n<li>Tracks GPS<\/li>\n<li>Asistencia (ingl\u00e9s)<\/li>\n<\/ul>\n<h4>No Incluido<b><\/b><\/h4>\n<ul>\n<li>Vuelos<\/li>\n<li>Bicicleta<\/li>\n<li>Trenes<\/li>\n<li>Comidas y cenas<\/li>\n<li>Actividades extras<\/li>\n<li>Tasas locales (10 &#8211; 15\u20ac)<\/li>\n<li>Seguro de viaje: 20 \u20ac\/persona<\/li>\n<\/ul>\n<p>Cobertura para garantizar un viaje seguro. Un compa\u00f1ero de viaje indispensable proporcionada por BIKE SPAIN TOURS para nuestros clientes. Sin embargo, le pedimos que revise la cantidad limitada de dicha cobertura incluido en nuestro seguro, y confirmar con su compa\u00f1\u00eda de seguros que usted est\u00e1 cubierto de manera adecuada en cualquier caso.<\/p>\n<p><a href=\"https:\/\/www.bikespain.com\/wp-content\/uploads\/2017\/11\/insurance_bikespain_gvtour-1.pdf\" target=\"_blank\" rel=\"noopener noreferrer\">Ejemplo de p\u00f3liza de seguro<\/a><\/p>\n<h4>Opciones<\/h4>\n<div class=\"gdlr-core-icon-list-content-wrap\"><span class=\"gdlr-core-icon-list-content\">Precio por persona en habitaci\u00f3n doble:<\/span><\/div>\n<div class=\"gdlr-core-icon-list-content-wrap\"><span class=\"gdlr-core-icon-list-content\">Categor\u00eda A: hoteles 4* (y alguno de 3*) &#8211; Categor\u00eda B: hoteles 3*<\/span><\/div>\n<ul>\n<li class=\" gdlr-core-skin-divider clearfix\">\n<div class=\"gdlr-core-icon-list-content-wrap\"><span class=\"gdlr-core-icon-list-content\">Temporada 1 ( 15\/04 &#8211; 21\/04 y 30\/09 &#8211; 07\/10\/2023): Categor\u00eda A: 830 \u20ac &#8211; Categor\u00eda B: 730 \u20ac<\/span><\/div>\n<\/li>\n<li class=\" gdlr-core-skin-divider clearfix\">\n<div class=\"gdlr-core-icon-list-content-wrap\"><span class=\"gdlr-core-icon-list-content\">Temporada 2 (08\/04 &#8211; 14\/04, 22\/04, 12\/05 y 09\/09 &#8211; 29\/09\/2023): Categor\u00eda A: 940 \u20ac &#8211; Categor\u00eda B: 840 \u20ac<\/span><\/div>\n<\/li>\n<li class=\" gdlr-core-skin-divider clearfix\">\n<div class=\"gdlr-core-icon-list-content-wrap\"><span class=\"gdlr-core-icon-list-content\">Temporada 3 (13\/05 &#8211; 8\/09\/2023): Categor\u00eda A: 990\u20ac &#8211; Catgor\u00eda B: 890\u20ac<\/span><\/div>\n<\/li>\n<\/ul>\n<div class=\"gdlr-core-icon-list-content-wrap\"><span class=\"gdlr-core-icon-list-content\">Preguntar precios por 3\u00aa persona en habitaci\u00f3n triple y suplemento individual.<\/span><\/div>\n<div><\/div>\n<div class=\"gdlr-core-icon-list-content-wrap\"><span class=\"gdlr-core-icon-list-content\">Alquiler de bicicleta:<\/span><\/div>\n<ul>\n<li class=\" gdlr-core-skin-divider clearfix\">\n<div class=\"gdlr-core-icon-list-content-wrap\"><span class=\"gdlr-core-icon-list-content\">Bicicleta de paseo: 100 \u20ac<\/span><\/div>\n<\/li>\n<li class=\" gdlr-core-skin-divider clearfix\">\n<div class=\"gdlr-core-icon-list-content-wrap\"><span class=\"gdlr-core-icon-list-content\">Bicicleta el\u00e9ctrica: 250 \u20ac<\/span><\/div>\n<\/li>\n<\/ul>\n<h4>Nuestras Bicicletas<\/h4>\n<p>Bicicletas unisex y ni\u00f1os:<\/p>\n<ul>\n<li>27 y 9 velocidades<\/li>\n<li>XS, S, M, L, XL<\/li>\n<\/ul>\n<p>Accesorios infantiles: consultarnos<\/p>\n<p>Accesorios:<\/p>\n<ul>\n<li>bolsa de sill\u00edn<\/li>\n<li>kit de reparaci\u00f3n<\/li>\n<li>botella de agua<\/li>\n<li>bomba de aire<\/li>\n<li>candado<\/li>\n<\/ul>\n<p>En Italia, el casco no es obligatorio, pero recomendado. Puedes alquilar un casco por 10 \u20ac (con reserva previa).<\/p>\n","protected":false},"excerpt":{"rendered":"<div class=\"views-field views-field-field-texto-promocional\">\n<div class=\"field-content resultados_tipo_contenido\">Ruta para iniciados en el cicloturismo, amantes del arte y apasionados por la cocina mediterr\u00e1nea.<\/div>\n<\/div>\n","protected":false},"featured_media":5448,"template":"","meta":[],"product_brand":[],"product_cat":[45],"product_tag":[],"class_list":{"0":"post-5419","1":"product","2":"type-product","3":"status-publish","4":"has-post-thumbnail","6":"product_cat-europe","8":"first","9":"instock","10":"purchasable","11":"product-type-variable"},"aioseo_notices":[],"_links":{"self":[{"href":"https:\/\/madrid.bikespain.com\/es\/wp-json\/wp\/v2\/product\/5419","targetHints":{"allow":["GET"]}}],"collection":[{"href":"https:\/\/madrid.bikespain.com\/es\/wp-json\/wp\/v2\/product"}],"about":[{"href":"https:\/\/madrid.bikespain.com\/es\/wp-json\/wp\/v2\/types\/product"}],"wp:featuredmedia":[{"embeddable":true,"href":"https:\/\/madrid.bikespain.com\/es\/wp-json\/wp\/v2\/media\/5448"}],"wp:attachment":[{"href":"https:\/\/madrid.bikespain.com\/es\/wp-json\/wp\/v2\/media?parent=5419"}],"wp:term":[{"taxonomy":"product_brand","embeddable":true,"href":"https:\/\/madrid.bikespain.com\/es\/wp-json\/wp\/v2\/product_brand?post=5419"},{"taxonomy":"product_cat","embeddable":true,"href":"https:\/\/madrid.bikespain.com\/es\/wp-json\/wp\/v2\/product_cat?post=5419"},{"taxonomy":"product_tag","embeddable":true,"href":"https:\/\/madrid.bikespain.com\/es\/wp-json\/wp\/v2\/product_tag?post=5419"}],"curies":[{"name":"wp","href":"https:\/\/api.w.org\/{rel}","templated":true}]}}