{"id":5418,"date":"2025-12-13T21:03:00","date_gmt":"2025-12-13T21:03:00","guid":{"rendered":"https:\/\/madrid.bikespain.com\/?post_type=product&#038;p=5418"},"modified":"2025-12-13T21:04:21","modified_gmt":"2025-12-13T21:04:21","slug":"italia-ruta-guiada-por-el-veneto","status":"publish","type":"product","link":"https:\/\/madrid.bikespain.com\/es\/product\/italia-ruta-guiada-por-el-veneto\/","title":{"rendered":"Italia: Ruta guiada por el V\u00e9neto"},"content":{"rendered":"<h4>Incluido<\/h4>\n<ul>\n<li>Alojamiento en habitaci\u00f3n doble con desayuno<\/li>\n<li>Traslado de equipaje<\/li>\n<li>Media pensi\u00f3n<\/li>\n<li>Gu\u00eda (ingl\u00e9s)<\/li>\n<li>Reuni\u00f3n de bienvenida<\/li>\n<li>Veh\u00edculo de apoyo<\/li>\n<li>Tour guiado de Venecia<\/li>\n<li>Entrada a Villa Valmarana ai Nani<\/li>\n<li>Otras visitas y catas de vino<\/li>\n<li>Helado en Vicenza<\/li>\n<li>Ferris en ruta (bici no incl., aprox. 4 \u20ac)<\/li>\n<li>Mapas y documentaci\u00f3n (espa\u00f1ol e ingl\u00e9s)<\/li>\n<\/ul>\n<h4>No Incluido<\/h4>\n<ul>\n<li>Vuelos<\/li>\n<li>Bicicleta<\/li>\n<li>Actividades extras<\/li>\n<li>Almuerzos<\/li>\n<li>Bebidas en las cenas<\/li>\n<li>Tasas de turismo (aprox. 10-15 \u20ac)<\/li>\n<li>Seguro de viaje: 20 \u20ac\/persona<\/li>\n<li>Propinas<\/li>\n<\/ul>\n<p>Cobertura para garantizar un viaje seguro. Un compa\u00f1ero de viaje indispensable proporcionada por BIKE SPAIN TOURS para nuestros clientes. Sin embargo, le pedimos que revise la cantidad limitada de dicha cobertura incluido en nuestro seguro, y confirmar con su compa\u00f1\u00eda de seguros que usted est\u00e1 cubierto de manera adecuada en cualquier caso.<\/p>\n<p><a href=\"https:\/\/www.bikespain.com\/wp-content\/uploads\/2017\/11\/insurance_bikespain_gvtour-1.pdf\" target=\"_blank\" rel=\"noopener noreferrer\">Ejemplo de p\u00f3liza de seguro<\/a><\/p>\n<h4>Opciones<\/h4>\n<p>Fechas:<\/p>\n<table border=\"1\" cellspacing=\"1\" cellpadding=\"1\">\n<tbody>\n<tr>\n<td>14 de abril 2018<\/td>\n<\/tr>\n<tr>\n<td>19 de mayo de 2018<\/td>\n<\/tr>\n<tr>\n<td>23 de junio de 2018<\/td>\n<\/tr>\n<tr>\n<td>15 de octubre de 2018<\/td>\n<\/tr>\n<tr>\n<td>6 de octubre 2018<\/td>\n<\/tr>\n<\/tbody>\n<\/table>\n<p>&nbsp;<\/p>\n<p>Precio por persona en habitaci\u00f3n doble:<\/p>\n<ul>\n<li>1.020 \u20ac\/persona<\/li>\n<\/ul>\n<p>Descuentos para la 3\u00aa y 4\u00aa persona (compartiendo habitaci\u00f3n con dos adultos):<\/p>\n<ul>\n<li>Hasta 2 a\u00f1os: &#8211; 90 %<\/li>\n<li>De 3 a 5 a\u00f1os: &#8211; 50 %<\/li>\n<li>De 6 a 8 a\u00f1os: &#8211; 30 %<\/li>\n<li>&gt; de 8 a\u00f1os: &#8211; 130 \u20ac<\/li>\n<\/ul>\n<p>Suplemento individual:<\/p>\n<ul>\n<li>+ 230 \u20ac<\/li>\n<\/ul>\n<p>Alquiler de bicicleta:<\/p>\n<ul>\n<li>Bicicleta de paseo: 85\u00a0\u20ac<\/li>\n<li>Bicicleta el\u00e9ctrica: 190\u00a0\u20ac<\/li>\n<\/ul>\n<p>Noche extra: consultarnos<\/p>\n<p>Pol\u00edticas de cancelaci\u00f3n especiales:<\/p>\n<ul>\n<li>Antes de 90 d\u00edas: 10% del total del viaje<\/li>\n<li>Entre 89 y 60 d\u00edas antes de la salida: 40% del total del viaje<\/li>\n<li>Entre 59 y 30 d\u00edas antes de la salida: 60% del total del viaje<\/li>\n<li>Entre 29 y 7 d\u00edas antes de la salida: 85% del total del viaje<\/li>\n<li>Entre 6 y 1 d\u00eda antes de la salida: 95% del total del viaje<\/li>\n<li>D\u00eda anterior y no presentaci\u00f3n: 100% del total del viaje<\/li>\n<\/ul>\n<h4>Nuestras Bicicletas<\/h4>\n<p>Bicicletas de mujeres, de hombres\u00a0y de ni\u00f1os:<\/p>\n<ul>\n<li>7 velocidades<\/li>\n<li>27 velocidades<\/li>\n<li>XS, S, M, L, XL<\/li>\n<\/ul>\n<p>Bicicletas el\u00e9ctricas: Flyer o\u00a0Kalkhoff<\/p>\n<p>Accesorios infantiles: constultarnos<\/p>\n<p>Accesorios:<\/p>\n<ul>\n<li>bolsa de manillar<\/li>\n<li>botella de agua<\/li>\n<li>kit de reparaci\u00f3n<\/li>\n<li>candado<\/li>\n<\/ul>\n<p>En Italia, el casco no es obligatorio pero recomendado.\u00a0Puedes alquilar un casco por 17\u00a0\u20ac\/persona (con reserva previa).<\/p>\n","protected":false},"excerpt":{"rendered":"<div class=\"views-field views-field-field-texto-promocional\">\n<div class=\"field-content resultados_tipo_contenido\">Siguiendo el mismo itinerario que en la opci\u00f3n auto guiada, con la comodidad y la tranquilidad de viajar en grupo.<\/div>\n<\/div>\n","protected":false},"featured_media":5447,"template":"","meta":[],"product_brand":[],"product_cat":[45],"product_tag":[],"class_list":{"0":"post-5418","1":"product","2":"type-product","3":"status-publish","4":"has-post-thumbnail","6":"product_cat-europe","8":"first","9":"instock","10":"taxable","11":"shipping-taxable","12":"purchasable","13":"product-type-variable"},"aioseo_notices":[],"_links":{"self":[{"href":"https:\/\/madrid.bikespain.com\/es\/wp-json\/wp\/v2\/product\/5418","targetHints":{"allow":["GET"]}}],"collection":[{"href":"https:\/\/madrid.bikespain.com\/es\/wp-json\/wp\/v2\/product"}],"about":[{"href":"https:\/\/madrid.bikespain.com\/es\/wp-json\/wp\/v2\/types\/product"}],"wp:featuredmedia":[{"embeddable":true,"href":"https:\/\/madrid.bikespain.com\/es\/wp-json\/wp\/v2\/media\/5447"}],"wp:attachment":[{"href":"https:\/\/madrid.bikespain.com\/es\/wp-json\/wp\/v2\/media?parent=5418"}],"wp:term":[{"taxonomy":"product_brand","embeddable":true,"href":"https:\/\/madrid.bikespain.com\/es\/wp-json\/wp\/v2\/product_brand?post=5418"},{"taxonomy":"product_cat","embeddable":true,"href":"https:\/\/madrid.bikespain.com\/es\/wp-json\/wp\/v2\/product_cat?post=5418"},{"taxonomy":"product_tag","embeddable":true,"href":"https:\/\/madrid.bikespain.com\/es\/wp-json\/wp\/v2\/product_tag?post=5418"}],"curies":[{"name":"wp","href":"https:\/\/api.w.org\/{rel}","templated":true}]}}