{"id":5417,"date":"2025-12-13T21:03:00","date_gmt":"2025-12-13T21:03:00","guid":{"rendered":"https:\/\/madrid.bikespain.com\/?post_type=product&#038;p=5417"},"modified":"2025-12-13T21:04:21","modified_gmt":"2025-12-13T21:04:21","slug":"italia-piamonte-en-bicicleta","status":"publish","type":"product","link":"https:\/\/madrid.bikespain.com\/es\/product\/italia-piamonte-en-bicicleta\/","title":{"rendered":"Italia: Piamonte en bicicleta"},"content":{"rendered":"<h4>Incluido<\/h4>\n<ul>\n<li class=\"gdlr-core-icon-list-content-wrap\"><span class=\"gdlr-core-icon-list-content\">Alojamiento en habitaci\u00f3n con desayuno tipo buffet<\/span><\/li>\n<li class=\"gdlr-core-icon-list-content-wrap\"><span class=\"gdlr-core-icon-list-content\">Traslado de equipaje<\/span><\/li>\n<li class=\"gdlr-core-icon-list-content-wrap\"><span class=\"gdlr-core-icon-list-content\">Reuni\u00f3n de bienvenida<\/span><\/li>\n<li class=\"gdlr-core-icon-list-content-wrap\"><span class=\"gdlr-core-icon-list-content\">Tren Chieri-Tur\u00edn (bici incl.)<\/span><\/li>\n<li class=\"gdlr-core-icon-list-content-wrap\"><span class=\"gdlr-core-icon-list-content\">Mapas y documentaci\u00f3n (espa\u00f1ol e ingl\u00e9s)<\/span><\/li>\n<li class=\"gdlr-core-icon-list-content-wrap\"><span class=\"gdlr-core-icon-list-content\">Asistencia (ingl\u00e9s)<\/span><\/li>\n<\/ul>\n<h4>No Incluido<\/h4>\n<ul>\n<li class=\"gdlr-core-icon-list-content-wrap\"><span class=\"gdlr-core-icon-list-content\">Vuelos<\/span><\/li>\n<li class=\"gdlr-core-icon-list-content-wrap\"><span class=\"gdlr-core-icon-list-content\">Bicicleta<\/span><\/li>\n<li class=\"gdlr-core-icon-list-content-wrap\"><span class=\"gdlr-core-icon-list-content\">Almuerzos y cenas<\/span><\/li>\n<li class=\"gdlr-core-icon-list-content-wrap\"><span class=\"gdlr-core-icon-list-content\">Tasas de turismo<\/span><\/li>\n<li class=\"gdlr-core-icon-list-content-wrap\"><span class=\"gdlr-core-icon-list-content\">Actividades extras<\/span><\/li>\n<li class=\"gdlr-core-icon-list-content-wrap\"><span class=\"gdlr-core-icon-list-content\">Seguro personal de viaje: 20 \u20ac\/persona<\/span><\/li>\n<\/ul>\n<p>Cobertura para garantizar un viaje seguro. Un compa\u00f1ero de viaje indispensable proporcionada por BIKE SPAIN TOURS para nuestros clientes. Sin embargo, le pedimos que revise la cantidad limitada de dicha cobertura incluido en nuestro seguro, y confirmar con su compa\u00f1\u00eda de seguros que usted est\u00e1 cubierto de manera adecuada en cualquier caso.<\/p>\n<p><a href=\"https:\/\/www.bikespain.com\/wp-content\/uploads\/2017\/11\/insurance_bikespain_gvtour-1.pdf\" target=\"_blank\" rel=\"noopener noreferrer\">Ejemplo de p\u00f3liza de seguro<\/a><\/p>\n<h4>Opciones<\/h4>\n<div class=\"gdlr-core-icon-list-content-wrap\"><span class=\"gdlr-core-icon-list-content\">Precio por persona en habitaci\u00f3n doble:<\/span><\/div>\n<ul>\n<li class=\"gdlr-core-icon-list-content-wrap\"><span class=\"gdlr-core-icon-list-content\">Temporada 1 (02 de abril al 08 de octubre, excepto temporada 2): 899 \u20ac<\/span><\/li>\n<li class=\"gdlr-core-icon-list-content-wrap\"><span class=\"gdlr-core-icon-list-content\">Temporada 2 (14 de mayo al 09 de sepiembre.): 959 \u20ac<\/span><\/li>\n<\/ul>\n<div class=\"gdlr-core-icon-list-content-wrap\"><span class=\"gdlr-core-icon-list-content\">Alquiler de bicicleta:<\/span><\/div>\n<ul>\n<li><span class=\"gdlr-core-icon-list-content\">Bicicleta de paseo: 90 \u20ac<\/span><\/li>\n<li><span class=\"gdlr-core-icon-list-content\">Bicicleta de cicloturismo: 140 \u20ac<\/span><\/li>\n<li><span class=\"gdlr-core-icon-list-content\">Bicicleta el\u00e9ctrica: 200 \u20ac<\/span><\/li>\n<\/ul>\n<div class=\"gdlr-core-icon-list-content-wrap\"><span class=\"gdlr-core-icon-list-content\">Noche extra en Tur\u00edn:<\/span><\/div>\n<ul>\n<li class=\"gdlr-core-icon-list-content-wrap\"><span class=\"gdlr-core-icon-list-content\">85 \u20ac<\/span><\/li>\n<\/ul>\n<div class=\"gdlr-core-icon-list-content-wrap\"><span class=\"gdlr-core-icon-list-content\">Suplemento individual: +60 \u20ac<\/span><\/div>\n<h4>Nuestras Bicicletas<\/h4>\n<p>Bicicletas h\u00edbridas unisex y ni\u00f1os:<\/p>\n<ul>\n<li>21 velocidades<\/li>\n<li class=\"active\">7 velocidades<\/li>\n<li>XS, S, M, L, XL<\/li>\n<\/ul>\n<p>Bicicleta de hombres bajo petici\u00f3n.<\/p>\n<p>Bicicletas el\u00e9ctricas:\u00a036 Volt Panasonic.<\/p>\n<p>Accesorios ni\u00f1os: consultarnos<\/p>\n<p>Accesorios:<\/p>\n<ul>\n<li class=\"active\">alforja<\/li>\n<li>candado<\/li>\n<li>herramientas<\/li>\n<li>bomba<\/li>\n<li>seguimientos GPS disponibles bajo petici\u00f3n<\/li>\n<\/ul>\n<p>En Italia, el casco no es obligatorio, pero recomendado. Puedes alquilar un casco por 15 \u20ac (con reserva previa).<\/p>\n","protected":false},"excerpt":{"rendered":"<div class=\"views-field views-field-field-texto-promocional\">\n<div class=\"field-content resultados_tipo_contenido\">Un viaje en bicicleta por los montes de Piamonte a trav\u00e9s de senderos maravillosos. \u00a1Lo mejor para combinar bicicleta y alta cocina!<\/div>\n<\/div>\n","protected":false},"featured_media":5446,"template":"","meta":[],"product_brand":[],"product_cat":[45],"product_tag":[],"class_list":{"0":"post-5417","1":"product","2":"type-product","3":"status-publish","4":"has-post-thumbnail","6":"product_cat-europe","8":"first","9":"instock","10":"taxable","11":"shipping-taxable","12":"purchasable","13":"product-type-variable"},"aioseo_notices":[],"_links":{"self":[{"href":"https:\/\/madrid.bikespain.com\/es\/wp-json\/wp\/v2\/product\/5417","targetHints":{"allow":["GET"]}}],"collection":[{"href":"https:\/\/madrid.bikespain.com\/es\/wp-json\/wp\/v2\/product"}],"about":[{"href":"https:\/\/madrid.bikespain.com\/es\/wp-json\/wp\/v2\/types\/product"}],"wp:featuredmedia":[{"embeddable":true,"href":"https:\/\/madrid.bikespain.com\/es\/wp-json\/wp\/v2\/media\/5446"}],"wp:attachment":[{"href":"https:\/\/madrid.bikespain.com\/es\/wp-json\/wp\/v2\/media?parent=5417"}],"wp:term":[{"taxonomy":"product_brand","embeddable":true,"href":"https:\/\/madrid.bikespain.com\/es\/wp-json\/wp\/v2\/product_brand?post=5417"},{"taxonomy":"product_cat","embeddable":true,"href":"https:\/\/madrid.bikespain.com\/es\/wp-json\/wp\/v2\/product_cat?post=5417"},{"taxonomy":"product_tag","embeddable":true,"href":"https:\/\/madrid.bikespain.com\/es\/wp-json\/wp\/v2\/product_tag?post=5417"}],"curies":[{"name":"wp","href":"https:\/\/api.w.org\/{rel}","templated":true}]}}