{"id":5414,"date":"2025-12-13T21:03:00","date_gmt":"2025-12-13T21:03:00","guid":{"rendered":"https:\/\/madrid.bikespain.com\/?post_type=product&#038;p=5414"},"modified":"2025-12-13T21:04:14","modified_gmt":"2025-12-13T21:04:14","slug":"italia-el-lago-garda-en-familia","status":"publish","type":"product","link":"https:\/\/madrid.bikespain.com\/es\/product\/italia-el-lago-garda-en-familia\/","title":{"rendered":"Italia: El Lago Garda en familia"},"content":{"rendered":"<h4>Incluido<\/h4>\n<ul>\n<li class=\"\">Alojamiento en habitaci\u00f3n con desayuno<\/li>\n<li class=\"\">Mapas y documentaci\u00f3n (espa\u00f1ol &amp; ingl\u00e9s)<\/li>\n<li class=\"\">Tracks GPS (bajo petici\u00f3n)<\/li>\n<li class=\"active\">Asistencia (ingl\u00e9s)<\/li>\n<\/ul>\n<h4>No Incluido<\/h4>\n<ul>\n<li class=\"\">Vuelos<\/li>\n<li class=\"\">Bicicleta<\/li>\n<li class=\"\">Almuerzos y cenas<\/li>\n<li class=\"\">Tasas de turismo<\/li>\n<li class=\"\">Actividades extras<\/li>\n<li class=\"active\">Seguro personal de viaje: 20 \u20ac\/persona<\/li>\n<\/ul>\n<p>Cobertura para garantizar un viaje seguro. Un compa\u00f1ero de viaje indispensable proporcionada por BIKE SPAIN TOURS para nuestros clientes. Sin embargo, le pedimos que revise la cantidad limitada de dicha cobertura incluido en nuestro seguro, y confirmar con su compa\u00f1\u00eda de seguros que usted est\u00e1 cubierto de manera adecuada en cualquier caso.<\/p>\n<p><a href=\"https:\/\/www.bikespain.com\/wp-content\/uploads\/2017\/11\/insurance_bikespain_gvtour-1.pdf\" target=\"_blank\" rel=\"noopener noreferrer\">Ejemplo de p\u00f3liza de seguro<\/a><\/p>\n<h4>Opciones<\/h4>\n<div class=\"gdlr-core-icon-list-content-wrap\"><span class=\"gdlr-core-icon-list-content\">Precio por persona en habitaci\u00f3n doble:<\/span><\/div>\n<ul>\n<li class=\" gdlr-core-skin-divider clearfix\">\n<div class=\"gdlr-core-icon-list-content-wrap\"><span class=\"gdlr-core-icon-list-content\">395 \u20ac<\/span><\/div>\n<\/li>\n<li class=\" gdlr-core-skin-divider clearfix\">\n<div class=\"gdlr-core-icon-list-content-wrap\"><span class=\"gdlr-core-icon-list-content\">Julio y agosto: 450 \u20ac<\/span><\/div>\n<\/li>\n<\/ul>\n<div class=\"gdlr-core-icon-list-content-wrap\"><span class=\"gdlr-core-icon-list-content\">Alquiler de bicicleta:<\/span><\/div>\n<ul>\n<li class=\" gdlr-core-skin-divider clearfix\">\n<div class=\"gdlr-core-icon-list-content-wrap\"><span class=\"gdlr-core-icon-list-content\">Bicicleta h\u00edbrida: 60 \u20ac<\/span><\/div>\n<\/li>\n<li class=\" gdlr-core-skin-divider clearfix\">\n<div class=\"gdlr-core-icon-list-content-wrap\"><span class=\"gdlr-core-icon-list-content\">Ebike: 125 \u20ac<\/span><\/div>\n<\/li>\n<li class=\" gdlr-core-skin-divider clearfix\">\n<div class=\"gdlr-core-icon-list-content-wrap\"><span class=\"gdlr-core-icon-list-content\">Bicicleta gravel de carbono: 125 \u20ac<\/span><\/div>\n<\/li>\n<\/ul>\n<p>Alquiler de bicicleta:<\/p>\n<ul>\n<li class=\"\">Bicicleta de paseo: 85\u00a0\u20ac<\/li>\n<li>Ebike: 195\u20ac<\/li>\n<li class=\"active\">T\u00e1ndem familiar: 170 \u20ac<\/li>\n<\/ul>\n<h4>Nuestras Bicicletas<\/h4>\n<p>Bicicletas unisex y ni\u00f1os:<\/p>\n<ul>\n<li class=\"\">27 velocidades<\/li>\n<li class=\"active\">XS, S, M, L, XL<\/li>\n<\/ul>\n<p>Accesorios infantiles: consultar.<\/p>\n<p>Accesorios:<\/p>\n<ul>\n<li class=\"\">alforja<\/li>\n<li class=\"\">porta mapas<\/li>\n<li class=\"\">botella de agua<\/li>\n<li class=\"\">kit de reparaci\u00f3n<\/li>\n<li class=\"active\">candado<\/li>\n<\/ul>\n<p>En Italia, el casco no es obligatorio, pero recomendado. Puedes alquilar un casco por 15 \u20ac (con reserva previa).<\/p>\n","protected":false},"excerpt":{"rendered":"<p class=\"h2tour\">Peschiera, Sirmione, Borghetto, Lazise: los bellos paisajes del sur del lago de Garda<\/p>\n","protected":false},"featured_media":5443,"template":"","meta":[],"product_brand":[],"product_cat":[45],"product_tag":[],"class_list":{"0":"post-5414","1":"product","2":"type-product","3":"status-publish","4":"has-post-thumbnail","6":"product_cat-europe","8":"first","9":"instock","10":"taxable","11":"shipping-taxable","12":"purchasable","13":"product-type-variable"},"aioseo_notices":[],"_links":{"self":[{"href":"https:\/\/madrid.bikespain.com\/es\/wp-json\/wp\/v2\/product\/5414","targetHints":{"allow":["GET"]}}],"collection":[{"href":"https:\/\/madrid.bikespain.com\/es\/wp-json\/wp\/v2\/product"}],"about":[{"href":"https:\/\/madrid.bikespain.com\/es\/wp-json\/wp\/v2\/types\/product"}],"wp:featuredmedia":[{"embeddable":true,"href":"https:\/\/madrid.bikespain.com\/es\/wp-json\/wp\/v2\/media\/5443"}],"wp:attachment":[{"href":"https:\/\/madrid.bikespain.com\/es\/wp-json\/wp\/v2\/media?parent=5414"}],"wp:term":[{"taxonomy":"product_brand","embeddable":true,"href":"https:\/\/madrid.bikespain.com\/es\/wp-json\/wp\/v2\/product_brand?post=5414"},{"taxonomy":"product_cat","embeddable":true,"href":"https:\/\/madrid.bikespain.com\/es\/wp-json\/wp\/v2\/product_cat?post=5414"},{"taxonomy":"product_tag","embeddable":true,"href":"https:\/\/madrid.bikespain.com\/es\/wp-json\/wp\/v2\/product_tag?post=5414"}],"curies":[{"name":"wp","href":"https:\/\/api.w.org\/{rel}","templated":true}]}}