{"id":5413,"date":"2025-12-13T21:03:00","date_gmt":"2025-12-13T21:03:00","guid":{"rendered":"https:\/\/madrid.bikespain.com\/?post_type=product&#038;p=5413"},"modified":"2025-12-13T21:04:14","modified_gmt":"2025-12-13T21:04:14","slug":"italia-cerdena-en-bicicleta","status":"publish","type":"product","link":"https:\/\/madrid.bikespain.com\/es\/product\/italia-cerdena-en-bicicleta\/","title":{"rendered":"Italia: Cerde\u00f1a en bicicleta"},"content":{"rendered":"<h4>Incluido<\/h4>\n<ul>\n<li>Alojamiento en habitaci\u00f3n doble con media pensi\u00f3n<\/li>\n<li>Traslado de equipaje<\/li>\n<li>Reuni\u00f3n de bienvenida<\/li>\n<li>Entradas a los yacimientos arqueol\u00f3gicos y alg\u00fan museo<\/li>\n<li>Traslado hasta Arborea (d\u00eda 3)<\/li>\n<li class=\"active\">Mapas y documentaci\u00f3n (espa\u00f1ol &amp; ingl\u00e9s)<\/li>\n<li>Asistencia telef\u00f3nica (ingl\u00e9s)<\/li>\n<li>Ferri entre Carloforte y Casaletta<\/li>\n<\/ul>\n<h4>No Incluido<\/h4>\n<ul>\n<li>Vuelos<\/li>\n<li>Bicicleta<\/li>\n<li>Almuerzos y cenas<\/li>\n<li>Tasas de turismo (aprox.\u00a010 \u20ac\/persona)<\/li>\n<li>Actividades extras<\/li>\n<li>Otros ferris en ruta<\/li>\n<li>Seguro de viaje: 20 \u20ac\/persona<\/li>\n<\/ul>\n<p>Cobertura para garantizar un viaje seguro. Un compa\u00f1ero de viaje indispensable proporcionada por BIKE SPAIN TOURS para nuestros clientes. Sin embargo, le pedimos que revise la cantidad limitada de dicha cobertura incluido en nuestro seguro, y confirmar con su compa\u00f1\u00eda de seguros que usted est\u00e1 cubierto de manera adecuada en cualquier caso.<\/p>\n<p><a href=\"https:\/\/www.bikespain.com\/wp-content\/uploads\/2017\/11\/insurance_bikespain_gvtour-1.pdf\" target=\"_blank\" rel=\"noopener noreferrer\">Ejemplo de p\u00f3liza de seguro<\/a><\/p>\n<h4>Opciones<\/h4>\n<p class=\"gdlr-core-icon-list-content-wrap\"><span class=\"gdlr-core-icon-list-content\">Precio por persona en habitaci\u00f3n doble:<\/span><\/p>\n<ul>\n<li class=\"gdlr-core-icon-list-content-wrap\"><span class=\"gdlr-core-icon-list-content\">Temporada 1 (02.07 al 02.09): 900 \u20ac<\/span><\/li>\n<li class=\"gdlr-core-icon-list-content-wrap\"><span class=\"gdlr-core-icon-list-content\">Temporada 2 (resto del a\u00f1o): 750 \u20ac<\/span><\/li>\n<\/ul>\n<p class=\"gdlr-core-icon-list-content-wrap\"><span class=\"gdlr-core-icon-list-content\">Suplemento individual:<\/span><\/p>\n<ul>\n<li class=\"gdlr-core-icon-list-content-wrap\"><span class=\"gdlr-core-icon-list-content\">Como parte de un grupo: + 150 \u20ac<\/span><\/li>\n<li class=\"gdlr-core-icon-list-content-wrap\"><span class=\"gdlr-core-icon-list-content\">Viajando s\u00f3lo: + 250 \u20ac<\/span><\/li>\n<\/ul>\n<p class=\"gdlr-core-icon-list-content-wrap\"><span class=\"gdlr-core-icon-list-content\">Alquiler de bicicleta:<\/span><\/p>\n<ul>\n<li class=\"gdlr-core-icon-list-content-wrap\"><span class=\"gdlr-core-icon-list-content\">Bicicleta de paseo: 120 \u20ac<\/span><\/li>\n<li class=\"gdlr-core-icon-list-content-wrap\"><span class=\"gdlr-core-icon-list-content\">Bicicleta el\u00e9ctrica: 220 \u20ac<\/span><\/li>\n<\/ul>\n<p class=\"gdlr-core-icon-list-content-wrap\"><span class=\"gdlr-core-icon-list-content\">Salidas otro d\u00eda de la semana que no sea s\u00e1bado:<\/span><\/p>\n<p class=\"gdlr-core-icon-list-content-wrap\"><span class=\"gdlr-core-icon-list-content\">+ 60 \u20ac<\/span><\/p>\n<h4>Nuestras Bicicletas<\/h4>\n<p>Bicicletas unisex y ni\u00f1os:<\/p>\n<ul>\n<li>7 velocidades<\/li>\n<li>XS, S, M, L, XL<\/li>\n<\/ul>\n<p>Bicicletas el\u00e9ctricas: Scott<\/p>\n<p>Accesorios infantiles: consultarnos<\/p>\n<p>Accesorios:<\/p>\n<ul>\n<li>alforjas<\/li>\n<li>bolsa de manillar<\/li>\n<li>cuenta kil\u00f3metros<\/li>\n<li>candado<\/li>\n<li>kit de reparaci\u00f3n<\/li>\n<li>botellas de agua<\/li>\n<\/ul>\n<p>En Italia, el casco no es obligatorio pero recomendado.<\/p>\n","protected":false},"excerpt":{"rendered":"<div class=\"views-field views-field-field-texto-promocional\">\n<div class=\"field-content resultados_tipo_contenido\">Porque el cicloturismo no entiende de l\u00edmites, te proponemos una ruta a trav\u00e9s de la belleza salvaje y rom\u00e1ntica del suroeste de Cerde\u00f1a.<\/div>\n<\/div>\n","protected":false},"featured_media":5442,"template":"","meta":[],"product_brand":[],"product_cat":[45],"product_tag":[],"class_list":{"0":"post-5413","1":"product","2":"type-product","3":"status-publish","4":"has-post-thumbnail","6":"product_cat-europe","8":"first","9":"instock","10":"taxable","11":"shipping-taxable","12":"purchasable","13":"product-type-variable"},"aioseo_notices":[],"_links":{"self":[{"href":"https:\/\/madrid.bikespain.com\/es\/wp-json\/wp\/v2\/product\/5413","targetHints":{"allow":["GET"]}}],"collection":[{"href":"https:\/\/madrid.bikespain.com\/es\/wp-json\/wp\/v2\/product"}],"about":[{"href":"https:\/\/madrid.bikespain.com\/es\/wp-json\/wp\/v2\/types\/product"}],"wp:featuredmedia":[{"embeddable":true,"href":"https:\/\/madrid.bikespain.com\/es\/wp-json\/wp\/v2\/media\/5442"}],"wp:attachment":[{"href":"https:\/\/madrid.bikespain.com\/es\/wp-json\/wp\/v2\/media?parent=5413"}],"wp:term":[{"taxonomy":"product_brand","embeddable":true,"href":"https:\/\/madrid.bikespain.com\/es\/wp-json\/wp\/v2\/product_brand?post=5413"},{"taxonomy":"product_cat","embeddable":true,"href":"https:\/\/madrid.bikespain.com\/es\/wp-json\/wp\/v2\/product_cat?post=5413"},{"taxonomy":"product_tag","embeddable":true,"href":"https:\/\/madrid.bikespain.com\/es\/wp-json\/wp\/v2\/product_tag?post=5413"}],"curies":[{"name":"wp","href":"https:\/\/api.w.org\/{rel}","templated":true}]}}