{"id":5412,"date":"2025-12-13T21:03:00","date_gmt":"2025-12-13T21:03:00","guid":{"rendered":"https:\/\/madrid.bikespain.com\/?post_type=product&#038;p=5412"},"modified":"2025-12-13T21:04:14","modified_gmt":"2025-12-13T21:04:14","slug":"dinamarca-al-norte-de-copenhague","status":"publish","type":"product","link":"https:\/\/madrid.bikespain.com\/es\/product\/dinamarca-al-norte-de-copenhague\/","title":{"rendered":"Dinamarca: Al norte de Copenhague"},"content":{"rendered":"<h4>Incluido<\/h4>\n<ul>\n<li class=\" gdlr-core-skin-divider\"><span class=\"gdlr-core-icon-list-content\">Alojamiento en habitaci\u00f3n doble con desayuno<\/span><\/li>\n<li class=\" gdlr-core-skin-divider\"><i class=\"gdlr-core-icon-list-icon fa fa-check\"><\/i><span class=\"gdlr-core-icon-list-content\">GPS y libro de ruta<\/span><\/li>\n<li class=\" gdlr-core-skin-divider\"><i class=\"gdlr-core-icon-list-icon fa fa-check\"><\/i><span class=\"gdlr-core-icon-list-content\">Traslado de equipaje<\/span><\/li>\n<li class=\" gdlr-core-skin-divider\"><i class=\"gdlr-core-icon-list-icon fa fa-check\"><\/i><span class=\"gdlr-core-icon-list-content\">Mapas y documentaci\u00f3n (generalmente en ingl\u00e9s)<\/span><\/li>\n<li class=\" gdlr-core-skin-divider\"><i class=\"gdlr-core-icon-list-icon fa fa-check\"><\/i><span class=\"gdlr-core-icon-list-content\">Asistencia telef\u00f3nica (ingl\u00e9s)<\/span><\/li>\n<\/ul>\n<h4>No Incluido<\/h4>\n<ul>\n<li class=\" gdlr-core-skin-divider\"><span class=\"gdlr-core-icon-list-content\">Vuelos<\/span><\/li>\n<li class=\" gdlr-core-skin-divider\"><i class=\"gdlr-core-icon-list-icon fa fa-close\"><\/i><span class=\"gdlr-core-icon-list-content\">Almuerzos y cenas<\/span><\/li>\n<li class=\" gdlr-core-skin-divider\"><i class=\"gdlr-core-icon-list-icon fa fa-close\"><\/i><span class=\"gdlr-core-icon-list-content\">Bicicleta<\/span><\/li>\n<li class=\" gdlr-core-skin-divider\"><i class=\"gdlr-core-icon-list-icon fa fa-close\"><\/i><span class=\"gdlr-core-icon-list-content\">Casco<\/span><\/li>\n<li class=\" gdlr-core-skin-divider\"><i class=\"gdlr-core-icon-list-icon fa fa-close\"><\/i><span class=\"gdlr-core-icon-list-content\">Actividades extras<\/span><\/li>\n<li class=\" gdlr-core-skin-divider\"><i class=\"gdlr-core-icon-list-icon fa fa-close\"><\/i><span class=\"gdlr-core-icon-list-content\">Seguro de viaje: 20 \u20ac\/persona<\/span><\/li>\n<li class=\" gdlr-core-skin-divider\"><i class=\"gdlr-core-icon-list-icon fa fa-close\"><\/i><span class=\"gdlr-core-icon-list-content\">Accesorios infantiles (sillas, remolque&#8230;<\/span><\/li>\n<\/ul>\n<p>Cobertura para garantizar un viaje seguro. Un compa\u00f1ero de viaje indispensable proporcionada por BIKE SPAIN TOURS para nuestros clientes. Sin embargo, le pedimos que revise la cantidad limitada de dicha cobertura incluido en nuestro seguro, y confirmar con su compa\u00f1\u00eda de seguros que usted est\u00e1 cubierto de manera adecuada en cualquier caso.<\/p>\n<p><a href=\"https:\/\/www.bikespain.com\/wp-content\/uploads\/2017\/11\/insurance_bikespain_gvtour-1.pdf\" target=\"_blank\" rel=\"noopener noreferrer\">Ejemplo de p\u00f3liza de seguro<\/a><\/p>\n<h4>Opciones<\/h4>\n<p><span class=\"gdlr-core-icon-list-content\">Precio por persona en categoria Est\u00e1ndar:<\/span><\/p>\n<ul>\n<li class=\" gdlr-core-skin-divider\"><i class=\"gdlr-core-icon-list-icon fa fa-check\"><\/i><span class=\"gdlr-core-icon-list-content\">Habitaci\u00f3n doble: 870\u20ac<\/span><\/li>\n<li class=\" gdlr-core-skin-divider\"><i class=\"gdlr-core-icon-list-icon fa fa-check\"><\/i><span class=\"gdlr-core-icon-list-content\">Habitaci\u00f3n Individual: 1270\u20ac<\/span><\/li>\n<\/ul>\n<h4>Nuestras Bicicletas<\/h4>\n<p><span class=\"gdlr-core-icon-list-content\">Bicicletas unisex:<\/span><\/p>\n<ul>\n<li class=\" gdlr-core-skin-divider\"><i class=\"gdlr-core-icon-list-icon fa fa-check\"><\/i><span class=\"gdlr-core-icon-list-content\">Hibrida: 100\u20ac<\/span><\/li>\n<li class=\" gdlr-core-skin-divider\"><i class=\"gdlr-core-icon-list-icon fa fa-check\"><\/i><span class=\"gdlr-core-icon-list-content\">El\u00e9ctrica: 280\u20ac<\/span><\/li>\n<li class=\" gdlr-core-skin-divider\"><i class=\"gdlr-core-icon-list-icon fa fa-check\"><\/i><span class=\"gdlr-core-icon-list-content\">Infantil hasta 12 a\u00f1os ( 130 cm &#8211; 155 cm) : 80\u20ac<\/span><\/li>\n<li class=\" gdlr-core-skin-divider\"><i class=\"gdlr-core-icon-list-icon fa-fa-check\"><\/i><span class=\"gdlr-core-icon-list-content\">Alquiler (opcional) de casco: 10\u20ac<\/span><\/li>\n<\/ul>\n<p><span class=\"gdlr-core-icon-list-content\">Accesorios bicicleta:<\/span><\/p>\n<ul>\n<li class=\" gdlr-core-skin-divider\"><i class=\"gdlr-core-icon-list-icon fa fa-check\"><\/i><span class=\"gdlr-core-icon-list-content\">alforja impermeable, kit de reparaci\u00f3n, bomba de aire, candado, GPS y cuentakil\u00f3metros<\/span><\/li>\n<\/ul>\n<p><span class=\"gdlr-core-icon-list-content\">Accesorios infantiles:<\/span><\/p>\n<ul>\n<li class=\" gdlr-core-skin-divider\"><i class=\"gdlr-core-icon-list-icon fa-fa-check\"><\/i><span class=\"gdlr-core-icon-list-content\">Silla de ni\u00f1o: 40\u20ac<\/span><\/li>\n<li class=\" gdlr-core-skin-divider\"><i class=\"gdlr-core-icon-list-icon fa-fa-check\"><\/i><span class=\"gdlr-core-icon-list-content\">remolque (tr\u00e1iler) para 1 o 2 ni\u00f1os o \u00abFollowMe t\u00e1ndem\u00bb: 80\u20ac<\/span><\/li>\n<\/ul>\n<p><span class=\"gdlr-core-icon-list-content\">Nota: para ni\u00f1os de menos de 130 cm recomendamos remolque o FollowMe)<\/span><\/p>\n","protected":false},"excerpt":{"rendered":"<p class=\"SEOh2\">Castillos de cuentos de hadas, maravillosas playas y vibrante Copenhague.<\/p>\n","protected":false},"featured_media":5441,"template":"","meta":[],"product_brand":[],"product_cat":[45],"product_tag":[47],"class_list":{"0":"post-5412","1":"product","2":"type-product","3":"status-publish","4":"has-post-thumbnail","6":"product_cat-europe","7":"product_tag-dinamarca","9":"first","10":"instock","11":"taxable","12":"shipping-taxable","13":"purchasable","14":"product-type-variable"},"aioseo_notices":[],"_links":{"self":[{"href":"https:\/\/madrid.bikespain.com\/es\/wp-json\/wp\/v2\/product\/5412","targetHints":{"allow":["GET"]}}],"collection":[{"href":"https:\/\/madrid.bikespain.com\/es\/wp-json\/wp\/v2\/product"}],"about":[{"href":"https:\/\/madrid.bikespain.com\/es\/wp-json\/wp\/v2\/types\/product"}],"wp:featuredmedia":[{"embeddable":true,"href":"https:\/\/madrid.bikespain.com\/es\/wp-json\/wp\/v2\/media\/5441"}],"wp:attachment":[{"href":"https:\/\/madrid.bikespain.com\/es\/wp-json\/wp\/v2\/media?parent=5412"}],"wp:term":[{"taxonomy":"product_brand","embeddable":true,"href":"https:\/\/madrid.bikespain.com\/es\/wp-json\/wp\/v2\/product_brand?post=5412"},{"taxonomy":"product_cat","embeddable":true,"href":"https:\/\/madrid.bikespain.com\/es\/wp-json\/wp\/v2\/product_cat?post=5412"},{"taxonomy":"product_tag","embeddable":true,"href":"https:\/\/madrid.bikespain.com\/es\/wp-json\/wp\/v2\/product_tag?post=5412"}],"curies":[{"name":"wp","href":"https:\/\/api.w.org\/{rel}","templated":true}]}}