{"id":5411,"date":"2025-12-13T21:03:00","date_gmt":"2025-12-13T21:03:00","guid":{"rendered":"https:\/\/madrid.bikespain.com\/?post_type=product&#038;p=5411"},"modified":"2025-12-13T21:04:14","modified_gmt":"2025-12-13T21:04:14","slug":"belgica-flandes-por-brujas-la-venecia-del-norte","status":"publish","type":"product","link":"https:\/\/madrid.bikespain.com\/es\/product\/belgica-flandes-por-brujas-la-venecia-del-norte\/","title":{"rendered":"B\u00e9lgica-Flandes: Por Brujas, la Venecia del norte"},"content":{"rendered":"<h4>Incluido<\/h4>\n<ul>\n<li>Alojamiento con desayuno<\/li>\n<li>Traslado de equipaje<\/li>\n<li class=\"active\">Mapas y documentaci\u00f3n (ingl\u00e9s)<\/li>\n<li>Asistencia telef\u00f3nica (ingl\u00e9s)<\/li>\n<li>Tasas de turismo (excepto en Brujas)<\/li>\n<\/ul>\n<h4>No Incluido<\/h4>\n<ul>\n<li>Vuelos<\/li>\n<li>Bicicleta<\/li>\n<li>Almuerzos y cenas<\/li>\n<li class=\"active\">Actividades extras<\/li>\n<li>Seguro de viaje: 20\u20ac\/persona<\/li>\n<li>Tasas de turismo en Brujas<\/li>\n<\/ul>\n<p>Cobertura para garantizar un viaje seguro. Un compa\u00f1ero de viaje indispensable proporcionada por BIKE SPAIN TOURS para nuestros clientes. Sin embargo, le pedimos que revise la cantidad limitada de dicha cobertura incluido en nuestro seguro, y confirmar con su compa\u00f1\u00eda de seguros que usted est\u00e1 cubierto de manera adecuada en cualquier caso.<\/p>\n<p><a href=\"https:\/\/www.bikespain.com\/wp-content\/uploads\/2017\/11\/insurance_bikespain_gvtour-1.pdf\" target=\"_blank\" rel=\"noopener noreferrer\">Ejemplo de p\u00f3liza de seguro<\/a><\/p>\n<h4>Opciones<\/h4>\n<div class=\"gdlr-core-icon-list-content-wrap\"><span class=\"gdlr-core-icon-list-content\">Precio por persona en habitaci\u00f3n doble:<\/span><\/div>\n<ul>\n<li class=\" gdlr-core-skin-divider clearfix\">\n<div class=\"gdlr-core-icon-list-content-wrap\"><span class=\"gdlr-core-icon-list-content\">Temporada 1 (resto del a\u00f1o): 545 \u20ac<\/span><\/div>\n<\/li>\n<li class=\" gdlr-core-skin-divider clearfix\">\n<div class=\"gdlr-core-icon-list-content-wrap\"><span class=\"gdlr-core-icon-list-content\">Temporada 2 (del 10 de junio al 19 de agosto): 595 \u20ac<\/span><\/div>\n<\/li>\n<\/ul>\n<div class=\"gdlr-core-icon-list-content-wrap\"><span class=\"gdlr-core-icon-list-content\">Descuentos infantiles (ni\u00f1os de hasta 12 a\u00f1os, compartiendo habitaci\u00f3n con dos adultos):<\/span><\/div>\n<ul>\n<li class=\" gdlr-core-skin-divider clearfix\">\n<div class=\"gdlr-core-icon-list-content-wrap\"><span class=\"gdlr-core-icon-list-content\">Hasta 2 a\u00f1os: 100 %<\/span><\/div>\n<\/li>\n<li class=\" gdlr-core-skin-divider clearfix\">\n<div class=\"gdlr-core-icon-list-content-wrap\"><span class=\"gdlr-core-icon-list-content\">De 3 a 6 a\u00f1os: 50 %<\/span><\/div>\n<\/li>\n<li class=\" gdlr-core-skin-divider clearfix\">\n<div class=\"gdlr-core-icon-list-content-wrap\"><span class=\"gdlr-core-icon-list-content\">De 7 a 12 a\u00f1os: 25 %<\/span><\/div>\n<\/li>\n<\/ul>\n<div class=\"gdlr-core-icon-list-content-wrap\"><span class=\"gdlr-core-icon-list-content\">* Para ni\u00f1os mayores de 12 a\u00f1os y adultos no podemos dar un descuento para la tercera persona en una habitaci\u00f3n. Para la comodidad de los clientes, solo podemos reservar una habitaci\u00f3n doble y una habitaci\u00f3n individual en el hotel en Brujas, pero no pediremos un suplemento por habitaci\u00f3n individual. Las habitaciones ser\u00edan habitaciones comunicadas de todos modos.<\/span><\/div>\n<div><\/div>\n<div><\/div>\n<div class=\"gdlr-core-icon-list-content-wrap\"><span class=\"gdlr-core-icon-list-content\">Suplemento individual:<\/span><\/div>\n<ul>\n<li class=\" gdlr-core-skin-divider clearfix\">\n<div class=\"gdlr-core-icon-list-content-wrap\"><span class=\"gdlr-core-icon-list-content\">+210 \u20ac<\/span><\/div>\n<\/li>\n<\/ul>\n<div class=\"gdlr-core-icon-list-content-wrap\"><span class=\"gdlr-core-icon-list-content\">Suplemento media pensi\u00f3n:<\/span><\/div>\n<ul>\n<li class=\" gdlr-core-skin-divider clearfix\">\n<div class=\"gdlr-core-icon-list-content-wrap\"><span class=\"gdlr-core-icon-list-content\">170 \u20ac<\/span><\/div>\n<\/li>\n<\/ul>\n<div class=\"gdlr-core-icon-list-content-wrap\"><span class=\"gdlr-core-icon-list-content\">Alquiler de bicicleta:<\/span><\/div>\n<ul>\n<li class=\" gdlr-core-skin-divider clearfix\">\n<div class=\"gdlr-core-icon-list-content-wrap\"><span class=\"gdlr-core-icon-list-content\">Bicicleta de paseo: 75 \u20ac<\/span><\/div>\n<\/li>\n<li class=\" gdlr-core-skin-divider clearfix\">\n<div class=\"gdlr-core-icon-list-content-wrap\"><span class=\"gdlr-core-icon-list-content\">Bicicleta el\u00e9ctrica: 150 \u20ac<\/span><\/div>\n<\/li>\n<li class=\" gdlr-core-skin-divider clearfix\">\n<div class=\"gdlr-core-icon-list-content-wrap\"><span class=\"gdlr-core-icon-list-content\">T\u00e1ndem: 140 \u20ac<\/span><\/div>\n<\/li>\n<li class=\" gdlr-core-skin-divider clearfix\">\n<div class=\"gdlr-core-icon-list-content-wrap\"><span class=\"gdlr-core-icon-list-content\">Bicicleta inf\u00e1ntil, remolque y bicicleta de 3 ruedas: 60 \u20ac<\/span><\/div>\n<\/li>\n<li class=\" gdlr-core-skin-divider clearfix\">\n<div class=\"gdlr-core-icon-list-content-wrap\"><span class=\"gdlr-core-icon-list-content\">Silla infantil: 20\u20ac<\/span><\/div>\n<\/li>\n<li class=\" gdlr-core-skin-divider clearfix\">\n<div class=\"gdlr-core-icon-list-content-wrap\"><span class=\"gdlr-core-icon-list-content\">Seguro de bicicleta: 25 \u20ac<\/span><\/div>\n<\/li>\n<li class=\" gdlr-core-skin-divider clearfix\">\n<div class=\"gdlr-core-icon-list-content-wrap\"><span class=\"gdlr-core-icon-list-content\">Seguro bicicleta el\u00e9ctrica: 40 \u20ac<\/span><\/div>\n<\/li>\n<\/ul>\n<h4>Nuestras Bicicletas<\/h4>\n<p>Bicicletas unisex, t\u00e1ndem y de ni\u00f1os (freno en el manillar):<\/p>\n<ul>\n<li>7 velocidades<\/li>\n<li>21 velocidades<\/li>\n<li>XS, S, M, L, XL<\/li>\n<\/ul>\n<p>Bicicletas el\u00e9ctricas: V\u00e9lo de ville<\/p>\n<p>Accesorios:<\/p>\n<ul>\n<li>alforja<\/li>\n<li>candado<\/li>\n<li>bomba de aire<\/li>\n<li>kit de reparaci\u00f3n<\/li>\n<li>cuenta kil\u00f3metros<\/li>\n<\/ul>\n<p>En este tour, no se ofrecen cascos. En B\u00e9lgica, el casco no es obligatorio pero recomendado.<\/p>\n","protected":false},"excerpt":{"rendered":"<div class=\"views-field views-field-field-texto-promocional\">\n<div class=\"field-content resultados_tipo_contenido\">Precioso recorrido por la regi\u00f3n de Flandes que tambi\u00e9n te acercar\u00e1 a la costa del Mar del Norte.<\/div>\n<\/div>\n","protected":false},"featured_media":5380,"template":"","meta":[],"product_brand":[],"product_cat":[45],"product_tag":[],"class_list":{"0":"post-5411","1":"product","2":"type-product","3":"status-publish","4":"has-post-thumbnail","6":"product_cat-europe","8":"first","9":"instock","10":"taxable","11":"shipping-taxable","12":"purchasable","13":"product-type-variable"},"aioseo_notices":[],"_links":{"self":[{"href":"https:\/\/madrid.bikespain.com\/es\/wp-json\/wp\/v2\/product\/5411","targetHints":{"allow":["GET"]}}],"collection":[{"href":"https:\/\/madrid.bikespain.com\/es\/wp-json\/wp\/v2\/product"}],"about":[{"href":"https:\/\/madrid.bikespain.com\/es\/wp-json\/wp\/v2\/types\/product"}],"wp:featuredmedia":[{"embeddable":true,"href":"https:\/\/madrid.bikespain.com\/es\/wp-json\/wp\/v2\/media\/5380"}],"wp:attachment":[{"href":"https:\/\/madrid.bikespain.com\/es\/wp-json\/wp\/v2\/media?parent=5411"}],"wp:term":[{"taxonomy":"product_brand","embeddable":true,"href":"https:\/\/madrid.bikespain.com\/es\/wp-json\/wp\/v2\/product_brand?post=5411"},{"taxonomy":"product_cat","embeddable":true,"href":"https:\/\/madrid.bikespain.com\/es\/wp-json\/wp\/v2\/product_cat?post=5411"},{"taxonomy":"product_tag","embeddable":true,"href":"https:\/\/madrid.bikespain.com\/es\/wp-json\/wp\/v2\/product_tag?post=5411"}],"curies":[{"name":"wp","href":"https:\/\/api.w.org\/{rel}","templated":true}]}}