{"id":5407,"date":"2025-12-13T21:03:00","date_gmt":"2025-12-13T21:03:00","guid":{"rendered":"https:\/\/madrid.bikespain.com\/?post_type=product&#038;p=5407"},"modified":"2025-12-13T21:04:14","modified_gmt":"2025-12-13T21:04:14","slug":"alemania-lago-constanza-con-bike-spain-tours","status":"publish","type":"product","link":"https:\/\/madrid.bikespain.com\/es\/product\/alemania-lago-constanza-con-bike-spain-tours\/","title":{"rendered":"Alemania: Lago Constanza con Bike Spain Tours"},"content":{"rendered":"<h4>Incluido<\/h4>\n<ul>\n<li>Alojamiento en habitaci\u00f3n doble con desayuno<\/li>\n<li>Bicicleta<\/li>\n<li>Gu\u00eda Bike Spain Tours (espa\u00f1ol)<\/li>\n<li>Traslado de equipaje\u00a0(max. 20 kg\/persona)<\/li>\n<li>Entrada al museo Rosgarten (incl. 1 caf\u00e9)<\/li>\n<li>Entrada al museo Dwelling<\/li>\n<li>Entrada al Sea Life Center<\/li>\n<li class=\"active\">Ferris en Wallhausen-Uberlingen\u00a0e Immenstaad-Friedrichshafen<\/li>\n<li>Mapas y documentaci\u00f3n (espa\u00f1ol)<\/li>\n<li>Asistencia telef\u00f3nica\u00a0(espa\u00f1ol)<\/li>\n<li>Tasas de turismo<\/li>\n<\/ul>\n<h4>No Incluido<\/h4>\n<ul>\n<li>Vuelos<\/li>\n<li>Comidas y cenas<\/li>\n<li>Actividades extras<\/li>\n<li>Seguro personal de viaje: 20 \u20ac\/persona<\/li>\n<li>Propinas<\/li>\n<\/ul>\n<p>Cobertura para garantizar un viaje seguro. Un compa\u00f1ero de viaje indispensable proporcionada por BIKE SPAIN TOURS para nuestros clientes. Sin embargo, le pedimos que revise la cantidad limitada de dicha cobertura incluido en nuestro seguro, y confirmar con su compa\u00f1\u00eda de seguros que usted est\u00e1 cubierto de manera adecuada en cualquier caso.<\/p>\n<p><a href=\"https:\/\/www.bikespain.com\/wp-content\/uploads\/2017\/11\/insurance_bikespain_gvtour-1.pdf\" target=\"_blank\" rel=\"noopener noreferrer\">Ejemplo de p\u00f3liza de seguro<\/a><\/p>\n<h4>Opciones<\/h4>\n<p>Precio por persona en habitaci\u00f3n doble:<\/p>\n<ul>\n<li>1150 \u20ac<\/li>\n<\/ul>\n<p>Descuentos infantiles (hasta 18 a\u00f1os, compartiendo habitaci\u00f3n con dos adultos):<\/p>\n<ul>\n<li>Ni\u00f1os de 14 a 18 a\u00f1os: 25%<\/li>\n<li>Ni\u00f1os de 6 a 14 a\u00f1os: 50 %<\/li>\n<li>Ni\u00f1os hasta 6 a\u00f1os: consultarnos<\/li>\n<\/ul>\n<p>Suplemento individual:<\/p>\n<ul>\n<li>+ 140 \u20ac<\/li>\n<\/ul>\n<p>Media pensi\u00f3n: n\/a<\/p>\n<p>Suplemento alquiler de bicicleta:<\/p>\n<ul>\n<li>Bicicleta el\u00e9ctrica: + 90 \u20ac<\/li>\n<li>Tandem: + 70 \u20ac<\/li>\n<\/ul>\n<p>Noches extras: consultarnos<\/p>\n<p>SALIDA GARANTIZADA CON LOS SERVICIOS DETALLADOS PARA UN M\u00cdNIMO DE 8 ADULTOS.<\/p>\n<p>Si en la fecha l\u00edmite de inscripci\u00f3n (2 meses antes de la fecha de inicio de la ruta), no se hubiera alcanzado el m\u00ednimo de participantes especificado, Bike Spain Tours se reserva el derecho a modificar los servicios relativos a los gu\u00edas y trazado de la ruta o el precio por persona en habitaci\u00f3n doble.<\/p>\n<h4>Nuestras Bicicletas<\/h4>\n<div class=\"b-tabs\">\n<div class=\"tabs-content\">\n<div class=\"active tab\">\n<div class=\"tab-others-campos\">\n<p>Bicicletas unisex y ni\u00f1os:<\/p>\n<ul>\n<li>24 velocidades<\/li>\n<li>7 velocidades<\/li>\n<li>XS, S, M, L, XL<\/li>\n<\/ul>\n<p>Bicicleta de hombres bajo petici\u00f3n (&lt; 1.75 cm).<\/p>\n<p>Bicicletas el\u00e9ctricas: Flyer<\/p>\n<p>Accesorios infantiles: consultarnos<\/p>\n<p>Accesorios:<\/p>\n<ul>\n<li>manillar<\/li>\n<li>alforjas<\/li>\n<li>candado<\/li>\n<li>herramientas<\/li>\n<li>bomba<\/li>\n<li>cuenta kilometros<\/li>\n<\/ul>\n<p>En este tour, no se ofrecen cascos. En Alemania, el casco no es obligatorio pero recomendado.<\/p>\n<h4>Destacamos<\/h4>\n<ul>\n<li>Ruta f\u00e1cil y muy bonita<\/li>\n<li>Poder visitar tres pa\u00edses en una semana<\/li>\n<li>Vistas a los Alpes<\/li>\n<li>La ciudad-isla de Lindau<\/li>\n<li>La isla de Mainau<\/li>\n<\/ul>\n<\/div>\n<\/div>\n<\/div>\n<\/div>\n","protected":false},"excerpt":{"rendered":"<div class=\"views-field views-field-field-texto-promocional\">\n<div class=\"field-content resultados_tipo_contenido\">Nuestra ruta guiada en familia por el Lago Constanza.<\/div>\n<\/div>\n","protected":false},"featured_media":5437,"template":"","meta":[],"product_brand":[],"product_cat":[45],"product_tag":[],"class_list":{"0":"post-5407","1":"product","2":"type-product","3":"status-publish","4":"has-post-thumbnail","6":"product_cat-europe","8":"first","9":"instock","10":"taxable","11":"shipping-taxable","12":"purchasable","13":"product-type-variable"},"aioseo_notices":[],"_links":{"self":[{"href":"https:\/\/madrid.bikespain.com\/es\/wp-json\/wp\/v2\/product\/5407","targetHints":{"allow":["GET"]}}],"collection":[{"href":"https:\/\/madrid.bikespain.com\/es\/wp-json\/wp\/v2\/product"}],"about":[{"href":"https:\/\/madrid.bikespain.com\/es\/wp-json\/wp\/v2\/types\/product"}],"wp:featuredmedia":[{"embeddable":true,"href":"https:\/\/madrid.bikespain.com\/es\/wp-json\/wp\/v2\/media\/5437"}],"wp:attachment":[{"href":"https:\/\/madrid.bikespain.com\/es\/wp-json\/wp\/v2\/media?parent=5407"}],"wp:term":[{"taxonomy":"product_brand","embeddable":true,"href":"https:\/\/madrid.bikespain.com\/es\/wp-json\/wp\/v2\/product_brand?post=5407"},{"taxonomy":"product_cat","embeddable":true,"href":"https:\/\/madrid.bikespain.com\/es\/wp-json\/wp\/v2\/product_cat?post=5407"},{"taxonomy":"product_tag","embeddable":true,"href":"https:\/\/madrid.bikespain.com\/es\/wp-json\/wp\/v2\/product_tag?post=5407"}],"curies":[{"name":"wp","href":"https:\/\/api.w.org\/{rel}","templated":true}]}}