{"id":5402,"date":"2025-12-13T21:02:59","date_gmt":"2025-12-13T21:02:59","guid":{"rendered":"https:\/\/madrid.bikespain.com\/?post_type=product&#038;p=5402"},"modified":"2025-12-13T21:04:06","modified_gmt":"2025-12-13T21:04:06","slug":"austria-de-passau-a-budapest-en-barco","status":"publish","type":"product","link":"https:\/\/madrid.bikespain.com\/es\/product\/austria-de-passau-a-budapest-en-barco\/","title":{"rendered":"Austria: De Passau a Budapest en barco"},"content":{"rendered":"<h4>Incluido<\/h4>\n<ul>\n<li>Alojamiento en camarote<\/li>\n<li>Pensi\u00f3n completa<\/li>\n<li>Gu\u00eda a bordo (ingl\u00e9s)<\/li>\n<li>Bebida de bienvenida<\/li>\n<li>Tour guiados en Viena, Budapest y Bratislava<\/li>\n<li>Caf\u00e9 y t\u00e9 a bordo<\/li>\n<li>S\u00e1banas y toallas<\/li>\n<li>Mapas y documentaci\u00f3n\u00a0(ingl\u00e9s)<\/li>\n<li class=\"active\">Asistencia (ingl\u00e9s)<\/li>\n<li>masaje corporal parcial (20 minutos) o 1 hidromasaje<\/li>\n<\/ul>\n<h4>No Incluido<\/h4>\n<ul>\n<li>Vuelos<\/li>\n<li>Bicicleta<\/li>\n<li>Bebidas a bordo<\/li>\n<li>Actividades extras<\/li>\n<li>Seguro de viaje: 20 \u20ac\/persona<\/li>\n<li>Propinas<\/li>\n<\/ul>\n<p>Cobertura para garantizar un viaje seguro. Un compa\u00f1ero de viaje indispensable proporcionada por BIKE SPAIN TOURS para nuestros clientes. Sin embargo, le pedimos que revise la cantidad limitada de dicha cobertura incluido en nuestro seguro, y confirmar con su compa\u00f1\u00eda de seguros que usted est\u00e1 cubierto de manera adecuada en cualquier caso.<\/p>\n<p><a href=\"https:\/\/www.bikespain.com\/wp-content\/uploads\/2017\/11\/insurance_bikespain_gvtour-1.pdf\" target=\"_blank\" rel=\"noopener noreferrer\">Ejemplo de p\u00f3liza de seguro<\/a><\/p>\n<h4>Opciones<\/h4>\n<div class=\"gdlr-core-icon-list-content-wrap\"><span class=\"gdlr-core-icon-list-content\">Salida viernes: 9 al 16 y 16 al 23 de junio \/ 21 al 28 de julio y 28 de julio al 4 de agosto \/ 18 al 25 de agosto \/ 1al 8, 8 al 15, 15 al 22 y 22 al 29 de septiembre<\/span><\/div>\n<div class=\"gdlr-core-icon-list-content-wrap\"><span class=\"gdlr-core-icon-list-content\">Precio por persona en camarote doble:<\/span><\/div>\n<ul>\n<li class=\" gdlr-core-skin-divider clearfix\"><i class=\"gdlr-core-icon-list-icon fa fa-check\" aria-hidden=\"true\"><\/i>\n<div class=\"gdlr-core-icon-list-content-wrap\"><span class=\"gdlr-core-icon-list-content\">Camarote con 1 litera: 899\u20ac<\/span><\/div>\n<\/li>\n<li class=\" gdlr-core-skin-divider clearfix\"><i class=\"gdlr-core-icon-list-icon fa fa-check\" aria-hidden=\"true\"><\/i>\n<div class=\"gdlr-core-icon-list-content-wrap\"><span class=\"gdlr-core-icon-list-content\">Bajo cubierta: 1100\u20ac<\/span><\/div>\n<\/li>\n<li class=\" gdlr-core-skin-divider clearfix\"><i class=\"gdlr-core-icon-list-icon fa fa-check\" aria-hidden=\"true\"><\/i>\n<div class=\"gdlr-core-icon-list-content-wrap\"><span class=\"gdlr-core-icon-list-content\">Sobre cubierta (con balc\u00f3n): 1600\u20ac<\/span><\/div>\n<\/li>\n<li class=\" gdlr-core-skin-divider clearfix\"><i class=\"gdlr-core-icon-list-icon fa fa-check\" aria-hidden=\"true\"><\/i>\n<div class=\"gdlr-core-icon-list-content-wrap\"><span class=\"gdlr-core-icon-list-content\">Cubierta de paseo (con balc\u00f3n): 1730<\/span><\/div>\n<\/li>\n<\/ul>\n<div class=\"gdlr-core-icon-list-content-wrap\"><span class=\"gdlr-core-icon-list-content\">Descuento 3\u00aa persona en camarote triple:<\/span><\/div>\n<ul>\n<li class=\" gdlr-core-skin-divider clearfix\"><i class=\"gdlr-core-icon-list-icon fa fa-check\" aria-hidden=\"true\"><\/i>\n<div class=\"gdlr-core-icon-list-content-wrap\"><span class=\"gdlr-core-icon-list-content\">Hasta 6 a\u00f1os: 100 %<\/span><\/div>\n<\/li>\n<li class=\" gdlr-core-skin-divider clearfix\"><i class=\"gdlr-core-icon-list-icon fa fa-check\" aria-hidden=\"true\"><\/i>\n<div class=\"gdlr-core-icon-list-content-wrap\"><span class=\"gdlr-core-icon-list-content\">De 6 a 11 a\u00f1os: 50 %<\/span><\/div>\n<\/li>\n<li class=\" gdlr-core-skin-divider clearfix\"><i class=\"gdlr-core-icon-list-icon fa fa-check\" aria-hidden=\"true\"><\/i>\n<div class=\"gdlr-core-icon-list-content-wrap\"><span class=\"gdlr-core-icon-list-content\">A partir de 12 a\u00f1os: 25 %<\/span><\/div>\n<\/li>\n<\/ul>\n<div class=\"gdlr-core-icon-list-content-wrap\"><span class=\"gdlr-core-icon-list-content\">Suplemento individual:<\/span><\/div>\n<ul>\n<li class=\" gdlr-core-skin-divider clearfix\"><i class=\"gdlr-core-icon-list-icon fa fa-check\" aria-hidden=\"true\"><\/i>\n<div class=\"gdlr-core-icon-list-content-wrap\"><span class=\"gdlr-core-icon-list-content\">Cubierta Astern: +25%<\/span><\/div>\n<\/li>\n<li class=\" gdlr-core-skin-divider clearfix\"><i class=\"gdlr-core-icon-list-icon fa fa-check\" aria-hidden=\"true\"><\/i>\n<div class=\"gdlr-core-icon-list-content-wrap\"><span class=\"gdlr-core-icon-list-content\">Bajo cubierta: + 50 %<\/span><\/div>\n<\/li>\n<li class=\" gdlr-core-skin-divider clearfix\"><i class=\"gdlr-core-icon-list-icon fa fa-check\" aria-hidden=\"true\"><\/i>\n<div class=\"gdlr-core-icon-list-content-wrap\"><span class=\"gdlr-core-icon-list-content\">Sobre cubierta &amp; cubierta de paseo: + 75 %<\/span><\/div>\n<\/li>\n<\/ul>\n<div class=\"gdlr-core-icon-list-content-wrap\"><span class=\"gdlr-core-icon-list-content\">* Camarote bajo cubierta (excepto popa) posible hasta 4 personas (literas)<\/span><\/div>\n<div class=\"gdlr-core-icon-list-content-wrap\"><span class=\"gdlr-core-icon-list-content\">* Camarote sobre cubierta posibles hasta 3 personas (sof\u00e1 cama de 75 x 185 cm)<\/span><\/div>\n<ul>\n<li class=\" gdlr-core-skin-divider clearfix\">\n<div class=\"gdlr-core-icon-list-content-wrap\"><span class=\"gdlr-core-icon-list-content\">Suplemento bicicleta el\u00e9ctrica: +100\u20ac<\/span><\/div>\n<\/li>\n<\/ul>\n<h4>Nuestras Bicicletas<\/h4>\n<p>Bicicletas de mujeres, hombres y ni\u00f1os:<\/p>\n<ul>\n<li>7 velocidades<\/li>\n<li>21 velocidades<\/li>\n<li>XS, S, M, L, XL<\/li>\n<\/ul>\n<p>Accesorios:<\/p>\n<ul>\n<li>bolsa de sill\u00edn<\/li>\n<\/ul>\n<p>En Austria, el casco s\u00f3lo es obligatorio para ni\u00f1os de menos de 12 a\u00f1os. En Eslovaquia es obligatorio llevar casco fuera de las ciudades. En Hungr\u00eda tienes que usar chalecos de seguridad si pedalea por la noche o fuera de la ciudad si tiene poca visibilidad. NO se ofrecen cascos en este tour.<\/p>\n","protected":false},"excerpt":{"rendered":"<div class=\"views-field views-field-field-texto-promocional\">\n<div class=\"field-content resultados_tipo_contenido\">El Danubio, 8 d\u00edas y 300 kil\u00f3metros en bicicleta.<\/div>\n<\/div>\n","protected":false},"featured_media":5432,"template":"","meta":[],"product_brand":[],"product_cat":[45],"product_tag":[],"class_list":{"0":"post-5402","1":"product","2":"type-product","3":"status-publish","4":"has-post-thumbnail","6":"product_cat-europe","8":"first","9":"instock","10":"taxable","11":"shipping-taxable","12":"purchasable","13":"product-type-variable"},"aioseo_notices":[],"_links":{"self":[{"href":"https:\/\/madrid.bikespain.com\/es\/wp-json\/wp\/v2\/product\/5402","targetHints":{"allow":["GET"]}}],"collection":[{"href":"https:\/\/madrid.bikespain.com\/es\/wp-json\/wp\/v2\/product"}],"about":[{"href":"https:\/\/madrid.bikespain.com\/es\/wp-json\/wp\/v2\/types\/product"}],"wp:featuredmedia":[{"embeddable":true,"href":"https:\/\/madrid.bikespain.com\/es\/wp-json\/wp\/v2\/media\/5432"}],"wp:attachment":[{"href":"https:\/\/madrid.bikespain.com\/es\/wp-json\/wp\/v2\/media?parent=5402"}],"wp:term":[{"taxonomy":"product_brand","embeddable":true,"href":"https:\/\/madrid.bikespain.com\/es\/wp-json\/wp\/v2\/product_brand?post=5402"},{"taxonomy":"product_cat","embeddable":true,"href":"https:\/\/madrid.bikespain.com\/es\/wp-json\/wp\/v2\/product_cat?post=5402"},{"taxonomy":"product_tag","embeddable":true,"href":"https:\/\/madrid.bikespain.com\/es\/wp-json\/wp\/v2\/product_tag?post=5402"}],"curies":[{"name":"wp","href":"https:\/\/api.w.org\/{rel}","templated":true}]}}