{"id":5401,"date":"2025-12-13T21:02:59","date_gmt":"2025-12-13T21:02:59","guid":{"rendered":"https:\/\/madrid.bikespain.com\/?post_type=product&#038;p=5401"},"modified":"2025-12-13T21:04:06","modified_gmt":"2025-12-13T21:04:06","slug":"austria-de-linz-a-viena-con-bike-spain-tours","status":"publish","type":"product","link":"https:\/\/madrid.bikespain.com\/es\/product\/austria-de-linz-a-viena-con-bike-spain-tours\/","title":{"rendered":"Austria: De Linz a Viena con Bike Spain Tours"},"content":{"rendered":"<h4>Incluido<\/h4>\n<ul>\n<li>Alojamiento con desayuno<\/li>\n<li>Media pensi\u00f3n (excepto en Viena y para ni\u00f1os de menos de 5 a\u00f1os)<\/li>\n<li>Bicicleta<\/li>\n<li>Gu\u00eda Bike Spain Tours (espa\u00f1ol)<\/li>\n<li>Traslado de equipaje\u00a0(incl. seguro hasta 700 \u20ac por persona)<\/li>\n<li>Ferri Spitz \u2013 Krems (d\u00eda 4 del itinerario; bici incl.)<\/li>\n<li>Ferri Spitz \u2013 Mitterarnsorf (d\u00eda 5 del itinerario; bici incl.)<\/li>\n<li>Ticket de metro en Viena<\/li>\n<li>Mapas y documentaci\u00f3n (espa\u00f1ol)<\/li>\n<li>Asistencia (espa\u00f1ol)<\/li>\n<li class=\"active\">Tasas de turismo<\/li>\n<\/ul>\n<h4>No Incluido<\/h4>\n<ul>\n<li>Vuelos<\/li>\n<li>Comidas<\/li>\n<li>Cena en Viena<\/li>\n<li>Bebidas durante las cenas<\/li>\n<li>Actividades extras<\/li>\n<li>Seguro de viaje: 20 \u20ac\/persona<\/li>\n<li>Propinas<\/li>\n<\/ul>\n<p>Cobertura para garantizar un viaje seguro. Un compa\u00f1ero de viaje indispensable proporcionada por BIKE SPAIN TOURS para nuestros clientes. Sin embargo, le pedimos que revise la cantidad limitada de dicha cobertura incluido en nuestro seguro, y confirmar con su compa\u00f1\u00eda de seguros que usted est\u00e1 cubierto de manera adecuada en cualquier caso.<\/p>\n<p><a href=\"https:\/\/www.bikespain.com\/wp-content\/uploads\/2017\/11\/insurance_bikespain_gvtour-1.pdf\" target=\"_blank\" rel=\"noopener noreferrer\">Ejemplo de p\u00f3liza de seguro<\/a><\/p>\n<h4>Opciones<\/h4>\n<p>Precio por persona en habitaci\u00f3n doble:<\/p>\n<ul>\n<li>1290 \u20ac<\/li>\n<\/ul>\n<p>Suplemento individual:<\/p>\n<ul>\n<li>+ 180 \u20ac<\/li>\n<\/ul>\n<p>Suplemento bicicleta el\u00e9ctrica:<\/p>\n<ul>\n<li>+ 75 \u20ac<\/li>\n<\/ul>\n<p>Descuentos infantiles (hasta 15 a\u00f1os):<\/p>\n<ul>\n<li>De 6 a 15 a\u00f1os: 10% (en habitaci\u00f3n distinta a la de 2 adultos)<\/li>\n<li>De 12 a 15 a\u00f1os: 25 % (compartiendo habitaci\u00f3n con dos adultos)<\/li>\n<li>De 6 a 11 a\u00f1os: 50 %\u00a0(compartiendo habitaci\u00f3n con dos adultos)<\/li>\n<li>Ni\u00f1os hasta 5 a\u00f1os: consultarnos<\/li>\n<\/ul>\n<p>Noches extras: consultarnos<\/p>\n<p>SALIDA GARANTIZADA CON LOS SERVICIOS DETALLADOS PARA UN M\u00cdNIMO DE 8 ADULTOS.<\/p>\n<p>Si en la fecha l\u00edmite de inscripci\u00f3n (2 meses antes de la fecha de inicio de la ruta), no se hubiera alcanzado el m\u00ednimo de participantes especificado, Bike Spain Tours se reserva el derecho a modificar los servicios relativos a los gu\u00edas y trazado de la ruta o el precio por persona en habitaci\u00f3n doble.<\/p>\n<h4>Nuestras Bicicletas<\/h4>\n<div class=\"b-tabs\">\n<div class=\"tabs-content\">\n<div class=\"active tab\">\n<div class=\"tab-others-campos\">\n<p>Bicicletas de mujeres, hombres y ni\u00f1os:<\/p>\n<ul>\n<li>24 velocidades<\/li>\n<li>7 velocidades<\/li>\n<li>5 velocidades<\/li>\n<li>XS, S, M, L, XL<\/li>\n<\/ul>\n<p>Bicicletas el\u00e9ctricas: KTM o Kalkhoff<\/p>\n<p>Tandems h\u00edbridos o el\u00e9ctricos disponibles (precio de 2 bicicletas h\u00edbridas o el\u00e9ctricas).<\/p>\n<p>Accesorios infantiles: consultarnos<\/p>\n<p>Accesorios:<\/p>\n<ul>\n<li>candado<\/li>\n<li>bomba<\/li>\n<li>bolsa de sill\u00edn<\/li>\n<li>botella de agua<\/li>\n<\/ul>\n<p>En Austria, el casco s\u00f3lo es obligatorio para ni\u00f1os de menos de 12 a\u00f1os.<\/p>\n<\/div>\n<\/div>\n<\/div>\n<\/div>\n","protected":false},"excerpt":{"rendered":"<div class=\"views-field views-field-field-texto-promocional\">\n<div class=\"field-content resultados_tipo_contenido\">Diez d\u00edas para recorrer esta bella regi\u00f3n del Danubio en familia.<\/div>\n<\/div>\n","protected":false},"featured_media":5431,"template":"","meta":[],"product_brand":[],"product_cat":[45],"product_tag":[],"class_list":{"0":"post-5401","1":"product","2":"type-product","3":"status-publish","4":"has-post-thumbnail","6":"product_cat-europe","8":"first","9":"instock","10":"taxable","11":"shipping-taxable","12":"purchasable","13":"product-type-variable"},"aioseo_notices":[],"_links":{"self":[{"href":"https:\/\/madrid.bikespain.com\/es\/wp-json\/wp\/v2\/product\/5401","targetHints":{"allow":["GET"]}}],"collection":[{"href":"https:\/\/madrid.bikespain.com\/es\/wp-json\/wp\/v2\/product"}],"about":[{"href":"https:\/\/madrid.bikespain.com\/es\/wp-json\/wp\/v2\/types\/product"}],"wp:featuredmedia":[{"embeddable":true,"href":"https:\/\/madrid.bikespain.com\/es\/wp-json\/wp\/v2\/media\/5431"}],"wp:attachment":[{"href":"https:\/\/madrid.bikespain.com\/es\/wp-json\/wp\/v2\/media?parent=5401"}],"wp:term":[{"taxonomy":"product_brand","embeddable":true,"href":"https:\/\/madrid.bikespain.com\/es\/wp-json\/wp\/v2\/product_brand?post=5401"},{"taxonomy":"product_cat","embeddable":true,"href":"https:\/\/madrid.bikespain.com\/es\/wp-json\/wp\/v2\/product_cat?post=5401"},{"taxonomy":"product_tag","embeddable":true,"href":"https:\/\/madrid.bikespain.com\/es\/wp-json\/wp\/v2\/product_tag?post=5401"}],"curies":[{"name":"wp","href":"https:\/\/api.w.org\/{rel}","templated":true}]}}