{"id":5373,"date":"2025-12-13T21:02:40","date_gmt":"2025-12-13T21:02:40","guid":{"rendered":"https:\/\/madrid.bikespain.com\/?post_type=product&#038;p=5373"},"modified":"2025-12-13T21:04:06","modified_gmt":"2025-12-13T21:04:06","slug":"francia-provenza-en-barco-y-bicicleta","status":"publish","type":"product","link":"https:\/\/madrid.bikespain.com\/es\/product\/francia-provenza-en-barco-y-bicicleta\/","title":{"rendered":"Francia: Provenza en barco y bicicleta"},"content":{"rendered":"<h4>Incluido<\/h4>\n<ul>\n<li class=\"\">Alojamiento en camarote doble<\/li>\n<li class=\"\">Pensi\u00f3n completa<\/li>\n<li class=\"\">Gu\u00eda (ingl\u00e9s) &#8211; posibilidad de ir a tu aire<\/li>\n<li class=\"\">Visita guiada de Arles<\/li>\n<li class=\"active\">Mapas y documentaci\u00f3n en formato electr\u00f3nico (ingl\u00e9s)<\/li>\n<li class=\"\">S\u00e1banas y toallas<\/li>\n<li>Tasas de embarque<\/li>\n<\/ul>\n<h4>No Incluido<\/h4>\n<ul>\n<li class=\"\">Vuelos<\/li>\n<li class=\"\">Bebidas a bordo<\/li>\n<li class=\"\">Bicicleta<\/li>\n<li>Una cena en Aigues-Mortes<\/li>\n<li class=\"\">Actividades extras<\/li>\n<li class=\"\">Seguro personal de viaje: 20\u20ac\/persona<\/li>\n<li class=\"active\">Propinas<\/li>\n<\/ul>\n<p>Cobertura para garantizar un viaje seguro. Un compa\u00f1ero de viaje indispensable proporcionada por BIKE SPAIN TOURS para nuestros clientes. Sin embargo, le pedimos que revise la cantidad limitada de dicha cobertura incluido en nuestro seguro, y confirmar con su compa\u00f1\u00eda de seguros que usted est\u00e1 cubierto de manera adecuada en cualquier caso.<\/p>\n<p><a href=\"https:\/\/www.bikespain.com\/wp-content\/uploads\/2017\/11\/insurance_bikespain_gvtour-1.pdf\" target=\"_blank\" rel=\"noopener noreferrer\">Ejemplo de p\u00f3liza de seguro<\/a><\/p>\n<h4>Opciones<\/h4>\n<div class=\"gdlr-core-pbf-element\">\n<div class=\"gdlr-core-text-box-item gdlr-core-item-pdlr gdlr-core-item-pdb gdlr-core-left-align\">\n<div class=\"gdlr-core-text-box-item-content\">\n<p>Precio por persona en camarote doble:<\/p>\n<table width=\"497\">\n<tbody>\n<tr>\n<td width=\"92\">Temporada 1<\/td>\n<td width=\"69\">25\/03\/2023<\/td>\n<td width=\"105\">Avi\u00f1\u00f3n<\/td>\n<td width=\"93\">1.090,00\u20ac<\/td>\n<\/tr>\n<tr>\n<td width=\"92\">Temporada 1<\/td>\n<td width=\"69\">01\/04\/2023<\/td>\n<td width=\"105\">Aigues Mortes<\/td>\n<td width=\"93\">1.090,00\u20ac<\/td>\n<\/tr>\n<tr>\n<td width=\"92\">Temporada 1<\/td>\n<td width=\"69\">08\/04\/2023<\/td>\n<td>Avi\u00f1\u00f3n<\/td>\n<td>1.090,00\u20ac<\/td>\n<\/tr>\n<tr>\n<td width=\"92\">Temporada 1<\/td>\n<td width=\"69\">15\/04\/2023<\/td>\n<td>Aigues Mortes<\/td>\n<td>1.090,00\u20ac<\/td>\n<\/tr>\n<tr>\n<td width=\"92\">Temporada 2<\/td>\n<td width=\"69\">22\/04\/2023<\/td>\n<td>Avi\u00f1\u00f3n<\/td>\n<td>1.480,00 \u20ac<\/td>\n<\/tr>\n<tr>\n<td width=\"92\">Temporada 2<\/td>\n<td width=\"69\">29\/04\/2023<\/td>\n<td>Aigues Mortes<\/td>\n<td>1.480,00 \u20ac<\/td>\n<\/tr>\n<tr>\n<td width=\"92\">Temporada 3<\/td>\n<td width=\"69\">06\/05\/2023<\/td>\n<td>Avi\u00f1\u00f3n<\/td>\n<td>1.530,00 \u20ac<\/td>\n<\/tr>\n<tr>\n<td width=\"92\">Temporada 3<\/td>\n<td width=\"69\">13\/05\/2023<\/td>\n<td>Aigues Mortes<\/td>\n<td>1.530,00 \u20ac<\/td>\n<\/tr>\n<tr>\n<td width=\"92\">Temporada 3<\/td>\n<td width=\"69\">20\/05\/2023<\/td>\n<td>Avi\u00f1\u00f3n<\/td>\n<td>1.530,00 \u20ac<\/td>\n<\/tr>\n<tr>\n<td width=\"92\">Temporada 3<\/td>\n<td width=\"69\">27\/05\/2023<\/td>\n<td>Aigues Mortes<\/td>\n<td>1.530,00 \u20ac<\/td>\n<\/tr>\n<tr>\n<td width=\"92\">Temporada 3<\/td>\n<td width=\"69\">03\/06\/2023<\/td>\n<td>Avi\u00f1\u00f3n<\/td>\n<td>1.530,00 \u20ac<\/td>\n<\/tr>\n<tr>\n<td width=\"92\">Temporada 3<\/td>\n<td width=\"69\">10\/06\/2023<\/td>\n<td>Aigues Mortes<\/td>\n<td>1.530,00 \u20ac<\/td>\n<\/tr>\n<tr>\n<td width=\"92\">Temporada 3<\/td>\n<td width=\"69\">17\/06\/2023<\/td>\n<td>Avi\u00f1\u00f3n<\/td>\n<td>1.530,00 \u20ac<\/td>\n<\/tr>\n<tr>\n<td width=\"92\">Temporada 3<\/td>\n<td width=\"69\">24\/06\/2023<\/td>\n<td>Aigues Mortes<\/td>\n<td>1.530,00 \u20ac<\/td>\n<\/tr>\n<tr>\n<td width=\"92\">Temporada 2<\/td>\n<td width=\"69\">01\/07\/2023<\/td>\n<td>Avi\u00f1\u00f3n<\/td>\n<td>1.480,00 \u20ac<\/td>\n<\/tr>\n<tr>\n<td width=\"92\">Temporada 2<\/td>\n<td width=\"69\">08\/07\/2023<\/td>\n<td>Aigues Mortes<\/td>\n<td>1.480,00 \u20ac<\/td>\n<\/tr>\n<tr>\n<td width=\"92\">Temporada 2<\/td>\n<td width=\"69\">15\/07\/2023<\/td>\n<td>Avi\u00f1\u00f3n<\/td>\n<td>1.480,00 \u20ac<\/td>\n<\/tr>\n<tr>\n<td width=\"92\">Temporada 2<\/td>\n<td width=\"69\">22\/07\/2023<\/td>\n<td>Aigues Mortes<\/td>\n<td>1.480,00 \u20ac<\/td>\n<\/tr>\n<tr>\n<td width=\"92\">Temporada 2<\/td>\n<td width=\"69\">29\/07\/2023<\/td>\n<td>Avi\u00f1\u00f3n<\/td>\n<td>1.480,00 \u20ac<\/td>\n<\/tr>\n<tr>\n<td width=\"92\">Temporada 2<\/td>\n<td width=\"69\">05\/08\/2023<\/td>\n<td>Aigues Mortes<\/td>\n<td>1.480,00 \u20ac<\/td>\n<\/tr>\n<tr>\n<td width=\"92\">Temporada 2<\/td>\n<td width=\"69\">12\/08\/2023<\/td>\n<td>Avi\u00f1\u00f3n<\/td>\n<td>1.480,00 \u20ac<\/td>\n<\/tr>\n<tr>\n<td width=\"92\">Temporada 2<\/td>\n<td width=\"69\">19\/08\/2023<\/td>\n<td>Aigues Mortes<\/td>\n<td>1.480,00 \u20ac<\/td>\n<\/tr>\n<tr>\n<td width=\"92\">Temporada 4<\/td>\n<td width=\"69\">26\/08\/2023<\/td>\n<td>Avi\u00f1\u00f3n<\/td>\n<td>1.590,00 \u20ac<\/td>\n<\/tr>\n<tr>\n<td width=\"92\">Temporada 4<\/td>\n<td width=\"69\">02\/09\/2023<\/td>\n<td>Aigues Mortes<\/td>\n<td>1.590,00 \u20ac<\/td>\n<\/tr>\n<tr>\n<td width=\"92\">Temporada 4<\/td>\n<td width=\"69\">09\/09\/2023<\/td>\n<td>Avi\u00f1\u00f3n<\/td>\n<td>1.590,00 \u20ac<\/td>\n<\/tr>\n<tr>\n<td width=\"92\">Temporada 4<\/td>\n<td width=\"69\">16\/09\/2023<\/td>\n<td>Aigues Mortes<\/td>\n<td>1.590,00 \u20ac<\/td>\n<\/tr>\n<tr>\n<td width=\"92\">Temporada 4<\/td>\n<td width=\"69\">23\/09\/2023<\/td>\n<td>Avi\u00f1\u00f3n<\/td>\n<td>1.590,00 \u20ac<\/td>\n<\/tr>\n<tr>\n<td width=\"92\">Temporada 4<\/td>\n<td width=\"69\">30\/09\/2023<\/td>\n<td>Aigues Mortes<\/td>\n<td>1.590,00 \u20ac<\/td>\n<\/tr>\n<tr>\n<td width=\"92\">Temporada 4<\/td>\n<td width=\"69\">07\/10\/2023<\/td>\n<td>Avi\u00f1\u00f3n<\/td>\n<td>1.590,00 \u20ac<\/td>\n<\/tr>\n<tr>\n<td width=\"92\">Temporada 4<\/td>\n<td width=\"69\">14\/10\/2023<\/td>\n<td>Aigues Mortes<\/td>\n<td>1.590,00 \u20ac<\/td>\n<\/tr>\n<tr>\n<td width=\"92\">Temporada 3<\/td>\n<td width=\"69\">21\/10\/2023<\/td>\n<td>Avi\u00f1\u00f3n<\/td>\n<td>1.530,00 \u20ac<\/td>\n<\/tr>\n<\/tbody>\n<\/table>\n<\/div>\n<\/div>\n<\/div>\n<div class=\"gdlr-core-pbf-element\">\n<div class=\"gdlr-core-icon-list-item gdlr-core-item-pdlr gdlr-core-item-pdb clearfix gdlr-core-left-align gdlr-core-style-1\">\n<div><\/div>\n<div class=\"gdlr-core-icon-list-content-wrap\"><span class=\"gdlr-core-icon-list-content\">Camarote individual o camarote doble de uso individual:<\/span><\/div>\n<ul>\n<li class=\"gdlr-core-icon-list-content-wrap\"><span class=\"gdlr-core-icon-list-content\">350\u20ac (individual en Carprice) o 930\u20ac<\/span><\/li>\n<\/ul>\n<div class=\"gdlr-core-icon-list-content-wrap\"><span class=\"gdlr-core-icon-list-content\">Alquiler de bicicleta:<\/span><\/div>\n<ul>\n<li class=\"gdlr-core-icon-list-content-wrap\"><span class=\"gdlr-core-icon-list-content\">Bicicleta de paseo: 100\u20ac<\/span><\/li>\n<li class=\"gdlr-core-icon-list-content-wrap\"><span class=\"gdlr-core-icon-list-content\">Bicicleta el\u00e9ctrica: 250\u20ac<\/span><\/li>\n<\/ul>\n<div class=\"gdlr-core-icon-list-content-wrap\"><span class=\"gdlr-core-icon-list-content\">Suplemento dietas especiales: 50\u20ac<\/span><\/div>\n<\/div>\n<\/div>\n<p>Noche extra: consultarnos<\/p>\n<p>Pol\u00edticas de cancelaci\u00f3n especiales:<\/p>\n<ul>\n<li class=\"\">Antes de 90 d\u00edas: 10% del total del viaje<\/li>\n<li class=\"\">Entre 89 y 60 d\u00edas antes de la salida: 40% del total del viaje<\/li>\n<li class=\"\">Entre 59 y 30 d\u00edas antes de la salida: 60% del total del viaje<\/li>\n<li class=\"\">Entre 29 y 7 d\u00edas antes de la salida: 85% del total del viaje<\/li>\n<li class=\"\">Entre 6 y 1 d\u00eda antes de la salida: 95% del total del viaje<\/li>\n<li class=\"active\">D\u00eda anterior y no presentaci\u00f3n: 100% del total del viaje<\/li>\n<\/ul>\n<div class=\"gdlr-core-icon-list-content-wrap\"><span class=\"gdlr-core-icon-list-content\">Se garantiza el viaje con 12 personas<\/span><\/div>\n<h4>Nuestras Bicicletas<\/h4>\n<p>Bicicletas unisex y ni\u00f1os:<\/p>\n<ul>\n<li class=\"\">27 velocidades<\/li>\n<li class=\"active\">XS, S, M, L, XL<\/li>\n<\/ul>\n<p>Bicicletas el\u00e9ctricas: KTM<\/p>\n<p>Accesorios:<\/p>\n<ul>\n<li class=\"\">alforja<\/li>\n<li class=\"\">cuentakil\u00f3metros<\/li>\n<li class=\"\">botella de agua<\/li>\n<li class=\"active\">candado<\/li>\n<\/ul>\n<p>En Francia, el casco s\u00f3lo es obligatorio para ni\u00f1os de menos de 12 a\u00f1os. Puedes alquilar un casco con reserva previa.<\/p>\n","protected":false},"excerpt":{"rendered":"<div class=\"views-field views-field-field-texto-promocional\">\n<div class=\"field-content resultados_tipo_contenido\">Un recorrido que no te dejar\u00e1 indiferente. La Francia m\u00e1s mediterr\u00e1nea est\u00e1 a tu alcance.<\/div>\n<\/div>\n","protected":false},"featured_media":5395,"template":"","meta":[],"product_brand":[],"product_cat":[45],"product_tag":[],"class_list":{"0":"post-5373","1":"product","2":"type-product","3":"status-publish","4":"has-post-thumbnail","6":"product_cat-europe","8":"first","9":"instock","10":"purchasable","11":"product-type-variable"},"aioseo_notices":[],"_links":{"self":[{"href":"https:\/\/madrid.bikespain.com\/es\/wp-json\/wp\/v2\/product\/5373","targetHints":{"allow":["GET"]}}],"collection":[{"href":"https:\/\/madrid.bikespain.com\/es\/wp-json\/wp\/v2\/product"}],"about":[{"href":"https:\/\/madrid.bikespain.com\/es\/wp-json\/wp\/v2\/types\/product"}],"wp:featuredmedia":[{"embeddable":true,"href":"https:\/\/madrid.bikespain.com\/es\/wp-json\/wp\/v2\/media\/5395"}],"wp:attachment":[{"href":"https:\/\/madrid.bikespain.com\/es\/wp-json\/wp\/v2\/media?parent=5373"}],"wp:term":[{"taxonomy":"product_brand","embeddable":true,"href":"https:\/\/madrid.bikespain.com\/es\/wp-json\/wp\/v2\/product_brand?post=5373"},{"taxonomy":"product_cat","embeddable":true,"href":"https:\/\/madrid.bikespain.com\/es\/wp-json\/wp\/v2\/product_cat?post=5373"},{"taxonomy":"product_tag","embeddable":true,"href":"https:\/\/madrid.bikespain.com\/es\/wp-json\/wp\/v2\/product_tag?post=5373"}],"curies":[{"name":"wp","href":"https:\/\/api.w.org\/{rel}","templated":true}]}}