{"id":5369,"date":"2025-12-13T21:02:39","date_gmt":"2025-12-13T21:02:39","guid":{"rendered":"https:\/\/madrid.bikespain.com\/?post_type=product&#038;p=5369"},"modified":"2025-12-13T21:03:57","modified_gmt":"2025-12-13T21:03:57","slug":"francia-loira-de-blois-a-saumur","status":"publish","type":"product","link":"https:\/\/madrid.bikespain.com\/es\/product\/francia-loira-de-blois-a-saumur\/","title":{"rendered":"Francia: Loira de Blois a Saumur"},"content":{"rendered":"<h4>Incluido<\/h4>\n<ul>\n<li>Alojamiento en habitaci\u00f3n doble<\/li>\n<li>Desayuno<\/li>\n<li>Traslado de equipaje<\/li>\n<li>Tasas de turismo<\/li>\n<li>Mapas y documentaci\u00f3n (ingl\u00e9s)<\/li>\n<li class=\"active\">Asistencia telef\u00f3nica (ingl\u00e9s)<\/li>\n<\/ul>\n<h4>No Incluido<\/h4>\n<ul>\n<li>Vuelos<\/li>\n<li>Bicicleta<\/li>\n<li>Almuerzos y cenas<\/li>\n<li>Actividades extras<\/li>\n<li>Entradas<\/li>\n<li>Transfer<\/li>\n<li>Seguro de viaje: 20 \u20ac\/persona<\/li>\n<\/ul>\n<p>Cobertura para garantizar un viaje seguro. Un compa\u00f1ero de viaje indispensable proporcionada por BIKE SPAIN TOURS para nuestros clientes. Sin embargo, le pedimos que revise la cantidad limitada de dicha cobertura incluido en nuestro seguro, y confirmar con su compa\u00f1\u00eda de seguros que usted est\u00e1 cubierto de manera adecuada en cualquier caso.<\/p>\n<p><a href=\"https:\/\/www.bikespain.com\/wp-content\/uploads\/2017\/11\/insurance_bikespain_gvtour-1.pdf\" target=\"_blank\" rel=\"noopener noreferrer\">Ejemplo de p\u00f3liza de seguro<\/a><\/p>\n<h4>Opciones<\/h4>\n<div class=\"gdlr-core-icon-list-content-wrap\"><span class=\"gdlr-core-icon-list-content\">Precio por persona en habitaci\u00f3n doble en hotel de 3*:<\/span><\/div>\n<ul>\n<li class=\"gdlr-core-icon-list-content-wrap\"><span class=\"gdlr-core-icon-list-content\">876 \u20ac<\/span><\/li>\n<\/ul>\n<div class=\"gdlr-core-icon-list-content-wrap\"><span class=\"gdlr-core-icon-list-content\">Suplemento individual:<\/span><\/div>\n<ul>\n<li class=\"gdlr-core-icon-list-content-wrap\"><span class=\"gdlr-core-icon-list-content\">+445 \u20ac<\/span><\/li>\n<\/ul>\n<div class=\"gdlr-core-icon-list-content-wrap\"><span class=\"gdlr-core-icon-list-content\">Precio por persona en habitaci\u00f3n doble en hotel de 3 y 4*:<\/span><\/div>\n<ul>\n<li class=\"gdlr-core-icon-list-content-wrap\"><span class=\"gdlr-core-icon-list-content\">1195\u20ac<\/span><\/li>\n<\/ul>\n<div class=\"gdlr-core-icon-list-content-wrap\"><span class=\"gdlr-core-icon-list-content\">Suplemento individual:<\/span><\/div>\n<ul>\n<li class=\"gdlr-core-icon-list-content-wrap\"><span class=\"gdlr-core-icon-list-content\">+685\u20ac<\/span><\/li>\n<\/ul>\n<div class=\"gdlr-core-icon-list-content-wrap\"><span class=\"gdlr-core-icon-list-content\">Alquiler de bicicleta:<\/span><\/div>\n<ul>\n<li class=\"gdlr-core-icon-list-content-wrap\"><span class=\"gdlr-core-icon-list-content\">Bicicleta h\u00edbrida: 110 \u20ac<\/span><\/li>\n<li class=\"gdlr-core-icon-list-content-wrap\"><span class=\"gdlr-core-icon-list-content\">Bicicleta Sport: 160<\/span><\/li>\n<li class=\"gdlr-core-icon-list-content-wrap\"><span class=\"gdlr-core-icon-list-content\">Bicicleta el\u00e9ctrica: 220 \u20ac<\/span><\/li>\n<\/ul>\n<div class=\"gdlr-core-icon-list-content-wrap\"><span class=\"gdlr-core-icon-list-content\">Suplemento en caso de reserva de 1 persona sola: +250 \u20ac<\/span><\/div>\n<div><\/div>\n<div class=\"gdlr-core-icon-list-content-wrap\"><span class=\"gdlr-core-icon-list-content\">Noche extra: consultar<\/span><\/div>\n<div><\/div>\n<div class=\"gdlr-core-icon-list-content-wrap\"><span class=\"gdlr-core-icon-list-content\">Media pensi\u00f3n<\/span><\/div>\n<ul>\n<li class=\"gdlr-core-icon-list-content-wrap\"><span class=\"gdlr-core-icon-list-content\">+325\u20ac (hoteles 3*); +360\u20ac (hoteles 3 y 4*)<\/span><\/li>\n<\/ul>\n<h4>Nuestras Bicicletas<\/h4>\n<p>Bicicletas de mujeres, hombres y ni\u00f1os:<\/p>\n<ul>\n<li>21 velocidades<\/li>\n<li>XS, S, M, L, XL<\/li>\n<\/ul>\n<p>Bicicletas el\u00e9ctricas: Giant.<\/p>\n<p>Accesorios:<\/p>\n<ul>\n<li>2 alforjas<\/li>\n<li>1 porta mapas<\/li>\n<li>1 kit de reparaci\u00f3n<\/li>\n<li>1 bomba de aire<\/li>\n<li>1 candado<\/li>\n<li>1 cuentakil\u00f3metros<\/li>\n<li>1 casco<\/li>\n<li>1 chaqueta fluorescente<\/li>\n<\/ul>\n<p>En Francia, el casco s\u00f3lo es obligatorio para ni\u00f1os de menos de 12 a\u00f1os.<\/p>\n","protected":false},"excerpt":{"rendered":"<div class=\"views-field views-field-field-texto-promocional\">\n<div class=\"field-content resultados_tipo_contenido\">\u00a1El valle del Loira y sus castillos es uno de los destinos favoritos para los cicloturistas como t\u00fa!<\/div>\n<\/div>\n","protected":false},"featured_media":5396,"template":"","meta":[],"product_brand":[],"product_cat":[45],"product_tag":[],"class_list":{"0":"post-5369","1":"product","2":"type-product","3":"status-publish","4":"has-post-thumbnail","6":"product_cat-europe","8":"first","9":"instock","10":"purchasable","11":"product-type-variable"},"aioseo_notices":[],"_links":{"self":[{"href":"https:\/\/madrid.bikespain.com\/es\/wp-json\/wp\/v2\/product\/5369","targetHints":{"allow":["GET"]}}],"collection":[{"href":"https:\/\/madrid.bikespain.com\/es\/wp-json\/wp\/v2\/product"}],"about":[{"href":"https:\/\/madrid.bikespain.com\/es\/wp-json\/wp\/v2\/types\/product"}],"wp:featuredmedia":[{"embeddable":true,"href":"https:\/\/madrid.bikespain.com\/es\/wp-json\/wp\/v2\/media\/5396"}],"wp:attachment":[{"href":"https:\/\/madrid.bikespain.com\/es\/wp-json\/wp\/v2\/media?parent=5369"}],"wp:term":[{"taxonomy":"product_brand","embeddable":true,"href":"https:\/\/madrid.bikespain.com\/es\/wp-json\/wp\/v2\/product_brand?post=5369"},{"taxonomy":"product_cat","embeddable":true,"href":"https:\/\/madrid.bikespain.com\/es\/wp-json\/wp\/v2\/product_cat?post=5369"},{"taxonomy":"product_tag","embeddable":true,"href":"https:\/\/madrid.bikespain.com\/es\/wp-json\/wp\/v2\/product_tag?post=5369"}],"curies":[{"name":"wp","href":"https:\/\/api.w.org\/{rel}","templated":true}]}}