{"id":5368,"date":"2025-12-13T21:02:39","date_gmt":"2025-12-13T21:02:39","guid":{"rendered":"https:\/\/madrid.bikespain.com\/?post_type=product&#038;p=5368"},"modified":"2025-12-13T21:03:57","modified_gmt":"2025-12-13T21:03:57","slug":"francia-la-provenza-avinon-y-el-luberon","status":"publish","type":"product","link":"https:\/\/madrid.bikespain.com\/es\/product\/francia-la-provenza-avinon-y-el-luberon\/","title":{"rendered":"Francia: La Provenza, Avi\u00f1\u00f3n y el Luberon"},"content":{"rendered":"<h4>Incluido<\/h4>\n<ul>\n<li class=\" gdlr-core-skin-divider\"><span class=\"gdlr-core-icon-list-content\">Alojamiento en habitaci\u00f3n doble<\/span><\/li>\n<li class=\" gdlr-core-skin-divider\"><span class=\"gdlr-core-icon-list-content\">Desayunos<\/span><\/li>\n<li class=\" gdlr-core-skin-divider\"><span class=\"gdlr-core-icon-list-content\">Traslado de equipaje<\/span><\/li>\n<li class=\" gdlr-core-skin-divider\"><span class=\"gdlr-core-icon-list-content\">Mapas y documentaci\u00f3n en destino (ingl\u00e9s)<\/span><\/li>\n<li>Track GPX<\/li>\n<li class=\" gdlr-core-skin-divider\"><span class=\"gdlr-core-icon-list-content\">Tasas de Turismo<\/span><\/li>\n<li class=\" gdlr-core-skin-divider\"><span class=\"gdlr-core-icon-list-content\">Asistencia telef\u00f3nica<\/span><\/li>\n<\/ul>\n<h4>No Incluido<\/h4>\n<ul>\n<li class=\" gdlr-core-skin-divider\"><span class=\"gdlr-core-icon-list-content\">Vuelos<\/span><\/li>\n<li class=\" gdlr-core-skin-divider\"><span class=\"gdlr-core-icon-list-content\">Bicicletas<\/span><\/li>\n<li class=\" gdlr-core-skin-divider\"><span class=\"gdlr-core-icon-list-content\">Traslado a Avignon\/from Isle sur la Sorgue<\/span><\/li>\n<li class=\" gdlr-core-skin-divider\"><span class=\"gdlr-core-icon-list-content\">Las cenas y las comidas<\/span><\/li>\n<li class=\" gdlr-core-skin-divider\"><span class=\"gdlr-core-icon-list-content\">Bebidas<\/span><\/li>\n<li class=\" gdlr-core-skin-divider\"><span class=\"gdlr-core-icon-list-content\">Entradas a museos y actividades extras<\/span><\/li>\n<\/ul>\n<p>&nbsp;<\/p>\n<h4>Opciones<\/h4>\n<div class=\"gdlr-core-icon-list-content-wrap\"><span class=\"gdlr-core-icon-list-content\">Precio por persona en habitaci\u00f3n DOBLE (opci\u00f3n Standard- 2*\/3*)<\/span><\/div>\n<p>&nbsp;<\/p>\n<div class=\"gdlr-core-icon-list-content-wrap\"><span class=\"gdlr-core-icon-list-content\">Temporada Baja (marzo a noviembre):<\/span><\/div>\n<ul>\n<li class=\" gdlr-core-skin-divider clearfix\">\n<div class=\"gdlr-core-icon-list-content-wrap\"><span class=\"gdlr-core-icon-list-content\">De 2 a 3 personas: 590\u20ac<\/span><\/div>\n<\/li>\n<li class=\" gdlr-core-skin-divider clearfix\">\n<div class=\"gdlr-core-icon-list-content-wrap\"><span class=\"gdlr-core-icon-list-content\">De 4 a 6 personas: 530\u20ac<\/span><\/div>\n<\/li>\n<li class=\"gdlr-core-icon-list-content-wrap\"><span class=\"gdlr-core-icon-list-content\">Suplemento habitaci\u00f3n individual: +300\u20ac<\/span><\/li>\n<li class=\" gdlr-core-skin-divider clearfix\">\n<div class=\"gdlr-core-icon-list-content-wrap\"><span class=\"gdlr-core-icon-list-content\">Persona viajando sola: 1040\u20ac<\/span><\/div>\n<\/li>\n<\/ul>\n<p>&nbsp;<\/p>\n<div class=\"gdlr-core-icon-list-content-wrap\"><span class=\"gdlr-core-icon-list-content\">Temporada Alta (mayo &#8211; septiembre)<\/span><\/div>\n<ul>\n<li class=\" gdlr-core-skin-divider clearfix\">\n<div class=\"gdlr-core-icon-list-content-wrap\"><span class=\"gdlr-core-icon-list-content\">De 2 a 3 personas: 630\u20ac<\/span><\/div>\n<\/li>\n<li class=\" gdlr-core-skin-divider clearfix\">\n<div class=\"gdlr-core-icon-list-content-wrap\"><span class=\"gdlr-core-icon-list-content\">De 4 a 6 personas: 615\u20ac<\/span><\/div>\n<\/li>\n<li class=\" gdlr-core-skin-divider clearfix\">\n<div class=\"gdlr-core-icon-list-content-wrap\"><span class=\"gdlr-core-icon-list-content\">Suplemento habitaci\u00f3n individual: + 325\u20ac<\/span><\/div>\n<\/li>\n<li class=\" gdlr-core-skin-divider clearfix\">\n<div class=\"gdlr-core-icon-list-content-wrap\"><span class=\"gdlr-core-icon-list-content\">Persona viajando sola: 1130\u20ac<\/span><\/div>\n<\/li>\n<\/ul>\n<div class=\"gdlr-core-icon-list-content-wrap\"><span class=\"gdlr-core-icon-list-content\">Precio por persona en habitaci\u00f3n DOBLE (opci\u00f3n Charming- 3*+\/4*)<\/span><\/div>\n<p>&nbsp;<\/p>\n<div class=\"gdlr-core-icon-list-content-wrap\"><span class=\"gdlr-core-icon-list-content\">Temporada Baja (marzo a noviembre):<\/span><\/div>\n<ul>\n<li class=\" gdlr-core-skin-divider clearfix\">\n<div class=\"gdlr-core-icon-list-content-wrap\"><span class=\"gdlr-core-icon-list-content\">De 2 a 3 personas: 675\u20ac<\/span><\/div>\n<\/li>\n<li class=\" gdlr-core-skin-divider clearfix\">\n<div class=\"gdlr-core-icon-list-content-wrap\"><span class=\"gdlr-core-icon-list-content\">De 4 a 6 personas: 615\u20ac<\/span><\/div>\n<\/li>\n<li class=\" gdlr-core-skin-divider clearfix\">\n<div class=\"gdlr-core-icon-list-content-wrap\"><span class=\"gdlr-core-icon-list-content\">Suplemento habitaci\u00f3n individual: +400\u20ac<\/span><\/div>\n<\/li>\n<li class=\" gdlr-core-skin-divider clearfix\">\n<div class=\"gdlr-core-icon-list-content-wrap\"><span class=\"gdlr-core-icon-list-content\">Persona viajando sola: 1200\u20ac<\/span><\/div>\n<\/li>\n<\/ul>\n<p>&nbsp;<\/p>\n<div class=\"gdlr-core-icon-list-content-wrap\"><span class=\"gdlr-core-icon-list-content\">Temporada Alta (mayo &#8211; septiembre)<\/span><\/div>\n<ul>\n<li class=\" gdlr-core-skin-divider clearfix\">\n<div class=\"gdlr-core-icon-list-content-wrap\"><span class=\"gdlr-core-icon-list-content\">De 2 a 3 personas: 740\u20ac<\/span><\/div>\n<\/li>\n<li class=\" gdlr-core-skin-divider clearfix\">\n<div class=\"gdlr-core-icon-list-content-wrap\"><span class=\"gdlr-core-icon-list-content\">De 4 a 6 personas: 690\u20ac<\/span><\/div>\n<\/li>\n<li class=\" gdlr-core-skin-divider clearfix\">\n<div class=\"gdlr-core-icon-list-content-wrap\"><span class=\"gdlr-core-icon-list-content\">Suplemento habitaci\u00f3n individual: + 420\u20ac<\/span><\/div>\n<\/li>\n<li class=\" gdlr-core-skin-divider clearfix\">\n<div class=\"gdlr-core-icon-list-content-wrap\"><span class=\"gdlr-core-icon-list-content\">Persona viajando sola: 1400\u20ac<\/span><\/div>\n<\/li>\n<\/ul>\n<p>Alquiler de bicicleta:<\/p>\n<ul>\n<li class=\"\">Bicicleta de paseo: 160 \u20ac<\/li>\n<li class=\"active\">Bicicleta el\u00e9ctrica: 230 \u20ac<\/li>\n<\/ul>\n<p>Noche extra: consultarnos.<\/p>\n<p>&nbsp;<\/p>\n<h4>Nuestras Bicicletas<\/h4>\n<p>Bicicletas unisex y ni\u00f1os:<\/p>\n<ul>\n<li class=\"\">27 velocidades<\/li>\n<li class=\"active\">XS, S, M, L, XL<\/li>\n<\/ul>\n<p>Bicicletas el\u00e9ctricas: SCOTT<\/p>\n<p>Accesorios:<\/p>\n<ul>\n<li class=\"\">alforja<\/li>\n<li class=\"\">cuentakil\u00f3metros<\/li>\n<li class=\"\">botella de agua<\/li>\n<li class=\"active\">candado<\/li>\n<\/ul>\n<p>En Francia, el casco s\u00f3lo es obligatorio para ni\u00f1os de menos de 12 a\u00f1os.\u00a0Puedes alquilar un casco por 15 \u20ac (con reserva previa).<\/p>\n","protected":false},"excerpt":{"rendered":"<div class=\"views-field views-field-field-texto-promocional\">\n<div class=\"field-content resultados_tipo_contenido\">Un recorrido que no te dejar\u00e1 indiferente. La Francia m\u00e1s mediterr\u00e1nea est\u00e1 a tu alcance.<\/div>\n<\/div>\n","protected":false},"featured_media":5395,"template":"","meta":[],"product_brand":[],"product_cat":[45],"product_tag":[],"class_list":{"0":"post-5368","1":"product","2":"type-product","3":"status-publish","4":"has-post-thumbnail","6":"product_cat-europe","8":"first","9":"instock","10":"purchasable","11":"product-type-variable"},"aioseo_notices":[],"_links":{"self":[{"href":"https:\/\/madrid.bikespain.com\/es\/wp-json\/wp\/v2\/product\/5368","targetHints":{"allow":["GET"]}}],"collection":[{"href":"https:\/\/madrid.bikespain.com\/es\/wp-json\/wp\/v2\/product"}],"about":[{"href":"https:\/\/madrid.bikespain.com\/es\/wp-json\/wp\/v2\/types\/product"}],"wp:featuredmedia":[{"embeddable":true,"href":"https:\/\/madrid.bikespain.com\/es\/wp-json\/wp\/v2\/media\/5395"}],"wp:attachment":[{"href":"https:\/\/madrid.bikespain.com\/es\/wp-json\/wp\/v2\/media?parent=5368"}],"wp:term":[{"taxonomy":"product_brand","embeddable":true,"href":"https:\/\/madrid.bikespain.com\/es\/wp-json\/wp\/v2\/product_brand?post=5368"},{"taxonomy":"product_cat","embeddable":true,"href":"https:\/\/madrid.bikespain.com\/es\/wp-json\/wp\/v2\/product_cat?post=5368"},{"taxonomy":"product_tag","embeddable":true,"href":"https:\/\/madrid.bikespain.com\/es\/wp-json\/wp\/v2\/product_tag?post=5368"}],"curies":[{"name":"wp","href":"https:\/\/api.w.org\/{rel}","templated":true}]}}