{"id":5367,"date":"2025-12-13T21:02:39","date_gmt":"2025-12-13T21:02:39","guid":{"rendered":"https:\/\/madrid.bikespain.com\/?post_type=product&#038;p=5367"},"modified":"2025-12-13T21:03:57","modified_gmt":"2025-12-13T21:03:57","slug":"francia-el-sur-de-alsacia","status":"publish","type":"product","link":"https:\/\/madrid.bikespain.com\/es\/product\/francia-el-sur-de-alsacia\/","title":{"rendered":"Francia: El sur de Alsacia"},"content":{"rendered":"<h4>Incluido<\/h4>\n<ul>\n<li>8 noches con alojamiento en habitaci\u00f3n doble con desayuno<\/li>\n<li>Reuni\u00f3n de bienvenida (excepto los domingos y d\u00edas festivos)<\/li>\n<li class=\"active\">Traslado de equipaje<\/li>\n<li>Asistencia telef\u00f3nica (ingl\u00e9s)<\/li>\n<li>Mapas y documentaci\u00f3n (ingl\u00e9s)<\/li>\n<li>Track GPS (bajo petici\u00f3n)<\/li>\n<\/ul>\n<h4>No Incluido<\/h4>\n<ul>\n<li>Vuelos<\/li>\n<li>Bicicleta<\/li>\n<li>Almuerzos y cenas<\/li>\n<li>Actividades extras<\/li>\n<li>Seguro de viaje: 20\u20ac\/persona<\/li>\n<li>Tasas de turismo puntuales<\/li>\n<\/ul>\n<p>Cobertura para garantizar un viaje seguro. Un compa\u00f1ero de viaje indispensable proporcionada por BIKE SPAIN TOURS para nuestros clientes. Sin embargo, le pedimos que revise la cantidad limitada de dicha cobertura incluido en nuestro seguro, y confirmar con su compa\u00f1\u00eda de seguros que usted est\u00e1 cubierto de manera adecuada en cualquier caso.<\/p>\n<p><a href=\"https:\/\/www.bikespain.com\/wp-content\/uploads\/2017\/11\/insurance_bikespain_gvtour-1.pdf\" target=\"_blank\" rel=\"noopener noreferrer\">Ejemplo de p\u00f3liza de seguro<\/a><\/p>\n<h4>Opciones<\/h4>\n<div class=\"gdlr-core-pbf-element\">\n<div class=\"gdlr-core-text-box-item gdlr-core-item-pdlr gdlr-core-item-pdb gdlr-core-left-align\">\n<div class=\"gdlr-core-text-box-item-content\">\n<p>Precio por persona en habitaci\u00f3n doble:<\/p>\n<table width=\"744\">\n<tbody>\n<tr>\n<td width=\"140\"><\/td>\n<td width=\"219\"><strong>Temporada 1<\/strong><\/p>\n<p>09.04. \u2013 22.04. | 01.10. \u2013 08.10<\/td>\n<td width=\"209\"><strong>Temporada 2<\/strong><\/p>\n<p>23.04. \u2013 20.05. | 17.09. \u2013 30.09<\/td>\n<td width=\"167\"><strong>Temporada 3<\/strong><\/p>\n<p>21.05. \u2013 16.09.<\/td>\n<\/tr>\n<tr>\n<td width=\"140\">Cat A (hoteles 4*):<\/td>\n<td width=\"219\">849 \u20ac<\/td>\n<td width=\"209\">899 \u20ac<\/td>\n<td width=\"167\">949 \u20ac<\/td>\n<\/tr>\n<tr>\n<td width=\"140\">Cat. B (hoteles 3*):<\/td>\n<td width=\"219\">749 \u20ac<\/td>\n<td width=\"209\">799 \u20ac<\/td>\n<td width=\"167\">849 \u20ac<\/td>\n<\/tr>\n<\/tbody>\n<\/table>\n<p>&nbsp;<\/p>\n<\/div>\n<\/div>\n<\/div>\n<div class=\"gdlr-core-pbf-element\">\n<div class=\"gdlr-core-icon-list-item gdlr-core-item-pdlr gdlr-core-item-pdb clearfix gdlr-core-left-align gdlr-core-style-1\">\n<p class=\"gdlr-core-icon-list-content-wrap\"><span class=\"gdlr-core-icon-list-content\">Suplemento individual:<\/span><\/p>\n<ul>\n<li class=\"gdlr-core-icon-list-content-wrap\"><span class=\"gdlr-core-icon-list-content\">Cat. A (hoteles 4*): + 359 \u20ac<\/span><\/li>\n<li class=\"gdlr-core-icon-list-content-wrap\"><span class=\"gdlr-core-icon-list-content\">Cat. B (hoteles 3*): + 299 \u20ac<\/span><\/li>\n<\/ul>\n<p class=\"gdlr-core-icon-list-content-wrap\"><span class=\"gdlr-core-icon-list-content\">Alquiler de bicicleta:<\/span><\/p>\n<ul>\n<li class=\"gdlr-core-icon-list-content-wrap\"><span class=\"gdlr-core-icon-list-content\">Bicicleta de paseo: 89 \u20ac<\/span><\/li>\n<li class=\"gdlr-core-icon-list-content-wrap\"><span class=\"gdlr-core-icon-list-content\">Bicicleta el\u00e9ctrica: 199 \u20ac<\/span><\/li>\n<\/ul>\n<p class=\"gdlr-core-icon-list-content-wrap\"><span class=\"gdlr-core-icon-list-content\">Noche extra en Estrasburgo:<\/span><\/p>\n<ul>\n<li class=\"gdlr-core-icon-list-content-wrap\"><span class=\"gdlr-core-icon-list-content\">Doble: 89 \u20ac (hoteles 3*) 109 \u20ac (hoteles 4*) \/persona\/noche<\/span><\/li>\n<li class=\"gdlr-core-icon-list-content-wrap\"><span class=\"gdlr-core-icon-list-content\">Individual: 129 \u20ac (hoteles 3*) 149 \u20ac (hoteles 4*) \/persona\/noche<\/span><\/li>\n<\/ul>\n<\/div>\n<\/div>\n<h4>Nuestras Bicicletas<\/h4>\n<p>Bicicletas de mujeres, hombres, unisex y de ni\u00f1os:<\/p>\n<ul>\n<li>7 o 21 velocidades<\/li>\n<li>XS, S, M, L, XL<\/li>\n<\/ul>\n<p>Bicicletas el\u00e9ctricas: KTM<\/p>\n<p>Accesorios inf\u00e1ntiles: consultarnos<\/p>\n<ul>\n<li>remolque<\/li>\n<li>semi-t\u00e1ndem<\/li>\n<li>sill\u00edn<\/li>\n<\/ul>\n<p>Accesorios:<\/p>\n<ul>\n<li>bolsa de manillar<\/li>\n<li>alforja<\/li>\n<li>kit de reparaci\u00f3n<\/li>\n<li>bomba de aire<\/li>\n<li>candado<\/li>\n<li>cuentakil\u00f3metros<\/li>\n<\/ul>\n<p>En Francia, el casco s\u00f3lo es obligatorio para ni\u00f1os de menos de 12 a\u00f1os.<\/p>\n","protected":false},"excerpt":{"rendered":"<div class=\"views-field views-field-field-texto-promocional\">\n<div class=\"field-content resultados_tipo_contenido\">Abandona la prisa y d\u00e9jate mecer por un paisaje que despertar\u00e1 todos tus sentidos.<\/div>\n<\/div>\n","protected":false},"featured_media":5394,"template":"","meta":[],"product_brand":[],"product_cat":[45],"product_tag":[],"class_list":{"0":"post-5367","1":"product","2":"type-product","3":"status-publish","4":"has-post-thumbnail","6":"product_cat-europe","8":"first","9":"instock","10":"taxable","11":"shipping-taxable","12":"purchasable","13":"product-type-variable"},"aioseo_notices":[],"_links":{"self":[{"href":"https:\/\/madrid.bikespain.com\/es\/wp-json\/wp\/v2\/product\/5367","targetHints":{"allow":["GET"]}}],"collection":[{"href":"https:\/\/madrid.bikespain.com\/es\/wp-json\/wp\/v2\/product"}],"about":[{"href":"https:\/\/madrid.bikespain.com\/es\/wp-json\/wp\/v2\/types\/product"}],"wp:featuredmedia":[{"embeddable":true,"href":"https:\/\/madrid.bikespain.com\/es\/wp-json\/wp\/v2\/media\/5394"}],"wp:attachment":[{"href":"https:\/\/madrid.bikespain.com\/es\/wp-json\/wp\/v2\/media?parent=5367"}],"wp:term":[{"taxonomy":"product_brand","embeddable":true,"href":"https:\/\/madrid.bikespain.com\/es\/wp-json\/wp\/v2\/product_brand?post=5367"},{"taxonomy":"product_cat","embeddable":true,"href":"https:\/\/madrid.bikespain.com\/es\/wp-json\/wp\/v2\/product_cat?post=5367"},{"taxonomy":"product_tag","embeddable":true,"href":"https:\/\/madrid.bikespain.com\/es\/wp-json\/wp\/v2\/product_tag?post=5367"}],"curies":[{"name":"wp","href":"https:\/\/api.w.org\/{rel}","templated":true}]}}