{"id":5362,"date":"2025-12-13T21:02:38","date_gmt":"2025-12-13T21:02:38","guid":{"rendered":"https:\/\/madrid.bikespain.com\/?post_type=product&#038;p=5362"},"modified":"2025-12-13T21:03:50","modified_gmt":"2025-12-13T21:03:50","slug":"holanda-en-familia-por-el-lago-ijssel","status":"publish","type":"product","link":"https:\/\/madrid.bikespain.com\/es\/product\/holanda-en-familia-por-el-lago-ijssel\/","title":{"rendered":"Holanda: En Familia, por el lago IJssel"},"content":{"rendered":"<div class=\"gdlr-core-tab-item-content gdlr-core-active\" data-tab-id=\"1\">\n<h4>Incluido<\/h4>\n<ul>\n<li>Alojamiento en camarote con desayuno<\/li>\n<li>Pensi\u00f3n completa<\/li>\n<li>Bicicleta<\/li>\n<li>Gu\u00eda (ingl\u00e9s)<\/li>\n<li>Visita al museo\u00a0Zuiderzee<\/li>\n<li>Paseo en canoa en el Parque Nacional\u00a0de Weerribben<\/li>\n<li>Mapas y documentaci\u00f3n (espa\u00f1ol e\u00a0ingl\u00e9s)<\/li>\n<li>S\u00e1banas y toallas<\/li>\n<\/ul>\n<h4>No Incluido<\/h4>\n<ul>\n<li>Vuelos<\/li>\n<li>Bebidas a bordo<\/li>\n<li>Actividades extras<\/li>\n<li>Seguro de viaje: 20 \u20ac\/persona<\/li>\n<li>Propinas<\/li>\n<\/ul>\n<p>Cobertura para garantizar un viaje seguro. Un compa\u00f1ero de viaje indispensable proporcionada por BIKE SPAIN TOURS para nuestros clientes. Sin embargo, le pedimos que revise la cantidad limitada de dicha cobertura incluido en nuestro seguro, y confirmar con su compa\u00f1\u00eda de seguros que usted est\u00e1 cubierto de manera adecuada en cualquier caso.<\/p>\n<p><a href=\"https:\/\/www.bikespain.com\/wp-content\/uploads\/2017\/11\/insurance_bikespain_gvtour-1.pdf\" target=\"_blank\" rel=\"noopener noreferrer\">Ejemplo de p\u00f3liza de seguro<\/a><\/p>\n<h4>Opciones<\/h4>\n<div class=\"gdlr-core-pbf-element\">\n<div class=\"gdlr-core-icon-list-item gdlr-core-item-pdlr gdlr-core-item-pdb \">\n<p><span class=\"gdlr-core-icon-list-content\">Precio por familia (con ni\u00f1os hasta 11 a\u00f1os)<\/span><\/p>\n<ul>\n<li class=\" gdlr-core-skin-divider\"><i class=\"gdlr-core-icon-list-icon fa fa-check\"><\/i><span class=\"gdlr-core-icon-list-content\">2 adultos + 2 ni\u00f1os: 2055 \u20ac<\/span><\/li>\n<li class=\" gdlr-core-skin-divider\"><i class=\"gdlr-core-icon-list-icon fa fa-check\"><\/i><span class=\"gdlr-core-icon-list-content\">2 adultos + 1 ni\u00f1o:1 674 \u20ac<\/span><\/li>\n<li class=\" gdlr-core-skin-divider\"><i class=\"gdlr-core-icon-list-icon fa fa-check\"><\/i><span class=\"gdlr-core-icon-list-content\">1 adulto + 2 ni\u00f1os: 1 524 \u20ac<\/span><\/li>\n<li class=\" gdlr-core-skin-divider\"><i class=\"gdlr-core-icon-list-icon fa fa-check\"><\/i><span class=\"gdlr-core-icon-list-content\">1 adulto + 1 ni\u00f1o: 1026 \u20ac<\/span><\/li>\n<\/ul>\n<p><i class=\"gdlr-core-icon-list-icon fa fa-check\"><\/i><span class=\"gdlr-core-icon-list-content\">Persona de m\u00e1s de 11 a\u00f1os: 660 \u20ac<\/span><\/p>\n<p><i class=\"gdlr-core-icon-list-icon fa fa-check\"><\/i><span class=\"gdlr-core-icon-list-content\">Ni\u00f1o de menos de 11 a\u00f1os: 513 \u20ac<\/span><\/p>\n<\/div>\n<\/div>\n<div class=\"gdlr-core-pbf-element\">\n<div class=\"gdlr-core-text-box-item gdlr-core-item-pdlr gdlr-core-item-pdb gdlr-core-left-align\">\n<div class=\"gdlr-core-text-box-item-content\">\n<p>Salidas: 18 de julio, 25 de julio, 1 de agosto, 8 de agosto y 15 de agosto<\/p>\n<\/div>\n<\/div>\n<\/div>\n<div class=\"gdlr-core-pbf-element\">\n<div class=\"gdlr-core-icon-list-item gdlr-core-item-pdlr gdlr-core-item-pdb \">\n<p><span class=\"gdlr-core-icon-list-content\">Suplemento individual:<\/span><\/p>\n<ul>\n<li class=\" gdlr-core-skin-divider\"><i class=\"gdlr-core-icon-list-icon fa fa-check\"><\/i><span class=\"gdlr-core-icon-list-content\">+ 190 \u20ac<\/span><\/li>\n<\/ul>\n<p><span class=\"gdlr-core-icon-list-content\">Alquiler de bicicleta:<\/span><\/p>\n<ul>\n<li class=\" gdlr-core-skin-divider\"><i class=\"gdlr-core-icon-list-icon fa fa-check\"><\/i><span class=\"gdlr-core-icon-list-content\">\u00a0Suplemento bicicleta el\u00e9ctrica: + 185 \u20ac<\/span><\/li>\n<li class=\" gdlr-core-skin-divider\"><span class=\"gdlr-core-icon-list-content\">Suplemento accesorio inf\u00e1ntil:<\/span><\/li>\n<li class=\" gdlr-core-skin-divider\"><i class=\"gdlr-core-icon-list-icon fa fa-check\"><\/i><span class=\"gdlr-core-icon-list-content\">Silla: 15\u20ac<\/span><\/li>\n<li class=\" gdlr-core-skin-divider\"><i class=\"gdlr-core-icon-list-icon fa fa-check\"><\/i><span class=\"gdlr-core-icon-list-content\">Remolque\/Tr\u00e1iler\/FollowMe tand\u00e9m: + 80 \u20ac<\/span><\/li>\n<\/ul>\n<p><span class=\"gdlr-core-icon-list-content\">Sobrecargo dietas especiales (exentos vegetarianos y diab\u00e9ticos)<\/span><\/p>\n<ul>\n<li class=\" gdlr-core-skin-divider\"><i class=\"gdlr-core-icon-list-icon fa fa-check\"><\/i><span class=\"gdlr-core-icon-list-content\">+ 50\u20ac<\/span><\/li>\n<\/ul>\n<\/div>\n<\/div>\n<h4>Nuestras Bicicletas<\/h4>\n<p>Bicicletas unisex y ni\u00f1os:<\/p>\n<ul>\n<li>7 velocidades<\/li>\n<li>XS, S, M, L, XL<\/li>\n<\/ul>\n<p>Bicicletas el\u00e9ctricas: E-flyer<\/p>\n<p>Accesorios infantiles: consultarnos<\/p>\n<ul>\n<li>semi-tandem<\/li>\n<li>remolque<\/li>\n<li>sill\u00edn infantil<\/li>\n<\/ul>\n<p>Accesorios:<\/p>\n<ul>\n<li>alforjas<\/li>\n<li>candado<\/li>\n<\/ul>\n<p>En Holanda, el casco no es obligatorio, pero recomendado.<\/p>\n<h4>Highlights<\/h4>\n<ul>\n<li>Visita al museo del antiguo pueblo de pescadores<\/li>\n<li>Paseo en canoa en parque nacional Weerriben<\/li>\n<li>Delfinario y playa de Harderwijk<\/li>\n<li>Parque Walibi World<\/li>\n<li>Paseos en ciudades y pueblos<\/li>\n<\/ul>\n<\/div>\n","protected":false},"excerpt":{"rendered":"<div class=\"views-field views-field-field-texto-promocional\">\n<div class=\"field-content resultados_tipo_contenido\">El lugar ideal para montar en bicicleta con la familia.<\/div>\n<\/div>\n","protected":false},"featured_media":5389,"template":"","meta":[],"product_brand":[],"product_cat":[45],"product_tag":[],"class_list":{"0":"post-5362","1":"product","2":"type-product","3":"status-publish","4":"has-post-thumbnail","6":"product_cat-europe","8":"first","9":"instock","10":"purchasable","11":"product-type-variable"},"aioseo_notices":[],"_links":{"self":[{"href":"https:\/\/madrid.bikespain.com\/es\/wp-json\/wp\/v2\/product\/5362","targetHints":{"allow":["GET"]}}],"collection":[{"href":"https:\/\/madrid.bikespain.com\/es\/wp-json\/wp\/v2\/product"}],"about":[{"href":"https:\/\/madrid.bikespain.com\/es\/wp-json\/wp\/v2\/types\/product"}],"wp:featuredmedia":[{"embeddable":true,"href":"https:\/\/madrid.bikespain.com\/es\/wp-json\/wp\/v2\/media\/5389"}],"wp:attachment":[{"href":"https:\/\/madrid.bikespain.com\/es\/wp-json\/wp\/v2\/media?parent=5362"}],"wp:term":[{"taxonomy":"product_brand","embeddable":true,"href":"https:\/\/madrid.bikespain.com\/es\/wp-json\/wp\/v2\/product_brand?post=5362"},{"taxonomy":"product_cat","embeddable":true,"href":"https:\/\/madrid.bikespain.com\/es\/wp-json\/wp\/v2\/product_cat?post=5362"},{"taxonomy":"product_tag","embeddable":true,"href":"https:\/\/madrid.bikespain.com\/es\/wp-json\/wp\/v2\/product_tag?post=5362"}],"curies":[{"name":"wp","href":"https:\/\/api.w.org\/{rel}","templated":true}]}}