{"id":5361,"date":"2025-12-13T21:02:38","date_gmt":"2025-12-13T21:02:38","guid":{"rendered":"https:\/\/madrid.bikespain.com\/?post_type=product&#038;p=5361"},"modified":"2025-12-13T21:03:50","modified_gmt":"2025-12-13T21:03:50","slug":"holanda-flandes-de-amsterdam-a-brujas","status":"publish","type":"product","link":"https:\/\/madrid.bikespain.com\/es\/product\/holanda-flandes-de-amsterdam-a-brujas\/","title":{"rendered":"Holanda\/Flandes: De \u00c1msterdam a Brujas"},"content":{"rendered":"<h4>Incluido<\/h4>\n<ul>\n<li>Alojamiento en camarote con desayuno<\/li>\n<li>Pensi\u00f3n completa (excepto en Brujas* o en Amberes*)<\/li>\n<li>Gu\u00eda (ingl\u00e9s) &#8211; posibilidad de ir a su aire<\/li>\n<li class=\"active\">Mapas y documentaci\u00f3n (ingl\u00e9s)<\/li>\n<li>Asistencia (ingl\u00e9s)<\/li>\n<li>S\u00e1banas y toallas<\/li>\n<li>Caf\u00e9 y t\u00e9 a bordo<\/li>\n<\/ul>\n<p>*La cena no est\u00e1 incluida en Brujas si viajas en el Magnifique o el Magnifique II de \u00c1msterdam a Brujas. La cena no est\u00e1 incluida en Amberes si viajas en el Magnifique o el Magnifique II de Brujas a \u00c1msterdam o si viajas en el Zwaantje. En los otros barcos, todas las cenas est\u00e1n incluidas.<\/p>\n<h4>No Incluido<\/h4>\n<ul>\n<li>Vuelos<\/li>\n<li>Bicicleta<\/li>\n<li>Bebidas a bordo<\/li>\n<li>Cena en Brujas<\/li>\n<li>Ferris en ruta<\/li>\n<li>Actividades extras<\/li>\n<li>Propinas<\/li>\n<li>Seguro de viaje: 20 \u20ac\/persona<\/li>\n<\/ul>\n<p>Cobertura para garantizar un viaje seguro. Un compa\u00f1ero de viaje indispensable proporcionada por BIKE SPAIN TOURS para nuestros clientes. Sin embargo, le pedimos que revise la cantidad limitada de dicha cobertura incluido en nuestro seguro, y confirmar con su compa\u00f1\u00eda de seguros que usted est\u00e1 cubierto de manera adecuada en cualquier caso.<\/p>\n<p><a href=\"https:\/\/www.bikespain.com\/wp-content\/uploads\/2017\/11\/insurance_bikespain_gvtour-1.pdf\" target=\"_blank\" rel=\"noopener noreferrer\">Ejemplo de p\u00f3liza de seguro<\/a><\/p>\n<h4>Opciones<\/h4>\n<p>Barco Fluvius:<\/p>\n<ul>\n<li>Amsterdam a Brujas: 16 y 30 de Abril ; 14 y 28 de Mayo; 11 y 25 de Junio; 9 y 23 de Julio; 6 y<br \/>\n20 de Agosto; 3 y 17 de Septiembre.<\/li>\n<li>Brujas a Amsterdam:\u00a0 23 de Abril; 7 y 21 de Mayo; 4 y 18 Junio; 2, 16 y 30 Julio; 13 y 27 de Agosto;<br \/>\n10 y 24 de Septiembre.<\/li>\n<\/ul>\n<p>Barco Lena Mar\u00eda:<\/p>\n<ul>\n<li>Amsterdam a Brujas: 3 de Septiembre.<\/li>\n<li>Bruges to Amsterdam: 24 de Septiembre.<\/li>\n<\/ul>\n<table width=\"493\">\n<tbody>\n<tr>\n<td width=\"278\"><\/td>\n<td width=\"97\">16 abr y 24 sep<\/td>\n<td width=\"91\">23 abr- 23 sep<\/td>\n<\/tr>\n<tr>\n<td>Camarote peque\u00f1o bajo cubierta<\/td>\n<td>969,00 \u20ac<\/td>\n<td>1019,00 \u20ac<\/td>\n<\/tr>\n<tr>\n<td>Camarote est\u00e1ndar bajo cubierta<\/td>\n<td>1019,00 \u20ac<\/td>\n<td>1.069,00 \u20ac<\/td>\n<\/tr>\n<tr>\n<td>Camarote bajo cubierta uso Individual<\/td>\n<td>1528,00 \u20ac<\/td>\n<td>1.603,50 \u20ac<\/td>\n<\/tr>\n<tr>\n<td>Camarote est\u00e1ndar sobre cubierta<\/td>\n<td>1219,00 \u20ac<\/td>\n<td>1.269,00 \u20ac<\/td>\n<\/tr>\n<tr>\n<td>Camarote superior sobre cubierta<\/td>\n<td>1369,00 \u20ac<\/td>\n<td>1.419,00 \u20ac<\/td>\n<\/tr>\n<\/tbody>\n<\/table>\n<p><span style=\"color: #000000;\">Pol\u00edticas de cancelaci\u00f3n especiales:<\/span><\/p>\n<p>Alquiler de bicicleta:<\/p>\n<ul>\n<li>Bicicleta de paseo: 85 \u20ac<\/li>\n<li>Bicicleta el\u00e9ctrica: 185 \u20ac<\/li>\n<\/ul>\n<ul>\n<li>Antes de 84 d\u00edas: 10% del total del viaje<\/li>\n<li>Entre 84 y 42 d\u00edas antes de la salida: 30% del total del viaje<\/li>\n<li>Entre 42 y 28 d\u00edas antes de la salida: 60% del total del viaje<\/li>\n<li>Entre 28 y 1 d\u00eda antes de la salida: 90% del total del viaje<\/li>\n<li>D\u00eda anterior y no presentaci\u00f3n: 100% del total del viaje<\/li>\n<\/ul>\n<h4>Nuestras Bicicletas<\/h4>\n<p>Bicicletas de mujeres, de hombres y de ni\u00f1os (freno en el manillar y\/o en el pedal):<\/p>\n<ul>\n<li>7 velocidades<\/li>\n<li>S, M, L, XL<\/li>\n<\/ul>\n<p>Bicicletas el\u00e9ctricas: KTM<\/p>\n<p>Accesorios (t\u00e1ndem, semi-t\u00e1ndem, sill\u00edn) disponibles con reserva previa.<\/p>\n<p>Accesorios:<\/p>\n<ul>\n<li>alforja<\/li>\n<\/ul>\n<p>En este tour, no se ofrecen cascos. En Holanda y B\u00e9lgica, el casco no es obligatorio pero recomendado.<\/p>\n","protected":false},"excerpt":{"rendered":"<div class=\"views-field views-field-field-texto-promocional\">\n<div class=\"field-content resultados_tipo_contenido\">\u00a1La ruta perfecta en los Pa\u00edses Bajos y B\u00e9lgica!<\/div>\n<\/div>\n","protected":false},"featured_media":5388,"template":"","meta":[],"product_brand":[],"product_cat":[45],"product_tag":[],"class_list":{"0":"post-5361","1":"product","2":"type-product","3":"status-publish","4":"has-post-thumbnail","6":"product_cat-europe","8":"first","9":"instock","10":"taxable","11":"shipping-taxable","12":"purchasable","13":"product-type-variable"},"aioseo_notices":[],"_links":{"self":[{"href":"https:\/\/madrid.bikespain.com\/es\/wp-json\/wp\/v2\/product\/5361","targetHints":{"allow":["GET"]}}],"collection":[{"href":"https:\/\/madrid.bikespain.com\/es\/wp-json\/wp\/v2\/product"}],"about":[{"href":"https:\/\/madrid.bikespain.com\/es\/wp-json\/wp\/v2\/types\/product"}],"wp:featuredmedia":[{"embeddable":true,"href":"https:\/\/madrid.bikespain.com\/es\/wp-json\/wp\/v2\/media\/5388"}],"wp:attachment":[{"href":"https:\/\/madrid.bikespain.com\/es\/wp-json\/wp\/v2\/media?parent=5361"}],"wp:term":[{"taxonomy":"product_brand","embeddable":true,"href":"https:\/\/madrid.bikespain.com\/es\/wp-json\/wp\/v2\/product_brand?post=5361"},{"taxonomy":"product_cat","embeddable":true,"href":"https:\/\/madrid.bikespain.com\/es\/wp-json\/wp\/v2\/product_cat?post=5361"},{"taxonomy":"product_tag","embeddable":true,"href":"https:\/\/madrid.bikespain.com\/es\/wp-json\/wp\/v2\/product_tag?post=5361"}],"curies":[{"name":"wp","href":"https:\/\/api.w.org\/{rel}","templated":true}]}}