{"id":5360,"date":"2025-12-13T21:02:38","date_gmt":"2025-12-13T21:02:38","guid":{"rendered":"https:\/\/madrid.bikespain.com\/?post_type=product&#038;p=5360"},"modified":"2025-12-13T21:03:44","modified_gmt":"2025-12-13T21:03:44","slug":"holanda-norte-de-amsterdam","status":"publish","type":"product","link":"https:\/\/madrid.bikespain.com\/es\/product\/holanda-norte-de-amsterdam\/","title":{"rendered":"Holanda: Norte de \u00c1msterdam"},"content":{"rendered":"<h4>Incluido<\/h4>\n<ul>\n<li class=\"gdlr-core-icon-list-content-wrap\"><span class=\"gdlr-core-icon-list-content\">Alojamiento en camarote doble<\/span><\/li>\n<li class=\"gdlr-core-icon-list-content-wrap\"><span class=\"gdlr-core-icon-list-content\">Pensi\u00f3n completa<\/span><\/li>\n<li class=\"gdlr-core-icon-list-content-wrap\"><span class=\"gdlr-core-icon-list-content\">Gu\u00eda (ingl\u00e9s) &#8211; posibilidad de ir a su aire<\/span><\/li>\n<li class=\"gdlr-core-icon-list-content-wrap\"><span class=\"gdlr-core-icon-list-content\">3 visitas guiadas al menos<\/span><\/li>\n<li class=\"gdlr-core-icon-list-content-wrap\"><span class=\"gdlr-core-icon-list-content\">Ferrys inclu\u00eddos en la ruta<\/span><\/li>\n<li class=\"gdlr-core-icon-list-content-wrap\"><span class=\"gdlr-core-icon-list-content\">Mapas y documentaci\u00f3n (espa\u00f1ol e ingl\u00e9s en destino)<\/span><\/li>\n<li class=\"gdlr-core-icon-list-content-wrap\"><span class=\"gdlr-core-icon-list-content\">Asistencia (ingl\u00e9s)<\/span><\/li>\n<li class=\"gdlr-core-icon-list-content-wrap\"><span class=\"gdlr-core-icon-list-content\">Track GPS (bajo petici\u00f3n)<\/span><\/li>\n<li class=\"gdlr-core-icon-list-content-wrap\"><span class=\"gdlr-core-icon-list-content\">S\u00e1banas y toallas<\/span><\/li>\n<li class=\"gdlr-core-icon-list-content-wrap\"><span class=\"gdlr-core-icon-list-content\">Caf\u00e9 y t\u00e9 a bordo<\/span><\/li>\n<\/ul>\n<h4>No Incluido<\/h4>\n<ul>\n<li>Vuelos<\/li>\n<li>Bebidas a bordo<\/li>\n<li>Bicicleta<\/li>\n<li>Propinas<\/li>\n<li>Actividades extras<\/li>\n<li>Seguro de viaje: 20\u20ac\/persona<\/li>\n<\/ul>\n<p>Cobertura para garantizar un viaje seguro. Un compa\u00f1ero de viaje indispensable proporcionada por BIKE SPAIN TOURS para nuestros clientes. Sin embargo, le pedimos que revise la cantidad limitada de dicha cobertura incluido en nuestro seguro, y confirmar con su compa\u00f1\u00eda de seguros que usted est\u00e1 cubierto de manera adecuada en cualquier caso.<\/p>\n<p><a href=\"https:\/\/www.bikespain.com\/wp-content\/uploads\/2017\/11\/insurance_bikespain_gvtour-1.pdf\" target=\"_blank\" rel=\"noopener noreferrer\">Ejemplo de p\u00f3liza de seguro<\/a><\/p>\n<h4>Opciones<\/h4>\n<div class=\"gdlr-core-pbf-element\">\n<div class=\"gdlr-core-text-box-item gdlr-core-item-pdlr gdlr-core-item-pdb gdlr-core-left-align\">\n<div class=\"gdlr-core-text-box-item-content\">\n<p>Precio por persona en camarote:<\/p>\n<p><strong>Barco Liza Marleen<\/strong><\/p>\n<table width=\"566\">\n<tbody>\n<tr>\n<td width=\"179\"><\/td>\n<td width=\"123\">Temporada baja<\/td>\n<td width=\"142\">Temporada normal<\/td>\n<td width=\"123\">Temporada alta<\/td>\n<\/tr>\n<tr>\n<td width=\"179\">Camarote con dos camas<\/td>\n<td width=\"123\">1060 \u20ac<\/td>\n<td width=\"142\">1180 \u20ac<\/td>\n<td width=\"123\">1295 \u20ac<\/td>\n<\/tr>\n<tr>\n<td width=\"179\">Camarote uso individual<\/td>\n<td width=\"123\">1540 \u20ac<\/td>\n<td width=\"142\">1710 \u20ac<\/td>\n<td width=\"123\">1885 \u20ac<\/td>\n<\/tr>\n<tr>\n<td width=\"179\">Camarote superior 2 px<\/td>\n<td width=\"123\">1280 \u20ac<\/td>\n<td width=\"142\">1399 \u20ac<\/td>\n<td width=\"123\">1515 \u20ac<\/td>\n<\/tr>\n<tr>\n<td width=\"179\">Camarote superior 3 px<\/td>\n<td width=\"123\">975 \u20ac<\/td>\n<td width=\"142\">1080 \u20ac<\/td>\n<td width=\"123\">1185 \u20ac<\/td>\n<\/tr>\n<\/tbody>\n<\/table>\n<p>&nbsp;<\/p>\n<p><strong>Barco Sailing Home<\/strong><\/p>\n<table>\n<tbody>\n<tr>\n<td width=\"189\"><\/td>\n<td width=\"189\">Temporada normal<\/td>\n<td width=\"189\">Temporada alta<\/td>\n<\/tr>\n<tr>\n<td width=\"189\">Camarote con dos camas<\/td>\n<td width=\"189\">1235 \u20ac<\/td>\n<td width=\"189\">1360 \u20ac<\/td>\n<\/tr>\n<tr>\n<td width=\"189\">Camarote uso individual<\/td>\n<td width=\"189\">1800 \u20ac<\/td>\n<td width=\"189\">1970 \u20ac<\/td>\n<\/tr>\n<\/tbody>\n<\/table>\n<p>&nbsp;<\/p>\n<p><strong>Barco Zwaan<\/strong><\/p>\n<table>\n<tbody>\n<tr>\n<td width=\"283\"><\/td>\n<td width=\"283\">Todas las temporadas<\/td>\n<\/tr>\n<tr>\n<td width=\"283\">Camarote con cama doble de lujo<\/td>\n<td width=\"283\">1540 \u20ac<\/td>\n<\/tr>\n<tr>\n<td width=\"283\">Camarote de dos camas<\/td>\n<td width=\"283\">1375 \u20ac<\/td>\n<\/tr>\n<tr>\n<td width=\"283\">Camarote peque\u00f1o con dos camas<\/td>\n<td width=\"283\">1160 \u20ac<\/td>\n<\/tr>\n<tr>\n<td width=\"283\">Camarote peque\u00f1o uso individual<\/td>\n<td width=\"283\">1765 \u20ac<\/td>\n<\/tr>\n<\/tbody>\n<\/table>\n<p>&nbsp;<\/p>\n<p><strong>Fechas de viajes, temporada y barcos<\/strong><\/p>\n<table>\n<tbody>\n<tr>\n<td width=\"113\"><strong>2022<\/strong><\/td>\n<td width=\"113\"><strong>Liza Marleen<\/strong><\/td>\n<td width=\"113\"><strong>Zwaan<\/strong><\/td>\n<td width=\"113\"><strong>Sailing Home<\/strong><\/td>\n<td width=\"113\"><strong>Temporada<\/strong><\/td>\n<\/tr>\n<tr>\n<td width=\"113\"><strong>Mayo<\/strong><\/td>\n<td width=\"113\">07\/05\/2022<\/td>\n<td width=\"113\"><\/td>\n<td width=\"113\"><\/td>\n<td width=\"113\">Normal<\/td>\n<\/tr>\n<tr>\n<td width=\"113\"><\/td>\n<td width=\"113\">14\/05\/2022<\/td>\n<td width=\"113\"><\/td>\n<td width=\"113\"><\/td>\n<td width=\"113\">Normal<\/td>\n<\/tr>\n<tr>\n<td width=\"113\"><\/td>\n<td width=\"113\">21\/05\/2022<\/td>\n<td width=\"113\"><\/td>\n<td width=\"113\"><\/td>\n<td width=\"113\">Normal<\/td>\n<\/tr>\n<tr>\n<td width=\"113\"><\/td>\n<td width=\"113\">28\/05\/2022<\/td>\n<td width=\"113\"><\/td>\n<td width=\"113\"><\/td>\n<td width=\"113\">Normal<\/td>\n<\/tr>\n<tr>\n<td width=\"113\"><\/td>\n<td width=\"113\"><\/td>\n<td width=\"113\"><\/td>\n<td width=\"113\"><\/td>\n<td width=\"113\"><\/td>\n<\/tr>\n<tr>\n<td width=\"113\"><strong>Junio<\/strong><\/td>\n<td width=\"113\"><\/td>\n<td width=\"113\">11\/06\/2022<\/td>\n<td width=\"113\"><\/td>\n<td width=\"113\">Normal<\/td>\n<\/tr>\n<tr>\n<td width=\"113\"><\/td>\n<td width=\"113\"><\/td>\n<td width=\"113\">18\/06\/2022<\/td>\n<td width=\"113\"><\/td>\n<td width=\"113\">Normal<\/td>\n<\/tr>\n<tr>\n<td width=\"113\"><\/td>\n<td width=\"113\"><\/td>\n<td width=\"113\">25\/06\/2022<\/td>\n<td width=\"113\"><\/td>\n<td width=\"113\">Baja<\/td>\n<\/tr>\n<tr>\n<td width=\"113\"><\/td>\n<td width=\"113\"><\/td>\n<td width=\"113\"><\/td>\n<td width=\"113\"><\/td>\n<td width=\"113\"><\/td>\n<\/tr>\n<tr>\n<td width=\"113\"><strong>Julio<\/strong><\/td>\n<td width=\"113\"><\/td>\n<td width=\"113\">02\/07\/2022<\/td>\n<td width=\"113\"><\/td>\n<td width=\"113\">Baja<\/td>\n<\/tr>\n<tr>\n<td width=\"113\"><\/td>\n<td width=\"113\"><\/td>\n<td width=\"113\">16\/07\/2022<\/td>\n<td width=\"113\"><\/td>\n<td width=\"113\">Baja<\/td>\n<\/tr>\n<tr>\n<td width=\"113\"><\/td>\n<td width=\"113\"><\/td>\n<td width=\"113\"><\/td>\n<td width=\"113\"><\/td>\n<td width=\"113\"><\/td>\n<\/tr>\n<tr>\n<td width=\"113\"><strong>Agosto<\/strong><\/td>\n<td width=\"113\">06\/08\/2022<\/td>\n<td width=\"113\">06\/08\/2022<\/td>\n<td width=\"113\"><\/td>\n<td width=\"113\">Baja<\/td>\n<\/tr>\n<tr>\n<td width=\"113\"><\/td>\n<td width=\"113\"><\/td>\n<td width=\"113\"><\/td>\n<td width=\"113\">13\/08\/2022<\/td>\n<td width=\"113\">Normal<\/td>\n<\/tr>\n<tr>\n<td width=\"113\"><\/td>\n<td width=\"113\">27\/08\/2022<\/td>\n<td width=\"113\"><\/td>\n<td width=\"113\"><\/td>\n<td width=\"113\">Normal<\/td>\n<\/tr>\n<tr>\n<td width=\"113\"><\/td>\n<td width=\"113\"><\/td>\n<td width=\"113\"><\/td>\n<td width=\"113\"><\/td>\n<td width=\"113\"><\/td>\n<\/tr>\n<tr>\n<td width=\"113\"><strong>Septiembre<\/strong><\/td>\n<td width=\"113\">03\/09\/2022<\/td>\n<td width=\"113\"><\/td>\n<td width=\"113\"><\/td>\n<td width=\"113\">Alta<\/td>\n<\/tr>\n<tr>\n<td width=\"113\"><\/td>\n<td width=\"113\">10\/09\/2022<\/td>\n<td width=\"113\"><\/td>\n<td width=\"113\"><\/td>\n<td width=\"113\">Alta<\/td>\n<\/tr>\n<\/tbody>\n<\/table>\n<p>&nbsp;<\/p>\n<\/div>\n<\/div>\n<\/div>\n<div class=\"gdlr-core-pbf-element\">\n<div class=\"gdlr-core-icon-list-item gdlr-core-item-pdlr gdlr-core-item-pdb \">\n<p><span class=\"gdlr-core-icon-list-content\">Descuentos infantiles (hasta 11 a\u00f1os):<\/span><\/p>\n<ul>\n<li><span class=\"gdlr-core-icon-list-content\">Hasta 2 a\u00f1os: &#8211; 100 %<\/span><\/li>\n<li><span class=\"gdlr-core-icon-list-content\">3 &#8211; 11 a\u00f1os: &#8211; 30 %<\/span><\/li>\n<\/ul>\n<p><span class=\"gdlr-core-icon-list-content\">Alquiler de bicicleta:<\/span><\/p>\n<ul>\n<li>Bicicleta de paseo: 90 \u20ac<\/li>\n<li>Bicicleta el\u00e9ctrica: 170 \u20ac<\/li>\n<li>Bicicleta infantil: 55 \u20ac<\/li>\n<\/ul>\n<\/div>\n<\/div>\n<h4>Nuestras Bicicletas<\/h4>\n<p>Bicicletas unisex:<\/p>\n<ul>\n<li>24 velocidades<\/li>\n<li>S, M, L, XL<\/li>\n<\/ul>\n<p>Bicicletas el\u00e9ctricas: KTM<\/p>\n<p>Accesorios infantiles: consultarnos.<\/p>\n<p>Accesorios:<\/p>\n<ul>\n<li>alforjas<\/li>\n<li>candado<\/li>\n<li>botella de agua<\/li>\n<li>kit de reparaci\u00f3n<\/li>\n<\/ul>\n<p>En Holanda, el casco no es obligatorio pero recomendado. Se ofrecen cascos por 15 \u20ac\/persona.<\/p>\n","protected":false},"excerpt":{"rendered":"<div class=\"views-field views-field-field-texto-promocional\">\n<div class=\"field-content resultados_tipo_contenido\">Bello recorrido por la zona m\u00e1s rural de Holanda y m\u00e1s tranquila para pedalear.<\/div>\n<\/div>\n","protected":false},"featured_media":5387,"template":"","meta":[],"product_brand":[],"product_cat":[45],"product_tag":[],"class_list":{"0":"post-5360","1":"product","2":"type-product","3":"status-publish","4":"has-post-thumbnail","6":"product_cat-europe","8":"first","9":"instock","10":"taxable","11":"shipping-taxable","12":"purchasable","13":"product-type-variable"},"aioseo_notices":[],"_links":{"self":[{"href":"https:\/\/madrid.bikespain.com\/es\/wp-json\/wp\/v2\/product\/5360","targetHints":{"allow":["GET"]}}],"collection":[{"href":"https:\/\/madrid.bikespain.com\/es\/wp-json\/wp\/v2\/product"}],"about":[{"href":"https:\/\/madrid.bikespain.com\/es\/wp-json\/wp\/v2\/types\/product"}],"wp:featuredmedia":[{"embeddable":true,"href":"https:\/\/madrid.bikespain.com\/es\/wp-json\/wp\/v2\/media\/5387"}],"wp:attachment":[{"href":"https:\/\/madrid.bikespain.com\/es\/wp-json\/wp\/v2\/media?parent=5360"}],"wp:term":[{"taxonomy":"product_brand","embeddable":true,"href":"https:\/\/madrid.bikespain.com\/es\/wp-json\/wp\/v2\/product_brand?post=5360"},{"taxonomy":"product_cat","embeddable":true,"href":"https:\/\/madrid.bikespain.com\/es\/wp-json\/wp\/v2\/product_cat?post=5360"},{"taxonomy":"product_tag","embeddable":true,"href":"https:\/\/madrid.bikespain.com\/es\/wp-json\/wp\/v2\/product_tag?post=5360"}],"curies":[{"name":"wp","href":"https:\/\/api.w.org\/{rel}","templated":true}]}}