{"id":5359,"date":"2025-12-13T21:02:38","date_gmt":"2025-12-13T21:02:38","guid":{"rendered":"https:\/\/madrid.bikespain.com\/?post_type=product&#038;p=5359"},"modified":"2025-12-13T21:03:30","modified_gmt":"2025-12-13T21:03:30","slug":"holanda-sur-de-amsterdam","status":"publish","type":"product","link":"https:\/\/madrid.bikespain.com\/es\/product\/holanda-sur-de-amsterdam\/","title":{"rendered":"Holanda: Sur de \u00c1msterdam"},"content":{"rendered":"<h4>Incluido<\/h4>\n<ul>\n<li>Alojamiento en camarote doble<\/li>\n<li>Pensi\u00f3n completa<\/li>\n<li>Gu\u00eda (ingl\u00e9s) &#8211; posibilidad de ir a su aire<\/li>\n<li>Mapas y documentaci\u00f3n (ingl\u00e9s)<\/li>\n<li class=\" gdlr-core-skin-divider clearfix\">\n<div class=\"gdlr-core-icon-list-content-wrap\"><span class=\"gdlr-core-icon-list-content\">3 visitas guiadas al menos<\/span><\/div>\n<\/li>\n<li class=\" gdlr-core-skin-divider clearfix\"><i class=\"gdlr-core-icon-list-icon fa fa-check\" aria-hidden=\"true\"><\/i>\n<div class=\"gdlr-core-icon-list-content-wrap\"><span class=\"gdlr-core-icon-list-content\">Ferrys en ruta<\/span><\/div>\n<\/li>\n<li>Asistencia (ingl\u00e9s)<\/li>\n<li>S\u00e1banas y toallas<\/li>\n<li class=\"active\">Caf\u00e9 y t\u00e9 a bordo<\/li>\n<li>Tracks GPS (bajo petici\u00f3n)<\/li>\n<\/ul>\n<h4>No Incluido<\/h4>\n<ul>\n<li>Vuelos<\/li>\n<li>Bebidas a bordo<\/li>\n<li>Bicicleta<\/li>\n<li>Seguro personal de viaje: 20\u20ac\/persona<\/li>\n<li>Propinas<\/li>\n<\/ul>\n<p>Cobertura para garantizar un viaje seguro. Un compa\u00f1ero de viaje indispensable proporcionada por BIKE SPAIN TOURS para nuestros clientes. Sin embargo, le pedimos que revise la cantidad limitada de dicha cobertura incluido en nuestro seguro, y confirmar con su compa\u00f1\u00eda de seguros que usted est\u00e1 cubierto de manera adecuada en cualquier caso.<\/p>\n<p><a href=\"https:\/\/www.bikespain.com\/wp-content\/uploads\/2017\/11\/insurance_bikespain_gvtour-1.pdf\" target=\"_blank\" rel=\"noopener noreferrer\">Ejemplo de p\u00f3liza de seguro<\/a><\/p>\n<h4>Opciones<\/h4>\n<p>Precio por persona en camarote:<\/p>\n<table>\n<tbody>\n<tr>\n<td width=\"189\"><strong>2022<\/strong><\/td>\n<td width=\"189\"><strong>Barco Wending<\/strong><\/td>\n<td width=\"189\"><strong>Temporada<\/strong><\/td>\n<\/tr>\n<tr>\n<td width=\"189\"><strong>Mayo<\/strong><\/td>\n<td width=\"189\">07\/05\/2022<\/td>\n<td width=\"189\">Normal<\/td>\n<\/tr>\n<tr>\n<td width=\"189\"><strong>\u00a0<\/strong><\/td>\n<td width=\"189\">14\/05\/2022<\/td>\n<td width=\"189\">Normal<\/td>\n<\/tr>\n<tr>\n<td width=\"189\"><strong>\u00a0<\/strong><\/td>\n<td width=\"189\">21\/05\/2022<\/td>\n<td width=\"189\">Normal<\/td>\n<\/tr>\n<tr>\n<td width=\"189\"><strong>\u00a0<\/strong><\/td>\n<td width=\"189\">28\/05\/2022<\/td>\n<td width=\"189\">Normal<\/td>\n<\/tr>\n<tr>\n<td width=\"189\"><strong>Junio<\/strong><\/td>\n<td width=\"189\">04\/06\/2022<\/td>\n<td width=\"189\">Normal<\/td>\n<\/tr>\n<tr>\n<td width=\"189\"><strong>\u00a0<\/strong><\/td>\n<td width=\"189\">11\/06\/2022<\/td>\n<td width=\"189\">Normal<\/td>\n<\/tr>\n<tr>\n<td width=\"189\"><strong>\u00a0<\/strong><\/td>\n<td width=\"189\">18\/06\/2022<\/td>\n<td width=\"189\">Normal<\/td>\n<\/tr>\n<tr>\n<td width=\"189\"><strong>\u00a0<\/strong><\/td>\n<td width=\"189\">25\/06\/2022<\/td>\n<td width=\"189\">Baja<\/td>\n<\/tr>\n<tr>\n<td width=\"189\"><strong>Julio<\/strong><\/td>\n<td width=\"189\">02\/07\/2022<\/td>\n<td width=\"189\">Baja<\/td>\n<\/tr>\n<tr>\n<td width=\"189\"><strong>\u00a0<\/strong><\/td>\n<td width=\"189\">09\/07\/2022<\/td>\n<td width=\"189\">Baja<\/td>\n<\/tr>\n<tr>\n<td width=\"189\"><strong>\u00a0<\/strong><\/td>\n<td width=\"189\">16\/07\/2022<\/td>\n<td width=\"189\">Baja<\/td>\n<\/tr>\n<tr>\n<td width=\"189\"><strong>\u00a0<\/strong><\/td>\n<td width=\"189\">23\/07\/2022<\/td>\n<td width=\"189\">Baja<\/td>\n<\/tr>\n<tr>\n<td width=\"189\"><strong>\u00a0<\/strong><\/td>\n<td width=\"189\">30\/07\/2022<\/td>\n<td width=\"189\">Baja<\/td>\n<\/tr>\n<tr>\n<td width=\"189\"><strong>Agosto<\/strong><\/td>\n<td width=\"189\">06\/08\/2022<\/td>\n<td width=\"189\">Baja<\/td>\n<\/tr>\n<tr>\n<td width=\"189\"><strong>\u00a0<\/strong><\/td>\n<td width=\"189\">13\/08\/2022<\/td>\n<td width=\"189\">Normal<\/td>\n<\/tr>\n<tr>\n<td width=\"189\"><strong>\u00a0<\/strong><\/td>\n<td width=\"189\">20\/08\/2022<\/td>\n<td width=\"189\">Normal<\/td>\n<\/tr>\n<tr>\n<td width=\"189\"><strong>\u00a0<\/strong><\/td>\n<td width=\"189\">27\/08\/2022<\/td>\n<td width=\"189\">Normal<\/td>\n<\/tr>\n<tr>\n<td width=\"189\"><strong>Septiembre<\/strong><\/td>\n<td width=\"189\">03\/09\/2022<\/td>\n<td width=\"189\">Alta<\/td>\n<\/tr>\n<tr>\n<td width=\"189\"><strong>\u00a0<\/strong><\/td>\n<td width=\"189\">10\/09\/2022<\/td>\n<td width=\"189\">Alta<\/td>\n<\/tr>\n<tr>\n<td width=\"189\"><strong>\u00a0<\/strong><\/td>\n<td width=\"189\">17\/09\/2022<\/td>\n<td width=\"189\">Alta<\/td>\n<\/tr>\n<tr>\n<td width=\"189\"><strong>\u00a0<\/strong><\/td>\n<td width=\"189\">24\/09\/2022<\/td>\n<td width=\"189\">Normal<\/td>\n<\/tr>\n<tr>\n<td width=\"189\"><strong>Octubre<\/strong><\/td>\n<td width=\"189\">01\/10\/2022<\/td>\n<td width=\"189\">Normal<\/td>\n<\/tr>\n<tr>\n<td width=\"189\"><strong>\u00a0<\/strong><\/td>\n<td width=\"189\">08\/10\/2022<\/td>\n<td width=\"189\">Normal<\/td>\n<\/tr>\n<\/tbody>\n<\/table>\n<p>&nbsp;<\/p>\n<p>&nbsp;<\/p>\n<table width=\"595\">\n<tbody>\n<tr>\n<td width=\"179\"><\/td>\n<td width=\"132\"><strong>Temporada baja<\/strong><\/td>\n<td width=\"151\"><strong>Temporada normal<\/strong><\/td>\n<td width=\"132\"><strong>Temporada alta<\/strong><\/td>\n<\/tr>\n<tr>\n<td width=\"179\">Camarote dos camas<\/td>\n<td width=\"132\">980 \u20ac<\/td>\n<td width=\"151\">1090 \u20ac<\/td>\n<td width=\"132\">1195 \u20ac<\/td>\n<\/tr>\n<tr>\n<td width=\"179\">Camarote uso individual<\/td>\n<td width=\"132\">1155 \u20ac<\/td>\n<td width=\"151\">1290 \u20ac<\/td>\n<td width=\"132\">1410 \u20ac<\/td>\n<\/tr>\n<tr>\n<td width=\"179\">Camarote triple<\/td>\n<td width=\"132\">905 \u20ac<\/td>\n<td width=\"151\">1005 \u20ac<\/td>\n<td width=\"132\">1105 \u20ac<\/td>\n<\/tr>\n<\/tbody>\n<\/table>\n<p>&nbsp;<\/p>\n<p>Descuentos infantiles (hasta 11 a\u00f1os):<\/p>\n<ul>\n<li>Hasta 2 a\u00f1os: &#8211; 100 %<\/li>\n<li>3 &#8211; 11 a\u00f1os: &#8211; 30 %<\/li>\n<\/ul>\n<p>Alquiler de bicicleta:<\/p>\n<ul>\n<li>Bicicleta de paseo: 95 \u20ac<\/li>\n<li>Bicicleta el\u00e9ctrica: 180 \u20ac<\/li>\n<\/ul>\n<h4>Nuestras Bicicletas<\/h4>\n<div class=\"b-tabs\">\n<div class=\"tabs-content\">\n<div class=\"tab active\">\n<div class=\"tab-others-campos\">\n<p>Bicicletas unisex:<\/p>\n<ul>\n<li>24 velocidades<\/li>\n<li>S, M, L, XL<\/li>\n<\/ul>\n<p>Bicicletas el\u00e9ctricas: KTM<\/p>\n<p>Accesorios infantiles: consultarnos.<\/p>\n<p>Accesorios:<\/p>\n<ul>\n<li>alforjas<\/li>\n<li>candado<\/li>\n<li>botella de agua<\/li>\n<li>kit de reparaci\u00f3n<\/li>\n<\/ul>\n<p>En Holanda, el casco no es obligatorio pero recomendado. Se ofrecen cascos por 15 \u20ac\/persona (bajo reserva)<\/p>\n<\/div>\n<\/div>\n<\/div>\n<\/div>\n","protected":false},"excerpt":{"rendered":"<div class=\"views-field views-field-field-texto-promocional\">\n<div class=\"field-content resultados_tipo_contenido\">Bello recorrido por las ciudades m\u00e1s interesantes al sur de \u00c1msterdam. Recorrido relajado para disfrutar.<\/div>\n<\/div>\n","protected":false},"featured_media":5386,"template":"","meta":[],"product_brand":[],"product_cat":[45],"product_tag":[],"class_list":{"0":"post-5359","1":"product","2":"type-product","3":"status-publish","4":"has-post-thumbnail","6":"product_cat-europe","8":"first","9":"instock","10":"purchasable","11":"product-type-variable"},"aioseo_notices":[],"_links":{"self":[{"href":"https:\/\/madrid.bikespain.com\/es\/wp-json\/wp\/v2\/product\/5359","targetHints":{"allow":["GET"]}}],"collection":[{"href":"https:\/\/madrid.bikespain.com\/es\/wp-json\/wp\/v2\/product"}],"about":[{"href":"https:\/\/madrid.bikespain.com\/es\/wp-json\/wp\/v2\/types\/product"}],"wp:featuredmedia":[{"embeddable":true,"href":"https:\/\/madrid.bikespain.com\/es\/wp-json\/wp\/v2\/media\/5386"}],"wp:attachment":[{"href":"https:\/\/madrid.bikespain.com\/es\/wp-json\/wp\/v2\/media?parent=5359"}],"wp:term":[{"taxonomy":"product_brand","embeddable":true,"href":"https:\/\/madrid.bikespain.com\/es\/wp-json\/wp\/v2\/product_brand?post=5359"},{"taxonomy":"product_cat","embeddable":true,"href":"https:\/\/madrid.bikespain.com\/es\/wp-json\/wp\/v2\/product_cat?post=5359"},{"taxonomy":"product_tag","embeddable":true,"href":"https:\/\/madrid.bikespain.com\/es\/wp-json\/wp\/v2\/product_tag?post=5359"}],"curies":[{"name":"wp","href":"https:\/\/api.w.org\/{rel}","templated":true}]}}