{"id":5356,"date":"2025-12-13T21:02:38","date_gmt":"2025-12-13T21:02:38","guid":{"rendered":"https:\/\/madrid.bikespain.com\/?post_type=product&#038;p=5356"},"modified":"2025-12-13T21:03:16","modified_gmt":"2025-12-13T21:03:16","slug":"holanda-lago-ijssel-en-velero-y-bicicleta","status":"publish","type":"product","link":"https:\/\/madrid.bikespain.com\/es\/product\/holanda-lago-ijssel-en-velero-y-bicicleta\/","title":{"rendered":"Holanda: Lago IJssel en velero y bicicleta"},"content":{"rendered":"<h4>Incluido<\/h4>\n<ul>\n<li>Alojamiento en camarote doble<\/li>\n<li>Pensi\u00f3n completa<\/li>\n<li>Gu\u00eda a bordo (ingl\u00e9s)<\/li>\n<li>Bebida de bienvenida<\/li>\n<li>Mapas y documentaci\u00f3n (espa\u00f1ol e\u00a0ingl\u00e9s en destino)<\/li>\n<li class=\"active\">Asistencia (ingl\u00e9s)<\/li>\n<li>S\u00e1banas y toallas<\/li>\n<li>Caf\u00e9 y t\u00e9 a bordo<\/li>\n<li>Track para GPS<\/li>\n<li>Alforja impermeable<\/li>\n<li>Wi-Fi<\/li>\n<\/ul>\n<h4>No Incluido<\/h4>\n<ul>\n<li>Vuelos<\/li>\n<li>Bicicleta<\/li>\n<li>Bebidas a bordo<\/li>\n<li>Actividades extras<\/li>\n<li>Seguro personal de viaje: 20 \u20ac\/persona<\/li>\n<li>Propinas<\/li>\n<li>Ferry<\/li>\n<li>Entradas<\/li>\n<\/ul>\n<p>Cobertura para garantizar un viaje seguro. Un compa\u00f1ero de viaje indispensable proporcionada por BIKE SPAIN TOURS para nuestros clientes. Sin embargo, le pedimos que revise la cantidad limitada de dicha cobertura incluido en nuestro seguro, y confirmar con su compa\u00f1\u00eda de seguros que usted est\u00e1 cubierto de manera adecuada en cualquier caso.<\/p>\n<p><a href=\"https:\/\/www.bikespain.com\/wp-content\/uploads\/2017\/11\/insurance_bikespain_gvtour-1.pdf\" target=\"_blank\" rel=\"noopener noreferrer\">Ejemplo de p\u00f3liza de seguro<\/a><\/p>\n<h4>Opciones<\/h4>\n<div class=\"gdlr-core-pbf-element\">\n<div class=\"gdlr-core-text-box-item gdlr-core-item-pdlr gdlr-core-item-pdb gdlr-core-left-align\">\n<div class=\"gdlr-core-text-box-item-content\">\n<div class=\"gdlr-core-pbf-element\">\n<div class=\"gdlr-core-text-box-item gdlr-core-item-pdlr gdlr-core-item-pdb gdlr-core-left-align\">\n<div class=\"gdlr-core-text-box-item-content\">\n<p>Salidas los s\u00e1bados.<\/p>\n<p>Precio por persona:<\/p>\n<table style=\"height: 199px;\" width=\"438\">\n<tbody>\n<tr>\n<td width=\"177\"><\/td>\n<td width=\"105\">10 Jun &#8211; 02 Sep<\/td>\n<td width=\"88\">09-sep<\/td>\n<\/tr>\n<tr>\n<td>Camarote doble<\/td>\n<td width=\"105\">1219,00 \u20ac<\/td>\n<td width=\"88\">1069,00 \u20ac<\/td>\n<\/tr>\n<tr>\n<td>Camarote uso individual<\/td>\n<td width=\"105\">1.793,50 \u20ac<\/td>\n<td width=\"88\">1.568,50 \u20ac<\/td>\n<\/tr>\n<tr>\n<td>Camarote triple<\/td>\n<td width=\"105\">1169,00 \u20ac<\/td>\n<td width=\"88\">1019,00 \u20ac<\/td>\n<\/tr>\n<tr>\n<td>Camarote cu\u00e1druple<\/td>\n<td width=\"105\">1119,00 \u20ac<\/td>\n<td width=\"88\">969,00 \u20ac<\/td>\n<\/tr>\n<\/tbody>\n<\/table>\n<p>Salidas: 10, 17 y 24 de junio; 1, 8, 15, 22 y 29 de julio; 5, 12, 19 y 26 de agosto; 2 y 9 de septiembre.<\/p>\n<\/div>\n<\/div>\n<\/div>\n<div class=\"gdlr-core-pbf-element\">\n<p><span class=\"gdlr-core-icon-list-content\">Alquiler de bicicleta:<\/span><\/p>\n<ul>\n<li>Bicicleta de paseo: 90 \u20ac<\/li>\n<li>Bicicleta el\u00e9ctrica: 195 \u20ac<\/li>\n<\/ul>\n<p><span class=\"gdlr-core-icon-list-content\">15% de descuento para ni\u00f1os de menos de 15 a\u00f1os para cabina con dos adultos<\/span><\/p>\n<\/div>\n<\/div>\n<p><strong>Nuestras Bicicletas:<\/strong><\/p>\n<\/div>\n<\/div>\n<p>Bicicletas de mujeres, de hombres y de ni\u00f1os:<\/p>\n<ul>\n<li>7 velocidades<\/li>\n<li>S, M, L, XL<\/li>\n<\/ul>\n<p>Accesorios infantiles: consultarnos<\/p>\n<p>Accesorios:<\/p>\n<ul>\n<li>manillar<\/li>\n<li>alforjas<\/li>\n<li>candado<\/li>\n<li>herramientas<\/li>\n<li>bomba<\/li>\n<\/ul>\n<p>En este tour, no se ofrecen cascos. En Holanda, el casco no es obligatorio pero recomendado.<\/p>\n","protected":false},"excerpt":{"rendered":"<div class=\"views-field views-field-field-texto-promocional\">\n<div class=\"field-content resultados_tipo_contenido\">\u00a1Nuestro viaje en bici y velero m\u00e1s popular por Holanda!<\/div>\n<\/div>\n","protected":false},"featured_media":5383,"template":"","meta":[],"product_brand":[],"product_cat":[45],"product_tag":[],"class_list":{"0":"post-5356","1":"product","2":"type-product","3":"status-publish","4":"has-post-thumbnail","6":"product_cat-europe","8":"first","9":"instock","10":"taxable","11":"shipping-taxable","12":"purchasable","13":"product-type-variable"},"aioseo_notices":[],"_links":{"self":[{"href":"https:\/\/madrid.bikespain.com\/es\/wp-json\/wp\/v2\/product\/5356","targetHints":{"allow":["GET"]}}],"collection":[{"href":"https:\/\/madrid.bikespain.com\/es\/wp-json\/wp\/v2\/product"}],"about":[{"href":"https:\/\/madrid.bikespain.com\/es\/wp-json\/wp\/v2\/types\/product"}],"wp:featuredmedia":[{"embeddable":true,"href":"https:\/\/madrid.bikespain.com\/es\/wp-json\/wp\/v2\/media\/5383"}],"wp:attachment":[{"href":"https:\/\/madrid.bikespain.com\/es\/wp-json\/wp\/v2\/media?parent=5356"}],"wp:term":[{"taxonomy":"product_brand","embeddable":true,"href":"https:\/\/madrid.bikespain.com\/es\/wp-json\/wp\/v2\/product_brand?post=5356"},{"taxonomy":"product_cat","embeddable":true,"href":"https:\/\/madrid.bikespain.com\/es\/wp-json\/wp\/v2\/product_cat?post=5356"},{"taxonomy":"product_tag","embeddable":true,"href":"https:\/\/madrid.bikespain.com\/es\/wp-json\/wp\/v2\/product_tag?post=5356"}],"curies":[{"name":"wp","href":"https:\/\/api.w.org\/{rel}","templated":true}]}}