{"id":5354,"date":"2025-12-13T21:02:37","date_gmt":"2025-12-13T21:02:37","guid":{"rendered":"https:\/\/madrid.bikespain.com\/?post_type=product&#038;p=5354"},"modified":"2025-12-13T21:03:16","modified_gmt":"2025-12-13T21:03:16","slug":"austria-de-passau-a-viena","status":"publish","type":"product","link":"https:\/\/madrid.bikespain.com\/es\/product\/austria-de-passau-a-viena\/","title":{"rendered":"Austria: De Passau a Viena"},"content":{"rendered":"<h4>Incluido<\/h4>\n<ul>\n<li class=\"gdlr-core-icon-list-content-wrap\"><span class=\"gdlr-core-icon-list-content\">Alojamiento con desayuno<\/span><\/li>\n<li class=\"gdlr-core-icon-list-content-wrap\">\n<div class=\"gdlr-core-icon-list-content-wrap\"><span class=\"gdlr-core-icon-list-content\">Traslado de equipaje (incl. seguro hasta 700 \u20ac por persona)<\/span><\/div>\n<\/li>\n<li class=\"gdlr-core-icon-list-content-wrap\"><span class=\"gdlr-core-icon-list-content\">Reuni\u00f3n de bienvenida (s\u00e1bados y domingos, julio y agosto)<\/span><\/li>\n<li class=\"gdlr-core-icon-list-content-wrap\"><span class=\"gdlr-core-icon-list-content\">Mapas y documentaci\u00f3n (espa\u00f1ol &amp; ingl\u00e9s)<\/span><\/li>\n<li class=\"gdlr-core-icon-list-content-wrap\"><span class=\"gdlr-core-icon-list-content\">Asistencia (espa\u00f1ol &amp; ingl\u00e9s)<\/span><\/li>\n<li class=\"gdlr-core-icon-list-content-wrap\"><span class=\"gdlr-core-icon-list-content\">Itinerario para el GPS<\/span><\/li>\n<\/ul>\n<h4>No Incluido<\/h4>\n<ul>\n<li class=\"gdlr-core-icon-list-content-wrap\"><span class=\"gdlr-core-icon-list-content\">Vuelos<\/span><\/li>\n<li class=\"gdlr-core-icon-list-content-wrap\"><span class=\"gdlr-core-icon-list-content\">Bicicleta<\/span><\/li>\n<li class=\"gdlr-core-icon-list-content-wrap\"><span class=\"gdlr-core-icon-list-content\">Comidas y cenas<\/span><\/li>\n<li class=\"gdlr-core-icon-list-content-wrap\"><span class=\"gdlr-core-icon-list-content\">Actividades extras<\/span><\/li>\n<li class=\"gdlr-core-icon-list-content-wrap\"><span class=\"gdlr-core-icon-list-content\">Seguro de viaje: 25 \u20ac\/persona<\/span><\/li>\n<li class=\"gdlr-core-icon-list-content-wrap\"><span class=\"gdlr-core-icon-list-content\">Tasas de turismo puntuales<\/span><\/li>\n<\/ul>\n<p>Cobertura para garantizar un viaje seguro. Un compa\u00f1ero de viaje indispensable proporcionada por BIKE SPAIN TOURS para nuestros clientes. Sin embargo, le pedimos que revise la cantidad limitada de dicha cobertura incluido en nuestro seguro, y confirmar con su compa\u00f1\u00eda de seguros que usted est\u00e1 cubierto de manera adecuada en cualquier caso.<\/p>\n<p><a href=\"https:\/\/www.bikespain.com\/wp-content\/uploads\/2017\/11\/insurance_bikespain_gvtour-1.pdf\" target=\"_blank\" rel=\"noopener noreferrer\">Ejemplo de p\u00f3liza de seguro<\/a><\/p>\n<h4>Opciones<\/h4>\n<div class=\"gdlr-core-pbf-element\">\n<div class=\"gdlr-core-text-box-item gdlr-core-item-pdlr gdlr-core-item-pdb gdlr-core-left-align\">\n<div class=\"gdlr-core-text-box-item-content\">\n<p>Precio por persona en habitaci\u00f3n doble:<\/p>\n<div class=\"gdlr-core-pbf-element\">\n<div class=\"gdlr-core-text-box-item gdlr-core-item-pdlr gdlr-core-item-pdb gdlr-core-left-align\">\n<div class=\"gdlr-core-text-box-item-content\">\n<p><strong>Categor\u00eda A (hoteles de 4*)<\/strong><\/p>\n<ul>\n<li>Temporada 1 (28.04 \u2013 30.04 \/ 01.05 \u2013 19.05 \/ 23.06 \u2013 30.06 \/ 08.09 \u2013 30.09 \/ 01.10 \u2013 08.10) : 755 \u20ac<\/li>\n<li>Temporada 2\u00a0 (20.05. \u2013 19.06 \/ 01.07. \u2013 04.09): 775 \u20ac<\/li>\n<\/ul>\n<p>Suplemento individual: + 205 \u20ac<\/p>\n<p>Media pensi\u00f3n (x4): 112 \u20ac (no incluido en Viena)<\/p>\n<p><strong>Categor\u00eda B (hoteles de 3*)<\/strong><\/p>\n<ul>\n<li>Temporada 1 (28.04 \u2013 30.04 \/ 01.05 \u2013 19.05 \/ 23.06 \u2013 30.06 \/ 08.09 \u2013 30.09 \/ 01.10 \u2013 08.10) : 639 \u20ac<\/li>\n<li>Temporada 2\u00a0 (20.05. \u2013 19.06 \/ 01.07. \u2013 04.09): 678 \u20ac<\/li>\n<\/ul>\n<p>Suplemento individual: 195 \u20ac<\/p>\n<p>Media pensi\u00f3n (x4): 99 \u20ac (no incluido en Viena)<\/p>\n<p>*Los hoteles indicados en la p\u00e1gina son solo orientativos.<\/p>\n<p>Transfer de vuelta: 50\u20ac en bus y 36 \u20ac en tren por persona<\/p>\n<\/div>\n<\/div>\n<\/div>\n<div class=\"gdlr-core-pbf-element\">\n<div class=\"gdlr-core-icon-list-item gdlr-core-item-pdlr gdlr-core-item-pdb clearfix gdlr-core-left-align gdlr-core-style-1\">\n<div class=\"gdlr-core-icon-list-content-wrap\"><span class=\"gdlr-core-icon-list-content\">Alquiler de bicicleta:<\/span><\/div>\n<div class=\"gdlr-core-icon-list-content-wrap\">\n<ul>\n<li class=\"gdlr-core-icon-list-content-wrap\"><span class=\"gdlr-core-icon-list-content\">Bicicleta de paseo: 90 \u20ac<\/span><\/li>\n<li class=\"gdlr-core-icon-list-content-wrap\"><span class=\"gdlr-core-icon-list-content\">Bicicleta el\u00e9ctrica: 190 \u20ac<\/span><\/li>\n<li class=\"gdlr-core-icon-list-content-wrap\"><span class=\"gdlr-core-icon-list-content\">Descuentos infantiles (hasta 15 a\u00f1os):<\/span><\/li>\n<li class=\"gdlr-core-icon-list-content-wrap\">De 0 a 5,9 a\u00f1os: 100% (en habitaci\u00f3n distinta a la de 2 adultos)<\/li>\n<li class=\"gdlr-core-icon-list-content-wrap\">De 6 a 11,9 a\u00f1os: 50 % (compartiendo habitaci\u00f3n con dos adultos)<\/li>\n<li class=\"gdlr-core-icon-list-content-wrap\">De 12 a 14,9 a\u00f1os: 25 % (compartiendo habitaci\u00f3n con dos adultos)<\/li>\n<li class=\"gdlr-core-icon-list-content-wrap\">Ni\u00f1os hasta 5 a\u00f1os: 100 %<\/li>\n<\/ul>\n<\/div>\n<\/div>\n<\/div>\n<div class=\"gdlr-core-pbf-element\">\n<div class=\"gdlr-core-text-box-item gdlr-core-item-pdlr gdlr-core-item-pdb gdlr-core-left-align\">\n<div class=\"gdlr-core-text-box-item-content\">\n<p>Noches extras en Passau \u2013 Linz \u2013 Viena: Consultar<\/p>\n<\/div>\n<\/div>\n<\/div>\n<\/div>\n<\/div>\n<\/div>\n<h4>Nuestras Bicicletas<\/h4>\n<p>Bicicletas de mujeres, hombres y ni\u00f1os:<\/p>\n<ul>\n<li>24 velocidades<\/li>\n<li>7 velocidades<\/li>\n<li>5 velocidades<\/li>\n<li>XS, S, M, L, XL<\/li>\n<\/ul>\n<p>Bicicletas el\u00e9ctricas: KTM o Kalkhoff<\/p>\n<p>Accesorios infantiles: consultarnos<\/p>\n<ul>\n<li>semi-tandem \u00abFollow me\u00bb<\/li>\n<li>remolque<\/li>\n<li>sill\u00edn infantil<\/li>\n<\/ul>\n<p>Accesorios:<\/p>\n<ul>\n<li>candado<\/li>\n<li>bomba<\/li>\n<li>bolsa de sill\u00edn<\/li>\n<li>botella de agua<\/li>\n<\/ul>\n<p>En Austria, el casco s\u00f3lo es<strong> obligatorio<\/strong> para ni\u00f1os de menos de 12 a\u00f1os.<\/p>\n","protected":false},"excerpt":{"rendered":"<div class=\"views-field views-field-field-texto-promocional\">\n<div class=\"field-content resultados_tipo_contenido\">El cl\u00e1sico del cicloturismo. Ocho d\u00edas para conocer el Danubio austr\u00edaco.<\/div>\n<\/div>\n","protected":false},"featured_media":5381,"template":"","meta":[],"product_brand":[],"product_cat":[45],"product_tag":[],"class_list":{"0":"post-5354","1":"product","2":"type-product","3":"status-publish","4":"has-post-thumbnail","6":"product_cat-europe","8":"first","9":"instock","10":"purchasable","11":"product-type-variable"},"aioseo_notices":[],"_links":{"self":[{"href":"https:\/\/madrid.bikespain.com\/es\/wp-json\/wp\/v2\/product\/5354","targetHints":{"allow":["GET"]}}],"collection":[{"href":"https:\/\/madrid.bikespain.com\/es\/wp-json\/wp\/v2\/product"}],"about":[{"href":"https:\/\/madrid.bikespain.com\/es\/wp-json\/wp\/v2\/types\/product"}],"wp:featuredmedia":[{"embeddable":true,"href":"https:\/\/madrid.bikespain.com\/es\/wp-json\/wp\/v2\/media\/5381"}],"wp:attachment":[{"href":"https:\/\/madrid.bikespain.com\/es\/wp-json\/wp\/v2\/media?parent=5354"}],"wp:term":[{"taxonomy":"product_brand","embeddable":true,"href":"https:\/\/madrid.bikespain.com\/es\/wp-json\/wp\/v2\/product_brand?post=5354"},{"taxonomy":"product_cat","embeddable":true,"href":"https:\/\/madrid.bikespain.com\/es\/wp-json\/wp\/v2\/product_cat?post=5354"},{"taxonomy":"product_tag","embeddable":true,"href":"https:\/\/madrid.bikespain.com\/es\/wp-json\/wp\/v2\/product_tag?post=5354"}],"curies":[{"name":"wp","href":"https:\/\/api.w.org\/{rel}","templated":true}]}}