{"id":5351,"date":"2025-12-13T21:02:37","date_gmt":"2025-12-13T21:02:37","guid":{"rendered":"https:\/\/madrid.bikespain.com\/?post_type=product&#038;p=5351"},"modified":"2025-12-13T21:03:16","modified_gmt":"2025-12-13T21:03:16","slug":"grecia-las-islas-jonicas-en-familia","status":"publish","type":"product","link":"https:\/\/madrid.bikespain.com\/es\/product\/grecia-las-islas-jonicas-en-familia\/","title":{"rendered":"Grecia: Las Islas J\u00f3nicas en familia"},"content":{"rendered":"<h4>Incluido<\/h4>\n<ul>\n<li>Alojamiento 7 noches\u00a0en camarote doble con desayuno<\/li>\n<li>2 d\u00edas en pensi\u00f3n completa<\/li>\n<li>5 d\u00edas en media pensi\u00f3n<\/li>\n<li>S\u00e1banas y toallas<\/li>\n<li>Mapas y documentaci\u00f3n (espa\u00f1ol e ingl\u00e9s)<\/li>\n<li>Asistencia (ingl\u00e9s)<\/li>\n<\/ul>\n<h4>No Incluido<\/h4>\n<ul>\n<li class=\" gdlr-core-skin-divider\"><span class=\"gdlr-core-icon-list-content\">Vuelos<\/span><\/li>\n<li>Traslados desde y hacia el aeropuerto de Corfu<\/li>\n<li class=\" gdlr-core-skin-divider\"><span class=\"gdlr-core-icon-list-content\">Bicicleta<\/span><\/li>\n<li class=\" gdlr-core-skin-divider\"><span class=\"gdlr-core-icon-list-content\">Bebidas a bordo<\/span><\/li>\n<li class=\" gdlr-core-skin-divider\"><span class=\"gdlr-core-icon-list-content\">Agua embotellada: 25 euros para adultos o 15 euros para ni\u00f1os de hasta 16 a\u00f1os (a pagar al capit\u00e1n)<\/span><\/li>\n<li class=\" gdlr-core-skin-divider\"><span class=\"gdlr-core-icon-list-content\">Algunos almuerzos (comidas y bebidas en tierra)<\/span><\/li>\n<li class=\" gdlr-core-skin-divider\"><span class=\"gdlr-core-icon-list-content\">Actividades extras<\/span><\/li>\n<li class=\" gdlr-core-skin-divider\"><span class=\"gdlr-core-icon-list-content\">Seguro personal de viaje: 20\u20ac\/persona<\/span><\/li>\n<li class=\" gdlr-core-skin-divider\"><span class=\"gdlr-core-icon-list-content\">Propinas<\/span><\/li>\n<\/ul>\n<p>Cobertura para garantizar un viaje seguro. Un compa\u00f1ero de viaje indispensable proporcionada por BIKE SPAIN TOURS para nuestros clientes. Sin embargo, le pedimos que revise la cantidad limitada de dicha cobertura incluido en nuestro seguro, y confirmar con su compa\u00f1\u00eda de seguros que usted est\u00e1 cubierto de manera adecuada en cualquier caso.<\/p>\n<p><a href=\"https:\/\/www.bikespain.com\/wp-content\/uploads\/2017\/11\/insurance_bikespain_gvtour-1.pdf\" target=\"_blank\" rel=\"noopener noreferrer\">Ejemplo de p\u00f3liza de seguro<\/a><\/p>\n<h4>Opciones<\/h4>\n<p><strong>BARCO PANAGIOTA\u00a0<\/strong><\/p>\n<p>Precio por persona en camarote doble bajo cubierta: 1890\u20ac<\/p>\n<p>Suplemento camarote sobre cubierta: + 200 \u20ac por persona<\/p>\n<p>Fechas:<\/p>\n<p>22 y 29 de abril; 6,13,20 y 27 de mayo; 3, 10, 17 y 24 de junio; 9, 16, 23 y 30 de septiembre; 7 y 14 de octubre.<\/p>\n<ul>\n<li>Compartiendo camarote 3 personas hay un descuento 50%\u00a0 sobre precio base para la tercera persona.<\/li>\n<li>Menores de 16 a\u00f1os reciben un 25% descuento sobre el precio base del viaje.<\/li>\n<\/ul>\n<p>*Camarote doble (twin) sobre cubierta: + 200\u20ac<\/p>\n<p>Suplemento individual:<\/p>\n<ul>\n<li>Bajo cubierta: +500 \u20ac<\/li>\n<li>Sobre cubierta: + 700 \u20ac<\/li>\n<\/ul>\n<p>Alquiler de bicicleta:<\/p>\n<ul>\n<li>Bicicleta de paseo: 40 \u20ac<\/li>\n<li>Bicicleta el\u00e9ctrica: 90 \u20ac<\/li>\n<li>Trailer: 20 \u20ac<\/li>\n<\/ul>\n<p>Seguro de bicicleta: +20 \u20ac<\/p>\n<p>Traslado colectivo al aeropuerto: preguntar disponibilidad<\/p>\n<h4>Nuestras Bicicletas<\/h4>\n<div class=\"b-tabs\">\n<div class=\"tabs-content\">\n<div class=\"active tab\">\n<div class=\"tab-others-campos\">\n<p>Bicicletas de mujeres, de hombres y de ni\u00f1os:<\/p>\n<ul>\n<li>21 velocidades<\/li>\n<li>S, M, L, XL<\/li>\n<\/ul>\n<p>Bicicletas el\u00e9ctricas:<\/p>\n<ul>\n<li>Primeras marcas.<\/li>\n<\/ul>\n<p>Accesorios (t\u00e1ndem, semi-t\u00e1ndem, sill\u00edn): consultarnos.<\/p>\n<p>Accesorios:<\/p>\n<ul>\n<li>alforja<\/li>\n<\/ul>\n<p>El casco en Grecia no es obligatorio pero s\u00ed recomendable. Posibilidad de alquilarlos a bordo bajo previa solicitud (cantidad limitada)<\/p>\n<h4>Destacamos<\/h4>\n<ul>\n<li>Las islas m\u00e1s bonitas de Grecia: Corfu, Paxos, Cefalonia.<\/li>\n<li>Incre\u00edbles playas de agua cristalina<\/li>\n<li>Pedalear a 25 grados sin calor. Siempre hay una ligera brisa<\/li>\n<li>Paisaje increibles en las arboleda de Paxos<\/li>\n<li>Ideal para familias<\/li>\n<\/ul>\n<\/div>\n<\/div>\n<\/div>\n<\/div>\n","protected":false},"excerpt":{"rendered":"<div class=\"views-field views-field-field-texto-promocional\">\n<div class=\"field-content resultados_tipo_contenido\">\u00a1Ver Grecia en familia!<\/div>\n<\/div>\n","protected":false},"featured_media":5379,"template":"","meta":[],"product_brand":[],"product_cat":[45],"product_tag":[],"class_list":{"0":"post-5351","1":"product","2":"type-product","3":"status-publish","4":"has-post-thumbnail","6":"product_cat-europe","8":"first","9":"instock","10":"taxable","11":"shipping-taxable","12":"purchasable","13":"product-type-variable"},"aioseo_notices":[],"_links":{"self":[{"href":"https:\/\/madrid.bikespain.com\/es\/wp-json\/wp\/v2\/product\/5351","targetHints":{"allow":["GET"]}}],"collection":[{"href":"https:\/\/madrid.bikespain.com\/es\/wp-json\/wp\/v2\/product"}],"about":[{"href":"https:\/\/madrid.bikespain.com\/es\/wp-json\/wp\/v2\/types\/product"}],"wp:featuredmedia":[{"embeddable":true,"href":"https:\/\/madrid.bikespain.com\/es\/wp-json\/wp\/v2\/media\/5379"}],"wp:attachment":[{"href":"https:\/\/madrid.bikespain.com\/es\/wp-json\/wp\/v2\/media?parent=5351"}],"wp:term":[{"taxonomy":"product_brand","embeddable":true,"href":"https:\/\/madrid.bikespain.com\/es\/wp-json\/wp\/v2\/product_brand?post=5351"},{"taxonomy":"product_cat","embeddable":true,"href":"https:\/\/madrid.bikespain.com\/es\/wp-json\/wp\/v2\/product_cat?post=5351"},{"taxonomy":"product_tag","embeddable":true,"href":"https:\/\/madrid.bikespain.com\/es\/wp-json\/wp\/v2\/product_tag?post=5351"}],"curies":[{"name":"wp","href":"https:\/\/api.w.org\/{rel}","templated":true}]}}