{"id":2260,"date":"2019-11-26T16:57:04","date_gmt":"2019-11-26T16:57:04","guid":{"rendered":"https:\/\/madrid.bikespain.com\/?post_type=product&#038;p=2260"},"modified":"2024-11-22T16:25:33","modified_gmt":"2024-11-22T16:25:33","slug":"bicicletas-city-touring-specialized-sirrus-kalkhoff-copy","status":"publish","type":"product","link":"https:\/\/madrid.bikespain.com\/es\/product\/bicicletas-city-touring-specialized-sirrus-kalkhoff-copy\/","title":{"rendered":"Bicicletas City &#038; Touring Specialized Sirrus"},"content":{"rendered":"","protected":false},"excerpt":{"rendered":"<p>La bicicleta perfecta e imprescindible en nuestras rutas por carretera. Muy ligera y c\u00f3moda para los que no se sienten del todo c\u00f3modos en las bicis cl\u00e1sicas de carretera.<\/p>\n<p>No abrimos los s\u00e1bados ni los domingos. No es posible recoger una bicicleta fuera de nuestro horario de oficina (de lunes a viernes 10AM -18PM) .<\/p>\n<p><a href=\"https:\/\/www.specialized.com\/us\/en\/sirrus\/p\/106252\" target=\"_blank\" rel=\"noopener noreferrer\">M\u00e1s detalles \u00bb<\/a><\/p>\n<p>Si necesitas que te enviemos o recojamos la bicicleta en Madrid <a href=\"https:\/\/madrid.bikespain.com\/es\/product\/suplemento-de-recogida-y-devolucion-en-otro-lugar-o-fin-de-semana-para-el-alquiler-de-bicicletas\/\" target=\"_blank\" rel=\"noopener\">pincha aqu\u00ed<\/a> (bajo disponbilidad del servicio).<\/p>\n","protected":false},"featured_media":5059,"template":"","meta":[],"product_brand":[],"product_cat":[25],"product_tag":[],"class_list":{"0":"post-2260","1":"product","2":"type-product","3":"status-publish","4":"has-post-thumbnail","6":"product_cat-bike-rental-es","8":"first","9":"instock","10":"taxable","11":"shipping-taxable","12":"purchasable","13":"product-type-variable"},"aioseo_notices":[],"_links":{"self":[{"href":"https:\/\/madrid.bikespain.com\/es\/wp-json\/wp\/v2\/product\/2260","targetHints":{"allow":["GET"]}}],"collection":[{"href":"https:\/\/madrid.bikespain.com\/es\/wp-json\/wp\/v2\/product"}],"about":[{"href":"https:\/\/madrid.bikespain.com\/es\/wp-json\/wp\/v2\/types\/product"}],"wp:featuredmedia":[{"embeddable":true,"href":"https:\/\/madrid.bikespain.com\/es\/wp-json\/wp\/v2\/media\/5059"}],"wp:attachment":[{"href":"https:\/\/madrid.bikespain.com\/es\/wp-json\/wp\/v2\/media?parent=2260"}],"wp:term":[{"taxonomy":"product_brand","embeddable":true,"href":"https:\/\/madrid.bikespain.com\/es\/wp-json\/wp\/v2\/product_brand?post=2260"},{"taxonomy":"product_cat","embeddable":true,"href":"https:\/\/madrid.bikespain.com\/es\/wp-json\/wp\/v2\/product_cat?post=2260"},{"taxonomy":"product_tag","embeddable":true,"href":"https:\/\/madrid.bikespain.com\/es\/wp-json\/wp\/v2\/product_tag?post=2260"}],"curies":[{"name":"wp","href":"https:\/\/api.w.org\/{rel}","templated":true}]}}