{"id":1442,"date":"2018-03-25T10:40:27","date_gmt":"2018-03-25T10:40:27","guid":{"rendered":"http:\/\/madrid.tourismdesignsolutions.com\/product\/electric-bike-specialized-vado-turbo\/"},"modified":"2024-11-22T15:33:08","modified_gmt":"2024-11-22T15:33:08","slug":"bicicleta-electrica-specialized-vado-turbo","status":"publish","type":"product","link":"https:\/\/madrid.bikespain.com\/es\/product\/bicicleta-electrica-specialized-vado-turbo\/","title":{"rendered":"Bicicleta El\u00e9ctrica Specialized Vado Turbo SL"},"content":{"rendered":"","protected":false},"excerpt":{"rendered":"<p>\u00bfQuieres pedalear con la tranquilidad de llevar un motor de asistencia electrica, para ayudarte donde lo necesites? La Turbo Vado es tu aliada perfecta para tu viaje, d\u00e1ndote el poder de ir m\u00e1s lejos, m\u00e1s r\u00e1pido y mantenerte en forma al hacerlo<\/p>\n<p>No abrimos los s\u00e1bados ni los domingos. No es posible recoger una bicicleta fuera de nuestro horario de oficina (de lunes a viernes 10AM -18PM)<\/p>\n<p>Si necesitas que te enviemos o recojamos la bicicleta en Madrid <a href=\"https:\/\/madrid.bikespain.com\/es\/product\/suplemento-de-recogida-y-devolucion-en-otro-lugar-o-fin-de-semana-para-el-alquiler-de-bicicletas\/\" target=\"_blank\" rel=\"noopener\">pincha aqu\u00ed<\/a> (bajo disponbilidad del servicio).<\/p>\n","protected":false},"featured_media":3138,"template":"","meta":[],"product_brand":[],"product_cat":[25],"product_tag":[],"class_list":{"0":"post-1442","1":"product","2":"type-product","3":"status-publish","4":"has-post-thumbnail","6":"product_cat-bike-rental-es","8":"first","9":"instock","10":"taxable","11":"shipping-taxable","12":"purchasable","13":"product-type-variable"},"aioseo_notices":[],"_links":{"self":[{"href":"https:\/\/madrid.bikespain.com\/es\/wp-json\/wp\/v2\/product\/1442","targetHints":{"allow":["GET"]}}],"collection":[{"href":"https:\/\/madrid.bikespain.com\/es\/wp-json\/wp\/v2\/product"}],"about":[{"href":"https:\/\/madrid.bikespain.com\/es\/wp-json\/wp\/v2\/types\/product"}],"wp:featuredmedia":[{"embeddable":true,"href":"https:\/\/madrid.bikespain.com\/es\/wp-json\/wp\/v2\/media\/3138"}],"wp:attachment":[{"href":"https:\/\/madrid.bikespain.com\/es\/wp-json\/wp\/v2\/media?parent=1442"}],"wp:term":[{"taxonomy":"product_brand","embeddable":true,"href":"https:\/\/madrid.bikespain.com\/es\/wp-json\/wp\/v2\/product_brand?post=1442"},{"taxonomy":"product_cat","embeddable":true,"href":"https:\/\/madrid.bikespain.com\/es\/wp-json\/wp\/v2\/product_cat?post=1442"},{"taxonomy":"product_tag","embeddable":true,"href":"https:\/\/madrid.bikespain.com\/es\/wp-json\/wp\/v2\/product_tag?post=1442"}],"curies":[{"name":"wp","href":"https:\/\/api.w.org\/{rel}","templated":true}]}}