{"id":1432,"date":"2018-03-25T09:47:37","date_gmt":"2018-03-25T09:47:37","guid":{"rendered":"http:\/\/madrid.tourismdesignsolutions.com\/product\/city-touring-bike-specialized-sirrus\/"},"modified":"2024-11-22T16:52:08","modified_gmt":"2024-11-22T16:52:08","slug":"bicicleta-specialized-sirrus","status":"publish","type":"product","link":"https:\/\/madrid.bikespain.com\/es\/product\/bicicleta-specialized-sirrus\/","title":{"rendered":"Bicicletas City &#038; Touring Specialized Sirrus"},"content":{"rendered":"","protected":false},"excerpt":{"rendered":"<p>La bicicleta perfecta e imprescindible en nuestras rutas por ciudad y carretera. Muy ligera y c\u00f3moda para los que no se sienten del todo c\u00f3modos en las bicis cl\u00e1sicas de carretera y quieran una mejor visi\u00f3n en las calles.<\/p>\n<p>No abrimos los s\u00e1bados ni los domingos. No es posible recoger una bicicleta fuera de nuestro horario de oficina (de lunes a viernes 10AM -18PM) .<\/p>\n<p><a href=\"https:\/\/www.specialized.com\/us\/en\/sirrus\/p\/106252\" target=\"_blank\" rel=\"noopener noreferrer\">M\u00e1s detalles \u00bb<\/a><\/p>\n<p>Si necesitas que te enviemos o recojamos la bicicleta en Madrid <a href=\"https:\/\/madrid.bikespain.com\/es\/product\/suplemento-de-recogida-y-devolucion-en-otro-lugar-o-fin-de-semana-para-el-alquiler-de-bicicletas\/\" target=\"_blank\" rel=\"noopener\">pincha aqu\u00ed<\/a> (bajo disponbilidad del servicio).<\/p>\n","protected":false},"featured_media":0,"template":"","meta":[],"product_brand":[],"product_cat":[25],"product_tag":[],"class_list":{"0":"post-1432","1":"product","2":"type-product","3":"status-publish","5":"product_cat-bike-rental-es","7":"first","8":"instock","9":"taxable","10":"shipping-taxable","11":"purchasable","12":"product-type-variable"},"aioseo_notices":[],"_links":{"self":[{"href":"https:\/\/madrid.bikespain.com\/es\/wp-json\/wp\/v2\/product\/1432","targetHints":{"allow":["GET"]}}],"collection":[{"href":"https:\/\/madrid.bikespain.com\/es\/wp-json\/wp\/v2\/product"}],"about":[{"href":"https:\/\/madrid.bikespain.com\/es\/wp-json\/wp\/v2\/types\/product"}],"wp:attachment":[{"href":"https:\/\/madrid.bikespain.com\/es\/wp-json\/wp\/v2\/media?parent=1432"}],"wp:term":[{"taxonomy":"product_brand","embeddable":true,"href":"https:\/\/madrid.bikespain.com\/es\/wp-json\/wp\/v2\/product_brand?post=1432"},{"taxonomy":"product_cat","embeddable":true,"href":"https:\/\/madrid.bikespain.com\/es\/wp-json\/wp\/v2\/product_cat?post=1432"},{"taxonomy":"product_tag","embeddable":true,"href":"https:\/\/madrid.bikespain.com\/es\/wp-json\/wp\/v2\/product_tag?post=1432"}],"curies":[{"name":"wp","href":"https:\/\/api.w.org\/{rel}","templated":true}]}}